{"id":51,"date":"2023-09-15T09:00:00","date_gmt":"2023-09-15T09:00:00","guid":{"rendered":"https:\/\/polysmarts.com\/?post_type=product&#038;p=51"},"modified":"2023-11-16T08:12:25","modified_gmt":"2023-11-16T08:12:25","slug":"bolsa-de-papel-kraft-de-pie-para-comida-al-por-mayor-con-ventana","status":"publish","type":"product","link":"https:\/\/polysmarts.com\/es\/product\/wholesale-food-stand-up-kraft-paper-pouch-with-window\/","title":{"rendered":"La comida al por mayor se levanta la bolsa de papel de Kraft con la ventana"},"content":{"rendered":"<p>Estas vers\u00e1tiles bolsas de papel Kraft marr\u00f3n con ventana est\u00e1n dise\u00f1adas para satisfacer sus necesidades de almacenamiento y ofrecer numerosos beneficios para la organizaci\u00f3n de su cocina y hogar.<\/p>\n<p><strong>Detalles de producto:<\/strong><\/p>\n<p>Materiales: Estamos orgullosos de utilizar materiales de fibra vegetal respetuosos con el medio ambiente para elaborar nuestro producto. El patr\u00f3n tridimensional \u00fanico a\u00f1ade un toque de sofisticaci\u00f3n a estas bolsas de almacenamiento rectangulares.<br \/>\nEspacio aplicable: ideales para usar en su cocina o despensa, estas bolsas de papel Kraft tridimensionales se originan en Guangdong, China.<\/p>\n<p><strong>Razones para comprar:<\/strong><\/p>\n<p><strong>Bolsas de almacenamiento de granos de caf\u00e9 Kraft Food:<\/strong><\/p>\n<p>Nuestras bolsas de papel Kraft est\u00e1n elaboradas con materiales biodegradables de la m\u00e1s alta calidad. Proporcionan una capa adicional de calidez y protecci\u00f3n para sus granos de caf\u00e9.<\/p>\n<p><strong>Bolsas de caf\u00e9 de pie:<\/strong><\/p>\n<p>Estas bolsas de caf\u00e9 de pie son perfectas para guardar t\u00e9, caf\u00e9, hierbas, especias y m\u00e1s. Tambi\u00e9n pueden servir como bolsas de almacenamiento vers\u00e1tiles para refrigerios y otros art\u00edculos peque\u00f1os.<\/p>\n<p><strong>Bolsas Kraft con cierre de cremallera: <\/strong><\/p>\n<p>Fabricadas con papel Kraft duradero y resistente a desgarros, nuestras bolsas con cierre de cremallera cuentan con una cremallera completa para un f\u00e1cil acceso y un cierre seguro.<\/p>\n<p><strong>Almacenamiento multiusos: <\/strong><\/p>\n<p>Estas bolsas de papel Kraft no se limitan \u00fanicamente a los granos de caf\u00e9. Son perfectos para organizar diversos art\u00edculos como t\u00e9, az\u00facar, harina, cereales, refrigerios y m\u00e1s, ayud\u00e1ndole a mantener un hogar limpio y ordenado.<\/p>\n<p><strong>Facil mantenimiento: <\/strong><\/p>\n<p>Limpiar y mantener estas bolsas de papel Kraft es muy sencillo. Simplemente l\u00edmpielos con un pa\u00f1o h\u00famedo o l\u00e1velos a mano, asegur\u00e1ndose de que se mantengan en perfectas condiciones.<\/p>\n<p><strong>Embalaje de regalo elegante: <\/strong><\/p>\n<p>Nuestras bolsas de papel Kraft vienen bellamente empaquetadas en una caja de regalo, lo que las convierte en una excelente opci\u00f3n para regalar a sus familiares y amigos.<\/p>\n<p>Actualice sus soluciones de almacenamiento con estas bolsas Kraft Stand-Up Zip Lock: una combinaci\u00f3n de sostenibilidad, funcionalidad y estilo.<\/p>","protected":false},"excerpt":{"rendered":"<table style=\"height: 360px; width: 99.8505%; border-collapse: collapse;\" border=\"2\">\n<tbody>\n<tr style=\"height: 40px;\">\n<td style=\"width: 22.6796%; height: 30px; background-color: #99ccff;\"><span style=\"font-family: arial, helvetica, sans-serif; font-size: 12pt;\"><strong>Dimensi\u00f3n y estilo<\/strong><\/span><\/td>\n<td style=\"width: 77.3204%; height: 30px; background-color: #99ccff;\"><span style=\"font-family: arial, helvetica, sans-serif; font-size: 12pt;\">Formas y tama\u00f1os personalizados<\/span><\/td>\n<\/tr>\n<tr style=\"height: 40px;\">\n<td style=\"width: 22.6796%; height: 34px; background-color: #ebebeb;\"><span style=\"font-size: 12pt;\"><strong><span style=\"font-family: arial, helvetica, sans-serif;\">Cantidad m\u00ednima de pedido<\/span><\/strong><\/span><\/td>\n<td style=\"width: 77.3204%; height: 34px; background-color: #ebebeb;\"><span style=\"font-family: arial, helvetica, sans-serif; font-size: 12pt;\">1000 unidades sin personalizaci\u00f3n, 10000 unidades para personalizaci\u00f3n<\/span><\/td>\n<\/tr>\n<tr style=\"height: 40px; background-color: #99ccff;\">\n<td style=\"width: 22.6796%; height: 24px;\"><span style=\"font-size: 12pt;\"><strong><span style=\"font-family: arial, helvetica, sans-serif;\">Tipo de embalaje<\/span><\/strong><\/span><\/td>\n<td style=\"width: 77.3204%; height: 24px;\"><span style=\"font-family: arial, helvetica, sans-serif; font-size: 12pt;\">Bolsas de papel Kraft de pie<\/span><\/td>\n<\/tr>\n<tr style=\"height: 40px; background-color: #ebebeb;\">\n<td style=\"width: 22.6796%; height: 24px;\"><span style=\"font-size: 12pt;\"><strong><span style=\"font-family: arial, helvetica, sans-serif;\">Impresi\u00f3n<\/span><\/strong><\/span><\/td>\n<td style=\"width: 77.3204%; height: 24px;\"><span style=\"font-family: arial, helvetica, sans-serif; font-size: 12pt;\">CMYK (1 \u2013 8 colores), Sin impresi\u00f3n (normal)<\/span><\/td>\n<\/tr>\n<tr style=\"height: 40px; background-color: #99ccff;\">\n<td style=\"width: 22.6796%; height: 24px;\"><span style=\"font-size: 12pt;\"><strong><span style=\"font-family: arial, helvetica, sans-serif;\">Refinamiento<\/span><\/strong><\/span><\/td>\n<td style=\"width: 77.3204%; height: 24px;\"><span style=\"font-family: arial, helvetica, sans-serif; font-size: 12pt;\">Laminaci\u00f3n brillante\/mate, Recubrimiento acuoso, Barniz puntual, Recubrimiento UV, Relieve, Grabado, Impresi\u00f3n de l\u00e1minas<\/span><\/td>\n<\/tr>\n<tr style=\"height: 40px; background-color: #ebebeb;\">\n<td style=\"width: 22.6796%; height: 24px;\"><span style=\"font-size: 12pt;\"><strong><span style=\"font-family: arial, helvetica, sans-serif;\">Opciones incluidas<\/span><\/strong><\/span><\/td>\n<td style=\"width: 77.3204%; height: 24px;\"><span style=\"font-family: arial, helvetica, sans-serif; font-size: 12pt;\">Troquelar<\/span><\/td>\n<\/tr>\n<tr style=\"height: 40px; background-color: #99ccff;\">\n<td style=\"width: 22.6796%; height: 24px;\"><span style=\"font-size: 12pt;\"><strong><span style=\"font-family: arial, helvetica, sans-serif;\">Prueba<\/span><\/strong><\/span><\/td>\n<td style=\"width: 77.3204%; height: 24px;\"><span style=\"font-family: arial, helvetica, sans-serif; font-size: 12pt;\">Pruebas electr\u00f3nicas (vista plana\/maqueta 3D), Pruebas impresas digitalmente (sin efectos de acabado importantes), Muestreo f\u00edsico (a pedido)<\/span><\/td>\n<\/tr>\n<tr style=\"height: 40px; background-color: #ebebeb;\">\n<td style=\"width: 22.6796%; height: 24px;\"><span style=\"font-size: 12pt;\"><strong><span style=\"font-family: arial, helvetica, sans-serif;\">Tiempo de respuesta<\/span><\/strong><\/span><\/td>\n<td style=\"width: 77.3204%; height: 24px;\"><span style=\"font-family: arial, helvetica, sans-serif; font-size: 12pt;\">7 \u2013 15 d\u00edas h\u00e1biles, URGENTE<\/span><\/td>\n<\/tr>\n<tr style=\"height: 40px; background-color: #99ccff;\">\n<td style=\"width: 22.6796%; height: 24px;\"><span style=\"font-size: 12pt;\"><strong><span style=\"font-family: arial, helvetica, sans-serif;\">Env\u00edo<\/span><\/strong><\/span><\/td>\n<td style=\"width: 77.3204%; height: 24px;\"><span style=\"font-family: arial, helvetica, sans-serif; font-size: 12pt;\">Aire, Mar, Express<\/span><\/td>\n<\/tr>\n<\/tbody>\n<\/table>\n<p>&nbsp;<\/p>","protected":false},"featured_media":52,"comment_status":"open","ping_status":"closed","template":"","meta":[],"product_brand":[],"product_cat":[26,20],"product_tag":[],"class_list":{"0":"post-51","1":"product","2":"type-product","3":"status-publish","4":"has-post-thumbnail","6":"product_cat-food-packaging","7":"product_cat-kraft-paper-bag","9":"first","10":"instock","11":"shipping-taxable","12":"product-type-simple"},"_links":{"self":[{"href":"https:\/\/polysmarts.com\/es\/wp-json\/wp\/v2\/product\/51","targetHints":{"allow":["GET"]}}],"collection":[{"href":"https:\/\/polysmarts.com\/es\/wp-json\/wp\/v2\/product"}],"about":[{"href":"https:\/\/polysmarts.com\/es\/wp-json\/wp\/v2\/types\/product"}],"replies":[{"embeddable":true,"href":"https:\/\/polysmarts.com\/es\/wp-json\/wp\/v2\/comments?post=51"}],"version-history":[{"count":5,"href":"https:\/\/polysmarts.com\/es\/wp-json\/wp\/v2\/product\/51\/revisions"}],"predecessor-version":[{"id":746,"href":"https:\/\/polysmarts.com\/es\/wp-json\/wp\/v2\/product\/51\/revisions\/746"}],"wp:featuredmedia":[{"embeddable":true,"href":"https:\/\/polysmarts.com\/es\/wp-json\/wp\/v2\/media\/52"}],"wp:attachment":[{"href":"https:\/\/polysmarts.com\/es\/wp-json\/wp\/v2\/media?parent=51"}],"wp:term":[{"taxonomy":"product_brand","embeddable":true,"href":"https:\/\/polysmarts.com\/es\/wp-json\/wp\/v2\/product_brand?post=51"},{"taxonomy":"product_cat","embeddable":true,"href":"https:\/\/polysmarts.com\/es\/wp-json\/wp\/v2\/product_cat?post=51"},{"taxonomy":"product_tag","embeddable":true,"href":"https:\/\/polysmarts.com\/es\/wp-json\/wp\/v2\/product_tag?post=51"}],"curies":[{"name":"gracias","href":"https:\/\/api.w.org\/{rel}","templated":true}]}}