{"id":5035,"date":"2025-09-08T19:49:30","date_gmt":"2025-09-08T11:49:30","guid":{"rendered":"https:\/\/polysmarts.com\/?post_type=product&#038;p=5035"},"modified":"2025-09-08T20:18:44","modified_gmt":"2025-09-08T12:18:44","slug":"bolsas-de-mylar-personalizadas-de-35-con-embalaje-en-caja","status":"publish","type":"product","link":"https:\/\/polysmarts.com\/es\/product\/custom-3-5-mylar-bags-with-box-packaging\/","title":{"rendered":"Bolsas de Mylar 3.5 personalizadas con embalaje en caja"},"content":{"rendered":"<div style=\"width: 800px;\" class=\"wp-video\"><video class=\"wp-video-shortcode\" id=\"video-5035-1\" width=\"800\" height=\"800\" preload=\"metadata\" controls=\"controls\"><source type=\"video\/mp4\" src=\"https:\/\/polysmarts.com\/wp-content\/uploads\/2025\/09\/0908.mp4?_=1\" \/><a href=\"https:\/\/polysmarts.com\/wp-content\/uploads\/2025\/09\/0908.mp4\">https:\/\/polysmarts.com\/wp-content\/uploads\/2025\/09\/0908.mp4<\/a><\/video><\/div>\n<p><strong>Bolsas de Mylar de 3,5&quot; personalizadas con embalaje de Polysmarts<\/strong><\/p>\n<table>\n<tbody>\n<tr>\n<td>Descripci\u00f3n del Producto<\/td>\n<td>Bolsas de Mylar hologr\u00e1ficas personalizadas de 3,5 g, a prueba de olores, troqueladas, de pl\u00e1stico, con formas especiales<\/td>\n<\/tr>\n<tr>\n<td>Tama\u00f1o<\/td>\n<td>1 g 3,5 g 7 g 28 g 1 lb y personalizado<\/td>\n<\/tr>\n<tr>\n<td>M\u00e9todo de impresi\u00f3n<\/td>\n<td>Impresi\u00f3n en huecograbado (peque\u00f1as cantidades se realizar\u00e1n con impresi\u00f3n digital)<\/td>\n<\/tr>\n<tr>\n<td>Estructura de materiales<\/td>\n<td>Material de la primera capa: PA,PET,BOPP,MATT<br \/>\nMaterial intermedio de OPP: PET, PA, VMPET, AL, PAPEL KRAFT<br \/>\nMaterial de la \u00faltima capa: PE, CPP, RCPP<\/td>\n<\/tr>\n<tr>\n<td>Acabado de la superficie<\/td>\n<td>Brillante, Mate, UV, Estampado en caliente<\/td>\n<\/tr>\n<tr>\n<td>Ventana de la bolsa<\/td>\n<td>redondo, cuadrado, cuadrangular, ovalado, tipo libre<\/td>\n<\/tr>\n<tr>\n<td>Colores<\/td>\n<td>Impresi\u00f3n personalizada en 10 colores.<\/td>\n<\/tr>\n<tr>\n<td>Tama\u00f1o<\/td>\n<td>Admite tama\u00f1o personalizado<\/td>\n<\/tr>\n<tr>\n<td>Espesor<\/td>\n<td>personalizado<\/td>\n<\/tr>\n<tr>\n<td>Cantidad m\u00ednima de pedido<\/td>\n<td>Bolsas de stock 500 piezas, personalizadas 10000 piezas<\/td>\n<\/tr>\n<tr>\n<td>Solicitud<\/td>\n<td>comida, flores secas, gomitas, snacks, galletas, caf\u00e9, energ\u00eda, nueces, etc.<\/td>\n<\/tr>\n<tr>\n<td>Estilo de bolso<\/td>\n<td>Bolsas stand up, bolsas de fondo plano, bolsas de papel kraft, bolsas con boquilla, bolsas de papel de aluminio, bolsas con cierre herm\u00e9tico, bolsas con sellado central, bolsas con sellado de tres lados, bolsas de caf\u00e9 y t\u00e9, bolsas de embalaje de productos b\u00e1sicos, etc.<\/td>\n<\/tr>\n<tr>\n<td>Uso industrial<\/td>\n<td>Caf\u00e9, t\u00e9, prote\u00edna de suero en polvo, golosinas para perros, se\u00f1uelos de pesca, cebos, semillas de ch\u00eda, especias, sales de ba\u00f1o, anacardos, frutos secos, patatas fritas, palomitas de ma\u00edz, granola, dulces, helados, paletas heladas, zumos, bebidas energ\u00e9ticas, cecina de res, etc.<\/td>\n<\/tr>\n<tr>\n<td>Formato de la obra de arte<\/td>\n<td>Gr\u00e1fico vectorial AI\/EPS\/CDR<\/td>\n<\/tr>\n<\/tbody>\n<\/table>\n<p>Transforme su estrategia de empaquetado con nuestras Bolsas Mylar 3.5 Personalizadas con Caja. Dise\u00f1adas para ofrecer versatilidad y calidad, estas bolsas mylar son termosellables y cuentan con una pr\u00e1ctica ranura desprendible para facilitar el acceso. Fabricadas con vinilo de primera calidad, ofrecen una presentaci\u00f3n impactante con opciones para una ventana visible, permitiendo que su producto se vea a trav\u00e9s de ellas.<\/p>\n<p>Su innovador dise\u00f1o cuenta con una barrera contra el ox\u00edgeno y la humedad, lo que garantiza que sus productos secos, comestibles y flores se mantengan frescos y protegidos de la intemperie. Con un tama\u00f1o perfecto y un empaque elegante, nuestras bolsas de mylar con caja no solo realzan el atractivo de su producto, sino que tambi\u00e9n ofrecen la durabilidad y funcionalidad necesarias para un almacenamiento \u00f3ptimo. \u00a1Impulse su marca y mantenga sus art\u00edculos seguros con nuestras bolsas de mylar personalizadas de 3.5&quot; con caja hoy mismo!<\/p>","protected":false},"excerpt":{"rendered":"<table style=\"height: 294px; width: 99.8505%; border-collapse: collapse;\" border=\"2\">\n<tbody>\n<tr style=\"height: 28px; background-color: #dbdbdb;\">\n<td style=\"width: 22.6796%; background-color: #ebebeb; height: 31px;\"><span style=\"font-family: arial, helvetica, sans-serif; font-size: 12pt;\"><strong>Elementos<\/strong><\/span><\/td>\n<td style=\"width: 77.3204%; background-color: #ebebeb; height: 31px;\"><span style=\"font-family: arial, helvetica, sans-serif; font-size: 12pt;\">Bolsas de Mylar personalizadas con caja<\/span><\/td>\n<\/tr>\n<tr style=\"height: 40px;\">\n<td style=\"width: 22.6796%; height: 30px; background-color: #99ccff;\"><span style=\"font-family: arial, helvetica, sans-serif; font-size: 12pt;\"><strong>Dimensi\u00f3n y estilo<\/strong><\/span><\/td>\n<td style=\"width: 77.3204%; height: 30px; background-color: #99ccff;\"><span style=\"font-family: arial, helvetica, sans-serif; font-size: 12pt;\">Formas y tama\u00f1os personalizados<\/span><\/td>\n<\/tr>\n<tr style=\"height: 40px;\">\n<td style=\"width: 22.6796%; height: 34px; background-color: #ebebeb;\"><span style=\"font-size: 12pt;\"><strong><span style=\"font-family: arial, helvetica, sans-serif;\">Cantidad m\u00ednima de pedido<\/span><\/strong><\/span><\/td>\n<td style=\"width: 77.3204%; height: 34px; background-color: #ebebeb;\"><span style=\"font-family: arial, helvetica, sans-serif; font-size: 12pt;\">500 piezas sin personalizaci\u00f3n, 10000 piezas para personalizaci\u00f3n<\/span><\/td>\n<\/tr>\n<tr style=\"height: 40px; background-color: #99ccff;\">\n<td style=\"width: 22.6796%; height: 32px;\"><span style=\"font-size: 12pt;\"><strong><span style=\"font-family: arial, helvetica, sans-serif;\">Tipo de embalaje<\/span><\/strong><\/span><\/td>\n<td style=\"width: 77.3204%; height: 32px;\"><span style=\"font-family: arial, helvetica, sans-serif; font-size: 12pt;\"><a href=\"https:\/\/polysmarts.com\/es\/bolsas-de-pie-embalaje-de-bolsa-de-pie-personalizado\/\"><strong>Bolsa de pie<\/strong><\/a> con cremallera<\/span><\/td>\n<\/tr>\n<tr style=\"height: 40px; background-color: #ebebeb;\">\n<td style=\"width: 22.6796%; height: 24px;\"><span style=\"font-size: 12pt;\"><strong><span style=\"font-family: arial, helvetica, sans-serif;\">Impresi\u00f3n<\/span><\/strong><\/span><\/td>\n<td style=\"width: 77.3204%; height: 24px;\"><span style=\"font-family: arial, helvetica, sans-serif; font-size: 12pt;\">CMYK (1 \u2013 10 colores), Sin impresi\u00f3n (normal), Impresi\u00f3n digital<\/span><\/td>\n<\/tr>\n<tr style=\"height: 40px; background-color: #99ccff;\">\n<td style=\"width: 22.6796%; height: 32px;\"><span style=\"font-size: 12pt;\"><strong><span style=\"font-family: arial, helvetica, sans-serif;\">Material<\/span><\/strong><\/span><\/td>\n<td style=\"width: 77.3204%; height: 32px;\"><span style=\"font-family: arial, helvetica, sans-serif; font-size: 12pt;\">Material laminado, MOPP+VMPET+PE<\/span><\/td>\n<\/tr>\n<tr style=\"height: 40px; background-color: #ebebeb;\">\n<td style=\"width: 22.6796%; height: 33px;\"><span style=\"font-size: 12pt;\"><strong><span style=\"font-family: arial, helvetica, sans-serif;\">Opciones incluidas<\/span><\/strong><\/span><\/td>\n<td style=\"width: 77.3204%; height: 33px;\"><span style=\"font-family: arial, helvetica, sans-serif; font-size: 12pt;\">Troquelado, sellado t\u00e9rmico<\/span><\/td>\n<\/tr>\n<tr style=\"height: 40px; background-color: #99ccff;\">\n<td style=\"width: 22.6796%; height: 30px;\"><span style=\"font-size: 12pt;\"><strong><span style=\"font-family: arial, helvetica, sans-serif;\">Caracter\u00edstica<\/span><\/strong><\/span><\/td>\n<td style=\"width: 77.3204%; height: 30px;\"><span style=\"font-family: arial, helvetica, sans-serif; font-size: 12pt;\">Resistente a la humedad, aislamiento de ox\u00edgeno, sombreado, resistencia a altas temperaturas y material de calidad alimentaria.<\/span><\/td>\n<\/tr>\n<tr style=\"height: 40px; background-color: #ebebeb;\">\n<td style=\"width: 22.6796%; height: 24px;\"><span style=\"font-size: 12pt;\"><strong><span style=\"font-family: arial, helvetica, sans-serif;\">Tiempo de respuesta<\/span><\/strong><\/span><\/td>\n<td style=\"width: 77.3204%; height: 24px;\"><span style=\"font-family: arial, helvetica, sans-serif; font-size: 12pt;\">7 \u2013 15 d\u00edas h\u00e1biles, URGENTE<\/span><\/td>\n<\/tr>\n<tr style=\"height: 40px; background-color: #99ccff;\">\n<td style=\"width: 22.6796%; height: 24px;\"><span style=\"font-size: 12pt;\"><strong><span style=\"font-family: arial, helvetica, sans-serif;\">Env\u00edo<\/span><\/strong><\/span><\/td>\n<td style=\"width: 77.3204%; height: 24px;\"><span style=\"font-family: arial, helvetica, sans-serif; font-size: 12pt;\">Aire, Mar, Express<\/span><\/td>\n<\/tr>\n<\/tbody>\n<\/table>\n<p>&nbsp;<\/p>","protected":false},"featured_media":5044,"comment_status":"open","ping_status":"closed","template":"","meta":[],"product_brand":[],"product_cat":[26,35,18],"product_tag":[],"class_list":{"0":"post-5035","1":"product","2":"type-product","3":"status-publish","4":"has-post-thumbnail","6":"product_cat-food-packaging","7":"product_cat-mylar-bags","8":"product_cat-zipper-bags","10":"first","11":"instock","12":"shipping-taxable","13":"purchasable","14":"product-type-variable"},"_links":{"self":[{"href":"https:\/\/polysmarts.com\/es\/wp-json\/wp\/v2\/product\/5035","targetHints":{"allow":["GET"]}}],"collection":[{"href":"https:\/\/polysmarts.com\/es\/wp-json\/wp\/v2\/product"}],"about":[{"href":"https:\/\/polysmarts.com\/es\/wp-json\/wp\/v2\/types\/product"}],"replies":[{"embeddable":true,"href":"https:\/\/polysmarts.com\/es\/wp-json\/wp\/v2\/comments?post=5035"}],"version-history":[{"count":4,"href":"https:\/\/polysmarts.com\/es\/wp-json\/wp\/v2\/product\/5035\/revisions"}],"predecessor-version":[{"id":5049,"href":"https:\/\/polysmarts.com\/es\/wp-json\/wp\/v2\/product\/5035\/revisions\/5049"}],"wp:featuredmedia":[{"embeddable":true,"href":"https:\/\/polysmarts.com\/es\/wp-json\/wp\/v2\/media\/5044"}],"wp:attachment":[{"href":"https:\/\/polysmarts.com\/es\/wp-json\/wp\/v2\/media?parent=5035"}],"wp:term":[{"taxonomy":"product_brand","embeddable":true,"href":"https:\/\/polysmarts.com\/es\/wp-json\/wp\/v2\/product_brand?post=5035"},{"taxonomy":"product_cat","embeddable":true,"href":"https:\/\/polysmarts.com\/es\/wp-json\/wp\/v2\/product_cat?post=5035"},{"taxonomy":"product_tag","embeddable":true,"href":"https:\/\/polysmarts.com\/es\/wp-json\/wp\/v2\/product_tag?post=5035"}],"curies":[{"name":"gracias","href":"https:\/\/api.w.org\/{rel}","templated":true}]}}