{"id":5016,"date":"2025-09-05T12:34:53","date_gmt":"2025-09-05T04:34:53","guid":{"rendered":"https:\/\/polysmarts.com\/?post_type=product&#038;p=5016"},"modified":"2025-09-05T13:05:09","modified_gmt":"2025-09-05T05:05:09","slug":"bolsas-de-retorta-personalizadas-para-alimentos-polysmarts","status":"publish","type":"product","link":"https:\/\/polysmarts.com\/es\/product\/custom-retort-pouch-food-packaging-polysmarts\/","title":{"rendered":"Envasado de alimentos en bolsas retortables personalizadas | Polysmarts"},"content":{"rendered":"<p><strong><iframe title=\"YouTube video player\" src=\"\/\/www.youtube.com\/embed\/mWSqfe5prg8?si=sEzaz--t1LH9m3dD\" width=\"560\" height=\"450\" frameborder=\"0\" allowfullscreen=\"allowfullscreen\"><\/iframe><\/strong><\/p>\n<p><strong>Envases de alimentos personalizados en bolsas retortables de Polysmarts<\/strong><\/p>\n<p>En Polysmarts, nos especializamos en la creaci\u00f3n de envases termorretr\u00e1ctiles personalizados de alta calidad que satisfacen las diversas necesidades de la industria alimentaria. Nuestras bolsas termorretr\u00e1ctiles est\u00e1n dise\u00f1adas para garantizar la m\u00e1xima frescura y seguridad de sus productos, garantizando que lleguen a sus clientes en perfectas condiciones.<\/p>\n<h4><strong><span style=\"font-size: 12pt;\">Caracter\u00edsticas clave:<\/span><\/strong><\/h4>\n<ul>\n<li><strong>Durabilidad:<\/strong>\u00a0Nuestras bolsas retortables est\u00e1n fabricadas con materiales robustos que soportan altas temperaturas y presiones durante el proceso de esterilizaci\u00f3n.<\/li>\n<li><strong>Versatilidad:<\/strong>\u00a0Ideal para una amplia gama de productos alimenticios, incluidas sopas, salsas, comidas preparadas y m\u00e1s.<\/li>\n<li><strong>Dise\u00f1os personalizados:<\/strong>\u00a0Adapte su embalaje para reflejar la identidad de su marca con tama\u00f1os, colores y opciones de impresi\u00f3n personalizables.<\/li>\n<li><strong>Opciones ecol\u00f3gicas:<\/strong>\u00a0Elija entre materiales sostenibles que reducen el impacto ambiental sin comprometer la calidad.<\/li>\n<\/ul>\n<h4><strong><span style=\"font-size: 12pt;\">Beneficios:<\/span><\/strong><\/h4>\n<ul>\n<li><strong>Vida \u00fatil prolongada:<\/strong>\u00a0Nuestro <strong><a href=\"https:\/\/polysmarts.com\/es\/\">Soluciones de embalaje<\/a><\/strong> Ayuda a preservar el sabor y el valor nutricional de sus productos alimenticios.<\/li>\n<li><strong>Conveniencia:<\/strong>\u00a0F\u00e1ciles de almacenar y usar, nuestras bolsas retortables son perfectas para comidas para llevar.<\/li>\n<li><strong>Rentable:<\/strong>\u00a0Reduzca el desperdicio de embalaje y disminuya los costos de env\u00edo con dise\u00f1os livianos y compactos.<\/li>\n<\/ul>\n<p>Mejore la presentaci\u00f3n de sus productos y garantice la m\u00e1xima calidad con el empaque personalizado en bolsa retortable de Polysmarts. Cont\u00e1ctenos hoy mismo para obtener un presupuesto personalizado y perm\u00edtanos ayudarle a destacar en el competitivo mercado alimentario.<\/p>","protected":false},"excerpt":{"rendered":"<table style=\"height: 294px; width: 99.8505%; border-collapse: collapse;\" border=\"2\">\n<tbody>\n<tr style=\"height: 28px; background-color: #dbdbdb;\">\n<td style=\"width: 22.6796%; background-color: #ebebeb; height: 31px;\"><span style=\"font-family: arial, helvetica, sans-serif; font-size: 12pt;\"><strong>Elementos<\/strong><\/span><\/td>\n<td style=\"width: 77.3204%; background-color: #ebebeb; height: 31px;\"><span style=\"font-family: arial, helvetica, sans-serif; font-size: 12pt;\">Bolsa de retorta personalizada <strong><a href=\"https:\/\/polysmarts.com\/es\/categoria-de-producto\/por-mercados\/envasado-de-alimentos\/\">Food Packaging <\/a><\/strong><\/span><\/td>\n<\/tr>\n<tr style=\"height: 40px;\">\n<td style=\"width: 22.6796%; height: 30px; background-color: #99ccff;\"><span style=\"font-family: arial, helvetica, sans-serif; font-size: 12pt;\"><strong>Dimensi\u00f3n y estilo<\/strong><\/span><\/td>\n<td style=\"width: 77.3204%; height: 30px; background-color: #99ccff;\"><span style=\"font-family: arial, helvetica, sans-serif; font-size: 12pt;\">Formas y tama\u00f1os personalizados<\/span><\/td>\n<\/tr>\n<tr style=\"height: 40px;\">\n<td style=\"width: 22.6796%; height: 34px; background-color: #ebebeb;\"><span style=\"font-size: 12pt;\"><strong><span style=\"font-family: arial, helvetica, sans-serif;\">Cantidad m\u00ednima de pedido<\/span><\/strong><\/span><\/td>\n<td style=\"width: 77.3204%; height: 34px; background-color: #ebebeb;\"><span style=\"font-family: arial, helvetica, sans-serif; font-size: 12pt;\">100 piezas sin personalizaci\u00f3n, 5000 piezas para personalizaci\u00f3n<\/span><\/td>\n<\/tr>\n<tr style=\"height: 40px; background-color: #99ccff;\">\n<td style=\"width: 22.6796%; height: 32px;\"><span style=\"font-size: 12pt;\"><strong><span style=\"font-family: arial, helvetica, sans-serif;\">Tipo de embalaje<\/span><\/strong><\/span><\/td>\n<td style=\"width: 77.3204%; height: 32px;\"><span style=\"font-family: arial, helvetica, sans-serif; font-size: 12pt;\"><a href=\"https:\/\/polysmarts.com\/es\/bolsas-de-pie-embalaje-de-bolsa-de-pie-personalizado\/\"><strong>Bolsa de pie<\/strong><\/a> con cremallera<\/span><\/td>\n<\/tr>\n<tr style=\"height: 40px; background-color: #ebebeb;\">\n<td style=\"width: 22.6796%; height: 24px;\"><span style=\"font-size: 12pt;\"><strong><span style=\"font-family: arial, helvetica, sans-serif;\">Impresi\u00f3n<\/span><\/strong><\/span><\/td>\n<td style=\"width: 77.3204%; height: 24px;\"><span style=\"font-family: arial, helvetica, sans-serif; font-size: 12pt;\">CMYK (1 \u2013 10 colores), Sin impresi\u00f3n (normal), Impresi\u00f3n digital<\/span><\/td>\n<\/tr>\n<tr style=\"height: 40px; background-color: #99ccff;\">\n<td style=\"width: 22.6796%; height: 32px;\"><span style=\"font-size: 12pt;\"><strong><span style=\"font-family: arial, helvetica, sans-serif;\">Material<\/span><\/strong><\/span><\/td>\n<td style=\"width: 77.3204%; height: 32px;\"><span style=\"font-family: arial, helvetica, sans-serif; font-size: 12pt;\">Material laminado, MOPP+VMPET+PE<\/span><\/td>\n<\/tr>\n<tr style=\"height: 40px; background-color: #ebebeb;\">\n<td style=\"width: 22.6796%; height: 33px;\"><span style=\"font-size: 12pt;\"><strong><span style=\"font-family: arial, helvetica, sans-serif;\">Opciones incluidas<\/span><\/strong><\/span><\/td>\n<td style=\"width: 77.3204%; height: 33px;\"><span style=\"font-family: arial, helvetica, sans-serif; font-size: 12pt;\">Troquelado, sellado t\u00e9rmico<\/span><\/td>\n<\/tr>\n<tr style=\"height: 40px; background-color: #99ccff;\">\n<td style=\"width: 22.6796%; height: 30px;\"><span style=\"font-size: 12pt;\"><strong><span style=\"font-family: arial, helvetica, sans-serif;\">Caracter\u00edstica<\/span><\/strong><\/span><\/td>\n<td style=\"width: 77.3204%; height: 30px;\"><span style=\"font-family: arial, helvetica, sans-serif; font-size: 12pt;\">Resistente a la humedad, aislamiento de ox\u00edgeno, sombreado, resistencia a altas temperaturas y material de calidad alimentaria.<\/span><\/td>\n<\/tr>\n<tr style=\"height: 40px; background-color: #ebebeb;\">\n<td style=\"width: 22.6796%; height: 24px;\"><span style=\"font-size: 12pt;\"><strong><span style=\"font-family: arial, helvetica, sans-serif;\">Tiempo de respuesta<\/span><\/strong><\/span><\/td>\n<td style=\"width: 77.3204%; height: 24px;\"><span style=\"font-family: arial, helvetica, sans-serif; font-size: 12pt;\">7 \u2013 15 d\u00edas h\u00e1biles, URGENTE<\/span><\/td>\n<\/tr>\n<tr style=\"height: 40px; background-color: #99ccff;\">\n<td style=\"width: 22.6796%; height: 24px;\"><span style=\"font-size: 12pt;\"><strong><span style=\"font-family: arial, helvetica, sans-serif;\">Env\u00edo<\/span><\/strong><\/span><\/td>\n<td style=\"width: 77.3204%; height: 24px;\"><span style=\"font-family: arial, helvetica, sans-serif; font-size: 12pt;\">Aire, Mar, Express<\/span><\/td>\n<\/tr>\n<\/tbody>\n<\/table>\n<p>&nbsp;<\/p>","protected":false},"featured_media":5013,"comment_status":"open","ping_status":"closed","template":"","meta":[],"product_brand":[],"product_cat":[26,35,18],"product_tag":[],"class_list":{"0":"post-5016","1":"product","2":"type-product","3":"status-publish","4":"has-post-thumbnail","6":"product_cat-food-packaging","7":"product_cat-mylar-bags","8":"product_cat-zipper-bags","10":"first","11":"instock","12":"shipping-taxable","13":"purchasable","14":"product-type-variable"},"_links":{"self":[{"href":"https:\/\/polysmarts.com\/es\/wp-json\/wp\/v2\/product\/5016","targetHints":{"allow":["GET"]}}],"collection":[{"href":"https:\/\/polysmarts.com\/es\/wp-json\/wp\/v2\/product"}],"about":[{"href":"https:\/\/polysmarts.com\/es\/wp-json\/wp\/v2\/types\/product"}],"replies":[{"embeddable":true,"href":"https:\/\/polysmarts.com\/es\/wp-json\/wp\/v2\/comments?post=5016"}],"version-history":[{"count":6,"href":"https:\/\/polysmarts.com\/es\/wp-json\/wp\/v2\/product\/5016\/revisions"}],"predecessor-version":[{"id":5025,"href":"https:\/\/polysmarts.com\/es\/wp-json\/wp\/v2\/product\/5016\/revisions\/5025"}],"wp:featuredmedia":[{"embeddable":true,"href":"https:\/\/polysmarts.com\/es\/wp-json\/wp\/v2\/media\/5013"}],"wp:attachment":[{"href":"https:\/\/polysmarts.com\/es\/wp-json\/wp\/v2\/media?parent=5016"}],"wp:term":[{"taxonomy":"product_brand","embeddable":true,"href":"https:\/\/polysmarts.com\/es\/wp-json\/wp\/v2\/product_brand?post=5016"},{"taxonomy":"product_cat","embeddable":true,"href":"https:\/\/polysmarts.com\/es\/wp-json\/wp\/v2\/product_cat?post=5016"},{"taxonomy":"product_tag","embeddable":true,"href":"https:\/\/polysmarts.com\/es\/wp-json\/wp\/v2\/product_tag?post=5016"}],"curies":[{"name":"gracias","href":"https:\/\/api.w.org\/{rel}","templated":true}]}}