{"id":4801,"date":"2025-07-21T19:21:15","date_gmt":"2025-07-21T11:21:15","guid":{"rendered":"https:\/\/polysmarts.com\/?post_type=product&#038;p=4801"},"modified":"2025-07-21T19:44:23","modified_gmt":"2025-07-21T11:44:23","slug":"bolsas-de-embalaje-para-paletas-personalizadas-con-material-de-calidad-alimentaria","status":"publish","type":"product","link":"https:\/\/polysmarts.com\/es\/product\/custom-popsicle-packaging-bags-with-food-grade-material\/","title":{"rendered":"Bolsas de embalaje para paletas personalizadas con material de calidad alimentaria"},"content":{"rendered":"<p><span style=\"font-family: arial, helvetica, sans-serif;\">En<span style=\"color: #00ccff;\"><strong><a style=\"color: #00ccff;\" href=\"https:\/\/polysmarts.com\/es\/\"> Polysmarts<\/a><\/strong><\/span>Nos especializamos en ofrecer soluciones innovadoras <strong>empaque personalizado para paletas<\/strong> Soluciones que no solo protegen sus helados, sino que tambi\u00e9n mejoran la visibilidad de su marca. Ya sea que lance un nuevo producto, organice un evento corporativo o celebre una ocasi\u00f3n especial, nuestros empaques personalizados garantizan que sus paletas dejen una impresi\u00f3n duradera.<\/span><\/p>\n<h2><strong><span style=\"font-family: arial, helvetica, sans-serif; font-size: 14pt;\">\u00bfPor qu\u00e9 elegir un embalaje de paleta personalizado?<\/span><\/strong><\/h2>\n<p><span style=\"font-family: arial, helvetica, sans-serif;\">El empaque personalizado para paletas es m\u00e1s que un simple envoltorio: es una poderosa herramienta de marca. Con Polysmarts, puede transformar un empaque com\u00fan para paletas en una obra maestra de marketing que se alinea con la identidad de su marca. Desde dise\u00f1os llamativos hasta caracter\u00edsticas funcionales, nuestras soluciones de empaque le ayudan a destacar en un mercado competitivo.<\/span><\/p>\n<h3><strong><span style=\"font-family: arial, helvetica, sans-serif; font-size: 14pt;\">Caracter\u00edsticas de nuestros envases de paletas personalizados:<\/span><\/strong><\/h3>\n<ol>\n<li><span style=\"font-family: arial, helvetica, sans-serif;\"><strong>Dise\u00f1os totalmente personalizables<\/strong><\/span><br \/>\n<span style=\"font-family: arial, helvetica, sans-serif;\">Presente su marca con dise\u00f1os personalizados que incluyen su logotipo, eslogan, colores y arte \u00fanico. Nuestro equipo trabaja con usted para crear empaques que reflejen la personalidad de su marca.<\/span><\/li>\n<li><span style=\"font-family: arial, helvetica, sans-serif;\"><strong>Materiales de primera calidad<\/strong><\/span><br \/>\n<span style=\"font-family: arial, helvetica, sans-serif;\">Utilizamos materiales duraderos, ecol\u00f3gicos y seguros para alimentos para garantizar que sus paletas se mantengan frescas y atractivas. Nuestro empaque est\u00e1 dise\u00f1ado para resistir bajas temperaturas y mantener su integridad.<\/span><\/li>\n<li><span style=\"font-family: arial, helvetica, sans-serif;\"><strong>Opciones de impresi\u00f3n innovadoras<\/strong><\/span><br \/>\n<span style=\"font-family: arial, helvetica, sans-serif;\">Con tecnolog\u00eda de impresi\u00f3n de alta resoluci\u00f3n, ofrecemos dise\u00f1os vibrantes y detallados que llaman la atenci\u00f3n. Ya sea que prefiera gr\u00e1ficos llamativos o una elegancia minimalista, nuestras capacidades de impresi\u00f3n hacen realidad su visi\u00f3n.<\/span><\/li>\n<li><span style=\"font-family: arial, helvetica, sans-serif;\"><strong>Tama\u00f1os y formas personalizados<\/strong><\/span><br \/>\n<span style=\"font-family: arial, helvetica, sans-serif;\">No importa el tama\u00f1o ni la forma de sus paletas, ofrecemos soluciones de empaque personalizadas que se adaptan perfectamente. Desde opciones individuales hasta dise\u00f1os multipack, lo tenemos cubierto.<\/span><\/li>\n<li><span style=\"font-family: arial, helvetica, sans-serif;\"><strong>Soluciones ecol\u00f3gicas<\/strong><\/span><br \/>\n<span style=\"font-family: arial, helvetica, sans-serif;\">Alinee su marca con la sostenibilidad eligiendo nuestras opciones de empaque ecol\u00f3gico. Ofrecemos materiales biodegradables y reciclables para minimizar el impacto ambiental y mantener la m\u00e1xima calidad.<\/span><\/li>\n<\/ol>\n<hr \/>\n<h2><strong><span style=\"font-family: arial, helvetica, sans-serif; font-size: 14pt;\">Beneficios de los envases de paletas personalizados para su marca<\/span><\/strong><\/h2>\n<p><span style=\"font-family: arial, helvetica, sans-serif;\">Invertir en <strong>empaque personalizado para paletas<\/strong> ofrece varios beneficios para su negocio:<\/span><\/p>\n<ul>\n<li><span style=\"font-family: arial, helvetica, sans-serif;\"><strong>Mayor reconocimiento de marca<\/strong>:El empaque de marca garantiza que sus paletas sean reconocibles al instante, lo que ayuda a que su empresa se destaque en un mercado abarrotado.<\/span><\/li>\n<li><span style=\"font-family: arial, helvetica, sans-serif;\"><strong>Experiencia del cliente mejorada<\/strong>Un embalaje \u00fanico y visualmente atractivo crea una experiencia memorable para sus clientes y fomenta las compras repetidas.<\/span><\/li>\n<li><span style=\"font-family: arial, helvetica, sans-serif;\"><strong>Herramienta de marketing eficaz<\/strong>:Cada paleta se convierte en un peque\u00f1o cartel publicitario para tu marca, difundiendo tu mensaje a un p\u00fablico m\u00e1s amplio.<\/span><\/li>\n<li><span style=\"font-family: arial, helvetica, sans-serif;\"><strong>Presentaci\u00f3n profesional<\/strong>Un embalaje de alta calidad aumenta el valor percibido de su producto, haci\u00e9ndolo m\u00e1s atractivo para los clientes.<\/span><\/li>\n<\/ul>\n<hr \/>\n<h2><strong><span style=\"font-family: arial, helvetica, sans-serif; font-size: 14pt;\">Perfecto para cada ocasi\u00f3n<\/span><\/strong><\/h2>\n<p><span style=\"font-family: arial, helvetica, sans-serif;\">Ya sea propietario de una helader\u00eda, organizador de eventos o emprendedor, Polysmarts ofrece <strong>empaque personalizado para paletas<\/strong> Soluciones adaptadas a sus necesidades. A continuaci\u00f3n, se presentan algunos casos de uso comunes:<\/span><\/p>\n<ul>\n<li><span style=\"font-family: arial, helvetica, sans-serif;\"><strong>Eventos corporativos<\/strong>:Reparta paletas de helado de marca en ferias comerciales, conferencias o celebraciones de la empresa para dejar una impresi\u00f3n duradera.<\/span><\/li>\n<li><span style=\"font-family: arial, helvetica, sans-serif;\"><strong>Lanzamientos de productos<\/strong>:Haga una declaraci\u00f3n envolviendo sus nuevos sabores de paleta en un empaque llamativo y de marca.<\/span><\/li>\n<li><span style=\"font-family: arial, helvetica, sans-serif;\"><strong>Bodas y fiestas<\/strong>:Agregue un toque personal a su d\u00eda especial con envoltorios de paletas personalizados con nombres, fechas o dise\u00f1os tem\u00e1ticos.<\/span><\/li>\n<li><span style=\"font-family: arial, helvetica, sans-serif;\"><strong>Venta al por menor y al por mayor<\/strong>Mejore el atractivo de su producto en las estanter\u00edas con un embalaje de marca profesional que atraiga a los clientes.<\/span><\/li>\n<\/ul>","protected":false},"excerpt":{"rendered":"<table style=\"height: 360px; width: 99.8505%; border-collapse: collapse;\" border=\"2\">\n<tbody>\n<tr style=\"height: 40px;\">\n<td style=\"width: 22.6796%; height: 30px; background-color: #99ccff;\"><span style=\"font-family: arial, helvetica, sans-serif; font-size: 12pt;\"><strong>Dimensi\u00f3n y estilo<\/strong><\/span><\/td>\n<td style=\"width: 77.3204%; height: 30px; background-color: #99ccff;\"><span style=\"font-family: arial, helvetica, sans-serif; font-size: 12pt;\">Formas y tama\u00f1os personalizados<\/span><\/td>\n<\/tr>\n<tr style=\"height: 40px;\">\n<td style=\"width: 22.6796%; height: 34px; background-color: #ebebeb;\"><span style=\"font-size: 12pt;\"><strong><span style=\"font-family: arial, helvetica, sans-serif;\">Cantidad m\u00ednima de pedido<\/span><\/strong><\/span><\/td>\n<td style=\"width: 77.3204%; height: 34px; background-color: #ebebeb;\"><span style=\"font-family: arial, helvetica, sans-serif; font-size: 12pt;\">100 piezas sin personalizaci\u00f3n, 1000 para impresi\u00f3n digital \/ 10000 piezas para impresi\u00f3n rotograbado<\/span><\/td>\n<\/tr>\n<tr style=\"height: 40px; background-color: #99ccff;\">\n<td style=\"width: 22.6796%; height: 24px;\"><span style=\"font-size: 12pt;\"><strong><span style=\"font-family: arial, helvetica, sans-serif;\">Tipo de embalaje<\/span><\/strong><\/span><\/td>\n<td style=\"width: 77.3204%; height: 24px;\"><span style=\"font-family: arial, helvetica, sans-serif; font-size: 12pt;\">Bolsas tipo almohada\/Bolsas con cierre posterior\/Envases para paletas<\/span><\/td>\n<\/tr>\n<tr style=\"height: 40px; background-color: #ebebeb;\">\n<td style=\"width: 22.6796%; height: 24px;\"><span style=\"font-size: 12pt;\"><strong><span style=\"font-family: arial, helvetica, sans-serif;\">Impresi\u00f3n<\/span><\/strong><\/span><\/td>\n<td style=\"width: 77.3204%; height: 24px;\"><span style=\"font-family: arial, helvetica, sans-serif; font-size: 12pt;\">CMYK (1 a 10 colores seg\u00fan sus requisitos), sin impresi\u00f3n (normal)<\/span><\/td>\n<\/tr>\n<tr style=\"height: 40px; background-color: #99ccff;\">\n<td style=\"width: 22.6796%; height: 24px;\"><span style=\"font-size: 12pt;\"><strong><span style=\"font-family: arial, helvetica, sans-serif;\">Refinamiento<\/span><\/strong><\/span><\/td>\n<td style=\"width: 77.3204%; height: 24px;\"><span style=\"font-family: arial, helvetica, sans-serif; font-size: 12pt;\">Laminaci\u00f3n brillante, impresi\u00f3n offset<\/span><\/td>\n<\/tr>\n<tr style=\"height: 40px; background-color: #ebebeb;\">\n<td style=\"width: 22.6796%; height: 24px;\"><span style=\"font-size: 12pt;\"><strong><span style=\"font-family: arial, helvetica, sans-serif;\">Material<\/span><\/strong><\/span><\/td>\n<td style=\"width: 77.3204%; height: 24px;\"><span style=\"font-family: arial, helvetica, sans-serif; font-size: 12pt;\">PET\/CPP\/PE<\/span><\/td>\n<\/tr>\n<tr style=\"height: 40px; background-color: #99ccff;\">\n<td style=\"width: 22.6796%; height: 24px;\"><span style=\"font-size: 12pt;\"><strong><span style=\"font-family: arial, helvetica, sans-serif;\">Caracter\u00edstica<\/span><\/strong><\/span><\/td>\n<td style=\"width: 77.3204%; height: 24px;\"><span style=\"font-family: arial, helvetica, sans-serif; font-size: 12pt;\">Resistente al agua y al olor<\/span><\/td>\n<\/tr>\n<tr style=\"height: 40px; background-color: #ebebeb;\">\n<td style=\"width: 22.6796%; height: 24px;\"><span style=\"font-size: 12pt;\"><strong><span style=\"font-family: arial, helvetica, sans-serif;\">Tiempo de respuesta<\/span><\/strong><\/span><\/td>\n<td style=\"width: 77.3204%; height: 24px;\"><span style=\"font-family: arial, helvetica, sans-serif; font-size: 12pt;\">7 \u2013 15 d\u00edas h\u00e1biles, URGENTE<\/span><\/td>\n<\/tr>\n<tr style=\"height: 40px; background-color: #99ccff;\">\n<td style=\"width: 22.6796%; height: 24px;\"><span style=\"font-size: 12pt;\"><strong><span style=\"font-family: arial, helvetica, sans-serif;\">Env\u00edo<\/span><\/strong><\/span><\/td>\n<td style=\"width: 77.3204%; height: 24px;\"><span style=\"font-family: arial, helvetica, sans-serif; font-size: 12pt;\">Aire, Mar, Express<\/span><\/td>\n<\/tr>\n<\/tbody>\n<\/table>\n<p>&nbsp;<\/p>","protected":false},"featured_media":4808,"comment_status":"open","ping_status":"closed","template":"","meta":[],"product_brand":[],"product_cat":[26,19],"product_tag":[],"class_list":{"0":"post-4801","1":"product","2":"type-product","3":"status-publish","4":"has-post-thumbnail","6":"product_cat-food-packaging","7":"product_cat-heat-sealing-bag","9":"first","10":"instock","11":"shipping-taxable","12":"product-type-simple"},"_links":{"self":[{"href":"https:\/\/polysmarts.com\/es\/wp-json\/wp\/v2\/product\/4801","targetHints":{"allow":["GET"]}}],"collection":[{"href":"https:\/\/polysmarts.com\/es\/wp-json\/wp\/v2\/product"}],"about":[{"href":"https:\/\/polysmarts.com\/es\/wp-json\/wp\/v2\/types\/product"}],"replies":[{"embeddable":true,"href":"https:\/\/polysmarts.com\/es\/wp-json\/wp\/v2\/comments?post=4801"}],"version-history":[{"count":3,"href":"https:\/\/polysmarts.com\/es\/wp-json\/wp\/v2\/product\/4801\/revisions"}],"predecessor-version":[{"id":4811,"href":"https:\/\/polysmarts.com\/es\/wp-json\/wp\/v2\/product\/4801\/revisions\/4811"}],"wp:featuredmedia":[{"embeddable":true,"href":"https:\/\/polysmarts.com\/es\/wp-json\/wp\/v2\/media\/4808"}],"wp:attachment":[{"href":"https:\/\/polysmarts.com\/es\/wp-json\/wp\/v2\/media?parent=4801"}],"wp:term":[{"taxonomy":"product_brand","embeddable":true,"href":"https:\/\/polysmarts.com\/es\/wp-json\/wp\/v2\/product_brand?post=4801"},{"taxonomy":"product_cat","embeddable":true,"href":"https:\/\/polysmarts.com\/es\/wp-json\/wp\/v2\/product_cat?post=4801"},{"taxonomy":"product_tag","embeddable":true,"href":"https:\/\/polysmarts.com\/es\/wp-json\/wp\/v2\/product_tag?post=4801"}],"curies":[{"name":"gracias","href":"https:\/\/api.w.org\/{rel}","templated":true}]}}