{"id":4730,"date":"2025-06-27T15:38:41","date_gmt":"2025-06-27T07:38:41","guid":{"rendered":"https:\/\/polysmarts.com\/?post_type=product&#038;p=4730"},"modified":"2025-06-27T15:55:55","modified_gmt":"2025-06-27T07:55:55","slug":"las-bolsas-de-sellado-al-vacio-conservan-la-frescura-con-bolsas-de-sellado-al-vacio-de-alta-calidad","status":"publish","type":"product","link":"https:\/\/polysmarts.com\/es\/product\/vacuum-seal-bags-preserve-freshness-with-high-quality-vacuum-sealer-bags\/","title":{"rendered":"Bolsas de sellado al vac\u00edo: conserve la frescura con bolsas de sellado al vac\u00edo de alta calidad"},"content":{"rendered":"<h1><span style=\"font-size: 14pt;\">Bolsas de sellado al vac\u00edo Polysmarts: la soluci\u00f3n definitiva para la conservaci\u00f3n de alimentos<\/span><\/h1>\n<p>Las bolsas de sellado al vac\u00edo Polysmarts son la soluci\u00f3n definitiva para conservar la frescura y prolongar la vida \u00fatil de sus alimentos. Fabricadas con materiales duraderos y de alta conformidad, estas bolsas de sellado al vac\u00edo garantizan un sellado herm\u00e9tico que protege sus comidas de quemaduras por congelaci\u00f3n y deterioro. Disponibles en tama\u00f1os est\u00e1ndar o totalmente personalizables. <span style=\"color: #000000;\"><strong><a style=\"color: #000000;\" href=\"https:\/\/polysmarts.com\/es\/embalaje-personalizado-para-alimentos-congelados\/\">Envases para alimentos congelados.<\/a><\/strong><\/span>Puede encontrar f\u00e1cilmente el ajuste perfecto para todas sus necesidades de almacenamiento.<\/p>\n<p>Adopte la sostenibilidad con nuestras opciones ecol\u00f3gicas, dise\u00f1adas para ser reciclables y compostables, para que pueda proteger sus alimentos y el medio ambiente al mismo tiempo.<\/p>\n<p>Disfrute de importantes ahorros comprando al por mayor, lo que convierte a estas bolsas de sellado al vac\u00edo en una opci\u00f3n econ\u00f3mica tanto para cocineros caseros como para restaurantes y empresas de envasado de alimentos. Su dise\u00f1o transparente facilita la identificaci\u00f3n del producto, garantizando que siempre sepa lo que tiene a mano.<\/p>\n<p>Ya sea que guardes carne, verduras, snacks o cualquier otro producto perecedero, las bolsas de sellado al vac\u00edo Polysmarts conservan el sabor y la frescura, reducen el desperdicio de alimentos y mantienen tu cocina organizada. \u00a1Mejora tu almacenamiento de alimentos hoy mismo con las bolsas de sellado al vac\u00edo Polysmarts!<\/p>","protected":false},"excerpt":{"rendered":"<table style=\"height: 360px; width: 99.8505%; border-collapse: collapse;\" border=\"2\">\n<tbody>\n<tr style=\"height: 40px;\">\n<td style=\"width: 22.6796%; height: 30px; background-color: #99ccff;\"><span style=\"font-family: arial, helvetica, sans-serif; font-size: 12pt;\"><strong>Dimensi\u00f3n y estilo<\/strong><\/span><\/td>\n<td style=\"width: 77.3204%; height: 30px; background-color: #99ccff;\"><span style=\"font-family: arial, helvetica, sans-serif; font-size: 12pt;\">Formas y tama\u00f1os personalizados<\/span><\/td>\n<\/tr>\n<tr style=\"height: 40px;\">\n<td style=\"width: 22.6796%; height: 34px; background-color: #ebebeb;\"><span style=\"font-size: 12pt;\"><strong><span style=\"font-family: arial, helvetica, sans-serif;\">Cantidad m\u00ednima de pedido<\/span><\/strong><\/span><\/td>\n<td style=\"width: 77.3204%; height: 34px; background-color: #ebebeb;\"><span style=\"font-family: arial, helvetica, sans-serif; font-size: 12pt;\">1000 unidades sin personalizaci\u00f3n, 10000 unidades para personalizaci\u00f3n<\/span><\/td>\n<\/tr>\n<tr style=\"height: 40px; background-color: #99ccff;\">\n<td style=\"width: 22.6796%; height: 24px;\"><span style=\"font-size: 12pt;\"><strong><span style=\"font-family: arial, helvetica, sans-serif;\">Tipo de embalaje<\/span><\/strong><\/span><\/td>\n<td style=\"width: 77.3204%; height: 24px;\"><span style=\"font-family: arial, helvetica, sans-serif; font-size: 12pt;\">Bolsas de nailon selladas al vac\u00edo \/<strong><a href=\"https:\/\/polysmarts.com\/es\/categoria-de-producto\/por-mercados\/envasado-de-alimentos\/\">Food Packaging Bags<\/a><\/strong><\/span><\/td>\n<\/tr>\n<tr style=\"height: 40px; background-color: #ebebeb;\">\n<td style=\"width: 22.6796%; height: 24px;\"><span style=\"font-size: 12pt;\"><strong><span style=\"font-family: arial, helvetica, sans-serif;\">Material<\/span><\/strong><\/span><\/td>\n<td style=\"width: 77.3204%; height: 24px;\"><span style=\"font-family: arial, helvetica, sans-serif; font-size: 12pt;\">Capa exterior: BOPP, Matt+OPP, Matt+PET, PET, VMPET, PA. Capa intermedia: PET, VMPET, AL, VMCPP, PA, papel, BOPP perlado en el interior<br \/>\nCapa: CPP, VMCPP, RCPP, PE, PE blanco como la leche<\/span><\/td>\n<\/tr>\n<tr style=\"height: 40px; background-color: #99ccff;\">\n<td style=\"width: 22.6796%; height: 24px;\"><span style=\"font-size: 12pt;\"><strong><span style=\"font-family: arial, helvetica, sans-serif;\">Refinamiento<\/span><\/strong><\/span><\/td>\n<td style=\"width: 77.3204%; height: 24px;\"><span style=\"font-family: arial, helvetica, sans-serif; font-size: 12pt;\">En relieve<\/span><\/td>\n<\/tr>\n<tr style=\"height: 40px; background-color: #ebebeb;\">\n<td style=\"width: 22.6796%; height: 24px;\"><span style=\"font-size: 12pt;\"><strong><span style=\"font-family: arial, helvetica, sans-serif;\">Rango de temperatura<\/span><\/strong><\/span><\/td>\n<td style=\"width: 77.3204%; height: 24px;\"><span style=\"font-family: arial, helvetica, sans-serif; font-size: 12pt;\">-40\u00baC a 121\u00baC <span style=\"font-size: 12pt;\"><strong><span style=\"font-family: arial, helvetica, sans-serif;\">\u00a0<\/span><\/strong><\/span><\/span><\/td>\n<\/tr>\n<tr style=\"height: 40px; background-color: #99ccff;\">\n<td style=\"width: 22.6796%; height: 24px;\"><span style=\"font-size: 12pt;\"><strong><span style=\"font-family: arial, helvetica, sans-serif;\">Espesor<\/span><\/strong><\/span><\/td>\n<td style=\"width: 77.3204%; height: 24px;\"><span style=\"font-family: arial, helvetica, sans-serif; font-size: 12pt;\">20-300 micras<\/span><\/td>\n<\/tr>\n<tr style=\"height: 40px; background-color: #ebebeb;\">\n<td style=\"width: 22.6796%; height: 24px;\"><span style=\"font-size: 12pt;\"><strong><span style=\"font-family: arial, helvetica, sans-serif;\">Tiempo de respuesta<\/span><\/strong><\/span><\/td>\n<td style=\"width: 77.3204%; height: 24px;\"><span style=\"font-family: arial, helvetica, sans-serif; font-size: 12pt;\">7 \u2013 15 d\u00edas h\u00e1biles, URGENTE<\/span><\/td>\n<\/tr>\n<tr style=\"height: 40px; background-color: #99ccff;\">\n<td style=\"width: 22.6796%; height: 24px;\"><span style=\"font-size: 12pt;\"><strong><span style=\"font-family: arial, helvetica, sans-serif;\">Caracter\u00edstica<\/span><\/strong><\/span><\/td>\n<td style=\"width: 77.3204%; height: 24px;\"><span style=\"font-family: arial, helvetica, sans-serif; font-size: 12pt;\"><span style=\"font-family: arial, helvetica, sans-serif; font-size: 12pt;\"><span class=\"magic-21\" style=\"color: #000000;\" data-spm-anchor-id=\"a2700.details.0.i97.68762ee9C6INGa\">\u2022Excelente barrera contra la humedad, alta barrera contra el ox\u00edgeno y la luz, buena resistencia a bajas temperaturas.\u00a0<\/span><\/span><\/span><\/p>\n<p><span class=\"magic-21\" style=\"color: #000000;\">\u2022Fuerte fuerza de sellado; Fuerza de uni\u00f3n y excelente resistencia a la compresi\u00f3n.<\/span><\/p>\n<div data-spm-anchor-id=\"a2700.pc-decorate.0.i48.6a1533339opQdV\"><span class=\"magic-21\" style=\"color: #000000;\">\u2022Sin roturas, sin fugas y sin delaminaci\u00f3n.\u00a0<\/span><\/div>\n<div data-spm-anchor-id=\"a2700.pc-decorate.0.i48.6a1533339opQdV\"><span class=\"magic-21\" style=\"color: #000000;\">\u2022Efecto de impresi\u00f3n n\u00edtido y v\u00edvido, exhibici\u00f3n de estante de primera calidad.<\/span><\/div>\n<div data-spm-anchor-id=\"a2700.pc-decorate.0.i48.6a1533339opQdV\"><span class=\"magic-21\" style=\"color: #000000;\">\u2022Ampliamente aplicado en embalaje.<\/span><\/div>\n<\/td>\n<\/tr>\n<\/tbody>\n<\/table>\n<p>&nbsp;<\/p>","protected":false},"featured_media":4737,"comment_status":"open","ping_status":"closed","template":"","meta":[],"product_brand":[],"product_cat":[26,19],"product_tag":[],"class_list":{"0":"post-4730","1":"product","2":"type-product","3":"status-publish","4":"has-post-thumbnail","6":"product_cat-food-packaging","7":"product_cat-heat-sealing-bag","9":"first","10":"instock","11":"shipping-taxable","12":"product-type-simple"},"_links":{"self":[{"href":"https:\/\/polysmarts.com\/es\/wp-json\/wp\/v2\/product\/4730","targetHints":{"allow":["GET"]}}],"collection":[{"href":"https:\/\/polysmarts.com\/es\/wp-json\/wp\/v2\/product"}],"about":[{"href":"https:\/\/polysmarts.com\/es\/wp-json\/wp\/v2\/types\/product"}],"replies":[{"embeddable":true,"href":"https:\/\/polysmarts.com\/es\/wp-json\/wp\/v2\/comments?post=4730"}],"version-history":[{"count":2,"href":"https:\/\/polysmarts.com\/es\/wp-json\/wp\/v2\/product\/4730\/revisions"}],"predecessor-version":[{"id":4744,"href":"https:\/\/polysmarts.com\/es\/wp-json\/wp\/v2\/product\/4730\/revisions\/4744"}],"wp:featuredmedia":[{"embeddable":true,"href":"https:\/\/polysmarts.com\/es\/wp-json\/wp\/v2\/media\/4737"}],"wp:attachment":[{"href":"https:\/\/polysmarts.com\/es\/wp-json\/wp\/v2\/media?parent=4730"}],"wp:term":[{"taxonomy":"product_brand","embeddable":true,"href":"https:\/\/polysmarts.com\/es\/wp-json\/wp\/v2\/product_brand?post=4730"},{"taxonomy":"product_cat","embeddable":true,"href":"https:\/\/polysmarts.com\/es\/wp-json\/wp\/v2\/product_cat?post=4730"},{"taxonomy":"product_tag","embeddable":true,"href":"https:\/\/polysmarts.com\/es\/wp-json\/wp\/v2\/product_tag?post=4730"}],"curies":[{"name":"gracias","href":"https:\/\/api.w.org\/{rel}","templated":true}]}}