{"id":4454,"date":"2025-05-26T15:15:10","date_gmt":"2025-05-26T07:15:10","guid":{"rendered":"https:\/\/polysmarts.com\/?post_type=product&#038;p=4454"},"modified":"2025-05-26T16:51:04","modified_gmt":"2025-05-26T08:51:04","slug":"envases-de-jabon-sostenibles-soluciones-personalizadas-y-ecologicas","status":"publish","type":"product","link":"https:\/\/polysmarts.com\/es\/product\/sustainable-soap-packaging-eco-friendly-custom-solutions\/","title":{"rendered":"Envases de jab\u00f3n sostenibles | Soluciones personalizadas y ecol\u00f3gicas"},"content":{"rendered":"<p>En el mercado actual, con una fuerte conciencia ambiental, los envases de jab\u00f3n sostenibles se han convertido en una consideraci\u00f3n crucial para las empresas que buscan reducir su huella ecol\u00f3gica y, al mismo tiempo, satisfacer las demandas de los consumidores. Las soluciones de envasado sostenibles no solo ayudan a proteger nuestro planeta, sino que tambi\u00e9n conectan con los consumidores con conciencia ecol\u00f3gica que priorizan las marcas con iniciativas ecol\u00f3gicas.<\/p>\n<h2><span style=\"font-size: 14pt;\"><strong>\u00bfQu\u00e9 hace que los envases de jab\u00f3n sean sostenibles?<\/strong><\/span><\/h2>\n<p>Los envases de jab\u00f3n sostenibles suelen cumplir varios criterios clave:<\/p>\n<ul>\n<li>Utiliza materiales reciclados o biodegradables.<\/li>\n<li>Minimiza el desperdicio mediante un dise\u00f1o eficiente<\/li>\n<li>Emplea energ\u00eda renovable en los procesos productivos<\/li>\n<li>Reduce la huella de carbono en toda la cadena de suministro<\/li>\n<li>Ofrece soluciones al final de su vida \u00fatil, como reciclabilidad o compostabilidad.<\/li>\n<\/ul>\n<h2><strong><span style=\"font-size: 14pt;\">Opciones de embalaje de jab\u00f3n sostenible de Polysmarts<\/span><\/strong><\/h2>\n<p>Polysmarts ofrece soluciones de embalaje personalizadas, dise\u00f1adas espec\u00edficamente para jabones y detergentes l\u00edquidos, con la garant\u00eda del precio m\u00e1s bajo. Sus opciones sostenibles ofrecen el equilibrio perfecto entre funcionalidad, responsabilidad ambiental y presentaci\u00f3n de marca.<\/p>\n<h3><strong><span style=\"font-size: 14pt;\">Caracter\u00edsticas clave:<\/span><\/strong><\/h3>\n<ol>\n<li><strong>Bolsas resellables personalizadas<\/strong>:Dise\u00f1adas especialmente para productos l\u00edquidos de jab\u00f3n y detergente, estas bolsas mantienen la frescura del producto al tiempo que reducen el desperdicio de material.<\/li>\n<li><strong>Opciones compostables y biodegradables<\/strong>Polysmarts ofrece alternativas de bolsas de pl\u00e1stico compostables y biodegradables de \u00faltima generaci\u00f3n que se descomponen naturalmente despu\u00e9s de su uso.<\/li>\n<li><strong>Materiales reciclables<\/strong>Sus opciones de embalaje reciclables garantizan que los materiales puedan reutilizarse despu\u00e9s de su uso, reduciendo los residuos en vertederos y apoyando los principios de la econom\u00eda circular.<\/li>\n<li><strong>Materiales ecol\u00f3gicos innovadores<\/strong>:Polysmarts incorpora materiales sostenibles m\u00e1s nuevos, como envases a base de almid\u00f3n de ma\u00edz y hongos, que representan los \u00faltimos avances en soluciones de envasado respetuosas con el medio ambiente.<\/li>\n<\/ol>\n<h2><span style=\"font-size: 18pt;\"><strong>Beneficios de los envases de jab\u00f3n sostenibles<\/strong><\/span><\/h2>\n<h3><span style=\"font-size: 14pt;\"><strong>Beneficios ambientales:<\/strong><\/span><\/h3>\n<ul>\n<li>Reducci\u00f3n de la contaminaci\u00f3n y los residuos pl\u00e1sticos<\/li>\n<li>Menos emisiones de carbono<\/li>\n<li>Conservaci\u00f3n de los recursos naturales<\/li>\n<li>Apoyo a los principios de la econom\u00eda circular<\/li>\n<\/ul>\n<h3><strong>Beneficios comerciales:<\/strong><\/h3>\n<ul>\n<li>Mejora de la imagen de marca y fidelizaci\u00f3n del cliente<\/li>\n<li>Cumplimiento de la normativa ambiental en evoluci\u00f3n<\/li>\n<li>Ahorros potenciales de costes mediante el uso eficiente de materiales<\/li>\n<li>Ventaja competitiva en un mercado con conciencia ecol\u00f3gica<\/li>\n<\/ul>\n<h2><span style=\"font-size: 18pt;\"><strong>Haciendo la transici\u00f3n hacia envases sostenibles<\/strong><\/span><\/h2>\n<p>Al realizar la transici\u00f3n a envases de jab\u00f3n sostenibles, tenga en cuenta lo siguiente:<\/p>\n<ol>\n<li>Evaluaci\u00f3n del impacto ambiental de su embalaje actual<\/li>\n<li>Identificar alternativas ecol\u00f3gicas adecuadas que mantengan la integridad del producto<\/li>\n<li>Equilibrar los objetivos de sostenibilidad con consideraciones pr\u00e1cticas como la protecci\u00f3n contra la humedad<\/li>\n<li>Comunicar sus esfuerzos de sostenibilidad a los consumidores mediante un etiquetado y marketing claros<\/li>\n<\/ol>\n<h2><span style=\"font-size: 18pt;\"><strong>Conclusi\u00f3n<\/strong><\/span><\/h2>\n<p>Los envases de jab\u00f3n sostenibles representan una gran oportunidad para que las marcas demuestren responsabilidad ambiental y, al mismo tiempo, cumplan con las expectativas de los consumidores. Con la gama de opciones ecol\u00f3gicas de Polysmarts, desde materiales reciclables hasta innovadoras soluciones compostables, las empresas pueden encontrar el envase perfecto que se ajuste tanto a sus objetivos de sostenibilidad como a los requisitos de sus productos.<\/p>\n<p>Al invertir en soluciones de embalaje sostenibles, los fabricantes de jab\u00f3n pueden contribuir a la conservaci\u00f3n del medio ambiente y, al mismo tiempo, fortalecer potencialmente su posici\u00f3n en el mercado entre consumidores cada vez m\u00e1s conscientes del medio ambiente.<\/p>","protected":false},"excerpt":{"rendered":"<table style=\"height: 280px; width: 99.8505%; border-collapse: collapse;\" border=\"2\">\n<tbody>\n<tr style=\"height: 28px; background-color: #dbdbdb;\">\n<td style=\"width: 22.6796%; background-color: #ebebeb; height: 28px;\"><span style=\"font-family: arial, helvetica, sans-serif; font-size: 12pt;\"><strong>Elementos<\/strong><\/span><\/td>\n<td style=\"width: 77.3204%; background-color: #ebebeb; height: 28px;\"><span style=\"font-family: arial, helvetica, sans-serif; font-size: 12pt;\">Embalaje de jab\u00f3n sostenible personalizado<\/span><\/td>\n<\/tr>\n<tr style=\"height: 40px;\">\n<td style=\"width: 22.6796%; height: 30px; background-color: #99ccff;\"><span style=\"font-family: arial, helvetica, sans-serif; font-size: 12pt;\"><strong>Dimensi\u00f3n y estilo<\/strong><\/span><\/td>\n<td style=\"width: 77.3204%; height: 30px; background-color: #99ccff;\"><span style=\"font-family: arial, helvetica, sans-serif; font-size: 12pt;\">Formas y tama\u00f1os personalizados<\/span><\/td>\n<\/tr>\n<tr style=\"height: 40px;\">\n<td style=\"width: 22.6796%; height: 34px; background-color: #ebebeb;\"><span style=\"font-size: 12pt;\"><strong><span style=\"font-family: arial, helvetica, sans-serif;\">Cantidad m\u00ednima de pedido<\/span><\/strong><\/span><\/td>\n<td style=\"width: 77.3204%; height: 34px; background-color: #ebebeb;\"><span style=\"font-family: arial, helvetica, sans-serif; font-size: 12pt;\">100 piezas sin personalizaci\u00f3n, 5000 piezas para personalizaci\u00f3n -Impresi\u00f3n digital: 1000 piezas<\/span><\/td>\n<\/tr>\n<tr style=\"height: 40px; background-color: #99ccff;\">\n<td style=\"width: 22.6796%; height: 24px;\"><span style=\"font-size: 12pt;\"><strong><span style=\"font-family: arial, helvetica, sans-serif;\">Tipo de embalaje<\/span><\/strong><\/span><\/td>\n<td style=\"width: 77.3204%; height: 24px;\"><span style=\"color: #000000;\"><a style=\"color: #000000;\" href=\"https:\/\/polysmarts.com\/es\/bolsa-con-boquilla-personalizada-para-envasado-de-liquidos\/\"><strong><span style=\"font-family: arial, helvetica, sans-serif; font-size: 12pt;\">Bolsa l\u00edquida vertical<\/span><\/strong><\/a><\/span><\/td>\n<\/tr>\n<tr style=\"height: 40px; background-color: #ebebeb;\">\n<td style=\"width: 22.6796%; height: 24px;\"><span style=\"font-size: 12pt;\"><strong><span style=\"font-family: arial, helvetica, sans-serif;\">Impresi\u00f3n<\/span><\/strong><\/span><\/td>\n<td style=\"width: 77.3204%; height: 24px;\"><span style=\"font-family: arial, helvetica, sans-serif; font-size: 12pt;\">CMYK (1 \u2013 10 colores), Sin impresi\u00f3n (normal), Impresi\u00f3n digital<\/span><\/td>\n<\/tr>\n<tr style=\"height: 40px; background-color: #99ccff;\">\n<td style=\"width: 22.6796%; height: 24px;\"><span style=\"font-size: 12pt;\"><strong><span style=\"font-family: arial, helvetica, sans-serif;\">Material<\/span><\/strong><\/span><\/td>\n<td style=\"width: 77.3204%; height: 24px;\"><span style=\"font-family: arial, helvetica, sans-serif; font-size: 12pt;\">Material laminado, MOPP+VMPET+PE<\/span><\/td>\n<\/tr>\n<tr style=\"height: 40px; background-color: #ebebeb;\">\n<td style=\"width: 22.6796%; height: 24px;\"><span style=\"font-size: 12pt;\"><strong><span style=\"font-family: arial, helvetica, sans-serif;\"><b data-spm-anchor-id=\"a2700.details-description.0.i12.24d0Kvu6Kvu6rh\">Capacidad<\/b><\/span><\/strong><\/span><\/td>\n<td style=\"width: 77.3204%; height: 24px;\"><span style=\"font-family: arial, helvetica, sans-serif; font-size: 12pt;\">100 g, 200 g, 300 g, 400 g, 800 g, 1 kg, 2 kg, 3 kg\/100 ml, 200 ml, 300 ml, 500 ml, 800 ml, 1 l, 2 l, 3 l o personalizado<\/span><\/td>\n<\/tr>\n<tr style=\"height: 40px; background-color: #99ccff;\">\n<td style=\"width: 22.6796%; height: 24px;\"><span style=\"font-size: 12pt;\"><strong><span style=\"font-family: arial, helvetica, sans-serif;\">Caracter\u00edstica<\/span><\/strong><\/span><\/td>\n<td style=\"width: 77.3204%; height: 24px;\"><span style=\"font-family: arial, helvetica, sans-serif; font-size: 12pt;\">1. Buen rendimiento de resistencia a la humedad y al ox\u00edgeno;<br \/>\n2.Alta temperatura;<br \/>\n3. Buen sellado, impresi\u00f3n de alta calidad;<br \/>\n4. Material de grado alimenticio, no t\u00f3xico, sin olor, ins\u00edpido, humedad, barrera de ox\u00edgeno, el rendimiento de la barrera es excelente.<br \/>\n5. F\u00e1cil de transportar;<\/span><\/td>\n<\/tr>\n<tr style=\"height: 40px; background-color: #ebebeb;\">\n<td style=\"width: 22.6796%; height: 24px;\"><span style=\"font-size: 12pt;\"><strong><span style=\"font-family: arial, helvetica, sans-serif;\">Tiempo de respuesta<\/span><\/strong><\/span><\/td>\n<td style=\"width: 77.3204%; height: 24px;\"><span style=\"font-family: arial, helvetica, sans-serif; font-size: 12pt;\">7 \u2013 15 d\u00edas h\u00e1biles, URGENTE<\/span><\/td>\n<\/tr>\n<tr style=\"height: 40px; background-color: #99ccff;\">\n<td style=\"width: 22.6796%; height: 24px;\"><span style=\"font-size: 12pt;\"><strong><span style=\"font-family: arial, helvetica, sans-serif;\">Env\u00edo<\/span><\/strong><\/span><\/td>\n<td style=\"width: 77.3204%; height: 24px;\"><span style=\"font-family: arial, helvetica, sans-serif; font-size: 12pt;\">Aire, Mar, Express<\/span><\/td>\n<\/tr>\n<\/tbody>\n<\/table>\n<p>&nbsp;<\/p>","protected":false},"featured_media":4460,"comment_status":"open","ping_status":"closed","template":"","meta":[],"product_brand":[],"product_cat":[35],"product_tag":[],"class_list":{"0":"post-4454","1":"product","2":"type-product","3":"status-publish","4":"has-post-thumbnail","6":"product_cat-mylar-bags","8":"first","9":"instock","10":"shipping-taxable","11":"purchasable","12":"product-type-variable"},"_links":{"self":[{"href":"https:\/\/polysmarts.com\/es\/wp-json\/wp\/v2\/product\/4454","targetHints":{"allow":["GET"]}}],"collection":[{"href":"https:\/\/polysmarts.com\/es\/wp-json\/wp\/v2\/product"}],"about":[{"href":"https:\/\/polysmarts.com\/es\/wp-json\/wp\/v2\/types\/product"}],"replies":[{"embeddable":true,"href":"https:\/\/polysmarts.com\/es\/wp-json\/wp\/v2\/comments?post=4454"}],"version-history":[{"count":4,"href":"https:\/\/polysmarts.com\/es\/wp-json\/wp\/v2\/product\/4454\/revisions"}],"predecessor-version":[{"id":4477,"href":"https:\/\/polysmarts.com\/es\/wp-json\/wp\/v2\/product\/4454\/revisions\/4477"}],"wp:featuredmedia":[{"embeddable":true,"href":"https:\/\/polysmarts.com\/es\/wp-json\/wp\/v2\/media\/4460"}],"wp:attachment":[{"href":"https:\/\/polysmarts.com\/es\/wp-json\/wp\/v2\/media?parent=4454"}],"wp:term":[{"taxonomy":"product_brand","embeddable":true,"href":"https:\/\/polysmarts.com\/es\/wp-json\/wp\/v2\/product_brand?post=4454"},{"taxonomy":"product_cat","embeddable":true,"href":"https:\/\/polysmarts.com\/es\/wp-json\/wp\/v2\/product_cat?post=4454"},{"taxonomy":"product_tag","embeddable":true,"href":"https:\/\/polysmarts.com\/es\/wp-json\/wp\/v2\/product_tag?post=4454"}],"curies":[{"name":"gracias","href":"https:\/\/api.w.org\/{rel}","templated":true}]}}