{"id":4438,"date":"2025-05-26T13:50:14","date_gmt":"2025-05-26T05:50:14","guid":{"rendered":"https:\/\/polysmarts.com\/?post_type=product&#038;p=4438"},"modified":"2025-05-26T14:23:13","modified_gmt":"2025-05-26T06:23:13","slug":"bolsas-resellables-ecologicas-de-musgo-marino-de-primera-calidad","status":"publish","type":"product","link":"https:\/\/polysmarts.com\/es\/product\/premium-barrier-sea-moss-packaging-eco-friendly-resealable-pouches\/","title":{"rendered":"Envases premium de musgo marino con barrera: bolsas resellables ecol\u00f3gicas"},"content":{"rendered":"<div style=\"width: 800px;\" class=\"wp-video\"><video class=\"wp-video-shortcode\" id=\"video-4438-1\" width=\"800\" height=\"454\" preload=\"metadata\" controls=\"controls\"><source type=\"video\/mp4\" src=\"https:\/\/polysmarts.com\/wp-content\/uploads\/2025\/05\/sea-moss-packaging-.mp4?_=1\" \/><a href=\"https:\/\/polysmarts.com\/wp-content\/uploads\/2025\/05\/sea-moss-packaging-.mp4\">https:\/\/polysmarts.com\/wp-content\/uploads\/2025\/05\/sea-moss-packaging-.mp4<\/a><\/video><\/div>\n<h1><strong><span style=\"font-size: 18pt;\">Soluciones de embalaje premium de musgo marino: conserve la frescura y maximice el atractivo en las estanter\u00edas<\/span><\/strong><\/h1>\n<p>Nuestras soluciones personalizadas de envasado para musgo marino est\u00e1n dise\u00f1adas espec\u00edficamente para preservar los nutrientes vitales de sus productos premium de musgo marino, a la vez que mejoran su atractivo en el anaquel. Disponibles en m\u00faltiples configuraciones, incluyendo bolsas verticales, bolsas planas y opciones con boquilla para formulaciones en gel, nuestros envases satisfacen las necesidades espec\u00edficas de todas las variedades de musgo marino.<\/p>\n<h3><strong><span style=\"font-size: 14pt;\">Caracter\u00edsticas principales del embalaje de musgo marino:<\/span><\/strong><\/h3>\n<ul>\n<li><strong>Protecci\u00f3n de barrera superior<\/strong>Nuestras bolsas flexibles utilizan materiales de barrera avanzados que protegen el musgo marino de la humedad, el ox\u00edgeno y la exposici\u00f3n a la luz, preservando nutrientes esenciales como la vitamina B12, el calcio, el zinc y el yodo.<\/li>\n<li><strong>Opciones convenientes de resellado<\/strong>:Elija entre tapas con cierre, cierres resellables y opciones de boquilla para formulaciones de gel, lo que permite a los clientes mantener la frescura mientras usan peque\u00f1as cantidades a lo largo del tiempo.<\/li>\n<li><strong>Ligero y rentable<\/strong>:Nuestros embalajes pesan significativamente menos que los frascos de vidrio o los recipientes de pl\u00e1stico, lo que reduce los costos de env\u00edo y mantiene la integridad del producto.<\/li>\n<li><strong>Dise\u00f1o personalizable<\/strong>:Destaque en la competitiva industria de la salud y el bienestar de $4.2 billones con opciones de impresi\u00f3n totalmente personalizables que incluyen t\u00e9cnicas digitales, rotograbado y flexogr\u00e1ficas con varios acabados (mate, brillo, tacto suave, efectos met\u00e1licos).<\/li>\n<li><strong>Opciones ecol\u00f3gicas<\/strong>:Elija entre nuestras l\u00edneas de embalajes sostenibles que incluyen materiales compostables, biodegradables, reciclables y libres de PFAS que atraen a los consumidores conscientes del medio ambiente.<\/li>\n<\/ul>\n<h3><strong><span style=\"font-size: 14pt;\">Perfecto para todas las formas de musgo marino:<\/span><\/strong><\/h3>\n<ul>\n<li><strong>Musgo marino seco<\/strong>:Mantenga niveles \u00f3ptimos de humedad y evite la contaminaci\u00f3n.<\/li>\n<li><strong>Gel de musgo marino<\/strong>:Bolsas a prueba de fugas con boquillas opcionales para una f\u00e1cil dispensaci\u00f3n<\/li>\n<li><strong>Polvos de musgo marino<\/strong>: Protecci\u00f3n de barrera contra la humedad y la formaci\u00f3n de grumos.<\/li>\n<li><strong>Productos con infusi\u00f3n de musgo marino<\/strong>:Envases vers\u00e1tiles para diversas formulaciones.<\/li>\n<\/ul>\n<p>Nuestras soluciones de envasado ayudan a preservar los m\u00e1s de 92 minerales que se encuentran en los productos de musgo marino de calidad, lo que garantiza que sus clientes reciban todos los beneficios para la salud de este superalimento rico en nutrientes.<\/p>\n<h3><strong><span style=\"font-size: 14pt;\">Preguntas frecuentes sobre el embalaje de musgo marino<\/span><\/strong><\/h3>\n<ol>\n<li><strong>\u00bfQu\u00e9 hace que el embalaje flexible sea mejor para los productos de musgo marino?<\/strong><br \/>\nEl embalaje flexible proporciona una protecci\u00f3n de barrera superior contra la humedad, el ox\u00edgeno y la luz, preservando los nutrientes vitales del musgo marino y siendo liviano y rentable en comparaci\u00f3n con los envases de vidrio o pl\u00e1stico r\u00edgido.<\/li>\n<li><strong>\u00bfExisten opciones ecol\u00f3gicas para el embalaje de musgo marino?<br \/>\n<\/strong> S\u00ed, ofrecemos opciones de embalaje compostables, biodegradables, reciclables y libres de PFAS que mantienen la integridad del producto y al mismo tiempo atraen a los consumidores conscientes del medio ambiente.<\/li>\n<li><strong>\u00bfQu\u00e9 embalaje es mejor para los productos de gel de musgo marino?<\/strong><br \/>\nPara los productos de gel de musgo marino, recomendamos bolsas con boquilla o resellables. <span style=\"color: #0000ff;\"><strong><a style=\"color: #0000ff;\" href=\"https:\/\/polysmarts.com\/es\/bolsas-de-pie-embalaje-de-bolsa-de-pie-personalizado\/\">bolsas stand-up<\/a><\/strong><\/span> que evitan fugas durante el env\u00edo y al mismo tiempo permiten una dispensaci\u00f3n y almacenamiento convenientes.<\/li>\n<li><strong>\u00bfC\u00f3mo puede el embalaje ayudar a que mi producto de musgo marino se destaque?<\/strong><br \/>\nNuestras opciones de impresi\u00f3n personalizadas, que incluyen t\u00e9cnicas digitales, rotograbado y flexogr\u00e1ficas con distintos acabados (mate, brillante, suave al tacto, efectos met\u00e1licos), ayudan a que su producto capte la atenci\u00f3n del consumidor en el competitivo mercado de los suplementos para la salud.<\/li>\n<li><strong>\u00bfPuede el embalaje ayudar a preservar el valor nutricional del musgo marino?<\/strong><br \/>\nS\u00ed, nuestro embalaje de barrera protege el musgo marino de los factores ambientales que degradan los nutrientes, lo que ayuda a preservar su valioso contenido de yodo, vitaminas B, calcio, zinc y otros minerales esenciales.<\/li>\n<\/ol>","protected":false},"excerpt":{"rendered":"<table style=\"height: 280px; width: 99.8505%; border-collapse: collapse;\" border=\"2\">\n<tbody>\n<tr style=\"height: 28px; background-color: #dbdbdb;\">\n<td style=\"width: 22.6796%; background-color: #ebebeb; height: 28px;\"><span style=\"font-family: arial, helvetica, sans-serif; font-size: 12pt;\"><strong>Elementos<\/strong><\/span><\/td>\n<td style=\"width: 77.3204%; background-color: #ebebeb; height: 28px;\"><span style=\"font-family: arial, helvetica, sans-serif; font-size: 12pt;\">Soluciones de embalaje premium personalizadas de musgo marino<\/span><\/td>\n<\/tr>\n<tr style=\"height: 40px;\">\n<td style=\"width: 22.6796%; height: 30px; background-color: #99ccff;\"><span style=\"font-family: arial, helvetica, sans-serif; font-size: 12pt;\"><strong>Dimensi\u00f3n y estilo<\/strong><\/span><\/td>\n<td style=\"width: 77.3204%; height: 30px; background-color: #99ccff;\"><span style=\"font-family: arial, helvetica, sans-serif; font-size: 12pt;\">Formas y tama\u00f1os personalizados<\/span><\/td>\n<\/tr>\n<tr style=\"height: 40px;\">\n<td style=\"width: 22.6796%; height: 34px; background-color: #ebebeb;\"><span style=\"font-size: 12pt;\"><strong><span style=\"font-family: arial, helvetica, sans-serif;\">Cantidad m\u00ednima de pedido<\/span><\/strong><\/span><\/td>\n<td style=\"width: 77.3204%; height: 34px; background-color: #ebebeb;\"><span style=\"font-family: arial, helvetica, sans-serif; font-size: 12pt;\">100 piezas sin personalizaci\u00f3n, 5000 piezas para personalizaci\u00f3n -Impresi\u00f3n digital: 1000 piezas<\/span><\/td>\n<\/tr>\n<tr style=\"height: 40px; background-color: #99ccff;\">\n<td style=\"width: 22.6796%; height: 24px;\"><span style=\"font-size: 12pt;\"><strong><span style=\"font-family: arial, helvetica, sans-serif;\">Tipo de embalaje<\/span><\/strong><\/span><\/td>\n<td style=\"width: 77.3204%; height: 24px;\"><span style=\"font-family: arial, helvetica, sans-serif; font-size: 12pt;\">Bolsa stand up con escaparate<\/span><\/td>\n<\/tr>\n<tr style=\"height: 40px; background-color: #ebebeb;\">\n<td style=\"width: 22.6796%; height: 24px;\"><span style=\"font-size: 12pt;\"><strong><span style=\"font-family: arial, helvetica, sans-serif;\">Impresi\u00f3n<\/span><\/strong><\/span><\/td>\n<td style=\"width: 77.3204%; height: 24px;\"><span style=\"font-family: arial, helvetica, sans-serif; font-size: 12pt;\">CMYK (1 \u2013 10 colores), Sin impresi\u00f3n (normal), Impresi\u00f3n digital<\/span><\/td>\n<\/tr>\n<tr style=\"height: 40px; background-color: #99ccff;\">\n<td style=\"width: 22.6796%; height: 24px;\"><span style=\"font-size: 12pt;\"><strong><span style=\"font-family: arial, helvetica, sans-serif;\">Material<\/span><\/strong><\/span><\/td>\n<td style=\"width: 77.3204%; height: 24px;\"><span style=\"font-family: arial, helvetica, sans-serif; font-size: 12pt;\">Material laminado, MOPP+VMPET+PE<\/span><\/td>\n<\/tr>\n<tr style=\"height: 40px; background-color: #ebebeb;\">\n<td style=\"width: 22.6796%; height: 24px;\"><span style=\"font-size: 12pt;\"><strong><span style=\"font-family: arial, helvetica, sans-serif;\">Opciones incluidas<\/span><\/strong><\/span><\/td>\n<td style=\"width: 77.3204%; height: 24px;\"><span style=\"font-family: arial, helvetica, sans-serif; font-size: 12pt;\">Troquelado, sellado t\u00e9rmico<\/span><\/td>\n<\/tr>\n<tr style=\"height: 40px; background-color: #99ccff;\">\n<td style=\"width: 22.6796%; height: 24px;\"><span style=\"font-size: 12pt;\"><strong><span style=\"font-family: arial, helvetica, sans-serif;\">Caracter\u00edstica<\/span><\/strong><\/span><\/td>\n<td style=\"width: 77.3204%; height: 24px;\"><span style=\"font-family: arial, helvetica, sans-serif; font-size: 12pt;\">A prueba de humedad\/Grado alimenticio\/Impermeable<\/span><\/td>\n<\/tr>\n<tr style=\"height: 40px; background-color: #ebebeb;\">\n<td style=\"width: 22.6796%; height: 24px;\"><span style=\"font-size: 12pt;\"><strong><span style=\"font-family: arial, helvetica, sans-serif;\">Tiempo de respuesta<\/span><\/strong><\/span><\/td>\n<td style=\"width: 77.3204%; height: 24px;\"><span style=\"font-family: arial, helvetica, sans-serif; font-size: 12pt;\">7 \u2013 15 d\u00edas h\u00e1biles, URGENTE<\/span><\/td>\n<\/tr>\n<tr style=\"height: 40px; background-color: #99ccff;\">\n<td style=\"width: 22.6796%; height: 24px;\"><span style=\"font-size: 12pt;\"><strong><span style=\"font-family: arial, helvetica, sans-serif;\">Env\u00edo<\/span><\/strong><\/span><\/td>\n<td style=\"width: 77.3204%; height: 24px;\"><span style=\"font-family: arial, helvetica, sans-serif; font-size: 12pt;\">Aire, Mar, Express<\/span><\/td>\n<\/tr>\n<\/tbody>\n<\/table>\n<p>&nbsp;<\/p>","protected":false},"featured_media":4431,"comment_status":"open","ping_status":"closed","template":"","meta":[],"product_brand":[],"product_cat":[26,35,18],"product_tag":[],"class_list":{"0":"post-4438","1":"product","2":"type-product","3":"status-publish","4":"has-post-thumbnail","6":"product_cat-food-packaging","7":"product_cat-mylar-bags","8":"product_cat-zipper-bags","10":"first","11":"instock","12":"shipping-taxable","13":"purchasable","14":"product-type-variable"},"_links":{"self":[{"href":"https:\/\/polysmarts.com\/es\/wp-json\/wp\/v2\/product\/4438","targetHints":{"allow":["GET"]}}],"collection":[{"href":"https:\/\/polysmarts.com\/es\/wp-json\/wp\/v2\/product"}],"about":[{"href":"https:\/\/polysmarts.com\/es\/wp-json\/wp\/v2\/types\/product"}],"replies":[{"embeddable":true,"href":"https:\/\/polysmarts.com\/es\/wp-json\/wp\/v2\/comments?post=4438"}],"version-history":[{"count":6,"href":"https:\/\/polysmarts.com\/es\/wp-json\/wp\/v2\/product\/4438\/revisions"}],"predecessor-version":[{"id":4453,"href":"https:\/\/polysmarts.com\/es\/wp-json\/wp\/v2\/product\/4438\/revisions\/4453"}],"wp:featuredmedia":[{"embeddable":true,"href":"https:\/\/polysmarts.com\/es\/wp-json\/wp\/v2\/media\/4431"}],"wp:attachment":[{"href":"https:\/\/polysmarts.com\/es\/wp-json\/wp\/v2\/media?parent=4438"}],"wp:term":[{"taxonomy":"product_brand","embeddable":true,"href":"https:\/\/polysmarts.com\/es\/wp-json\/wp\/v2\/product_brand?post=4438"},{"taxonomy":"product_cat","embeddable":true,"href":"https:\/\/polysmarts.com\/es\/wp-json\/wp\/v2\/product_cat?post=4438"},{"taxonomy":"product_tag","embeddable":true,"href":"https:\/\/polysmarts.com\/es\/wp-json\/wp\/v2\/product_tag?post=4438"}],"curies":[{"name":"gracias","href":"https:\/\/api.w.org\/{rel}","templated":true}]}}