{"id":4422,"date":"2025-05-22T14:27:46","date_gmt":"2025-05-22T06:27:46","guid":{"rendered":"https:\/\/polysmarts.com\/?post_type=product&#038;p=4422"},"modified":"2025-05-22T15:42:16","modified_gmt":"2025-05-22T07:42:16","slug":"embalaje-de-mascarillas-faciales-personalizado-soluciones-de-embalaje-premium-para-mascarillas-faciales","status":"publish","type":"product","link":"https:\/\/polysmarts.com\/es\/product\/custom-face-mask-packaging-premium-packaging-solutions-for-facial-masks\/","title":{"rendered":"Embalaje personalizado para mascarillas faciales | Soluciones de embalaje premium para mascarillas faciales"},"content":{"rendered":"<p><img fetchpriority=\"high\" decoding=\"async\" class=\"wp-image-4413 size-full alignleft\" src=\"https:\/\/polysmarts.com\/wp-content\/uploads\/2025\/05\/Facial-Mask-packaging-6.png\" alt=\"embalaje de mascarillas faciales\" width=\"800\" height=\"800\" srcset=\"\/\/polysmarts.com\/wp-content\/uploads\/2025\/05\/Facial-Mask-packaging-6.png 800w, \/\/polysmarts.com\/wp-content\/uploads\/2025\/05\/Facial-Mask-packaging-6-600x600.png 600w, \/\/polysmarts.com\/wp-content\/uploads\/2025\/05\/Facial-Mask-packaging-6-768x768.png 768w, \/\/polysmarts.com\/wp-content\/uploads\/2025\/05\/Facial-Mask-packaging-6-12x12.png 12w, \/\/polysmarts.com\/wp-content\/uploads\/2025\/05\/Facial-Mask-packaging-6-300x300.png 300w, \/\/polysmarts.com\/wp-content\/uploads\/2025\/05\/Facial-Mask-packaging-6-100x100.png 100w\" sizes=\"(max-width: 800px) 100vw, 800px\" \/><\/p>\n<p>Presentamos el Empaque Personalizado para Mascarillas, su soluci\u00f3n ideal para empaquetar mascarillas premium. Fabricado con materiales de barrera de mylar de Polysmarts, este empaque ofrece una protecci\u00f3n superior contra la humedad, superior a las alternativas est\u00e1ndar de pl\u00e1stico o papel. Los materiales transparentes recubiertos con EVOH y PVDC garantizan una presentaci\u00f3n impecable de sus productos, a la vez que los protegen de los elementos externos.<\/p>\n<p>Disfrute de precios competitivos con la garant\u00eda de igualaci\u00f3n de precios de la 5%, lo que facilita m\u00e1s que nunca mejorar su marca sin gastar una fortuna. Con plazos de entrega de tan solo 7 a 15 d\u00edas para impresi\u00f3n digital y sobre plancha, sus bolsas personalizadas estar\u00e1n listas cuando las necesite.<\/p>\n<p>Elija entre una variedad de tama\u00f1os personalizados y benef\u00edciese de pedidos m\u00ednimos bajos a partir de tan solo 5000 bolsas. Nuestras opciones de cierre resellable ofrecen comodidad a sus clientes, mientras que los dise\u00f1os de bolsas planas mejoran la visibilidad en los estantes, destacando sus mascarillas cosm\u00e9ticas.<\/p>\n<p>\u00a1Experimente un servicio al cliente excepcional en EE. UU. y mejore el empaque de su mascarilla facial con nuestra bolsa plana para empaque de mascarilla cosm\u00e9tica con sellado de 3 lados hoy mismo!<\/p>","protected":false},"excerpt":{"rendered":"<table style=\"height: 360px; width: 99.8505%; border-collapse: collapse;\" border=\"2\">\n<tbody>\n<tr style=\"height: 40px;\">\n<td style=\"width: 22.6796%; height: 30px; background-color: #99ccff;\"><span style=\"font-family: arial, helvetica, sans-serif; font-size: 12pt;\"><strong>Dimensi\u00f3n y estilo<\/strong><\/span><\/td>\n<td style=\"width: 77.3204%; height: 30px; background-color: #99ccff;\"><span style=\"font-family: arial, helvetica, sans-serif; font-size: 12pt;\">Formas y tama\u00f1os personalizados<\/span><\/td>\n<\/tr>\n<tr style=\"height: 40px;\">\n<td style=\"width: 22.6796%; height: 34px; background-color: #ebebeb;\"><span style=\"font-size: 12pt;\"><strong><span style=\"font-family: arial, helvetica, sans-serif;\">Cantidad m\u00ednima de pedido<\/span><\/strong><\/span><\/td>\n<td style=\"width: 77.3204%; height: 34px; background-color: #ebebeb;\"><span style=\"font-family: arial, helvetica, sans-serif; font-size: 12pt;\">1000 unidades sin personalizaci\u00f3n, 10000 unidades para personalizaci\u00f3n<\/span><\/td>\n<\/tr>\n<tr style=\"height: 40px; background-color: #99ccff;\">\n<td style=\"width: 22.6796%; height: 24px;\"><span style=\"font-size: 12pt;\"><strong><span style=\"font-family: arial, helvetica, sans-serif;\">Tipo de embalaje<\/span><\/strong><\/span><\/td>\n<td style=\"width: 77.3204%; height: 24px;\"><span style=\"font-family: arial, helvetica, sans-serif; font-size: 12pt;\">Bolsa plana con sellado de 3 lados<\/span><\/td>\n<\/tr>\n<tr style=\"height: 40px; background-color: #ebebeb;\">\n<td style=\"width: 22.6796%; height: 24px;\"><span style=\"font-size: 12pt;\"><strong><span style=\"font-family: arial, helvetica, sans-serif;\">Impresi\u00f3n<\/span><\/strong><\/span><\/td>\n<td style=\"width: 77.3204%; height: 24px;\"><span style=\"font-family: arial, helvetica, sans-serif; font-size: 12pt;\">CMYK (1 a 10 colores seg\u00fan sus requisitos), sin impresi\u00f3n (normal)<\/span><\/td>\n<\/tr>\n<tr style=\"height: 40px; background-color: #99ccff;\">\n<td style=\"width: 22.6796%; height: 24px;\"><span style=\"font-size: 12pt;\"><strong><span style=\"font-family: arial, helvetica, sans-serif;\">Refinamiento<\/span><\/strong><\/span><\/td>\n<td style=\"width: 77.3204%; height: 24px;\"><span style=\"font-family: arial, helvetica, sans-serif; font-size: 12pt;\">Laminaci\u00f3n brillante, impresi\u00f3n offset<\/span><\/td>\n<\/tr>\n<tr style=\"height: 40px; background-color: #ebebeb;\">\n<td style=\"width: 22.6796%; height: 24px;\"><span style=\"font-size: 12pt;\"><strong><span style=\"font-family: arial, helvetica, sans-serif;\">Material<\/span><\/strong><\/span><\/td>\n<td style=\"width: 77.3204%; height: 24px;\"><span style=\"font-family: arial, helvetica, sans-serif; font-size: 12pt;\">OPP\/PET\/CPP<\/span><\/td>\n<\/tr>\n<tr style=\"height: 40px; background-color: #99ccff;\">\n<td style=\"width: 22.6796%; height: 24px;\"><span style=\"font-size: 12pt;\"><strong><span style=\"font-family: arial, helvetica, sans-serif;\">Caracter\u00edstica<\/span><\/strong><\/span><\/td>\n<td style=\"width: 77.3204%; height: 24px;\"><span style=\"font-family: arial, helvetica, sans-serif; font-size: 12pt;\">Resistente al agua y al olor<\/span><\/td>\n<\/tr>\n<tr style=\"height: 40px; background-color: #ebebeb;\">\n<td style=\"width: 22.6796%; height: 24px;\"><span style=\"font-size: 12pt;\"><strong><span style=\"font-family: arial, helvetica, sans-serif;\">Tiempo de respuesta<\/span><\/strong><\/span><\/td>\n<td style=\"width: 77.3204%; height: 24px;\"><span style=\"font-family: arial, helvetica, sans-serif; font-size: 12pt;\">7 \u2013 15 d\u00edas h\u00e1biles, URGENTE<\/span><\/td>\n<\/tr>\n<tr style=\"height: 40px; background-color: #99ccff;\">\n<td style=\"width: 22.6796%; height: 24px;\"><span style=\"font-size: 12pt;\"><strong><span style=\"font-family: arial, helvetica, sans-serif;\">Env\u00edo<\/span><\/strong><\/span><\/td>\n<td style=\"width: 77.3204%; height: 24px;\"><span style=\"font-family: arial, helvetica, sans-serif; font-size: 12pt;\">Aire, Mar, Express<\/span><\/td>\n<\/tr>\n<\/tbody>\n<\/table>\n<p>&nbsp;<\/p>","protected":false},"featured_media":4419,"comment_status":"open","ping_status":"closed","template":"","meta":[],"product_brand":[],"product_cat":[30,19,35],"product_tag":[],"class_list":{"0":"post-4422","1":"product","2":"type-product","3":"status-publish","4":"has-post-thumbnail","6":"product_cat-cosmetics-packaging","7":"product_cat-heat-sealing-bag","8":"product_cat-mylar-bags","10":"first","11":"instock","12":"shipping-taxable","13":"product-type-simple"},"_links":{"self":[{"href":"https:\/\/polysmarts.com\/es\/wp-json\/wp\/v2\/product\/4422","targetHints":{"allow":["GET"]}}],"collection":[{"href":"https:\/\/polysmarts.com\/es\/wp-json\/wp\/v2\/product"}],"about":[{"href":"https:\/\/polysmarts.com\/es\/wp-json\/wp\/v2\/types\/product"}],"replies":[{"embeddable":true,"href":"https:\/\/polysmarts.com\/es\/wp-json\/wp\/v2\/comments?post=4422"}],"version-history":[{"count":5,"href":"https:\/\/polysmarts.com\/es\/wp-json\/wp\/v2\/product\/4422\/revisions"}],"predecessor-version":[{"id":4430,"href":"https:\/\/polysmarts.com\/es\/wp-json\/wp\/v2\/product\/4422\/revisions\/4430"}],"wp:featuredmedia":[{"embeddable":true,"href":"https:\/\/polysmarts.com\/es\/wp-json\/wp\/v2\/media\/4419"}],"wp:attachment":[{"href":"https:\/\/polysmarts.com\/es\/wp-json\/wp\/v2\/media?parent=4422"}],"wp:term":[{"taxonomy":"product_brand","embeddable":true,"href":"https:\/\/polysmarts.com\/es\/wp-json\/wp\/v2\/product_brand?post=4422"},{"taxonomy":"product_cat","embeddable":true,"href":"https:\/\/polysmarts.com\/es\/wp-json\/wp\/v2\/product_cat?post=4422"},{"taxonomy":"product_tag","embeddable":true,"href":"https:\/\/polysmarts.com\/es\/wp-json\/wp\/v2\/product_tag?post=4422"}],"curies":[{"name":"gracias","href":"https:\/\/api.w.org\/{rel}","templated":true}]}}