{"id":4253,"date":"2025-03-12T00:02:47","date_gmt":"2025-03-11T16:02:47","guid":{"rendered":"https:\/\/polysmarts.com\/?post_type=product&#038;p=4253"},"modified":"2025-03-13T12:02:30","modified_gmt":"2025-03-13T04:02:30","slug":"bolsas-de-cafe-con-valvula-y-embalaje-personalizado","status":"publish","type":"product","link":"https:\/\/polysmarts.com\/es\/product\/custom-packaging-coffee-bags-with-valve\/","title":{"rendered":"Bolsas de caf\u00e9 con v\u00e1lvula y embalaje personalizado"},"content":{"rendered":"<h3><span style=\"font-family: arial, helvetica, sans-serif; font-size: 12pt;\"><strong>Los 3 tipos m\u00e1s populares de <a href=\"https:\/\/polysmarts.com\/es\/fabricante-lider-de-bolsas-de-cafe-personalizadas\/\">Empaquetado de bolsas de caf\u00e9<\/a><\/strong><\/span><\/h3>\n<p><strong>1. <a href=\"https:\/\/polysmarts.com\/es\/bolsas-de-pie-embalaje-de-bolsa-de-pie-personalizado\/\">Bolsa de pie<\/a> Embalaje de caf\u00e9<\/strong><\/p>\n<p>La bolsa stand up es el estilo de bolsa m\u00e1s elegido y popular en el mundo, elegirla nunca puede ser una elecci\u00f3n equivocada. Se puede fabricar en muchos acabados y formas para adaptarse a usted.<\/p>\n<p><strong>2. Bolsas de caf\u00e9 con fondo plano y v\u00e1lvula<\/strong><\/p>\n<p>Si desea crear una marca de caf\u00e9 fino, la bolsa de fondo plano es la opci\u00f3n m\u00e1s adecuada. La posici\u00f3n vertical siempre refleja calidad, sabor y elegancia.<\/p>\n<p><strong>3. Bolsas de caf\u00e9 con fuelle y v\u00e1lvula<\/strong><\/p>\n<p>La bolsa con fuelle es uno de los estilos de bolsa para caf\u00e9 m\u00e1s populares, especialmente en cafeter\u00edas. Se ve en todas partes, ya sea en un bistr\u00f3 o en una cadena de cafeter\u00edas.<\/p>\n<p><strong>\u00bfCu\u00e1l es la ventaja de la v\u00e1lvula?<\/strong><\/p>\n<table style=\"border-style: solid; border-color: #000000;\" border=\"1\">\n<thead>\n<tr>\n<th>Caracter\u00edstica<\/th>\n<th>Con v\u00e1lvula<\/th>\n<th>Sin v\u00e1lvula<\/th>\n<\/tr>\n<\/thead>\n<tbody>\n<tr>\n<td>Periodo de frescura<\/td>\n<td>4-6 semanas<\/td>\n<td>7-10 d\u00edas<\/td>\n<\/tr>\n<tr>\n<td>Retenci\u00f3n del aroma<\/td>\n<td>92% despu\u00e9s de 4 semanas<\/td>\n<td>58% despu\u00e9s de 1 semana<\/td>\n<\/tr>\n<tr>\n<td>Integridad del paquete<\/td>\n<td>Sin hinchaz\u00f3n ni fugas<\/td>\n<td>Riesgo de rotura de costuras<\/td>\n<\/tr>\n<\/tbody>\n<\/table>\n<p>&nbsp;<\/p>\n<p><img fetchpriority=\"high\" decoding=\"async\" class=\"alignleft wp-image-4251 size-thumbnail\" src=\"https:\/\/polysmarts.com\/wp-content\/uploads\/2025\/03\/Main-07-600x600.jpg\" alt=\"Tipo de bolsitas de caf\u00e9\" width=\"600\" height=\"600\" srcset=\"\/\/polysmarts.com\/wp-content\/uploads\/2025\/03\/Main-07-600x600.jpg 600w, \/\/polysmarts.com\/wp-content\/uploads\/2025\/03\/Main-07-768x768.jpg 768w, \/\/polysmarts.com\/wp-content\/uploads\/2025\/03\/Main-07-12x12.jpg 12w, \/\/polysmarts.com\/wp-content\/uploads\/2025\/03\/Main-07-300x300.jpg 300w, \/\/polysmarts.com\/wp-content\/uploads\/2025\/03\/Main-07-100x100.jpg 100w, \/\/polysmarts.com\/wp-content\/uploads\/2025\/03\/Main-07.jpg 800w\" sizes=\"(max-width: 600px) 100vw, 600px\" \/><\/p>\n<p>&nbsp;<\/p>\n<p>&nbsp;<\/p>\n<p>&nbsp;<\/p>\n<p>&nbsp;<\/p>\n<p>&nbsp;<\/p>\n<p><img decoding=\"async\" class=\"alignleft size-thumbnail wp-image-4249\" src=\"https:\/\/polysmarts.com\/wp-content\/uploads\/2025\/03\/Main-05-600x600.jpg\" alt=\"Tipo de bolsitas de caf\u00e9\" width=\"600\" height=\"600\" srcset=\"\/\/polysmarts.com\/wp-content\/uploads\/2025\/03\/Main-05-600x600.jpg 600w, \/\/polysmarts.com\/wp-content\/uploads\/2025\/03\/Main-05-768x768.jpg 768w, \/\/polysmarts.com\/wp-content\/uploads\/2025\/03\/Main-05-12x12.jpg 12w, \/\/polysmarts.com\/wp-content\/uploads\/2025\/03\/Main-05-300x300.jpg 300w, \/\/polysmarts.com\/wp-content\/uploads\/2025\/03\/Main-05-100x100.jpg 100w, \/\/polysmarts.com\/wp-content\/uploads\/2025\/03\/Main-05.jpg 800w\" sizes=\"(max-width: 600px) 100vw, 600px\" \/><img decoding=\"async\" class=\"alignleft size-thumbnail wp-image-4250\" src=\"https:\/\/polysmarts.com\/wp-content\/uploads\/2025\/03\/Main-06-600x600.jpg\" alt=\"Tipo de bolsitas de caf\u00e9\" width=\"600\" height=\"600\" srcset=\"\/\/polysmarts.com\/wp-content\/uploads\/2025\/03\/Main-06-600x600.jpg 600w, \/\/polysmarts.com\/wp-content\/uploads\/2025\/03\/Main-06-768x768.jpg 768w, \/\/polysmarts.com\/wp-content\/uploads\/2025\/03\/Main-06-12x12.jpg 12w, \/\/polysmarts.com\/wp-content\/uploads\/2025\/03\/Main-06-300x300.jpg 300w, \/\/polysmarts.com\/wp-content\/uploads\/2025\/03\/Main-06-100x100.jpg 100w, \/\/polysmarts.com\/wp-content\/uploads\/2025\/03\/Main-06.jpg 800w\" sizes=\"(max-width: 600px) 100vw, 600px\" \/><\/p>\n<p>&nbsp;<\/p>\n<p>&nbsp;<\/p>\n<p>&nbsp;<\/p>\n<p>&nbsp;<\/p>\n<p>&nbsp;<\/p>","protected":false},"excerpt":{"rendered":"<table style=\"height: 360px; width: 99.8505%; border-collapse: collapse;\" border=\"2\">\n<tbody>\n<tr style=\"height: 40px;\">\n<td style=\"width: 22.6796%; height: 30px; background-color: #99ccff;\"><span style=\"font-family: arial, helvetica, sans-serif; font-size: 12pt;\"><strong>Dimensi\u00f3n y estilo<\/strong><\/span><\/td>\n<td style=\"width: 77.3204%; height: 30px; background-color: #99ccff;\"><span style=\"font-family: arial, helvetica, sans-serif; font-size: 12pt;\">Formas y tama\u00f1os personalizados<\/span><\/td>\n<\/tr>\n<tr style=\"height: 40px;\">\n<td style=\"width: 22.6796%; height: 34px; background-color: #ebebeb;\"><span style=\"font-size: 12pt;\"><strong><span style=\"font-family: arial, helvetica, sans-serif;\">Cantidad m\u00ednima de pedido<\/span><\/strong><\/span><\/td>\n<td style=\"width: 77.3204%; height: 34px; background-color: #ebebeb;\"><span style=\"font-family: arial, helvetica, sans-serif; font-size: 12pt;\">100 piezas sin personalizaci\u00f3n, 10000 piezas para personalizaci\u00f3n<\/span><\/td>\n<\/tr>\n<tr style=\"height: 40px; background-color: #99ccff;\">\n<td style=\"width: 22.6796%; height: 24px;\"><span style=\"font-size: 12pt;\"><strong><span style=\"font-family: arial, helvetica, sans-serif;\">Tipo de embalaje<\/span><\/strong><\/span><\/td>\n<td style=\"width: 77.3204%; height: 24px;\"><span style=\"font-family: arial, helvetica, sans-serif; font-size: 12pt;\">Bolsas de caf\u00e9 con v\u00e1lvula\/bolsa de sellado cu\u00e1druple<\/span><\/td>\n<\/tr>\n<tr style=\"height: 40px; background-color: #ebebeb;\">\n<td style=\"width: 22.6796%; height: 24px;\"><span style=\"font-size: 12pt;\"><strong><span style=\"font-family: arial, helvetica, sans-serif;\">Impresi\u00f3n<\/span><\/strong><\/span><\/td>\n<td style=\"width: 77.3204%; height: 24px;\"><span style=\"font-family: arial, helvetica, sans-serif; font-size: 12pt;\">CMYK (1 \u2013 10 colores), Sin impresi\u00f3n (normal), Impresi\u00f3n digital<\/span><\/td>\n<\/tr>\n<tr style=\"height: 40px; background-color: #99ccff;\">\n<td style=\"width: 22.6796%; height: 24px;\"><span style=\"font-size: 12pt;\"><strong><span style=\"font-family: arial, helvetica, sans-serif;\">Refinamiento<\/span><\/strong><\/span><\/td>\n<td style=\"width: 77.3204%; height: 24px;\"><span style=\"font-family: arial, helvetica, sans-serif; font-size: 12pt;\">Laminaci\u00f3n brillante\/mate, impresi\u00f3n offset<\/span><\/td>\n<\/tr>\n<tr style=\"height: 40px; background-color: #ebebeb;\">\n<td style=\"width: 22.6796%; height: 24px;\"><span style=\"font-size: 12pt;\"><strong><span style=\"font-family: arial, helvetica, sans-serif;\">Opciones incluidas<\/span><\/strong><\/span><\/td>\n<td style=\"width: 77.3204%; height: 24px;\"><span style=\"font-family: arial, helvetica, sans-serif; font-size: 12pt;\">Troquelado, sellado t\u00e9rmico<\/span><\/td>\n<\/tr>\n<tr style=\"height: 40px; background-color: #99ccff;\">\n<td style=\"width: 22.6796%; height: 24px;\"><span style=\"font-size: 12pt;\"><strong><span style=\"font-family: arial, helvetica, sans-serif;\">Prueba<\/span><\/strong><\/span><\/td>\n<td style=\"width: 77.3204%; height: 24px;\"><span style=\"font-family: arial, helvetica, sans-serif; font-size: 12pt;\">A prueba de olores y humedad<\/span><\/td>\n<\/tr>\n<tr style=\"height: 40px; background-color: #ebebeb;\">\n<td style=\"width: 22.6796%; height: 24px;\"><span style=\"font-size: 12pt;\"><strong><span style=\"font-family: arial, helvetica, sans-serif;\">Tiempo de respuesta<\/span><\/strong><\/span><\/td>\n<td style=\"width: 77.3204%; height: 24px;\"><span style=\"font-family: arial, helvetica, sans-serif; font-size: 12pt;\">7 \u2013 15 d\u00edas h\u00e1biles, URGENTE<\/span><\/td>\n<\/tr>\n<tr style=\"height: 40px; background-color: #99ccff;\">\n<td style=\"width: 22.6796%; height: 24px;\"><span style=\"font-size: 12pt;\"><strong><span style=\"font-family: arial, helvetica, sans-serif;\">Env\u00edo<\/span><\/strong><\/span><\/td>\n<td style=\"width: 77.3204%; height: 24px;\"><span style=\"font-family: arial, helvetica, sans-serif; font-size: 12pt;\">Aire, Mar, Express<\/span><\/td>\n<\/tr>\n<\/tbody>\n<\/table>\n<p>&nbsp;<\/p>","protected":false},"featured_media":4242,"comment_status":"open","ping_status":"closed","template":"","meta":[],"product_brand":[],"product_cat":[26,27,18],"product_tag":[],"class_list":{"0":"post-4253","1":"product","2":"type-product","3":"status-publish","4":"has-post-thumbnail","6":"product_cat-food-packaging","7":"product_cat-coffee-and-tea-packaging","8":"product_cat-zipper-bags","10":"first","11":"instock","12":"shipping-taxable","13":"product-type-simple"},"_links":{"self":[{"href":"https:\/\/polysmarts.com\/es\/wp-json\/wp\/v2\/product\/4253","targetHints":{"allow":["GET"]}}],"collection":[{"href":"https:\/\/polysmarts.com\/es\/wp-json\/wp\/v2\/product"}],"about":[{"href":"https:\/\/polysmarts.com\/es\/wp-json\/wp\/v2\/types\/product"}],"replies":[{"embeddable":true,"href":"https:\/\/polysmarts.com\/es\/wp-json\/wp\/v2\/comments?post=4253"}],"version-history":[{"count":7,"href":"https:\/\/polysmarts.com\/es\/wp-json\/wp\/v2\/product\/4253\/revisions"}],"predecessor-version":[{"id":4270,"href":"https:\/\/polysmarts.com\/es\/wp-json\/wp\/v2\/product\/4253\/revisions\/4270"}],"wp:featuredmedia":[{"embeddable":true,"href":"https:\/\/polysmarts.com\/es\/wp-json\/wp\/v2\/media\/4242"}],"wp:attachment":[{"href":"https:\/\/polysmarts.com\/es\/wp-json\/wp\/v2\/media?parent=4253"}],"wp:term":[{"taxonomy":"product_brand","embeddable":true,"href":"https:\/\/polysmarts.com\/es\/wp-json\/wp\/v2\/product_brand?post=4253"},{"taxonomy":"product_cat","embeddable":true,"href":"https:\/\/polysmarts.com\/es\/wp-json\/wp\/v2\/product_cat?post=4253"},{"taxonomy":"product_tag","embeddable":true,"href":"https:\/\/polysmarts.com\/es\/wp-json\/wp\/v2\/product_tag?post=4253"}],"curies":[{"name":"gracias","href":"https:\/\/api.w.org\/{rel}","templated":true}]}}