{"id":409,"date":"2023-10-31T10:13:33","date_gmt":"2023-10-31T10:13:33","guid":{"rendered":"https:\/\/polysmarts.com\/?post_type=product&#038;p=409"},"modified":"2023-10-31T10:13:34","modified_gmt":"2023-10-31T10:13:34","slug":"bolsas-de-embalaje-de-mylar-con-cremallera-de-pie-para-cafe","status":"publish","type":"product","link":"https:\/\/polysmarts.com\/es\/product\/coffee-stand-up-zipper-mylar-packaging-bags\/","title":{"rendered":"Bolsas de embalaje de Mylar con cremallera de pie para caf\u00e9"},"content":{"rendered":"<ul class=\"a-unordered-list a-vertical a-spacing-mini\">\n<li class=\"a-spacing-mini\"><span class=\"a-list-item\">VOLUMEN: Lata con capacidad para 250g de frutos secos y hasta 350 gramos de sustancias en polvo. Seg\u00fan el tama\u00f1o de la capacidad de la bolsa de su producto puede variar. Mide 5 pulgadas (13 cm) de ancho y 7 pulgadas (18 cm) de largo. Tiene 115 micras de espesor<\/span><\/li>\n<li class=\"a-spacing-mini\"><span class=\"a-list-item\">ENVASADO Y ALMACENAMIENTO EN LA COCINA (S\u00d3LIDO y L\u00cdQUIDO): la bolsa Ziplock se utiliza para envasar especias, encurtidos, legumbres, masa de dosa, verduras frescas, cereales, nueces, masala en polvo, frutas secas, chocolates, dulces, t\u00e9, caf\u00e9, c\u00e1scaras y hierbas. , joyas, prote\u00ednas en polvo y almacenamiento en frigor\u00edfico. Tambi\u00e9n puede almacenar salsas y l\u00edquidos.<\/span><\/li>\n<li class=\"a-spacing-mini\"><span class=\"a-list-item\">CALIDAD PREMIUM: estas bolsas con cremallera de pie premium est\u00e1n hechas de material de alta calidad, lo que aumenta su resistencia y transparencia. Ambos lados de esta bolsa son transparentes y viene con una cremallera para que pueda reutilizarse.<\/span><\/li>\n<li class=\"a-spacing-mini\"><span class=\"a-list-item\">BOLSA HERM\u00c9TICA DE LARGA DURACI\u00d3N: hecha de material de alta calidad y, por lo tanto, tiene alta resistencia. Esto garantiza un embalaje seguro y mantiene el art\u00edculo en su estado original durante mucho tiempo, lo que los hace muy demandados en las industrias alimentaria y qu\u00edmica.<\/span><\/li>\n<li class=\"a-spacing-mini\"><span class=\"a-list-item\">COLOR: anverso y reverso transparentes, color transparente para que pueda ver lo que est\u00e1 empaquetado dentro del paquete. Puedes pegar f\u00e1cilmente tu etiqueta personalizada encima del paquete si quieres vender tus productos de marca.<\/span><\/li>\n<\/ul>\n<p><img fetchpriority=\"high\" decoding=\"async\" class=\"alignnone wp-image-415 size-full\" src=\"https:\/\/polysmarts.com\/wp-content\/uploads\/2023\/10\/Detail-05.jpg\" alt=\"\" width=\"750\" height=\"211\" srcset=\"\/\/polysmarts.com\/wp-content\/uploads\/2023\/10\/Detail-05.jpg 750w, \/\/polysmarts.com\/wp-content\/uploads\/2023\/10\/Detail-05-600x169.jpg 600w, \/\/polysmarts.com\/wp-content\/uploads\/2023\/10\/Detail-05-300x84.jpg 300w\" sizes=\"(max-width: 750px) 100vw, 750px\" \/><\/p>\n<p><img decoding=\"async\" class=\"alignnone wp-image-416 size-full\" src=\"https:\/\/polysmarts.com\/wp-content\/uploads\/2023\/10\/Detail-06.jpg\" alt=\"\" width=\"750\" height=\"224\" srcset=\"\/\/polysmarts.com\/wp-content\/uploads\/2023\/10\/Detail-06.jpg 750w, \/\/polysmarts.com\/wp-content\/uploads\/2023\/10\/Detail-06-600x179.jpg 600w, \/\/polysmarts.com\/wp-content\/uploads\/2023\/10\/Detail-06-300x90.jpg 300w\" sizes=\"(max-width: 750px) 100vw, 750px\" \/><\/p>\n<p><img decoding=\"async\" class=\"alignnone wp-image-417 size-full\" src=\"https:\/\/polysmarts.com\/wp-content\/uploads\/2023\/10\/Detail-07.jpg\" alt=\"\" width=\"750\" height=\"219\" srcset=\"\/\/polysmarts.com\/wp-content\/uploads\/2023\/10\/Detail-07.jpg 750w, \/\/polysmarts.com\/wp-content\/uploads\/2023\/10\/Detail-07-600x175.jpg 600w, \/\/polysmarts.com\/wp-content\/uploads\/2023\/10\/Detail-07-300x88.jpg 300w\" sizes=\"(max-width: 750px) 100vw, 750px\" \/><\/p>\n<p><img loading=\"lazy\" decoding=\"async\" class=\"alignnone wp-image-418 size-full\" src=\"https:\/\/polysmarts.com\/wp-content\/uploads\/2023\/10\/Detail-08.jpg\" alt=\"\" width=\"750\" height=\"225\" srcset=\"\/\/polysmarts.com\/wp-content\/uploads\/2023\/10\/Detail-08.jpg 750w, \/\/polysmarts.com\/wp-content\/uploads\/2023\/10\/Detail-08-600x180.jpg 600w, \/\/polysmarts.com\/wp-content\/uploads\/2023\/10\/Detail-08-300x90.jpg 300w\" sizes=\"(max-width: 750px) 100vw, 750px\" \/><\/p>\n<p><img loading=\"lazy\" decoding=\"async\" class=\"alignnone wp-image-419 size-full\" src=\"https:\/\/polysmarts.com\/wp-content\/uploads\/2023\/10\/Detail-09.jpg\" alt=\"\" width=\"750\" height=\"320\" srcset=\"\/\/polysmarts.com\/wp-content\/uploads\/2023\/10\/Detail-09.jpg 750w, \/\/polysmarts.com\/wp-content\/uploads\/2023\/10\/Detail-09-600x256.jpg 600w, \/\/polysmarts.com\/wp-content\/uploads\/2023\/10\/Detail-09-300x128.jpg 300w\" sizes=\"(max-width: 750px) 100vw, 750px\" \/><\/p>\n<p style=\"text-align: left;\"><span style=\"font-family: arial, helvetica, sans-serif; font-size: 18pt;\">Uso del producto<\/span><br \/>\nPara dulces Para t\u00e9 de flores<br \/>\nPor comida \/<br \/>\nPara productos electr\u00f3nicos<br \/>\nPara nueces<br \/>\nPara arroz<\/p>\n<p><img loading=\"lazy\" decoding=\"async\" class=\"alignnone size-full wp-image-423\" src=\"https:\/\/polysmarts.com\/wp-content\/uploads\/2023\/10\/Detail-13.jpg\" alt=\"Bolsas con cremallera de pie\" width=\"750\" height=\"858\" srcset=\"\/\/polysmarts.com\/wp-content\/uploads\/2023\/10\/Detail-13.jpg 750w, \/\/polysmarts.com\/wp-content\/uploads\/2023\/10\/Detail-13-600x686.jpg 600w, \/\/polysmarts.com\/wp-content\/uploads\/2023\/10\/Detail-13-262x300.jpg 262w\" sizes=\"(max-width: 750px) 100vw, 750px\" \/><\/p>","protected":false},"excerpt":{"rendered":"<table style=\"height: 360px; width: 99.8505%; border-collapse: collapse;\" border=\"2\">\n<tbody>\n<tr style=\"height: 40px;\">\n<td style=\"width: 22.6796%; height: 30px; background-color: #99ccff;\"><span style=\"font-family: arial, helvetica, sans-serif; font-size: 12pt;\"><strong>Dimensi\u00f3n y estilo<\/strong><\/span><\/td>\n<td style=\"width: 77.3204%; height: 30px; background-color: #99ccff;\"><span style=\"font-family: arial, helvetica, sans-serif; font-size: 12pt;\">Formas y tama\u00f1os personalizados<\/span><\/td>\n<\/tr>\n<tr style=\"height: 40px;\">\n<td style=\"width: 22.6796%; height: 34px; background-color: #ebebeb;\"><span style=\"font-size: 12pt;\"><strong><span style=\"font-family: arial, helvetica, sans-serif;\">Cantidad m\u00ednima de pedido<\/span><\/strong><\/span><\/td>\n<td style=\"width: 77.3204%; height: 34px; background-color: #ebebeb;\"><span style=\"font-family: arial, helvetica, sans-serif; font-size: 12pt;\">1000 unidades sin personalizaci\u00f3n, 10000 unidades para personalizaci\u00f3n<\/span><\/td>\n<\/tr>\n<tr style=\"height: 40px; background-color: #99ccff;\">\n<td style=\"width: 22.6796%; height: 24px;\"><span style=\"font-size: 12pt;\"><strong><span style=\"font-family: arial, helvetica, sans-serif;\">Tipo de embalaje<\/span><\/strong><\/span><\/td>\n<td style=\"width: 77.3204%; height: 24px;\"><span style=\"font-family: arial, helvetica, sans-serif; font-size: 12pt;\">Bolsas de papel Kraft de pie<\/span><\/td>\n<\/tr>\n<tr style=\"height: 40px; background-color: #ebebeb;\">\n<td style=\"width: 22.6796%; height: 24px;\"><span style=\"font-size: 12pt;\"><strong><span style=\"font-family: arial, helvetica, sans-serif;\">Impresi\u00f3n<\/span><\/strong><\/span><\/td>\n<td style=\"width: 77.3204%; height: 24px;\"><span style=\"font-family: arial, helvetica, sans-serif; font-size: 12pt;\">CMYK (1 \u2013 4 colores), PMS, CMYK+PMS, Sin impresi\u00f3n (normal)<\/span><\/td>\n<\/tr>\n<tr style=\"height: 40px; background-color: #99ccff;\">\n<td style=\"width: 22.6796%; height: 24px;\"><span style=\"font-size: 12pt;\"><strong><span style=\"font-family: arial, helvetica, sans-serif;\">Refinamiento<\/span><\/strong><\/span><\/td>\n<td style=\"width: 77.3204%; height: 24px;\"><span style=\"font-family: arial, helvetica, sans-serif; font-size: 12pt;\">Laminaci\u00f3n brillante\/mate, Recubrimiento acuoso, Barniz puntual, Recubrimiento UV, Relieve, Grabado, Impresi\u00f3n de l\u00e1minas<\/span><\/td>\n<\/tr>\n<tr style=\"height: 40px; background-color: #ebebeb;\">\n<td style=\"width: 22.6796%; height: 24px;\"><span style=\"font-size: 12pt;\"><strong><span style=\"font-family: arial, helvetica, sans-serif;\">Opciones incluidas<\/span><\/strong><\/span><\/td>\n<td style=\"width: 77.3204%; height: 24px;\"><span style=\"font-family: arial, helvetica, sans-serif; font-size: 12pt;\">Troquelado, Perforaci\u00f3n, Rayado, Pegado<\/span><\/td>\n<\/tr>\n<tr style=\"height: 40px; background-color: #99ccff;\">\n<td style=\"width: 22.6796%; height: 24px;\"><span style=\"font-size: 12pt;\"><strong><span style=\"font-family: arial, helvetica, sans-serif;\">Prueba<\/span><\/strong><\/span><\/td>\n<td style=\"width: 77.3204%; height: 24px;\"><span style=\"font-family: arial, helvetica, sans-serif; font-size: 12pt;\">Pruebas electr\u00f3nicas (vista plana\/maqueta 3D), Pruebas impresas digitalmente (sin efectos de acabado importantes), Muestreo f\u00edsico (a pedido)<\/span><\/td>\n<\/tr>\n<tr style=\"height: 40px; background-color: #ebebeb;\">\n<td style=\"width: 22.6796%; height: 24px;\"><span style=\"font-size: 12pt;\"><strong><span style=\"font-family: arial, helvetica, sans-serif;\">Tiempo de respuesta<\/span><\/strong><\/span><\/td>\n<td style=\"width: 77.3204%; height: 24px;\"><span style=\"font-family: arial, helvetica, sans-serif; font-size: 12pt;\">6 \u2013 8 d\u00edas h\u00e1biles, URGENTE<\/span><\/td>\n<\/tr>\n<tr style=\"height: 40px; background-color: #99ccff;\">\n<td style=\"width: 22.6796%; height: 24px;\"><span style=\"font-size: 12pt;\"><strong><span style=\"font-family: arial, helvetica, sans-serif;\">Env\u00edo<\/span><\/strong><\/span><\/td>\n<td style=\"width: 77.3204%; height: 24px;\"><span style=\"font-family: arial, helvetica, sans-serif; font-size: 12pt;\">Aire, Mar, Express<\/span><\/td>\n<\/tr>\n<\/tbody>\n<\/table>\n<p>&nbsp;<\/p>","protected":false},"featured_media":437,"comment_status":"open","ping_status":"closed","template":"","meta":[],"product_brand":[],"product_cat":[18],"product_tag":[],"class_list":{"0":"post-409","1":"product","2":"type-product","3":"status-publish","4":"has-post-thumbnail","6":"product_cat-zipper-bags","8":"first","9":"instock","10":"shipping-taxable","11":"product-type-simple"},"_links":{"self":[{"href":"https:\/\/polysmarts.com\/es\/wp-json\/wp\/v2\/product\/409","targetHints":{"allow":["GET"]}}],"collection":[{"href":"https:\/\/polysmarts.com\/es\/wp-json\/wp\/v2\/product"}],"about":[{"href":"https:\/\/polysmarts.com\/es\/wp-json\/wp\/v2\/types\/product"}],"replies":[{"embeddable":true,"href":"https:\/\/polysmarts.com\/es\/wp-json\/wp\/v2\/comments?post=409"}],"version-history":[{"count":2,"href":"https:\/\/polysmarts.com\/es\/wp-json\/wp\/v2\/product\/409\/revisions"}],"predecessor-version":[{"id":440,"href":"https:\/\/polysmarts.com\/es\/wp-json\/wp\/v2\/product\/409\/revisions\/440"}],"wp:featuredmedia":[{"embeddable":true,"href":"https:\/\/polysmarts.com\/es\/wp-json\/wp\/v2\/media\/437"}],"wp:attachment":[{"href":"https:\/\/polysmarts.com\/es\/wp-json\/wp\/v2\/media?parent=409"}],"wp:term":[{"taxonomy":"product_brand","embeddable":true,"href":"https:\/\/polysmarts.com\/es\/wp-json\/wp\/v2\/product_brand?post=409"},{"taxonomy":"product_cat","embeddable":true,"href":"https:\/\/polysmarts.com\/es\/wp-json\/wp\/v2\/product_cat?post=409"},{"taxonomy":"product_tag","embeddable":true,"href":"https:\/\/polysmarts.com\/es\/wp-json\/wp\/v2\/product_tag?post=409"}],"curies":[{"name":"gracias","href":"https:\/\/api.w.org\/{rel}","templated":true}]}}