{"id":3671,"date":"2024-07-30T18:00:36","date_gmt":"2024-07-30T10:00:36","guid":{"rendered":"https:\/\/polysmarts.com\/?post_type=product&#038;p=3671"},"modified":"2024-10-04T02:39:47","modified_gmt":"2024-10-03T18:39:47","slug":"bolsas-de-cafe-en-grano-de-fondo-plano-con-valvula-5","status":"publish","type":"product","link":"https:\/\/polysmarts.com\/es\/product\/doypack-snack-food-packaging-bags-supplies\/","title":{"rendered":"Suministros de bolsas de envasado de snacks Doypack"},"content":{"rendered":"<p><strong>Suministros de bolsas de envasado de snacks Doypack:<\/strong><\/p>\n<p><strong>Mantenimiento de alimentos frescos:<\/strong> Mantenga sus alimentos secos y sabrosos durante per\u00edodos m\u00e1s prolongados con nuestro empaque de bocadillos especialmente dise\u00f1ado. Con una prueba de olor<\/p>\n<p><strong>Soluci\u00f3n ecol\u00f3gica:<\/strong> \u00danase al movimiento de sostenibilidad con nuestras bolsas reutilizables para envases de alimentos, que ofrecen una alternativa ecol\u00f3gica a los envases de pl\u00e1stico de un solo uso. Perfectas para los amantes del caf\u00e9 preocupados por el medio ambiente, estas bolsas ayudan a reducir el desperdicio y al mismo tiempo conservan sus bebidas favoritas.<\/p>\n<p><strong>Seguro y duradero:<\/strong> Fabricadas con materiales de calidad que incluyen BOPP mate, papel de aluminio PET y PE apto para uso alimentario, nuestras bolsas con cremallera brindan una durabilidad y protecci\u00f3n excepcionales. Son termosellables y protegen eficazmente su caf\u00e9 de la luz, el aire y la humedad, manteniendo su calidad en el tiempo.<\/p>\n<p><strong>Sello herm\u00e9tico:<\/strong> Experimente la m\u00e1xima frescura con el dise\u00f1o de cremallera lateral de nuestras bolsas y la funci\u00f3n termosellable, lo que garantiza un sello herm\u00e9tico que preserva el sabor y el aroma de sus granos de caf\u00e9. Este sello tambi\u00e9n evita la transferencia de olores y sabores, garantizando una experiencia de caf\u00e9 puro con cada preparaci\u00f3n.<\/p>\n<p><strong>Bolsa de caf\u00e9 vers\u00e1til:<\/strong> M\u00e1s all\u00e1 del almacenamiento de granos de caf\u00e9, nuestras bolsas son lo suficientemente vers\u00e1tiles como para almacenar otros art\u00edculos peque\u00f1os como hierbas, especias y refrigerios. Ya sea para cafeter\u00edas, tostadores o uso dom\u00e9stico, estas bolsas ofrecen practicidad y conveniencia para diversas necesidades de almacenamiento.<\/p>\n<p>Mejore su experiencia de almacenamiento de caf\u00e9 con nuestras bolsas de caf\u00e9 en grano de fondo plano con v\u00e1lvula. Desde preservaci\u00f3n de la frescura hasta conciencia ecol\u00f3gica y versatilidad, estas bolsas ofrecen todo lo que necesita para una experiencia de caf\u00e9 deliciosa.<\/p>","protected":false},"excerpt":{"rendered":"<table style=\"height: 360px; width: 99.8505%; border-collapse: collapse;\" border=\"2\">\n<tbody>\n<tr style=\"height: 40px;\">\n<td style=\"width: 22.6796%; height: 30px; background-color: #99ccff;\"><span style=\"font-family: arial, helvetica, sans-serif; font-size: 12pt;\"><strong>Dimensi\u00f3n y estilo<\/strong><\/span><\/td>\n<td style=\"width: 77.3204%; height: 30px; background-color: #99ccff;\"><span style=\"font-family: arial, helvetica, sans-serif; font-size: 12pt;\">Formas y tama\u00f1os personalizados<\/span><\/td>\n<\/tr>\n<tr style=\"height: 40px;\">\n<td style=\"width: 22.6796%; height: 34px; background-color: #ebebeb;\"><span style=\"font-size: 12pt;\"><strong><span style=\"font-family: arial, helvetica, sans-serif;\">Cantidad m\u00ednima de pedido<\/span><\/strong><\/span><\/td>\n<td style=\"width: 77.3204%; height: 34px; background-color: #ebebeb;\"><span style=\"font-family: arial, helvetica, sans-serif; font-size: 12pt;\">1000 unidades sin personalizaci\u00f3n, 10000 unidades para personalizaci\u00f3n<\/span><\/td>\n<\/tr>\n<tr style=\"height: 40px; background-color: #99ccff;\">\n<td style=\"width: 22.6796%; height: 24px;\"><span style=\"font-size: 12pt;\"><strong><span style=\"font-family: arial, helvetica, sans-serif;\">Tipo de embalaje<\/span><\/strong><\/span><\/td>\n<td style=\"width: 77.3204%; height: 24px;\"><span style=\"font-family: arial, helvetica, sans-serif; font-size: 12pt;\">Bolsas de caf\u00e9 en grano<\/span><\/td>\n<\/tr>\n<tr style=\"height: 40px; background-color: #ebebeb;\">\n<td style=\"width: 22.6796%; height: 24px;\"><span style=\"font-size: 12pt;\"><strong><span style=\"font-family: arial, helvetica, sans-serif;\">Impresi\u00f3n<\/span><\/strong><\/span><\/td>\n<td style=\"width: 77.3204%; height: 24px;\"><span style=\"font-family: arial, helvetica, sans-serif; font-size: 12pt;\">CMYK (1 \u2013 10 colores), sin impresi\u00f3n (normal)<\/span><\/td>\n<\/tr>\n<tr style=\"height: 40px; background-color: #99ccff;\">\n<td style=\"width: 22.6796%; height: 24px;\"><span style=\"font-size: 12pt;\"><strong><span style=\"font-family: arial, helvetica, sans-serif;\">Refinamiento<\/span><\/strong><\/span><\/td>\n<td style=\"width: 77.3204%; height: 24px;\"><span style=\"font-family: arial, helvetica, sans-serif; font-size: 12pt;\">Laminaci\u00f3n brillante\/mate, impresi\u00f3n offset<\/span><\/td>\n<\/tr>\n<tr style=\"height: 40px; background-color: #ebebeb;\">\n<td style=\"width: 22.6796%; height: 24px;\"><span style=\"font-size: 12pt;\"><strong><span style=\"font-family: arial, helvetica, sans-serif;\">Opciones incluidas<\/span><\/strong><\/span><\/td>\n<td style=\"width: 77.3204%; height: 24px;\"><span style=\"font-family: arial, helvetica, sans-serif; font-size: 12pt;\">Troquelado, sellado t\u00e9rmico<\/span><\/td>\n<\/tr>\n<tr style=\"height: 40px; background-color: #99ccff;\">\n<td style=\"width: 22.6796%; height: 24px;\"><span style=\"font-size: 12pt;\"><strong><span style=\"font-family: arial, helvetica, sans-serif;\">Prueba<\/span><\/strong><\/span><\/td>\n<td style=\"width: 77.3204%; height: 24px;\"><span style=\"font-family: arial, helvetica, sans-serif; font-size: 12pt;\">Pruebas de olor\u00a0<\/span><\/td>\n<\/tr>\n<tr style=\"height: 40px; background-color: #ebebeb;\">\n<td style=\"width: 22.6796%; height: 24px;\"><span style=\"font-size: 12pt;\"><strong><span style=\"font-family: arial, helvetica, sans-serif;\">Tiempo de respuesta<\/span><\/strong><\/span><\/td>\n<td style=\"width: 77.3204%; height: 24px;\"><span style=\"font-family: arial, helvetica, sans-serif; font-size: 12pt;\">7 \u2013 15 d\u00edas h\u00e1biles, URGENTE<\/span><\/td>\n<\/tr>\n<tr style=\"height: 40px; background-color: #99ccff;\">\n<td style=\"width: 22.6796%; height: 24px;\"><span style=\"font-size: 12pt;\"><strong><span style=\"font-family: arial, helvetica, sans-serif;\">Env\u00edo<\/span><\/strong><\/span><\/td>\n<td style=\"width: 77.3204%; height: 24px;\"><span style=\"font-family: arial, helvetica, sans-serif; font-size: 12pt;\">Aire, Mar, Express<\/span><\/td>\n<\/tr>\n<\/tbody>\n<\/table>\n<p>&nbsp;<\/p>","protected":false},"featured_media":3672,"comment_status":"open","ping_status":"closed","template":"","meta":[],"product_brand":[],"product_cat":[26,27,18],"product_tag":[],"class_list":{"0":"post-3671","1":"product","2":"type-product","3":"status-publish","4":"has-post-thumbnail","6":"product_cat-food-packaging","7":"product_cat-coffee-and-tea-packaging","8":"product_cat-zipper-bags","10":"first","11":"instock","12":"shipping-taxable","13":"product-type-simple"},"_links":{"self":[{"href":"https:\/\/polysmarts.com\/es\/wp-json\/wp\/v2\/product\/3671","targetHints":{"allow":["GET"]}}],"collection":[{"href":"https:\/\/polysmarts.com\/es\/wp-json\/wp\/v2\/product"}],"about":[{"href":"https:\/\/polysmarts.com\/es\/wp-json\/wp\/v2\/types\/product"}],"replies":[{"embeddable":true,"href":"https:\/\/polysmarts.com\/es\/wp-json\/wp\/v2\/comments?post=3671"}],"version-history":[{"count":2,"href":"https:\/\/polysmarts.com\/es\/wp-json\/wp\/v2\/product\/3671\/revisions"}],"predecessor-version":[{"id":3833,"href":"https:\/\/polysmarts.com\/es\/wp-json\/wp\/v2\/product\/3671\/revisions\/3833"}],"wp:featuredmedia":[{"embeddable":true,"href":"https:\/\/polysmarts.com\/es\/wp-json\/wp\/v2\/media\/3672"}],"wp:attachment":[{"href":"https:\/\/polysmarts.com\/es\/wp-json\/wp\/v2\/media?parent=3671"}],"wp:term":[{"taxonomy":"product_brand","embeddable":true,"href":"https:\/\/polysmarts.com\/es\/wp-json\/wp\/v2\/product_brand?post=3671"},{"taxonomy":"product_cat","embeddable":true,"href":"https:\/\/polysmarts.com\/es\/wp-json\/wp\/v2\/product_cat?post=3671"},{"taxonomy":"product_tag","embeddable":true,"href":"https:\/\/polysmarts.com\/es\/wp-json\/wp\/v2\/product_tag?post=3671"}],"curies":[{"name":"gracias","href":"https:\/\/api.w.org\/{rel}","templated":true}]}}