{"id":3640,"date":"2024-07-30T14:56:52","date_gmt":"2024-07-30T06:56:52","guid":{"rendered":"https:\/\/polysmarts.com\/?post_type=product&#038;p=3640"},"modified":"2024-10-04T02:39:48","modified_gmt":"2024-10-03T18:39:48","slug":"bolsas-de-mylar-metalicas-doradas-con-base-vertical","status":"publish","type":"product","link":"https:\/\/polysmarts.com\/es\/product\/gold-metallic-mylar-stand-up-pouches\/","title":{"rendered":"Bolsas de pie Mylar met\u00e1licas doradas"},"content":{"rendered":"<p>Descubra la soluci\u00f3n perfecta para sus bolsas de Mylar met\u00e1licas doradas y bolsas con cierre herm\u00e9tico de alta calidad. Dise\u00f1adas para m\u00faltiples prop\u00f3sitos, estas bolsas ofrecen protecci\u00f3n a prueba de olores cuando est\u00e1n bien cerradas, lo que las hace ideales para una amplia gama de aplicaciones.<\/p>\n<p>Amplia gama de aplicaciones: Nuestras bolsas con cierre herm\u00e9tico no son solo para envasar t\u00e9: son perfectas para dulces, joyas, galletas, recipientes a prueba de olores, almacenamiento de s\u00e1ndwiches, art\u00edculos de dispensario, refrigerios, productos frescos, almacenamiento de muestras y m\u00e1s. Con su dise\u00f1o vers\u00e1til, estas bolsas brindan una protecci\u00f3n confiable para todos sus bienes.<\/p>\n<p>Bolsas a prueba de olores de primera calidad: elaboradas con papel de aluminio de alta calidad, nuestras bolsas garantizan una resistencia y dureza excepcionales, manteniendo su forma incluso despu\u00e9s de un uso repetido. Exhiben una excelente resistencia al desgarro, resistencia a la perforaci\u00f3n, resistencia al agua y estabilidad general, lo que garantiza un almacenamiento a largo plazo para su t\u00e9 y otros productos.<\/p>\n<p>F\u00e1cil de usar y reciclable: nuestras bolsas a prueba de olores no solo son f\u00e1ciles de usar sino tambi\u00e9n reciclables, lo que permite un uso repetido y minimiza el impacto ambiental. El sello herm\u00e9tico garantiza durabilidad y evita fugas, mientras que la ventana visible mate en el medio le permite identificar el contenido sin comprometer el sello. Simplemente abra y selle la parte de la cremallera con facilidad, asegurando frescura y evitando fugas.<\/p>\n<p>Bolsas con cierre herm\u00e9tico resellables: Equipadas con una tira de sellado, nuestras bolsas resellables facilitan la apertura y el cierre, brindando mayor comodidad para el uso diario. Perfectas para proteger art\u00edculos de uso frecuente de insectos, olores, humedad y m\u00e1s, estas bolsas son ideales para almacenar especias, nueces, galletas, cereales, granos de caf\u00e9, golosinas para mascotas y m\u00e1s.<\/p>\n<p>En resumen, nuestro envase de t\u00e9 ecol\u00f3gico personalizado ofrece la combinaci\u00f3n perfecta de versatilidad, durabilidad y sostenibilidad. Eleve su marca y brinde protecci\u00f3n confiable para su t\u00e9 y otros productos con estas bolsas con cierre herm\u00e9tico de alta calidad, que garantizan frescura y comodidad en cada uso.<\/p>","protected":false},"excerpt":{"rendered":"<table style=\"height: 360px; width: 99.8505%; border-collapse: collapse;\" border=\"2\">\n<tbody>\n<tr style=\"height: 40px;\">\n<td style=\"width: 22.6796%; height: 30px; background-color: #99ccff;\"><span style=\"font-family: arial, helvetica, sans-serif; font-size: 12pt;\"><strong>Dimensi\u00f3n y estilo<\/strong><\/span><\/td>\n<td style=\"width: 77.3204%; height: 30px; background-color: #99ccff;\"><span style=\"font-family: arial, helvetica, sans-serif; font-size: 12pt;\">Formas y tama\u00f1os personalizados<\/span><\/td>\n<\/tr>\n<tr style=\"height: 40px;\">\n<td style=\"width: 22.6796%; height: 34px; background-color: #ebebeb;\"><span style=\"font-size: 12pt;\"><strong><span style=\"font-family: arial, helvetica, sans-serif;\">Cantidad m\u00ednima de pedido<\/span><\/strong><\/span><\/td>\n<td style=\"width: 77.3204%; height: 34px; background-color: #ebebeb;\"><span style=\"font-family: arial, helvetica, sans-serif; font-size: 12pt;\">1000 unidades sin personalizaci\u00f3n, 10000 unidades para personalizaci\u00f3n<\/span><\/td>\n<\/tr>\n<tr style=\"height: 40px; background-color: #99ccff;\">\n<td style=\"width: 22.6796%; height: 24px;\"><span style=\"font-size: 12pt;\"><strong><span style=\"font-family: arial, helvetica, sans-serif;\">Tipo de embalaje<\/span><\/strong><\/span><\/td>\n<td style=\"width: 77.3204%; height: 24px;\"><span style=\"font-family: arial, helvetica, sans-serif; font-size: 12pt;\">Bolsa de pie<\/span><\/td>\n<\/tr>\n<tr style=\"height: 40px; background-color: #ebebeb;\">\n<td style=\"width: 22.6796%; height: 24px;\"><span style=\"font-size: 12pt;\"><strong><span style=\"font-family: arial, helvetica, sans-serif;\">Impresi\u00f3n<\/span><\/strong><\/span><\/td>\n<td style=\"width: 77.3204%; height: 24px;\"><span style=\"font-family: arial, helvetica, sans-serif; font-size: 12pt;\">CMYK (1 \u2013 10 colores), sin impresi\u00f3n (normal)<\/span><\/td>\n<\/tr>\n<tr style=\"height: 40px; background-color: #99ccff;\">\n<td style=\"width: 22.6796%; height: 24px;\"><span style=\"font-size: 12pt;\"><strong><span style=\"font-family: arial, helvetica, sans-serif;\">Refinamiento<\/span><\/strong><\/span><\/td>\n<td style=\"width: 77.3204%; height: 24px;\"><span style=\"font-family: arial, helvetica, sans-serif; font-size: 12pt;\">Laminaci\u00f3n brillante\/mate, impresi\u00f3n offset<\/span><\/td>\n<\/tr>\n<tr style=\"height: 40px; background-color: #ebebeb;\">\n<td style=\"width: 22.6796%; height: 24px;\"><span style=\"font-size: 12pt;\"><strong><span style=\"font-family: arial, helvetica, sans-serif;\">Opciones incluidas<\/span><\/strong><\/span><\/td>\n<td style=\"width: 77.3204%; height: 24px;\"><span style=\"font-family: arial, helvetica, sans-serif; font-size: 12pt;\">Troquelado, sellado t\u00e9rmico<\/span><\/td>\n<\/tr>\n<tr style=\"height: 40px; background-color: #99ccff;\">\n<td style=\"width: 22.6796%; height: 24px;\"><span style=\"font-size: 12pt;\"><strong><span style=\"font-family: arial, helvetica, sans-serif;\">Prueba<\/span><\/strong><\/span><\/td>\n<td style=\"width: 77.3204%; height: 24px;\"><span style=\"font-family: arial, helvetica, sans-serif; font-size: 12pt;\">Pruebas de olor\u00a0<\/span><\/td>\n<\/tr>\n<tr style=\"height: 40px; background-color: #ebebeb;\">\n<td style=\"width: 22.6796%; height: 24px;\"><span style=\"font-size: 12pt;\"><strong><span style=\"font-family: arial, helvetica, sans-serif;\">Tiempo de respuesta<\/span><\/strong><\/span><\/td>\n<td style=\"width: 77.3204%; height: 24px;\"><span style=\"font-family: arial, helvetica, sans-serif; font-size: 12pt;\">7 \u2013 15 d\u00edas h\u00e1biles, URGENTE<\/span><\/td>\n<\/tr>\n<tr style=\"height: 40px; background-color: #99ccff;\">\n<td style=\"width: 22.6796%; height: 24px;\"><span style=\"font-size: 12pt;\"><strong><span style=\"font-family: arial, helvetica, sans-serif;\">Env\u00edo<\/span><\/strong><\/span><\/td>\n<td style=\"width: 77.3204%; height: 24px;\"><span style=\"font-family: arial, helvetica, sans-serif; font-size: 12pt;\">Aire, Mar, Express<\/span><\/td>\n<\/tr>\n<\/tbody>\n<\/table>\n<p>&nbsp;<\/p>","protected":false},"featured_media":3641,"comment_status":"open","ping_status":"closed","template":"","meta":[],"product_brand":[],"product_cat":[26,35,18],"product_tag":[],"class_list":{"0":"post-3640","1":"product","2":"type-product","3":"status-publish","4":"has-post-thumbnail","6":"product_cat-food-packaging","7":"product_cat-mylar-bags","8":"product_cat-zipper-bags","10":"first","11":"instock","12":"shipping-taxable","13":"product-type-simple"},"_links":{"self":[{"href":"https:\/\/polysmarts.com\/es\/wp-json\/wp\/v2\/product\/3640","targetHints":{"allow":["GET"]}}],"collection":[{"href":"https:\/\/polysmarts.com\/es\/wp-json\/wp\/v2\/product"}],"about":[{"href":"https:\/\/polysmarts.com\/es\/wp-json\/wp\/v2\/types\/product"}],"replies":[{"embeddable":true,"href":"https:\/\/polysmarts.com\/es\/wp-json\/wp\/v2\/comments?post=3640"}],"version-history":[{"count":2,"href":"https:\/\/polysmarts.com\/es\/wp-json\/wp\/v2\/product\/3640\/revisions"}],"predecessor-version":[{"id":3646,"href":"https:\/\/polysmarts.com\/es\/wp-json\/wp\/v2\/product\/3640\/revisions\/3646"}],"wp:featuredmedia":[{"embeddable":true,"href":"https:\/\/polysmarts.com\/es\/wp-json\/wp\/v2\/media\/3641"}],"wp:attachment":[{"href":"https:\/\/polysmarts.com\/es\/wp-json\/wp\/v2\/media?parent=3640"}],"wp:term":[{"taxonomy":"product_brand","embeddable":true,"href":"https:\/\/polysmarts.com\/es\/wp-json\/wp\/v2\/product_brand?post=3640"},{"taxonomy":"product_cat","embeddable":true,"href":"https:\/\/polysmarts.com\/es\/wp-json\/wp\/v2\/product_cat?post=3640"},{"taxonomy":"product_tag","embeddable":true,"href":"https:\/\/polysmarts.com\/es\/wp-json\/wp\/v2\/product_tag?post=3640"}],"curies":[{"name":"gracias","href":"https:\/\/api.w.org\/{rel}","templated":true}]}}