{"id":3453,"date":"2024-06-28T14:15:34","date_gmt":"2024-06-28T06:15:34","guid":{"rendered":"https:\/\/polysmarts.com\/?post_type=product&#038;p=3453"},"modified":"2024-10-04T02:39:48","modified_gmt":"2024-10-03T18:39:48","slug":"bolsas-con-cierre-de-cremallera-para-telefono-movil-color-blanco-transparente-con-orificio-para-colgar-4","status":"publish","type":"product","link":"https:\/\/polysmarts.com\/es\/product\/custom-printed-3c-plastic-packaging-bags\/","title":{"rendered":"Bolsas de embalaje de pl\u00e1stico 3C impresas personalizadas"},"content":{"rendered":"<h3><strong>Bolsas de embalaje de pl\u00e1stico 3C impresas personalizables<\/strong><\/h3>\n<p class=\"whitespace-pre-wrap break-words\"><strong>Proteja y organice sus accesorios electr\u00f3nicos 3C con nuestras bolsas de embalaje vers\u00e1tiles y de alta calidad:<\/strong><\/p>\n<ol class=\"-mt-1 list-decimal space-y-2 pl-8\">\n<li class=\"whitespace-normal break-words\">Opciones de sellado doble:\n<ul class=\"-mt-1 list-disc space-y-2 pl-8\">\n<li class=\"whitespace-normal break-words\">Cierre manual con cremallera para un acceso r\u00e1pido<\/li>\n<li class=\"whitespace-normal break-words\">Secci\u00f3n superior termosellable para mayor seguridad.<\/li>\n<\/ul>\n<\/li>\n<li class=\"whitespace-normal break-words\">Dise\u00f1o f\u00e1cil de usar:\n<ul class=\"-mt-1 list-disc space-y-2 pl-8\">\n<li class=\"whitespace-normal break-words\">Mecanismo f\u00e1cil de abrir y cerrar<\/li>\n<li class=\"whitespace-normal break-words\">Ventana transparente para visibilidad del contenido de un vistazo<\/li>\n<li class=\"whitespace-normal break-words\">El resistente cierre de cremallera evita fugas y conserva el contenido.<\/li>\n<\/ul>\n<\/li>\n<li class=\"whitespace-normal break-words\">Materiales de primera calidad:\n<ul class=\"-mt-1 list-disc space-y-2 pl-8\">\n<li class=\"whitespace-normal break-words\">Construcci\u00f3n duradera de polietileno apto para uso alimentario.<\/li>\n<li class=\"whitespace-normal break-words\">No t\u00f3xico y seguro para almacenar diversos art\u00edculos.<\/li>\n<\/ul>\n<\/li>\n<li class=\"whitespace-normal break-words\">Personalizaci\u00f3n disponible:\n<ul class=\"-mt-1 list-disc space-y-2 pl-8\">\n<li class=\"whitespace-normal break-words\">Opciones de tama\u00f1o flexibles para satisfacer sus necesidades<\/li>\n<li class=\"whitespace-normal break-words\">Impresi\u00f3n de logotipos para representaci\u00f3n de marca.<\/li>\n<\/ul>\n<\/li>\n<li class=\"whitespace-normal break-words\">Ideal para electr\u00f3nica 3C:\n<ul class=\"-mt-1 list-disc space-y-2 pl-8\">\n<li class=\"whitespace-normal break-words\">Perfecto para auriculares, cables de datos, unidades USB y m\u00e1s<\/li>\n<\/ul>\n<\/li>\n<\/ol>\n<p class=\"whitespace-pre-wrap break-words\">Cont\u00e1ctenos hoy para analizar sus requisitos de tama\u00f1o personalizados y opciones de marca. Mejore el embalaje de sus accesorios electr\u00f3nicos con nuestras bolsas reutilizables y confiables\u201d.<\/p>\n<p class=\"whitespace-pre-wrap break-words\">Esta versi\u00f3n revisada tiene como objetivo:<\/p>\n<ul class=\"-mt-1 list-disc space-y-2 pl-8\">\n<li class=\"whitespace-normal break-words\">Resalte las caracter\u00edsticas clave del producto con mayor claridad.<\/li>\n<li class=\"whitespace-normal break-words\">Utilice un lenguaje m\u00e1s profesional y atractivo.<\/li>\n<li class=\"whitespace-normal break-words\">Organizar la informaci\u00f3n en un formato m\u00e1s legible.<\/li>\n<li class=\"whitespace-normal break-words\">Centrarse en los beneficios para el cliente.<\/li>\n<\/ul>","protected":false},"excerpt":{"rendered":"<table style=\"height: 360px; width: 99.8505%; border-collapse: collapse;\" border=\"2\">\n<tbody>\n<tr style=\"height: 40px;\">\n<td style=\"width: 22.6796%; height: 30px; background-color: #99ccff;\"><span style=\"font-family: arial, helvetica, sans-serif; font-size: 12pt;\"><strong>Dimensi\u00f3n y estilo<\/strong><\/span><\/td>\n<td style=\"width: 77.3204%; height: 30px; background-color: #99ccff;\"><span style=\"font-family: arial, helvetica, sans-serif; font-size: 12pt;\">Formas y tama\u00f1os personalizados<\/span><\/td>\n<\/tr>\n<tr style=\"height: 40px;\">\n<td style=\"width: 22.6796%; height: 34px; background-color: #ebebeb;\"><span style=\"font-size: 12pt;\"><strong><span style=\"font-family: arial, helvetica, sans-serif;\">Cantidad m\u00ednima de pedido<\/span><\/strong><\/span><\/td>\n<td style=\"width: 77.3204%; height: 34px; background-color: #ebebeb;\"><span style=\"font-family: arial, helvetica, sans-serif; font-size: 12pt;\">1000 unidades sin personalizaci\u00f3n, 10000 unidades para personalizaci\u00f3n<\/span><\/td>\n<\/tr>\n<tr style=\"height: 40px; background-color: #99ccff;\">\n<td style=\"width: 22.6796%; height: 24px;\"><span style=\"font-size: 12pt;\"><strong><span style=\"font-family: arial, helvetica, sans-serif;\">Tipo de embalaje<\/span><\/strong><\/span><\/td>\n<td style=\"width: 77.3204%; height: 24px;\"><span style=\"font-family: arial, helvetica, sans-serif; font-size: 12pt;\">3C Packaging Bags<\/span><\/td>\n<\/tr>\n<tr style=\"height: 40px; background-color: #ebebeb;\">\n<td style=\"width: 22.6796%; height: 24px;\"><span style=\"font-size: 12pt;\"><strong><span style=\"font-family: arial, helvetica, sans-serif;\">Impresi\u00f3n<\/span><\/strong><\/span><\/td>\n<td style=\"width: 77.3204%; height: 24px;\"><span style=\"font-family: arial, helvetica, sans-serif; font-size: 12pt;\">CMYK (1 a 10 colores seg\u00fan sus requisitos), sin impresi\u00f3n (normal)<\/span><\/td>\n<\/tr>\n<tr style=\"height: 40px; background-color: #99ccff;\">\n<td style=\"width: 22.6796%; height: 24px;\"><span style=\"font-size: 12pt;\"><strong><span style=\"font-family: arial, helvetica, sans-serif;\">Refinamiento<\/span><\/strong><\/span><\/td>\n<td style=\"width: 77.3204%; height: 24px;\"><span style=\"font-family: arial, helvetica, sans-serif; font-size: 12pt;\">Laminaci\u00f3n brillante, impresi\u00f3n offset<\/span><\/td>\n<\/tr>\n<tr style=\"height: 40px; background-color: #ebebeb;\">\n<td style=\"width: 22.6796%; height: 24px;\"><span style=\"font-size: 12pt;\"><strong><span style=\"font-family: arial, helvetica, sans-serif;\">Material<\/span><\/strong><\/span><\/td>\n<td style=\"width: 77.3204%; height: 24px;\"><span style=\"font-family: arial, helvetica, sans-serif; font-size: 12pt;\">OPP\/PET\/CPP<\/span><\/td>\n<\/tr>\n<tr style=\"height: 40px; background-color: #99ccff;\">\n<td style=\"width: 22.6796%; height: 24px;\"><span style=\"font-size: 12pt;\"><strong><span style=\"font-family: arial, helvetica, sans-serif;\">Caracter\u00edstica<\/span><\/strong><\/span><\/td>\n<td style=\"width: 77.3204%; height: 24px;\"><span style=\"font-family: arial, helvetica, sans-serif; font-size: 12pt;\">Impermeable y resellable<\/span><\/td>\n<\/tr>\n<tr style=\"height: 40px; background-color: #ebebeb;\">\n<td style=\"width: 22.6796%; height: 24px;\"><span style=\"font-size: 12pt;\"><strong><span style=\"font-family: arial, helvetica, sans-serif;\">Tiempo de respuesta<\/span><\/strong><\/span><\/td>\n<td style=\"width: 77.3204%; height: 24px;\"><span style=\"font-family: arial, helvetica, sans-serif; font-size: 12pt;\">7 \u2013 15 d\u00edas h\u00e1biles, URGENTE<\/span><\/td>\n<\/tr>\n<tr style=\"height: 40px; background-color: #99ccff;\">\n<td style=\"width: 22.6796%; height: 24px;\"><span style=\"font-size: 12pt;\"><strong><span style=\"font-family: arial, helvetica, sans-serif;\">Env\u00edo<\/span><\/strong><\/span><\/td>\n<td style=\"width: 77.3204%; height: 24px;\"><span style=\"font-family: arial, helvetica, sans-serif; font-size: 12pt;\">Aire, Mar, Express<\/span><\/td>\n<\/tr>\n<\/tbody>\n<\/table>\n<p>&nbsp;<\/p>","protected":false},"featured_media":3455,"comment_status":"open","ping_status":"closed","template":"","meta":[],"product_brand":[],"product_cat":[32,18],"product_tag":[],"class_list":{"0":"post-3453","1":"product","2":"type-product","3":"status-publish","4":"has-post-thumbnail","6":"product_cat-3c-packaging","7":"product_cat-zipper-bags","9":"first","10":"instock","11":"shipping-taxable","12":"product-type-simple"},"_links":{"self":[{"href":"https:\/\/polysmarts.com\/es\/wp-json\/wp\/v2\/product\/3453","targetHints":{"allow":["GET"]}}],"collection":[{"href":"https:\/\/polysmarts.com\/es\/wp-json\/wp\/v2\/product"}],"about":[{"href":"https:\/\/polysmarts.com\/es\/wp-json\/wp\/v2\/types\/product"}],"replies":[{"embeddable":true,"href":"https:\/\/polysmarts.com\/es\/wp-json\/wp\/v2\/comments?post=3453"}],"version-history":[{"count":1,"href":"https:\/\/polysmarts.com\/es\/wp-json\/wp\/v2\/product\/3453\/revisions"}],"predecessor-version":[{"id":3460,"href":"https:\/\/polysmarts.com\/es\/wp-json\/wp\/v2\/product\/3453\/revisions\/3460"}],"wp:featuredmedia":[{"embeddable":true,"href":"https:\/\/polysmarts.com\/es\/wp-json\/wp\/v2\/media\/3455"}],"wp:attachment":[{"href":"https:\/\/polysmarts.com\/es\/wp-json\/wp\/v2\/media?parent=3453"}],"wp:term":[{"taxonomy":"product_brand","embeddable":true,"href":"https:\/\/polysmarts.com\/es\/wp-json\/wp\/v2\/product_brand?post=3453"},{"taxonomy":"product_cat","embeddable":true,"href":"https:\/\/polysmarts.com\/es\/wp-json\/wp\/v2\/product_cat?post=3453"},{"taxonomy":"product_tag","embeddable":true,"href":"https:\/\/polysmarts.com\/es\/wp-json\/wp\/v2\/product_tag?post=3453"}],"curies":[{"name":"gracias","href":"https:\/\/api.w.org\/{rel}","templated":true}]}}