{"id":3173,"date":"2024-05-11T08:20:25","date_gmt":"2024-05-11T08:20:25","guid":{"rendered":"https:\/\/polysmarts.com\/?post_type=product&#038;p=3173"},"modified":"2025-10-14T09:34:38","modified_gmt":"2025-10-14T01:34:38","slug":"bolsa-transparente-con-cremallera-escarchada-en-un-lado-para-ropa","status":"publish","type":"product","link":"https:\/\/polysmarts.com\/es\/product\/clear-one-side-frost-zipper-bag-for-clothing\/","title":{"rendered":"Bolsa transparente con cremallera escarchada en un lado para ropa"},"content":{"rendered":"<p class=\"whitespace-pre-wrap break-words\">Mejore sus soluciones de almacenamiento y organizaci\u00f3n con nuestra bolsa transparente con cremallera para ropa en un lado. Dise\u00f1adas con materiales de primera calidad y caracter\u00edsticas innovadoras, estas bolsas ofrecen una forma c\u00f3moda y pr\u00e1ctica de proteger sus pertenencias mientras las mantienen perfectamente organizadas.<\/p>\n<p class=\"whitespace-pre-wrap break-words\">Caracter\u00edsticas clave:<\/p>\n<ol class=\"list-decimal pl-8 space-y-2 -mt-1\">\n<li class=\"whitespace-normal break-words\">Material de primera calidad: confeccionadas con un excelente material CPE, estas bolsas con cremallera Black Frost para ropa son suaves, flexibles, ecol\u00f3gicas, livianas y duraderas para un uso duradero. El material garantiza que sus art\u00edculos permanezcan limpios y libres de polvo, brindando una protecci\u00f3n superior.<\/li>\n<li class=\"whitespace-normal break-words\">Dise\u00f1o de cremallera resellable: todas las bolsas ziplock para ropa cuentan con cremalleras resistentes y resellables que permiten un f\u00e1cil acceso y un cierre seguro. Simplemente deslice la cremallera para abrir o sellar la bolsa, asegurando que sus pertenencias permanezcan guardadas de forma segura. Cada bolsa de almacenamiento con cierre herm\u00e9tico tambi\u00e9n cuenta con un dise\u00f1o de orificio de ventilaci\u00f3n, lo que promueve la transpirabilidad y mantiene sus art\u00edculos frescos.<\/li>\n<li class=\"whitespace-normal break-words\">Dise\u00f1o esmerilado: el acabado opaco en un lado de la bolsa le permite ver f\u00e1cilmente el contenido del interior, lo que facilita la organizaci\u00f3n de cada conjunto en una bolsa separada. Este dise\u00f1o no s\u00f3lo ahorra espacio en su equipaje sino que tambi\u00e9n facilita el transporte y almacenamiento de sus art\u00edculos.<\/li>\n<li class=\"whitespace-normal break-words\">Amplias aplicaciones: nuestras bolsas ziplock para ropa esmerilada son vers\u00e1tiles y adecuadas para almacenar una variedad de art\u00edculos de viaje, incluyendo ropa interior, toallas, zapatos, ropa, cosm\u00e9ticos, art\u00edculos de tocador y m\u00e1s. Ya sea que est\u00e9s de viaje o organizando en casa, estas bolsas con cremallera para ropa son una soluci\u00f3n ideal para mantener tus pertenencias ordenadas y protegidas.<\/li>\n<li class=\"whitespace-normal break-words\">Paquete conveniente: Recibir\u00e1 un total de 100 piezas de bolsas de almacenamiento de viaje con cremalleras, disponibles en dos opciones de tama\u00f1o: 25x35 cm (9,8 \u2033 x 13,4 \u2033) y 30 x 40 cm (11,8 \u2033 x 15,7 \u2033). Esta variedad de tama\u00f1os garantiza que tenga la bolsa perfecta para todas sus necesidades de almacenamiento.<\/li>\n<\/ol>\n<p class=\"whitespace-pre-wrap break-words\">Experimente la comodidad y eficiencia de nuestra bolsa transparente con cremallera para ropa en un lado. Proteja sus pertenencias, mant\u00e9ngase organizado y disfrute de un ambiente ordenado con estas soluciones de almacenamiento premium.<\/p>","protected":false},"excerpt":{"rendered":"<table style=\"height: 360px; width: 99.8505%; border-collapse: collapse;\" border=\"2\">\n<tbody>\n<tr style=\"height: 40px;\">\n<td style=\"width: 38.0988%; height: 30px; background-color: #99ccff;\"><span style=\"font-family: arial, helvetica, sans-serif; font-size: 12pt;\"><strong>Dimensi\u00f3n y estilo<\/strong><\/span><\/td>\n<td style=\"width: 61.9012%; height: 30px; background-color: #99ccff;\"><span style=\"font-family: arial, helvetica, sans-serif; font-size: 12pt;\">25*35\/ 30*40cm<\/span><\/td>\n<\/tr>\n<tr style=\"height: 40px;\">\n<td style=\"width: 38.0988%; height: 34px; background-color: #ebebeb;\"><span style=\"font-size: 12pt;\"><strong><span style=\"font-family: arial, helvetica, sans-serif;\">Peso de 1 paquete = 100 piezas<\/span><\/strong><\/span><\/td>\n<td style=\"width: 61.9012%; height: 34px; background-color: #ebebeb;\"><span style=\"font-family: arial, helvetica, sans-serif; font-size: 12pt;\">Alrededor de 1,26\/1,73 kg<\/span><\/td>\n<\/tr>\n<tr style=\"height: 40px; background-color: #99ccff;\">\n<td style=\"width: 38.0988%; height: 24px;\"><span style=\"font-size: 12pt;\"><strong><span style=\"font-family: arial, helvetica, sans-serif;\">Tipo de embalaje<\/span><\/strong><\/span><\/td>\n<td style=\"width: 61.9012%; height: 24px;\"><span style=\"font-family: arial, helvetica, sans-serif; font-size: 12pt;\">Bolsa con cremallera para ropa<\/span><\/td>\n<\/tr>\n<tr style=\"height: 40px; background-color: #ebebeb;\">\n<td style=\"width: 38.0988%; height: 24px;\"><span style=\"font-size: 12pt;\"><strong><span style=\"font-family: arial, helvetica, sans-serif;\">Espesor<\/span><\/strong><\/span><\/td>\n<td style=\"width: 61.9012%; height: 24px;\"><span style=\"font-family: arial, helvetica, sans-serif; font-size: 12pt;\">60 micras<\/span><\/td>\n<\/tr>\n<tr style=\"height: 40px; background-color: #99ccff;\">\n<td style=\"width: 38.0988%; height: 24px;\"><span style=\"font-size: 12pt;\"><strong><span style=\"font-family: arial, helvetica, sans-serif;\">Refinamiento<\/span><\/strong><\/span><\/td>\n<td style=\"width: 61.9012%; height: 24px;\"><span style=\"font-family: arial, helvetica, sans-serif; font-size: 12pt;\">Claro<\/span><\/td>\n<\/tr>\n<tr style=\"height: 40px; background-color: #ebebeb;\">\n<td style=\"width: 38.0988%; height: 24px;\"><span style=\"font-size: 12pt;\"><strong><span style=\"font-family: arial, helvetica, sans-serif;\">Material<\/span><\/strong><\/span><\/td>\n<td style=\"width: 61.9012%; height: 24px;\"><span style=\"font-family: arial, helvetica, sans-serif; font-size: 12pt;\">CPE<\/span><\/td>\n<\/tr>\n<tr style=\"height: 40px; background-color: #99ccff;\">\n<td style=\"width: 38.0988%; height: 24px;\"><span style=\"font-size: 12pt;\"><strong><span style=\"font-family: arial, helvetica, sans-serif;\">Prueba<\/span><\/strong><\/span><\/td>\n<td style=\"width: 61.9012%; height: 24px;\"><span style=\"font-family: arial, helvetica, sans-serif; font-size: 12pt;\">A prueba de humedad<\/span><\/td>\n<\/tr>\n<tr style=\"height: 40px; background-color: #ebebeb;\">\n<td style=\"width: 38.0988%; height: 24px;\"><span style=\"font-size: 12pt;\"><strong><span style=\"font-family: arial, helvetica, sans-serif;\">Tiempo de env\u00edo<\/span><\/strong><\/span><\/td>\n<td style=\"width: 61.9012%; height: 24px;\"><span style=\"font-family: arial, helvetica, sans-serif; font-size: 12pt;\">7 \u2013 15 d\u00edas h\u00e1biles, URGENTE<\/span><\/td>\n<\/tr>\n<tr style=\"height: 40px; background-color: #99ccff;\">\n<td style=\"width: 38.0988%; height: 24px;\"><span style=\"font-size: 12pt;\"><strong><span style=\"font-family: arial, helvetica, sans-serif;\">M\u00e9todo de env\u00edo<\/span><\/strong><\/span><\/td>\n<td style=\"width: 61.9012%; height: 24px;\"><span style=\"font-family: arial, helvetica, sans-serif; font-size: 12pt;\">Expresar<\/span><\/td>\n<\/tr>\n<\/tbody>\n<\/table>\n<p>&nbsp;<\/p>","protected":false},"featured_media":3174,"comment_status":"open","ping_status":"closed","template":"","meta":[],"product_brand":[],"product_cat":[64],"product_tag":[],"class_list":{"0":"post-3173","1":"product","2":"type-product","3":"status-publish","4":"has-post-thumbnail","6":"product_cat-stock-pouches","8":"first","9":"instock","10":"shipping-taxable","11":"purchasable","12":"product-type-variable"},"_links":{"self":[{"href":"https:\/\/polysmarts.com\/es\/wp-json\/wp\/v2\/product\/3173","targetHints":{"allow":["GET"]}}],"collection":[{"href":"https:\/\/polysmarts.com\/es\/wp-json\/wp\/v2\/product"}],"about":[{"href":"https:\/\/polysmarts.com\/es\/wp-json\/wp\/v2\/types\/product"}],"replies":[{"embeddable":true,"href":"https:\/\/polysmarts.com\/es\/wp-json\/wp\/v2\/comments?post=3173"}],"version-history":[{"count":1,"href":"https:\/\/polysmarts.com\/es\/wp-json\/wp\/v2\/product\/3173\/revisions"}],"predecessor-version":[{"id":3183,"href":"https:\/\/polysmarts.com\/es\/wp-json\/wp\/v2\/product\/3173\/revisions\/3183"}],"wp:featuredmedia":[{"embeddable":true,"href":"https:\/\/polysmarts.com\/es\/wp-json\/wp\/v2\/media\/3174"}],"wp:attachment":[{"href":"https:\/\/polysmarts.com\/es\/wp-json\/wp\/v2\/media?parent=3173"}],"wp:term":[{"taxonomy":"product_brand","embeddable":true,"href":"https:\/\/polysmarts.com\/es\/wp-json\/wp\/v2\/product_brand?post=3173"},{"taxonomy":"product_cat","embeddable":true,"href":"https:\/\/polysmarts.com\/es\/wp-json\/wp\/v2\/product_cat?post=3173"},{"taxonomy":"product_tag","embeddable":true,"href":"https:\/\/polysmarts.com\/es\/wp-json\/wp\/v2\/product_tag?post=3173"}],"curies":[{"name":"gracias","href":"https:\/\/api.w.org\/{rel}","templated":true}]}}