{"id":3164,"date":"2024-05-10T08:39:48","date_gmt":"2024-05-10T08:39:48","guid":{"rendered":"https:\/\/polysmarts.com\/?post_type=product&#038;p=3164"},"modified":"2024-05-10T08:49:26","modified_gmt":"2024-05-10T08:49:26","slug":"bolsa-de-papel-de-barniz-para-regalo-bolso-de-compras-personalizado","status":"publish","type":"product","link":"https:\/\/polysmarts.com\/es\/product\/custom-shopping-tote-gift-varnishing-paper-bag\/","title":{"rendered":"Bolsa de papel de barnizado de regalo de totalizador de compras personalizado"},"content":{"rendered":"<p class=\"whitespace-pre-wrap break-words\">Mejore su experiencia de marca y obsequio con nuestra bolsa de papel barnizada para regalo con forma de bolsa de compras personalizada. Estas bolsas de papel de primera calidad est\u00e1n dise\u00f1adas para combinar estilo, funcionalidad y respeto al medio ambiente, lo que las convierte en la opci\u00f3n perfecta para sus necesidades de obsequios personales o comerciales.<\/p>\n<p class=\"whitespace-pre-wrap break-words\">Caracter\u00edsticas clave:<\/p>\n<ol class=\"list-decimal pl-8 space-y-2 -mt-1\">\n<li class=\"whitespace-normal break-words\">Materiales ecol\u00f3gicos y de alta calidad: nuestras bolsas de regalo est\u00e1n hechas de papel natural de alta calidad, de 260 g\/m\u00b2 de espesor, lo que garantiza durabilidad y longevidad. Adem\u00e1s, el papel es reciclable y ecol\u00f3gico, lo que se alinea con su compromiso con la sostenibilidad.<\/li>\n<li class=\"whitespace-normal break-words\">Resistentes y reutilizables: fabricadas con materiales superiores, estas bolsas son resistentes y duraderas, lo que permite m\u00faltiples usos. Ya sea para regalar o comprar, estas bolsas pueden soportar las demandas de transporte y manipulaci\u00f3n, asegurando que sus art\u00edculos lleguen en perfectas condiciones.<\/li>\n<li class=\"whitespace-normal break-words\">Asa de cinta y papel de seda: Cada bolsa cuenta con un asa de cinta ensanchada, lo que le permite transportar objetos pesados con facilidad y comodidad. Adem\u00e1s, cada bolsa incluye dos trozos de papel de seda, uno con rayas blancas y otro con rayas negras, que a\u00f1aden un toque extra de elegancia y garantizan que sus regalos luzcan lo mejor posible.<\/li>\n<li class=\"whitespace-normal break-words\">Opciones de personalizaci\u00f3n: personalice sus bolsos con su propio logotipo, dise\u00f1o o mensaje utilizando nuestros servicios de impresi\u00f3n personalizados. Esta caracter\u00edstica le permite crear empaques de marca verdaderamente \u00fanicos que se alinean con la identidad de su marca o el tema del evento, causando una impresi\u00f3n duradera en sus clientes o destinatarios.<\/li>\n<li class=\"whitespace-normal break-words\">Aplicaciones vers\u00e1tiles: estas bolsas de papel se pueden utilizar para una amplia gama de prop\u00f3sitos en diversas ocasiones, como empacar pan, comida, libros o como bolsas de regalo para ropa, juguetes, flores y m\u00e1s. Son perfectos para bodas, fiestas de cumplea\u00f1os, baby showers, fiestas tem\u00e1ticas, operaciones de peque\u00f1as empresas, supermercados, tiendas de comestibles y muchos otros eventos y establecimientos.<\/li>\n<\/ol>","protected":false},"excerpt":{"rendered":"<table style=\"height: 360px; width: 99.8505%; border-collapse: collapse;\" border=\"2\">\n<tbody>\n<tr style=\"height: 40px;\">\n<td style=\"width: 22.6796%; height: 30px; background-color: #99ccff;\"><span style=\"font-family: arial, helvetica, sans-serif; font-size: 12pt;\"><strong>Dimensi\u00f3n y estilo<\/strong><\/span><\/td>\n<td style=\"width: 77.3204%; height: 30px; background-color: #99ccff;\"><span style=\"font-family: arial, helvetica, sans-serif; font-size: 12pt;\">Formas y tama\u00f1os personalizados<\/span><\/td>\n<\/tr>\n<tr style=\"height: 40px;\">\n<td style=\"width: 22.6796%; height: 34px; background-color: #ebebeb;\"><span style=\"font-size: 12pt;\"><strong><span style=\"font-family: arial, helvetica, sans-serif;\">Cantidad m\u00ednima de pedido<\/span><\/strong><\/span><\/td>\n<td style=\"width: 77.3204%; height: 34px; background-color: #ebebeb;\"><span style=\"font-family: arial, helvetica, sans-serif; font-size: 12pt;\">1000 unidades sin personalizaci\u00f3n, 5000 unidades para personalizaci\u00f3n<\/span><\/td>\n<\/tr>\n<tr style=\"height: 40px; background-color: #99ccff;\">\n<td style=\"width: 22.6796%; height: 24px;\"><span style=\"font-size: 12pt;\"><strong><span style=\"font-family: arial, helvetica, sans-serif;\">Tipo de embalaje<\/span><\/strong><\/span><\/td>\n<td style=\"width: 77.3204%; height: 24px;\"><span style=\"font-family: arial, helvetica, sans-serif; font-size: 12pt;\">Bolsa de papel para barnizar<\/span><\/td>\n<\/tr>\n<tr style=\"height: 40px; background-color: #ebebeb;\">\n<td style=\"width: 22.6796%; height: 24px;\"><span style=\"font-size: 12pt;\"><strong><span style=\"font-family: arial, helvetica, sans-serif;\">Material<\/span><\/strong><\/span><\/td>\n<td style=\"width: 77.3204%; height: 24px;\"><span style=\"font-family: arial, helvetica, sans-serif; font-size: 12pt;\">Papel art\u00edstico, papel Kraft<\/span><\/td>\n<\/tr>\n<tr style=\"height: 40px; background-color: #99ccff;\">\n<td style=\"width: 22.6796%; height: 24px;\"><span style=\"font-size: 12pt;\"><strong><span style=\"font-family: arial, helvetica, sans-serif;\">Manejo de superficies<\/span><\/strong><\/span><\/td>\n<td style=\"width: 77.3204%; height: 24px;\"><span style=\"font-family: arial, helvetica, sans-serif; font-size: 12pt;\">Flexograf\u00eda\/huecograbado\/impresi\u00f3n offset, estampado en caliente, estampado, barnizado, UV, etc.<\/span><\/td>\n<\/tr>\n<tr style=\"height: 40px; background-color: #ebebeb;\">\n<td style=\"width: 22.6796%; height: 24px;\"><span style=\"font-size: 12pt;\"><strong><span style=\"font-family: arial, helvetica, sans-serif;\">Caracter\u00edstica<\/span><\/strong><\/span><\/td>\n<td style=\"width: 77.3204%; height: 24px;\"><span style=\"font-family: arial, helvetica, sans-serif; font-size: 12pt;\">Reciclado<\/span><\/td>\n<\/tr>\n<tr style=\"height: 40px; background-color: #99ccff;\">\n<td style=\"width: 22.6796%; height: 24px;\"><span style=\"font-size: 12pt;\"><strong><span style=\"font-family: arial, helvetica, sans-serif;\">Tipo de bolsa de papel<\/span><\/strong><\/span><\/td>\n<td style=\"width: 77.3204%; height: 24px;\"><span style=\"font-family: arial, helvetica, sans-serif; font-size: 12pt;\">Bolsa de papel de regalo, bolsas de compras<\/span><\/td>\n<\/tr>\n<tr style=\"height: 40px; background-color: #ebebeb;\">\n<td style=\"width: 22.6796%; height: 24px;\"><span style=\"font-size: 12pt;\"><strong><span style=\"font-family: arial, helvetica, sans-serif;\">Tiempo de respuesta<\/span><\/strong><\/span><\/td>\n<td style=\"width: 77.3204%; height: 24px;\"><span style=\"font-family: arial, helvetica, sans-serif; font-size: 12pt;\">7 \u2013 15 d\u00edas h\u00e1biles, URGENTE<\/span><\/td>\n<\/tr>\n<tr style=\"height: 40px; background-color: #99ccff;\">\n<td style=\"width: 22.6796%; height: 24px;\"><span style=\"font-size: 12pt;\"><strong><span style=\"font-family: arial, helvetica, sans-serif;\">Env\u00edo<\/span><\/strong><\/span><\/td>\n<td style=\"width: 77.3204%; height: 24px;\"><span style=\"font-family: arial, helvetica, sans-serif; font-size: 12pt;\">Aire, Mar, Express<\/span><\/td>\n<\/tr>\n<\/tbody>\n<\/table>\n<p>&nbsp;<\/p>","protected":false},"featured_media":3166,"comment_status":"open","ping_status":"closed","template":"","meta":[],"product_brand":[],"product_cat":[20,34],"product_tag":[],"class_list":{"0":"post-3164","1":"product","2":"type-product","3":"status-publish","4":"has-post-thumbnail","6":"product_cat-kraft-paper-bag","7":"product_cat-paper-packing","9":"first","10":"instock","11":"shipping-taxable","12":"product-type-simple"},"_links":{"self":[{"href":"https:\/\/polysmarts.com\/es\/wp-json\/wp\/v2\/product\/3164","targetHints":{"allow":["GET"]}}],"collection":[{"href":"https:\/\/polysmarts.com\/es\/wp-json\/wp\/v2\/product"}],"about":[{"href":"https:\/\/polysmarts.com\/es\/wp-json\/wp\/v2\/types\/product"}],"replies":[{"embeddable":true,"href":"https:\/\/polysmarts.com\/es\/wp-json\/wp\/v2\/comments?post=3164"}],"version-history":[{"count":2,"href":"https:\/\/polysmarts.com\/es\/wp-json\/wp\/v2\/product\/3164\/revisions"}],"predecessor-version":[{"id":3172,"href":"https:\/\/polysmarts.com\/es\/wp-json\/wp\/v2\/product\/3164\/revisions\/3172"}],"wp:featuredmedia":[{"embeddable":true,"href":"https:\/\/polysmarts.com\/es\/wp-json\/wp\/v2\/media\/3166"}],"wp:attachment":[{"href":"https:\/\/polysmarts.com\/es\/wp-json\/wp\/v2\/media?parent=3164"}],"wp:term":[{"taxonomy":"product_brand","embeddable":true,"href":"https:\/\/polysmarts.com\/es\/wp-json\/wp\/v2\/product_brand?post=3164"},{"taxonomy":"product_cat","embeddable":true,"href":"https:\/\/polysmarts.com\/es\/wp-json\/wp\/v2\/product_cat?post=3164"},{"taxonomy":"product_tag","embeddable":true,"href":"https:\/\/polysmarts.com\/es\/wp-json\/wp\/v2\/product_tag?post=3164"}],"curies":[{"name":"gracias","href":"https:\/\/api.w.org\/{rel}","templated":true}]}}