{"id":3154,"date":"2024-05-10T08:04:06","date_gmt":"2024-05-10T08:04:06","guid":{"rendered":"https:\/\/polysmarts.com\/?post_type=product&#038;p=3154"},"modified":"2024-05-10T08:17:43","modified_gmt":"2024-05-10T08:17:43","slug":"bolsa-de-papel-grande-con-asas-y-cinta-para-llevar","status":"publish","type":"product","link":"https:\/\/polysmarts.com\/es\/product\/take-away-ribbon-big-paper-bag-with-handles\/","title":{"rendered":"Bolsa de papel grande con asas y cinta para llevar"},"content":{"rendered":"<p class=\"whitespace-pre-wrap break-words\">Mejore su experiencia de embalaje y obsequio con nuestra bolsa de papel grande con asas y cinta para llevar reciclada de alta calidad personalizada. Estos bolsos elegantes y ecol\u00f3gicos est\u00e1n dise\u00f1ados para impresionar, combinando elegancia y funcionalidad para una experiencia verdaderamente extraordinaria.<\/p>\n<p class=\"whitespace-pre-wrap break-words\">Caracter\u00edsticas clave:<\/p>\n<ol class=\"list-decimal pl-8 space-y-2 -mt-1\">\n<li class=\"whitespace-normal break-words\">Materiales reciclados de alta calidad: elaborados con materiales reciclados de primera calidad, estos bolsos no solo rezuman lujo sino que tambi\u00e9n contribuyen a un futuro m\u00e1s sostenible. Priorizamos la responsabilidad ambiental sin comprometer la calidad o el estilo.<\/li>\n<li class=\"whitespace-normal break-words\">Detalles de cinta elegantes: cada bolso est\u00e1 adornado con una cinta elegante, lo que agrega un toque de refinamiento y hace que sea un placer regalarlos. Estos cuidados detalles realzan la presentaci\u00f3n general y garantizan una experiencia verdaderamente memorable para sus destinatarios.<\/li>\n<li class=\"whitespace-normal break-words\">Espaciosas y vers\u00e1tiles: con su tama\u00f1o generoso y construcci\u00f3n robusta, estas grandes bolsas de papel con asas pueden acomodar una amplia gama de art\u00edculos, lo que las hace adecuadas para diversas ocasiones de regalos, incluidas bodas, cumplea\u00f1os, eventos corporativos y m\u00e1s.<\/li>\n<li class=\"whitespace-normal break-words\">Opciones de impresi\u00f3n personalizadas: personalice sus bolsos con su propio logotipo, dise\u00f1o o mensaje utilizando nuestros servicios de impresi\u00f3n personalizados. Esta caracter\u00edstica le permite crear empaques de marca verdaderamente \u00fanicos que se alinean con la identidad de su marca o el tema del evento.<\/li>\n<li class=\"whitespace-normal break-words\">Duraderas y reutilizables: Fabricadas con materiales de alta calidad, estas bolsas est\u00e1n dise\u00f1adas para soportar las demandas de transporte y manipulaci\u00f3n, asegurando que sus regalos lleguen en perfectas condiciones. Adem\u00e1s, su car\u00e1cter reutilizable promueve la sostenibilidad y reduce los residuos.<\/li>\n<\/ol>","protected":false},"excerpt":{"rendered":"<table style=\"height: 360px; width: 99.8505%; border-collapse: collapse;\" border=\"2\">\n<tbody>\n<tr style=\"height: 40px;\">\n<td style=\"width: 22.6796%; height: 30px; background-color: #99ccff;\"><span style=\"font-family: arial, helvetica, sans-serif; font-size: 12pt;\"><strong>Dimensi\u00f3n y estilo<\/strong><\/span><\/td>\n<td style=\"width: 77.3204%; height: 30px; background-color: #99ccff;\"><span style=\"font-family: arial, helvetica, sans-serif; font-size: 12pt;\">Formas y tama\u00f1os personalizados<\/span><\/td>\n<\/tr>\n<tr style=\"height: 40px;\">\n<td style=\"width: 22.6796%; height: 34px; background-color: #ebebeb;\"><span style=\"font-size: 12pt;\"><strong><span style=\"font-family: arial, helvetica, sans-serif;\">Cantidad m\u00ednima de pedido<\/span><\/strong><\/span><\/td>\n<td style=\"width: 77.3204%; height: 34px; background-color: #ebebeb;\"><span style=\"font-family: arial, helvetica, sans-serif; font-size: 12pt;\">1000 unidades sin personalizaci\u00f3n, 5000 unidades para personalizaci\u00f3n<\/span><\/td>\n<\/tr>\n<tr style=\"height: 40px; background-color: #99ccff;\">\n<td style=\"width: 22.6796%; height: 24px;\"><span style=\"font-size: 12pt;\"><strong><span style=\"font-family: arial, helvetica, sans-serif;\">Tipo de embalaje<\/span><\/strong><\/span><\/td>\n<td style=\"width: 77.3204%; height: 24px;\"><span style=\"font-family: arial, helvetica, sans-serif; font-size: 12pt;\">Bolsa De Papel Con Asas\u00a0<\/span><\/td>\n<\/tr>\n<tr style=\"height: 40px; background-color: #ebebeb;\">\n<td style=\"width: 22.6796%; height: 24px;\"><span style=\"font-size: 12pt;\"><strong><span style=\"font-family: arial, helvetica, sans-serif;\">Material<\/span><\/strong><\/span><\/td>\n<td style=\"width: 77.3204%; height: 24px;\"><span style=\"font-family: arial, helvetica, sans-serif; font-size: 12pt;\">Cart\u00f3n<\/span><\/td>\n<\/tr>\n<tr style=\"height: 40px; background-color: #99ccff;\">\n<td style=\"width: 22.6796%; height: 24px;\"><span style=\"font-size: 12pt;\"><strong><span style=\"font-family: arial, helvetica, sans-serif;\">Refinamiento<\/span><\/strong><\/span><\/td>\n<td style=\"width: 77.3204%; height: 24px;\"><span style=\"font-family: arial, helvetica, sans-serif; font-size: 12pt;\">Impresi\u00f3n de pantalla<\/span><\/td>\n<\/tr>\n<tr style=\"height: 40px; background-color: #ebebeb;\">\n<td style=\"width: 22.6796%; height: 24px;\"><span style=\"font-size: 12pt;\"><strong><span style=\"font-family: arial, helvetica, sans-serif;\">Caracter\u00edstica<\/span><\/strong><\/span><\/td>\n<td style=\"width: 77.3204%; height: 24px;\"><span style=\"font-family: arial, helvetica, sans-serif; font-size: 12pt;\">Reciclado<\/span><\/td>\n<\/tr>\n<tr style=\"height: 40px; background-color: #99ccff;\">\n<td style=\"width: 22.6796%; height: 24px;\"><span style=\"font-size: 12pt;\"><strong><span style=\"font-family: arial, helvetica, sans-serif;\">Tipo de bolsa de papel<\/span><\/strong><\/span><\/td>\n<td style=\"width: 77.3204%; height: 24px;\"><span style=\"font-family: arial, helvetica, sans-serif; font-size: 12pt;\">Bolsa de papel de regalo, bolsas de compras<\/span><\/td>\n<\/tr>\n<tr style=\"height: 40px; background-color: #ebebeb;\">\n<td style=\"width: 22.6796%; height: 24px;\"><span style=\"font-size: 12pt;\"><strong><span style=\"font-family: arial, helvetica, sans-serif;\">Tiempo de respuesta<\/span><\/strong><\/span><\/td>\n<td style=\"width: 77.3204%; height: 24px;\"><span style=\"font-family: arial, helvetica, sans-serif; font-size: 12pt;\">7 \u2013 15 d\u00edas h\u00e1biles, URGENTE<\/span><\/td>\n<\/tr>\n<tr style=\"height: 40px; background-color: #99ccff;\">\n<td style=\"width: 22.6796%; height: 24px;\"><span style=\"font-size: 12pt;\"><strong><span style=\"font-family: arial, helvetica, sans-serif;\">Env\u00edo<\/span><\/strong><\/span><\/td>\n<td style=\"width: 77.3204%; height: 24px;\"><span style=\"font-family: arial, helvetica, sans-serif; font-size: 12pt;\">Aire, Mar, Express<\/span><\/td>\n<\/tr>\n<\/tbody>\n<\/table>\n<p>&nbsp;<\/p>","protected":false},"featured_media":3157,"comment_status":"open","ping_status":"closed","template":"","meta":[],"product_brand":[],"product_cat":[20,34],"product_tag":[],"class_list":{"0":"post-3154","1":"product","2":"type-product","3":"status-publish","4":"has-post-thumbnail","6":"product_cat-kraft-paper-bag","7":"product_cat-paper-packing","9":"first","10":"instock","11":"shipping-taxable","12":"product-type-simple"},"_links":{"self":[{"href":"https:\/\/polysmarts.com\/es\/wp-json\/wp\/v2\/product\/3154","targetHints":{"allow":["GET"]}}],"collection":[{"href":"https:\/\/polysmarts.com\/es\/wp-json\/wp\/v2\/product"}],"about":[{"href":"https:\/\/polysmarts.com\/es\/wp-json\/wp\/v2\/types\/product"}],"replies":[{"embeddable":true,"href":"https:\/\/polysmarts.com\/es\/wp-json\/wp\/v2\/comments?post=3154"}],"version-history":[{"count":2,"href":"https:\/\/polysmarts.com\/es\/wp-json\/wp\/v2\/product\/3154\/revisions"}],"predecessor-version":[{"id":3163,"href":"https:\/\/polysmarts.com\/es\/wp-json\/wp\/v2\/product\/3154\/revisions\/3163"}],"wp:featuredmedia":[{"embeddable":true,"href":"https:\/\/polysmarts.com\/es\/wp-json\/wp\/v2\/media\/3157"}],"wp:attachment":[{"href":"https:\/\/polysmarts.com\/es\/wp-json\/wp\/v2\/media?parent=3154"}],"wp:term":[{"taxonomy":"product_brand","embeddable":true,"href":"https:\/\/polysmarts.com\/es\/wp-json\/wp\/v2\/product_brand?post=3154"},{"taxonomy":"product_cat","embeddable":true,"href":"https:\/\/polysmarts.com\/es\/wp-json\/wp\/v2\/product_cat?post=3154"},{"taxonomy":"product_tag","embeddable":true,"href":"https:\/\/polysmarts.com\/es\/wp-json\/wp\/v2\/product_tag?post=3154"}],"curies":[{"name":"gracias","href":"https:\/\/api.w.org\/{rel}","templated":true}]}}