{"id":3144,"date":"2024-05-09T09:04:39","date_gmt":"2024-05-09T09:04:39","guid":{"rendered":"https:\/\/polysmarts.com\/?post_type=product&#038;p=3144"},"modified":"2024-05-09T09:25:27","modified_gmt":"2024-05-09T09:25:27","slug":"bolsas-de-papel-de-carton-ecologicas-con-asa","status":"publish","type":"product","link":"https:\/\/polysmarts.com\/es\/product\/eco-friendly-cardboard-paper-bags-with-handle\/","title":{"rendered":"Bolsas de papel de cart\u00f3n ecol\u00f3gicas con asa"},"content":{"rendered":"<p class=\"whitespace-pre-wrap break-words\">Mejore su juego de embalaje con nuestras bolsas de papel de cart\u00f3n para embalaje de compras ecol\u00f3gicas al por mayor con impresi\u00f3n de dise\u00f1o personalizado de moda de lujo con asa. Estos exquisitos bolsos est\u00e1n dise\u00f1ados para impresionar, combinando elegancia y funcionalidad para una experiencia de regalo verdaderamente extraordinaria.<\/p>\n<p class=\"whitespace-pre-wrap break-words\">Caracter\u00edsticas clave:<\/p>\n<p class=\"whitespace-pre-wrap break-words\">Acabado mate de alta calidad: elaboradas con meticulosa atenci\u00f3n al detalle, estas hermosas bolsas de regalo cuentan con un acabado mate lujoso y suave, que irradia sofisticaci\u00f3n y elegancia. La superficie mate a\u00f1ade un toque de glamour discreto, lo que los hace perfectos para cualquier ocasi\u00f3n exclusiva.<\/p>\n<p class=\"whitespace-pre-wrap break-words\">Cord\u00f3n elegante y etiqueta para colgar: cada bolso est\u00e1 adornado con un elegante cord\u00f3n trenzado del mismo color y una etiqueta para colgar a juego, lo que agrega un toque de refinamiento y hace que sea un placer regalarlos. Estos cuidados detalles elevan la presentaci\u00f3n general y garantizan una experiencia verdaderamente memorable.<\/p>\n<p class=\"whitespace-pre-wrap break-words\">Amplia selecci\u00f3n de colores y patrones: con una amplia gama de colores y patrones para elegir, incluidos azul claro, burdeos intenso, rosa pastel y m\u00e1s, encontrar\u00e1 el tono perfecto para complementar cualquier ocasi\u00f3n. Ya sea una celebraci\u00f3n vibrante o un evento m\u00e1s discreto, nuestra selecci\u00f3n tiene algo para cada evento.<\/p>\n<p class=\"whitespace-pre-wrap break-words\">Aplicaciones vers\u00e1tiles: estas lujosas bolsas de papel con asas son perfectas para una amplia gama de ocasiones, incluidas graduaciones, baby showers, despedidas de soltera, fiestas de cumplea\u00f1os, vacaciones de invierno como Navidad y Hanukkah, eventos corporativos, bodas, reuniones familiares y mucho m\u00e1s. Su versatilidad garantiza que sean una valiosa adici\u00f3n a cualquier regalo o embalaje.<\/p>\n<p class=\"whitespace-pre-wrap break-words\">Respetuoso con el medio ambiente y sustentable: En Jillson &amp; Roberts estamos comprometidos a brindar envoltorios para regalos, bolsas para regalo, bolsas para vino y accesorios para envolver regalos de primera calidad y a la moda, siendo al mismo tiempo conscientes y respetuosos con el medio ambiente. Nuestro compromiso con la calidad y la sostenibilidad se refleja en cada producto que ofrecemos, lo que garantiza que pueda disfrutar del lujo y minimizar el impacto ambiental.<\/p>\n<p class=\"whitespace-pre-wrap break-words\">Mejore su experiencia de obsequio y embalaje con nuestras bolsas de papel de cart\u00f3n con asa para embalaje de compras ecol\u00f3gicas al por mayor con impresi\u00f3n de dise\u00f1o personalizado de moda de lujo. Adopte la combinaci\u00f3n perfecta de estilo, elegancia y sostenibilidad, y deje una impresi\u00f3n duradera en sus destinatarios con cada regalo bien pensado.<\/p>","protected":false},"excerpt":{"rendered":"<table style=\"height: 360px; width: 99.8505%; border-collapse: collapse;\" border=\"2\">\n<tbody>\n<tr style=\"height: 40px;\">\n<td style=\"width: 22.6796%; height: 30px; background-color: #99ccff;\"><span style=\"font-family: arial, helvetica, sans-serif; font-size: 12pt;\"><strong>Dimensi\u00f3n y estilo<\/strong><\/span><\/td>\n<td style=\"width: 77.3204%; height: 30px; background-color: #99ccff;\"><span style=\"font-family: arial, helvetica, sans-serif; font-size: 12pt;\">Formas y tama\u00f1os personalizados<\/span><\/td>\n<\/tr>\n<tr style=\"height: 40px;\">\n<td style=\"width: 22.6796%; height: 34px; background-color: #ebebeb;\"><span style=\"font-size: 12pt;\"><strong><span style=\"font-family: arial, helvetica, sans-serif;\">Cantidad m\u00ednima de pedido<\/span><\/strong><\/span><\/td>\n<td style=\"width: 77.3204%; height: 34px; background-color: #ebebeb;\"><span style=\"font-family: arial, helvetica, sans-serif; font-size: 12pt;\">1000 unidades sin personalizaci\u00f3n, 5000 unidades para personalizaci\u00f3n<\/span><\/td>\n<\/tr>\n<tr style=\"height: 40px; background-color: #99ccff;\">\n<td style=\"width: 22.6796%; height: 24px;\"><span style=\"font-size: 12pt;\"><strong><span style=\"font-family: arial, helvetica, sans-serif;\">Tipo de embalaje<\/span><\/strong><\/span><\/td>\n<td style=\"width: 77.3204%; height: 24px;\"><span style=\"font-family: arial, helvetica, sans-serif; font-size: 12pt;\">Bolsas De Papel Con Asas\u00a0<\/span><\/td>\n<\/tr>\n<tr style=\"height: 40px; background-color: #ebebeb;\">\n<td style=\"width: 22.6796%; height: 24px;\"><span style=\"font-size: 12pt;\"><strong><span style=\"font-family: arial, helvetica, sans-serif;\">Material<\/span><\/strong><\/span><\/td>\n<td style=\"width: 77.3204%; height: 24px;\"><span style=\"font-family: arial, helvetica, sans-serif; font-size: 12pt;\">Cart\u00f3n<\/span><\/td>\n<\/tr>\n<tr style=\"height: 40px; background-color: #99ccff;\">\n<td style=\"width: 22.6796%; height: 24px;\"><span style=\"font-size: 12pt;\"><strong><span style=\"font-family: arial, helvetica, sans-serif;\">Refinamiento<\/span><\/strong><\/span><\/td>\n<td style=\"width: 77.3204%; height: 24px;\"><span style=\"font-family: arial, helvetica, sans-serif; font-size: 12pt;\">Impresi\u00f3n de pantalla<\/span><\/td>\n<\/tr>\n<tr style=\"height: 40px; background-color: #ebebeb;\">\n<td style=\"width: 22.6796%; height: 24px;\"><span style=\"font-size: 12pt;\"><strong><span style=\"font-family: arial, helvetica, sans-serif;\">Caracter\u00edstica<\/span><\/strong><\/span><\/td>\n<td style=\"width: 77.3204%; height: 24px;\"><span style=\"font-family: arial, helvetica, sans-serif; font-size: 12pt;\">Reciclado<\/span><\/td>\n<\/tr>\n<tr style=\"height: 40px; background-color: #99ccff;\">\n<td style=\"width: 22.6796%; height: 24px;\"><span style=\"font-size: 12pt;\"><strong><span style=\"font-family: arial, helvetica, sans-serif;\">Tipo de bolsa de papel<\/span><\/strong><\/span><\/td>\n<td style=\"width: 77.3204%; height: 24px;\"><span style=\"font-family: arial, helvetica, sans-serif; font-size: 12pt;\">Bolsa de papel de regalo, bolsas de compras<\/span><\/td>\n<\/tr>\n<tr style=\"height: 40px; background-color: #ebebeb;\">\n<td style=\"width: 22.6796%; height: 24px;\"><span style=\"font-size: 12pt;\"><strong><span style=\"font-family: arial, helvetica, sans-serif;\">Tiempo de respuesta<\/span><\/strong><\/span><\/td>\n<td style=\"width: 77.3204%; height: 24px;\"><span style=\"font-family: arial, helvetica, sans-serif; font-size: 12pt;\">7 \u2013 15 d\u00edas h\u00e1biles, URGENTE<\/span><\/td>\n<\/tr>\n<tr style=\"height: 40px; background-color: #99ccff;\">\n<td style=\"width: 22.6796%; height: 24px;\"><span style=\"font-size: 12pt;\"><strong><span style=\"font-family: arial, helvetica, sans-serif;\">Env\u00edo<\/span><\/strong><\/span><\/td>\n<td style=\"width: 77.3204%; height: 24px;\"><span style=\"font-family: arial, helvetica, sans-serif; font-size: 12pt;\">Aire, Mar, Express<\/span><\/td>\n<\/tr>\n<\/tbody>\n<\/table>\n<p>&nbsp;<\/p>","protected":false},"featured_media":3146,"comment_status":"open","ping_status":"closed","template":"","meta":[],"product_brand":[],"product_cat":[20,34],"product_tag":[],"class_list":{"0":"post-3144","1":"product","2":"type-product","3":"status-publish","4":"has-post-thumbnail","6":"product_cat-kraft-paper-bag","7":"product_cat-paper-packing","9":"first","10":"instock","11":"shipping-taxable","12":"product-type-simple"},"_links":{"self":[{"href":"https:\/\/polysmarts.com\/es\/wp-json\/wp\/v2\/product\/3144","targetHints":{"allow":["GET"]}}],"collection":[{"href":"https:\/\/polysmarts.com\/es\/wp-json\/wp\/v2\/product"}],"about":[{"href":"https:\/\/polysmarts.com\/es\/wp-json\/wp\/v2\/types\/product"}],"replies":[{"embeddable":true,"href":"https:\/\/polysmarts.com\/es\/wp-json\/wp\/v2\/comments?post=3144"}],"version-history":[{"count":2,"href":"https:\/\/polysmarts.com\/es\/wp-json\/wp\/v2\/product\/3144\/revisions"}],"predecessor-version":[{"id":3152,"href":"https:\/\/polysmarts.com\/es\/wp-json\/wp\/v2\/product\/3144\/revisions\/3152"}],"wp:featuredmedia":[{"embeddable":true,"href":"https:\/\/polysmarts.com\/es\/wp-json\/wp\/v2\/media\/3146"}],"wp:attachment":[{"href":"https:\/\/polysmarts.com\/es\/wp-json\/wp\/v2\/media?parent=3144"}],"wp:term":[{"taxonomy":"product_brand","embeddable":true,"href":"https:\/\/polysmarts.com\/es\/wp-json\/wp\/v2\/product_brand?post=3144"},{"taxonomy":"product_cat","embeddable":true,"href":"https:\/\/polysmarts.com\/es\/wp-json\/wp\/v2\/product_cat?post=3144"},{"taxonomy":"product_tag","embeddable":true,"href":"https:\/\/polysmarts.com\/es\/wp-json\/wp\/v2\/product_tag?post=3144"}],"curies":[{"name":"gracias","href":"https:\/\/api.w.org\/{rel}","templated":true}]}}