{"id":3135,"date":"2024-05-09T08:48:55","date_gmt":"2024-05-09T08:48:55","guid":{"rendered":"https:\/\/polysmarts.com\/?post_type=product&#038;p=3135"},"modified":"2024-05-09T08:57:54","modified_gmt":"2024-05-09T08:57:54","slug":"bolsas-de-regalo-de-papel-kraft-para-regalo-de-cumpleanos-con-asa","status":"publish","type":"product","link":"https:\/\/polysmarts.com\/es\/product\/birthday-gift-kraft-paper-gift-bags-with-handle\/","title":{"rendered":"Bolsas de regalo de papel Kraft para regalo de cumplea\u00f1os con asa"},"content":{"rendered":"<p class=\"whitespace-pre-wrap break-words\">Mejore su experiencia de regalos y embalaje con nuestras bolsas de regalo de papel Kraft de cumplea\u00f1os reciclado con impresi\u00f3n de logotipo personalizado y asas en stock. Estas bolsas ecol\u00f3gicas combinan estilo y funcionalidad, lo que las convierte en la elecci\u00f3n perfecta para todas sus necesidades de celebraci\u00f3n.<\/p>\n<p class=\"whitespace-pre-wrap break-words\">Caracter\u00edsticas clave:<\/p>\n<p class=\"whitespace-pre-wrap break-words\">Materiales de alta calidad: hechas de papel extragrueso de alta calidad, estas bolsas cuentan con una superficie lisa y colores vibrantes. Son resistentes y duraderos, lo que garantiza que puedan soportar casi cualquier necesidad diaria de obsequio para fiestas, brind\u00e1ndole soluciones de embalaje confiables.<\/p>\n<p class=\"whitespace-pre-wrap break-words\">Versatilidad para m\u00faltiples ocasiones: ya sea para celebraciones de cumplea\u00f1os, bolsas de golosinas, bodas, regalos de fiesta, compras, regalos de agradecimiento, bolsas de dulces, baby showers, empaques minoristas o bolsas de regalos, estas vers\u00e1tiles bolsas de papel con asas son perfectas. elecci\u00f3n para cada ocasi\u00f3n.<\/p>\n<p class=\"whitespace-pre-wrap break-words\">\u3010Brillante y festivo\u3011: con su dise\u00f1o decente y elegante, estas bolsas de regalo de papel con asas sin duda alegrar\u00e1n cualquier celebraci\u00f3n. Su apariencia llamativa los convierte en una excelente opci\u00f3n para agregar un toque festivo a sus eventos.<\/p>\n<p class=\"whitespace-pre-wrap break-words\">\u3010Impresi\u00f3n de logotipo personalizado\u3011: personalice estas bolsas con su propio logotipo o dise\u00f1o personalizado, haci\u00e9ndolas verdaderamente \u00fanicas y que reflejen su marca o tema de evento. Nuestro proceso de impresi\u00f3n de alta calidad garantiza una apariencia profesional y refinada que dejar\u00e1 una impresi\u00f3n duradera.<\/p>\n<p class=\"whitespace-pre-wrap break-words\">\u3010Ecol\u00f3gicos y sostenibles\u3011: fabricados con materiales reciclados, estos bolsos no solo ofrecen una soluci\u00f3n elegante y funcional, sino que tambi\u00e9n contribuyen a un futuro m\u00e1s sostenible. Elige estas bolsas ecol\u00f3gicas y genera un impacto positivo en el medio ambiente.<\/p>\n<p class=\"whitespace-pre-wrap break-words\">Abast\u00e9cete de nuestras manijas para bolsas de papel Kraft blanco de cumplea\u00f1os reciclado con impresi\u00f3n de logotipo personalizado y mejora tu juego de regalos y empaques. Con su durabilidad, versatilidad y dise\u00f1o llamativo, estos bolsos son la elecci\u00f3n perfecta para todas sus necesidades de celebraci\u00f3n, garantizando una experiencia memorable y ecol\u00f3gica.<\/p>","protected":false},"excerpt":{"rendered":"<table style=\"height: 360px; width: 99.8505%; border-collapse: collapse;\" border=\"2\">\n<tbody>\n<tr style=\"height: 40px;\">\n<td style=\"width: 22.6796%; height: 30px; background-color: #99ccff;\"><span style=\"font-family: arial, helvetica, sans-serif; font-size: 12pt;\"><strong>Dimensi\u00f3n y estilo<\/strong><\/span><\/td>\n<td style=\"width: 77.3204%; height: 30px; background-color: #99ccff;\"><span style=\"font-family: arial, helvetica, sans-serif; font-size: 12pt;\">Formas y tama\u00f1os personalizados<\/span><\/td>\n<\/tr>\n<tr style=\"height: 40px;\">\n<td style=\"width: 22.6796%; height: 34px; background-color: #ebebeb;\"><span style=\"font-size: 12pt;\"><strong><span style=\"font-family: arial, helvetica, sans-serif;\">Cantidad m\u00ednima de pedido<\/span><\/strong><\/span><\/td>\n<td style=\"width: 77.3204%; height: 34px; background-color: #ebebeb;\"><span style=\"font-family: arial, helvetica, sans-serif; font-size: 12pt;\">1000 unidades sin personalizaci\u00f3n, 5000 unidades para personalizaci\u00f3n<\/span><\/td>\n<\/tr>\n<tr style=\"height: 40px; background-color: #99ccff;\">\n<td style=\"width: 22.6796%; height: 24px;\"><span style=\"font-size: 12pt;\"><strong><span style=\"font-family: arial, helvetica, sans-serif;\">Tipo de embalaje<\/span><\/strong><\/span><\/td>\n<td style=\"width: 77.3204%; height: 24px;\"><span style=\"font-family: arial, helvetica, sans-serif; font-size: 12pt;\">Bolsas de regalo de papel con asas\u00a0<\/span><\/td>\n<\/tr>\n<tr style=\"height: 40px; background-color: #ebebeb;\">\n<td style=\"width: 22.6796%; height: 24px;\"><span style=\"font-size: 12pt;\"><strong><span style=\"font-family: arial, helvetica, sans-serif;\">Material<\/span><\/strong><\/span><\/td>\n<td style=\"width: 77.3204%; height: 24px;\"><span style=\"font-family: arial, helvetica, sans-serif; font-size: 12pt;\">Papel kraft<\/span><\/td>\n<\/tr>\n<tr style=\"height: 40px; background-color: #99ccff;\">\n<td style=\"width: 22.6796%; height: 24px;\"><span style=\"font-size: 12pt;\"><strong><span style=\"font-family: arial, helvetica, sans-serif;\">Refinamiento<\/span><\/strong><\/span><\/td>\n<td style=\"width: 77.3204%; height: 24px;\"><span style=\"font-family: arial, helvetica, sans-serif; font-size: 12pt;\">Impresi\u00f3n de pantalla<\/span><\/td>\n<\/tr>\n<tr style=\"height: 40px; background-color: #ebebeb;\">\n<td style=\"width: 22.6796%; height: 24px;\"><span style=\"font-size: 12pt;\"><strong><span style=\"font-family: arial, helvetica, sans-serif;\">Caracter\u00edstica<\/span><\/strong><\/span><\/td>\n<td style=\"width: 77.3204%; height: 24px;\"><span style=\"font-family: arial, helvetica, sans-serif; font-size: 12pt;\">Reciclado<\/span><\/td>\n<\/tr>\n<tr style=\"height: 40px; background-color: #99ccff;\">\n<td style=\"width: 22.6796%; height: 24px;\"><span style=\"font-size: 12pt;\"><strong><span style=\"font-family: arial, helvetica, sans-serif;\">Tipo de bolsa de papel<\/span><\/strong><\/span><\/td>\n<td style=\"width: 77.3204%; height: 24px;\"><span style=\"font-family: arial, helvetica, sans-serif; font-size: 12pt;\">Bolsa de papel de regalo, bolsas de compras<\/span><\/td>\n<\/tr>\n<tr style=\"height: 40px; background-color: #ebebeb;\">\n<td style=\"width: 22.6796%; height: 24px;\"><span style=\"font-size: 12pt;\"><strong><span style=\"font-family: arial, helvetica, sans-serif;\">Tiempo de respuesta<\/span><\/strong><\/span><\/td>\n<td style=\"width: 77.3204%; height: 24px;\"><span style=\"font-family: arial, helvetica, sans-serif; font-size: 12pt;\">7 \u2013 15 d\u00edas h\u00e1biles, URGENTE<\/span><\/td>\n<\/tr>\n<tr style=\"height: 40px; background-color: #99ccff;\">\n<td style=\"width: 22.6796%; height: 24px;\"><span style=\"font-size: 12pt;\"><strong><span style=\"font-family: arial, helvetica, sans-serif;\">Env\u00edo<\/span><\/strong><\/span><\/td>\n<td style=\"width: 77.3204%; height: 24px;\"><span style=\"font-family: arial, helvetica, sans-serif; font-size: 12pt;\">Aire, Mar, Express<\/span><\/td>\n<\/tr>\n<\/tbody>\n<\/table>\n<p>&nbsp;<\/p>","protected":false},"featured_media":3136,"comment_status":"open","ping_status":"closed","template":"","meta":[],"product_brand":[],"product_cat":[20,34],"product_tag":[],"class_list":{"0":"post-3135","1":"product","2":"type-product","3":"status-publish","4":"has-post-thumbnail","6":"product_cat-kraft-paper-bag","7":"product_cat-paper-packing","9":"first","10":"instock","11":"shipping-taxable","12":"product-type-simple"},"_links":{"self":[{"href":"https:\/\/polysmarts.com\/es\/wp-json\/wp\/v2\/product\/3135","targetHints":{"allow":["GET"]}}],"collection":[{"href":"https:\/\/polysmarts.com\/es\/wp-json\/wp\/v2\/product"}],"about":[{"href":"https:\/\/polysmarts.com\/es\/wp-json\/wp\/v2\/types\/product"}],"replies":[{"embeddable":true,"href":"https:\/\/polysmarts.com\/es\/wp-json\/wp\/v2\/comments?post=3135"}],"version-history":[{"count":2,"href":"https:\/\/polysmarts.com\/es\/wp-json\/wp\/v2\/product\/3135\/revisions"}],"predecessor-version":[{"id":3143,"href":"https:\/\/polysmarts.com\/es\/wp-json\/wp\/v2\/product\/3135\/revisions\/3143"}],"wp:featuredmedia":[{"embeddable":true,"href":"https:\/\/polysmarts.com\/es\/wp-json\/wp\/v2\/media\/3136"}],"wp:attachment":[{"href":"https:\/\/polysmarts.com\/es\/wp-json\/wp\/v2\/media?parent=3135"}],"wp:term":[{"taxonomy":"product_brand","embeddable":true,"href":"https:\/\/polysmarts.com\/es\/wp-json\/wp\/v2\/product_brand?post=3135"},{"taxonomy":"product_cat","embeddable":true,"href":"https:\/\/polysmarts.com\/es\/wp-json\/wp\/v2\/product_cat?post=3135"},{"taxonomy":"product_tag","embeddable":true,"href":"https:\/\/polysmarts.com\/es\/wp-json\/wp\/v2\/product_tag?post=3135"}],"curies":[{"name":"gracias","href":"https:\/\/api.w.org\/{rel}","templated":true}]}}