{"id":3125,"date":"2024-05-09T08:25:53","date_gmt":"2024-05-09T08:25:53","guid":{"rendered":"https:\/\/polysmarts.com\/?post_type=product&#038;p=3125"},"modified":"2024-05-09T08:35:23","modified_gmt":"2024-05-09T08:35:23","slug":"bolsa-de-compras-kraft-rosa-para-regalo-de-cumpleanos-con-logotipo-personalizado","status":"publish","type":"product","link":"https:\/\/polysmarts.com\/es\/product\/custom-logo-birthday-gift-pink-kraft-shopping-bag\/","title":{"rendered":"Bolsa de compras Kraft rosa con logotipo personalizado para regalo de cumplea\u00f1os"},"content":{"rendered":"<p class=\"whitespace-pre-wrap break-words\">Mejore sus celebraciones con nuestra bolsa de compras Kraft rosa para regalo de cumplea\u00f1os con logotipo personalizado. Estos bolsos elegantes y vibrantes son el complemento perfecto para cualquier fiesta de cumplea\u00f1os y a\u00f1aden un toque de fantas\u00eda y deleite a tu d\u00eda especial.<\/p>\n<p class=\"whitespace-pre-wrap break-words\">Caracter\u00edsticas clave:<\/p>\n<ol class=\"list-decimal pl-8 space-y-2 -mt-1\">\n<li class=\"whitespace-normal break-words\">Material confiable y seguro: elaboradas con papel kraft de alta calidad, nuestras bolsas para fiesta de cumplea\u00f1os no tienen olores extra\u00f1os, lo que garantiza un material seguro y resistente para sus preciados regalos. Los patrones y dise\u00f1os coloridos seguramente deleitar\u00e1n, lo que los hace ideales para los obsequios de la fiesta de cumplea\u00f1os de las ni\u00f1as.<\/li>\n<li class=\"whitespace-normal break-words\">Amplias aplicaciones: estas vers\u00e1tiles bolsas de regalos de cumplea\u00f1os pueden acomodar una variedad de peque\u00f1os regalos, joyas, dulces, refrigerios y m\u00e1s. Son adecuados no solo para fiestas de cumplea\u00f1os, sino tambi\u00e9n para fiestas de t\u00e9, despedidas de soltera, baby showers, bodas o cualquier otra ocasi\u00f3n en la que necesite regalar peque\u00f1as fichas o guardar objetos peque\u00f1os.<\/li>\n<li class=\"whitespace-normal break-words\">Dise\u00f1os personalizados y vibrantes: nuestras bolsas para obsequios para fiestas de cumplea\u00f1os cuentan con una variedad de dise\u00f1os atractivos, que incluyen globos coloridos, deliciosos postres de magdalenas, velas festivas y m\u00e1s. Estos encantadores patrones agregar\u00e1n una dosis extra de atm\u00f3sfera y diversi\u00f3n a su fiesta de cumplea\u00f1os y otras celebraciones.<\/li>\n<li class=\"whitespace-normal break-words\">Opciones de logotipo personalizado: personalice sus bolsas de regalo con su propio logotipo o dise\u00f1o, haci\u00e9ndolas verdaderamente \u00fanicas y que reflejen su marca o el tema de su evento. Nuestras opciones de impresi\u00f3n de logotipos personalizados garantizan una apariencia profesional y refinada que dejar\u00e1 una impresi\u00f3n duradera.<\/li>\n<\/ol>\n<p class=\"whitespace-pre-wrap break-words\">Celebre con estilo con nuestra bolsa de compras Kraft rosa para regalo de cumplea\u00f1os con logotipo personalizado. Estos bolsos elegantes y funcionales no solo a\u00f1aden un toque de fantas\u00eda a sus celebraciones, sino que tambi\u00e9n brindan una forma segura y confiable de regalar a sus seres queridos, haciendo que cada ocasi\u00f3n sea realmente memorable.<\/p>","protected":false},"excerpt":{"rendered":"<table style=\"height: 360px; width: 99.8505%; border-collapse: collapse;\" border=\"2\">\n<tbody>\n<tr style=\"height: 40px;\">\n<td style=\"width: 22.6796%; height: 30px; background-color: #99ccff;\"><span style=\"font-family: arial, helvetica, sans-serif; font-size: 12pt;\"><strong>Dimensi\u00f3n y estilo<\/strong><\/span><\/td>\n<td style=\"width: 77.3204%; height: 30px; background-color: #99ccff;\"><span style=\"font-family: arial, helvetica, sans-serif; font-size: 12pt;\">Formas y tama\u00f1os personalizados<\/span><\/td>\n<\/tr>\n<tr style=\"height: 40px;\">\n<td style=\"width: 22.6796%; height: 34px; background-color: #ebebeb;\"><span style=\"font-size: 12pt;\"><strong><span style=\"font-family: arial, helvetica, sans-serif;\">Cantidad m\u00ednima de pedido<\/span><\/strong><\/span><\/td>\n<td style=\"width: 77.3204%; height: 34px; background-color: #ebebeb;\"><span style=\"font-family: arial, helvetica, sans-serif; font-size: 12pt;\">1000 unidades sin personalizaci\u00f3n, 5000 unidades para personalizaci\u00f3n<\/span><\/td>\n<\/tr>\n<tr style=\"height: 40px; background-color: #99ccff;\">\n<td style=\"width: 22.6796%; height: 24px;\"><span style=\"font-size: 12pt;\"><strong><span style=\"font-family: arial, helvetica, sans-serif;\">Tipo de embalaje<\/span><\/strong><\/span><\/td>\n<td style=\"width: 77.3204%; height: 24px;\"><span style=\"font-family: arial, helvetica, sans-serif; font-size: 12pt;\">Bolsas de compras kraft\u00a0<\/span><\/td>\n<\/tr>\n<tr style=\"height: 40px; background-color: #ebebeb;\">\n<td style=\"width: 22.6796%; height: 24px;\"><span style=\"font-size: 12pt;\"><strong><span style=\"font-family: arial, helvetica, sans-serif;\">Material<\/span><\/strong><\/span><\/td>\n<td style=\"width: 77.3204%; height: 24px;\"><span style=\"font-family: arial, helvetica, sans-serif; font-size: 12pt;\">Papel kraft<\/span><\/td>\n<\/tr>\n<tr style=\"height: 40px; background-color: #99ccff;\">\n<td style=\"width: 22.6796%; height: 24px;\"><span style=\"font-size: 12pt;\"><strong><span style=\"font-family: arial, helvetica, sans-serif;\">Refinamiento<\/span><\/strong><\/span><\/td>\n<td style=\"width: 77.3204%; height: 24px;\"><span style=\"font-family: arial, helvetica, sans-serif; font-size: 12pt;\">Impresi\u00f3n de pantalla<\/span><\/td>\n<\/tr>\n<tr style=\"height: 40px; background-color: #ebebeb;\">\n<td style=\"width: 22.6796%; height: 24px;\"><span style=\"font-size: 12pt;\"><strong><span style=\"font-family: arial, helvetica, sans-serif;\">Caracter\u00edstica<\/span><\/strong><\/span><\/td>\n<td style=\"width: 77.3204%; height: 24px;\"><span style=\"font-family: arial, helvetica, sans-serif; font-size: 12pt;\">Reciclado<\/span><\/td>\n<\/tr>\n<tr style=\"height: 40px; background-color: #99ccff;\">\n<td style=\"width: 22.6796%; height: 24px;\"><span style=\"font-size: 12pt;\"><strong><span style=\"font-family: arial, helvetica, sans-serif;\">Tipo de bolsa de papel<\/span><\/strong><\/span><\/td>\n<td style=\"width: 77.3204%; height: 24px;\"><span style=\"font-family: arial, helvetica, sans-serif; font-size: 12pt;\">Bolsa de papel de regalo, bolsas de compras<\/span><\/td>\n<\/tr>\n<tr style=\"height: 40px; background-color: #ebebeb;\">\n<td style=\"width: 22.6796%; height: 24px;\"><span style=\"font-size: 12pt;\"><strong><span style=\"font-family: arial, helvetica, sans-serif;\">Tiempo de respuesta<\/span><\/strong><\/span><\/td>\n<td style=\"width: 77.3204%; height: 24px;\"><span style=\"font-family: arial, helvetica, sans-serif; font-size: 12pt;\">7 \u2013 15 d\u00edas h\u00e1biles, URGENTE<\/span><\/td>\n<\/tr>\n<tr style=\"height: 40px; background-color: #99ccff;\">\n<td style=\"width: 22.6796%; height: 24px;\"><span style=\"font-size: 12pt;\"><strong><span style=\"font-family: arial, helvetica, sans-serif;\">Env\u00edo<\/span><\/strong><\/span><\/td>\n<td style=\"width: 77.3204%; height: 24px;\"><span style=\"font-family: arial, helvetica, sans-serif; font-size: 12pt;\">Aire, Mar, Express<\/span><\/td>\n<\/tr>\n<\/tbody>\n<\/table>\n<p>&nbsp;<\/p>","protected":false},"featured_media":3131,"comment_status":"open","ping_status":"closed","template":"","meta":[],"product_brand":[],"product_cat":[20,34],"product_tag":[],"class_list":{"0":"post-3125","1":"product","2":"type-product","3":"status-publish","4":"has-post-thumbnail","6":"product_cat-kraft-paper-bag","7":"product_cat-paper-packing","9":"first","10":"instock","11":"shipping-taxable","12":"product-type-simple"},"_links":{"self":[{"href":"https:\/\/polysmarts.com\/es\/wp-json\/wp\/v2\/product\/3125","targetHints":{"allow":["GET"]}}],"collection":[{"href":"https:\/\/polysmarts.com\/es\/wp-json\/wp\/v2\/product"}],"about":[{"href":"https:\/\/polysmarts.com\/es\/wp-json\/wp\/v2\/types\/product"}],"replies":[{"embeddable":true,"href":"https:\/\/polysmarts.com\/es\/wp-json\/wp\/v2\/comments?post=3125"}],"version-history":[{"count":2,"href":"https:\/\/polysmarts.com\/es\/wp-json\/wp\/v2\/product\/3125\/revisions"}],"predecessor-version":[{"id":3134,"href":"https:\/\/polysmarts.com\/es\/wp-json\/wp\/v2\/product\/3125\/revisions\/3134"}],"wp:featuredmedia":[{"embeddable":true,"href":"https:\/\/polysmarts.com\/es\/wp-json\/wp\/v2\/media\/3131"}],"wp:attachment":[{"href":"https:\/\/polysmarts.com\/es\/wp-json\/wp\/v2\/media?parent=3125"}],"wp:term":[{"taxonomy":"product_brand","embeddable":true,"href":"https:\/\/polysmarts.com\/es\/wp-json\/wp\/v2\/product_brand?post=3125"},{"taxonomy":"product_cat","embeddable":true,"href":"https:\/\/polysmarts.com\/es\/wp-json\/wp\/v2\/product_cat?post=3125"},{"taxonomy":"product_tag","embeddable":true,"href":"https:\/\/polysmarts.com\/es\/wp-json\/wp\/v2\/product_tag?post=3125"}],"curies":[{"name":"gracias","href":"https:\/\/api.w.org\/{rel}","templated":true}]}}