{"id":3116,"date":"2024-05-09T06:51:36","date_gmt":"2024-05-09T06:51:36","guid":{"rendered":"https:\/\/polysmarts.com\/?post_type=product&#038;p=3116"},"modified":"2024-05-09T08:21:25","modified_gmt":"2024-05-09T08:21:25","slug":"embalaje-personalizado-de-bolsas-de-papel-con-purpurina-de-lujo","status":"publish","type":"product","link":"https:\/\/polysmarts.com\/es\/product\/custom-luxury-glitter-paper-bag-packaging\/","title":{"rendered":"Embalaje de bolsa de papel con brillo de lujo personalizado"},"content":{"rendered":"<p>Mejore su experiencia de obsequio con nuestro empaque de bolsa de papel con purpurina de lujo personalizado. Estas exquisitas bolsas de regalo de papel kraft est\u00e1n dise\u00f1adas no solo para satisfacer sus necesidades diarias de embalaje, sino tambi\u00e9n para agregar un toque de elegancia y sofisticaci\u00f3n al compartir con amigos y seres queridos.<\/p>\n<p>Caracter\u00edstica<\/p>\n<ol class=\"list-decimal pl-8 space-y-2 -mt-1\">\n<li class=\"whitespace-normal break-words\">Material duradero y confiable: elaboradas con papel de alta calidad, nuestras bolsas de regalo con purpurina son pr\u00e1cticas, livianas, reutilizables y plegables, lo que garantiza comodidad para transportarlas o guardarlas cuando no est\u00e9n en uso.<\/li>\n<li class=\"whitespace-normal break-words\">Elegante acabado con purpurina: adornados con un acabado con purpurina brillante, estos bolsos irradian una sensaci\u00f3n de lujo y glamour. La purpurina es vibrante y brillante, resistente a la decoloraci\u00f3n y a\u00f1ade un toque extra de brillo a tus regalos.<\/li>\n<li class=\"whitespace-normal break-words\">Lienzo en blanco para la creatividad: Dise\u00f1adas con superficies en blanco, nuestras bolsas de compras met\u00e1licas le brindan un lienzo en blanco para dar rienda suelta a su creatividad. Personal\u00edcelos pint\u00e1ndolos, bord\u00e1ndolos, roci\u00e1ndolos o te\u00f1i\u00e9ndolos, embelleci\u00e9ndolos con hermosos dise\u00f1os, cintas, etiquetas y m\u00e1s (no incluidos), lo que le permitir\u00e1 disfrutar del placer de hacer manualidades.<\/li>\n<li class=\"whitespace-normal break-words\">Vers\u00e1til y multiusos: nuestras bolsas de regalo con purpurina son vers\u00e1tiles y adecuadas para diversas ocasiones. \u00daselos como bolsas de deporte, bolsas de almuerzo, bolsas de playa, bolsas de compras, bolsas de regalo para damas de honor, bolsas de regalos para fiestas, bolsas de picnic, bolsas de pa\u00f1ales y m\u00e1s. Ya sea que est\u00e9 organizando una celebraci\u00f3n de boda, una despedida de soltera, un baby shower, una fiesta de cumplea\u00f1os o cualquier otro evento especial, estos bolsos brindar\u00e1n comodidad y agregar\u00e1n un toque de lujo.<\/li>\n<\/ol>","protected":false},"excerpt":{"rendered":"<table style=\"height: 360px; width: 99.8505%; border-collapse: collapse;\" border=\"2\">\n<tbody>\n<tr style=\"height: 40px;\">\n<td style=\"width: 22.6796%; height: 30px; background-color: #99ccff;\"><span style=\"font-family: arial, helvetica, sans-serif; font-size: 12pt;\"><strong>Dimensi\u00f3n y estilo<\/strong><\/span><\/td>\n<td style=\"width: 77.3204%; height: 30px; background-color: #99ccff;\"><span style=\"font-family: arial, helvetica, sans-serif; font-size: 12pt;\">Formas y tama\u00f1os personalizados<\/span><\/td>\n<\/tr>\n<tr style=\"height: 40px;\">\n<td style=\"width: 22.6796%; height: 34px; background-color: #ebebeb;\"><span style=\"font-size: 12pt;\"><strong><span style=\"font-family: arial, helvetica, sans-serif;\">Cantidad m\u00ednima de pedido<\/span><\/strong><\/span><\/td>\n<td style=\"width: 77.3204%; height: 34px; background-color: #ebebeb;\"><span style=\"font-family: arial, helvetica, sans-serif; font-size: 12pt;\">1000 unidades sin personalizaci\u00f3n, 5000 unidades para personalizaci\u00f3n<\/span><\/td>\n<\/tr>\n<tr style=\"height: 40px; background-color: #99ccff;\">\n<td style=\"width: 22.6796%; height: 24px;\"><span style=\"font-size: 12pt;\"><strong><span style=\"font-family: arial, helvetica, sans-serif;\">Tipo de embalaje<\/span><\/strong><\/span><\/td>\n<td style=\"width: 77.3204%; height: 24px;\"><span style=\"font-family: arial, helvetica, sans-serif; font-size: 12pt;\">Bolsas de compras kraft\u00a0<\/span><\/td>\n<\/tr>\n<tr style=\"height: 40px; background-color: #ebebeb;\">\n<td style=\"width: 22.6796%; height: 24px;\"><span style=\"font-size: 12pt;\"><strong><span style=\"font-family: arial, helvetica, sans-serif;\">Material<\/span><\/strong><\/span><\/td>\n<td style=\"width: 77.3204%; height: 24px;\"><span style=\"font-family: arial, helvetica, sans-serif; font-size: 12pt;\">Papel kraft<\/span><\/td>\n<\/tr>\n<tr style=\"height: 40px; background-color: #99ccff;\">\n<td style=\"width: 22.6796%; height: 24px;\"><span style=\"font-size: 12pt;\"><strong><span style=\"font-family: arial, helvetica, sans-serif;\">Refinamiento<\/span><\/strong><\/span><\/td>\n<td style=\"width: 77.3204%; height: 24px;\"><span style=\"font-family: arial, helvetica, sans-serif; font-size: 12pt;\">Impresi\u00f3n de pantalla<\/span><\/td>\n<\/tr>\n<tr style=\"height: 40px; background-color: #ebebeb;\">\n<td style=\"width: 22.6796%; height: 24px;\"><span style=\"font-size: 12pt;\"><strong><span style=\"font-family: arial, helvetica, sans-serif;\">Caracter\u00edstica<\/span><\/strong><\/span><\/td>\n<td style=\"width: 77.3204%; height: 24px;\"><span style=\"font-family: arial, helvetica, sans-serif; font-size: 12pt;\">Reciclado<\/span><\/td>\n<\/tr>\n<tr style=\"height: 40px; background-color: #99ccff;\">\n<td style=\"width: 22.6796%; height: 24px;\"><span style=\"font-size: 12pt;\"><strong><span style=\"font-family: arial, helvetica, sans-serif;\">Tipo de bolsa de papel<\/span><\/strong><\/span><\/td>\n<td style=\"width: 77.3204%; height: 24px;\"><span style=\"font-family: arial, helvetica, sans-serif; font-size: 12pt;\">Bolsa de papel de regalo, bolsas de compras<\/span><\/td>\n<\/tr>\n<tr style=\"height: 40px; background-color: #ebebeb;\">\n<td style=\"width: 22.6796%; height: 24px;\"><span style=\"font-size: 12pt;\"><strong><span style=\"font-family: arial, helvetica, sans-serif;\">Tiempo de respuesta<\/span><\/strong><\/span><\/td>\n<td style=\"width: 77.3204%; height: 24px;\"><span style=\"font-family: arial, helvetica, sans-serif; font-size: 12pt;\">7 \u2013 15 d\u00edas h\u00e1biles, URGENTE<\/span><\/td>\n<\/tr>\n<tr style=\"height: 40px; background-color: #99ccff;\">\n<td style=\"width: 22.6796%; height: 24px;\"><span style=\"font-size: 12pt;\"><strong><span style=\"font-family: arial, helvetica, sans-serif;\">Env\u00edo<\/span><\/strong><\/span><\/td>\n<td style=\"width: 77.3204%; height: 24px;\"><span style=\"font-family: arial, helvetica, sans-serif; font-size: 12pt;\">Aire, Mar, Express<\/span><\/td>\n<\/tr>\n<\/tbody>\n<\/table>\n<p>&nbsp;<\/p>","protected":false},"featured_media":3117,"comment_status":"open","ping_status":"closed","template":"","meta":[],"product_brand":[],"product_cat":[20,34],"product_tag":[],"class_list":{"0":"post-3116","1":"product","2":"type-product","3":"status-publish","4":"has-post-thumbnail","6":"product_cat-kraft-paper-bag","7":"product_cat-paper-packing","9":"first","10":"instock","11":"shipping-taxable","12":"product-type-simple"},"_links":{"self":[{"href":"https:\/\/polysmarts.com\/es\/wp-json\/wp\/v2\/product\/3116","targetHints":{"allow":["GET"]}}],"collection":[{"href":"https:\/\/polysmarts.com\/es\/wp-json\/wp\/v2\/product"}],"about":[{"href":"https:\/\/polysmarts.com\/es\/wp-json\/wp\/v2\/types\/product"}],"replies":[{"embeddable":true,"href":"https:\/\/polysmarts.com\/es\/wp-json\/wp\/v2\/comments?post=3116"}],"version-history":[{"count":2,"href":"https:\/\/polysmarts.com\/es\/wp-json\/wp\/v2\/product\/3116\/revisions"}],"predecessor-version":[{"id":3124,"href":"https:\/\/polysmarts.com\/es\/wp-json\/wp\/v2\/product\/3116\/revisions\/3124"}],"wp:featuredmedia":[{"embeddable":true,"href":"https:\/\/polysmarts.com\/es\/wp-json\/wp\/v2\/media\/3117"}],"wp:attachment":[{"href":"https:\/\/polysmarts.com\/es\/wp-json\/wp\/v2\/media?parent=3116"}],"wp:term":[{"taxonomy":"product_brand","embeddable":true,"href":"https:\/\/polysmarts.com\/es\/wp-json\/wp\/v2\/product_brand?post=3116"},{"taxonomy":"product_cat","embeddable":true,"href":"https:\/\/polysmarts.com\/es\/wp-json\/wp\/v2\/product_cat?post=3116"},{"taxonomy":"product_tag","embeddable":true,"href":"https:\/\/polysmarts.com\/es\/wp-json\/wp\/v2\/product_tag?post=3116"}],"curies":[{"name":"gracias","href":"https:\/\/api.w.org\/{rel}","templated":true}]}}