{"id":3072,"date":"2024-05-07T10:10:08","date_gmt":"2024-05-07T10:10:08","guid":{"rendered":"https:\/\/polysmarts.com\/?post_type=product&#038;p=3072"},"modified":"2024-05-07T10:28:46","modified_gmt":"2024-05-07T10:28:46","slug":"embalaje-de-rollo-de-pelicula-de-plastico-personalizado-para-termorretractil","status":"publish","type":"product","link":"https:\/\/polysmarts.com\/es\/product\/custom-plastic-film-roll-packaging-for-heat-shrink\/","title":{"rendered":"Embalaje de rollo de pel\u00edcula pl\u00e1stica personalizado para termorretr\u00e1ctil"},"content":{"rendered":"<p>Los envases en rollo de pel\u00edcula pl\u00e1stica retr\u00e1ctil est\u00e1n hechos de PVC, son transparentes como el cristal e ins\u00edpidos, el efecto de contracci\u00f3n se logra f\u00e1cilmente. Grosor de doble capa y no se rasga, excelente calidad para un rendimiento superior.<\/p>\n<p><strong>Material:<\/strong> PVC\/PE\/OPS\/PETG\/PP<br \/>\n<strong>Color:<\/strong> Ofrecemos opciones de impresi\u00f3n de 0 a 10 colores, con impresi\u00f3n de alta alineaci\u00f3n para una representaci\u00f3n de colores vivos.<br \/>\n<strong>Dimensi\u00f3n:<\/strong> Personalizado para cumplir con sus requisitos espec\u00edficos.<br \/>\n<strong>Espesor:<\/strong> Disponible en 30-80 micras, se acepta personalizaci\u00f3n seg\u00fan sus necesidades.<br \/>\n<strong>Tasa de contracci\u00f3n:<\/strong> PVC 50% ARRIBA, OPS 70% ARRIBA, PET 75% ARRIBA<br \/>\n<strong>Opci\u00f3n de impresi\u00f3n:<\/strong> Elija entre impresi\u00f3n por huecograbado e impresi\u00f3n digital para obtener resultados \u00f3ptimos.<br \/>\n<strong>Uso:<\/strong> Ideal para envasar botellas de pl\u00e1stico, botellas de vidrio, frascos, latas, recipientes para agua, cajas y m\u00e1s.<br \/>\n<strong>Formato de etiqueta:<\/strong> Disponible en rollos o piezas para su comodidad.<\/p>\n<p>Mejore sus soluciones de embalaje con nuestro rollo de pel\u00edcula pl\u00e1stica retr\u00e1ctil de PVC, elaborado con materiales de alta calidad y que ofrece opciones de impresi\u00f3n vers\u00e1tiles. Ya sea que est\u00e9 empaquetando botellas de pl\u00e1stico, envases de vidrio o cajas, nuestra pel\u00edcula personalizable garantiza un ajuste perfecto para sus productos. Elija entre una variedad de colores y t\u00e9cnicas de impresi\u00f3n para crear envases llamativos que destaquen en los estantes. Con opciones tanto para huecograbado como para impresi\u00f3n digital, brindamos flexibilidad para adaptarnos a sus preferencias. Experimente la comodidad de rollos o piezas individuales, adaptadas a sus necesidades de embalaje. Conf\u00ede en nuestra experiencia para ofrecer calidad y rendimiento excepcionales en cada aplicaci\u00f3n.<\/p>","protected":false},"excerpt":{"rendered":"<table style=\"height: 360px; width: 99.8505%; border-collapse: collapse;\" border=\"2\">\n<tbody>\n<tr style=\"height: 40px;\">\n<td style=\"width: 22.6796%; height: 30px; background-color: #99ccff;\"><span style=\"font-family: arial, helvetica, sans-serif; font-size: 12pt;\"><strong>Dimensi\u00f3n y estilo<\/strong><\/span><\/td>\n<td style=\"width: 77.3204%; height: 30px; background-color: #99ccff;\"><span style=\"font-family: arial, helvetica, sans-serif; font-size: 12pt;\">Formas y tama\u00f1os personalizados<\/span><\/td>\n<\/tr>\n<tr style=\"height: 40px;\">\n<td style=\"width: 22.6796%; height: 34px; background-color: #ebebeb;\"><span style=\"font-size: 12pt;\"><strong><span style=\"font-family: arial, helvetica, sans-serif;\">Cantidad m\u00ednima de pedido<\/span><\/strong><\/span><\/td>\n<td style=\"width: 77.3204%; height: 34px; background-color: #ebebeb;\"><span style=\"font-family: arial, helvetica, sans-serif; font-size: 12pt;\">200 kilogramos<\/span><\/td>\n<\/tr>\n<tr style=\"height: 40px; background-color: #99ccff;\">\n<td style=\"width: 22.6796%; height: 24px;\"><span style=\"font-size: 12pt;\"><strong><span style=\"font-family: arial, helvetica, sans-serif;\">Tipo de embalaje<\/span><\/strong><\/span><\/td>\n<td style=\"width: 77.3204%; height: 24px;\"><span style=\"font-family: arial, helvetica, sans-serif; font-size: 12pt;\">Rollo de pel\u00edcula pl\u00e1stica<\/span><\/td>\n<\/tr>\n<tr style=\"height: 40px; background-color: #ebebeb;\">\n<td style=\"width: 22.6796%; height: 24px;\"><span style=\"font-size: 12pt;\"><strong><span style=\"font-family: arial, helvetica, sans-serif;\">Impresi\u00f3n<\/span><\/strong><\/span><\/td>\n<td style=\"width: 77.3204%; height: 24px;\"><span style=\"font-family: arial, helvetica, sans-serif; font-size: 12pt;\">Impresi\u00f3n en huecograbado, seg\u00fan dise\u00f1o, hasta 10 colores.<\/span><\/td>\n<\/tr>\n<tr style=\"height: 40px; background-color: #99ccff;\">\n<td style=\"width: 22.6796%; height: 24px;\"><span style=\"font-size: 12pt;\"><strong><span style=\"font-family: arial, helvetica, sans-serif;\">Tama\u00f1o y espesor<\/span><\/strong><\/span><\/td>\n<td style=\"width: 77.3204%; height: 24px;\"><span style=\"font-family: arial, helvetica, sans-serif; font-size: 12pt;\">Varios tama\u00f1os y espesores disponibles<\/span><\/td>\n<\/tr>\n<tr style=\"height: 40px; background-color: #ebebeb;\">\n<td style=\"width: 22.6796%; height: 24px;\"><span style=\"font-size: 12pt;\"><strong><span style=\"font-family: arial, helvetica, sans-serif;\">Material<\/span><\/strong><\/span><\/td>\n<td style=\"width: 77.3204%; height: 24px;\"><span style=\"font-family: arial, helvetica, sans-serif; font-size: 12pt;\">PET\/VMPET\/PE, PET\/AL\/PE, OPP\/VMPET\/PE, OPP\/AL\/PE, etc.<\/span><\/td>\n<\/tr>\n<tr style=\"height: 40px; background-color: #99ccff;\">\n<td style=\"width: 22.6796%; height: 24px;\"><span style=\"font-size: 12pt;\"><strong><span style=\"font-family: arial, helvetica, sans-serif;\">Solicitud<\/span><\/strong><\/span><\/td>\n<td style=\"width: 77.3204%; height: 24px;\"><span style=\"font-family: arial, helvetica, sans-serif; font-size: 12pt;\">Chips\/t\u00e9\/caf\u00e9 en grano\/caf\u00e9 en polvo\/caf\u00e9 molido\/patatas fritas, etc.<\/span><\/td>\n<\/tr>\n<tr style=\"height: 40px; background-color: #ebebeb;\">\n<td style=\"width: 22.6796%; height: 24px;\"><span style=\"font-size: 12pt;\"><strong><span style=\"font-family: arial, helvetica, sans-serif;\">Tiempo de respuesta<\/span><\/strong><\/span><\/td>\n<td style=\"width: 77.3204%; height: 24px;\"><span style=\"font-family: arial, helvetica, sans-serif; font-size: 12pt;\">7 \u2013 15 d\u00edas h\u00e1biles, URGENTE<\/span><\/td>\n<\/tr>\n<tr style=\"height: 40px; background-color: #99ccff;\">\n<td style=\"width: 22.6796%; height: 24px;\"><span style=\"font-size: 12pt;\"><strong><span style=\"font-family: arial, helvetica, sans-serif;\">Env\u00edo<\/span><\/strong><\/span><\/td>\n<td style=\"width: 77.3204%; height: 24px;\"><span style=\"font-family: arial, helvetica, sans-serif; font-size: 12pt;\">Aire, Mar, Express<\/span><\/td>\n<\/tr>\n<\/tbody>\n<\/table>\n<p>&nbsp;<\/p>","protected":false},"featured_media":3068,"comment_status":"open","ping_status":"closed","template":"","meta":[],"product_brand":[],"product_cat":[23],"product_tag":[],"class_list":{"0":"post-3072","1":"product","2":"type-product","3":"status-publish","4":"has-post-thumbnail","6":"product_cat-film-rolls","8":"first","9":"instock","10":"shipping-taxable","11":"product-type-simple"},"_links":{"self":[{"href":"https:\/\/polysmarts.com\/es\/wp-json\/wp\/v2\/product\/3072","targetHints":{"allow":["GET"]}}],"collection":[{"href":"https:\/\/polysmarts.com\/es\/wp-json\/wp\/v2\/product"}],"about":[{"href":"https:\/\/polysmarts.com\/es\/wp-json\/wp\/v2\/types\/product"}],"replies":[{"embeddable":true,"href":"https:\/\/polysmarts.com\/es\/wp-json\/wp\/v2\/comments?post=3072"}],"version-history":[{"count":2,"href":"https:\/\/polysmarts.com\/es\/wp-json\/wp\/v2\/product\/3072\/revisions"}],"predecessor-version":[{"id":3074,"href":"https:\/\/polysmarts.com\/es\/wp-json\/wp\/v2\/product\/3072\/revisions\/3074"}],"wp:featuredmedia":[{"embeddable":true,"href":"https:\/\/polysmarts.com\/es\/wp-json\/wp\/v2\/media\/3068"}],"wp:attachment":[{"href":"https:\/\/polysmarts.com\/es\/wp-json\/wp\/v2\/media?parent=3072"}],"wp:term":[{"taxonomy":"product_brand","embeddable":true,"href":"https:\/\/polysmarts.com\/es\/wp-json\/wp\/v2\/product_brand?post=3072"},{"taxonomy":"product_cat","embeddable":true,"href":"https:\/\/polysmarts.com\/es\/wp-json\/wp\/v2\/product_cat?post=3072"},{"taxonomy":"product_tag","embeddable":true,"href":"https:\/\/polysmarts.com\/es\/wp-json\/wp\/v2\/product_tag?post=3072"}],"curies":[{"name":"gracias","href":"https:\/\/api.w.org\/{rel}","templated":true}]}}