{"id":2955,"date":"2024-04-29T07:18:29","date_gmt":"2024-04-29T07:18:29","guid":{"rendered":"https:\/\/polysmarts.com\/?post_type=product&#038;p=2955"},"modified":"2024-04-29T07:34:55","modified_gmt":"2024-04-29T07:34:55","slug":"bolsas-para-bebidas-con-cremallera-resellable","status":"publish","type":"product","link":"https:\/\/polysmarts.com\/es\/product\/reclosable-zipper-drink-pouches-bags\/","title":{"rendered":"Bolsas para bebidas con cremallera que se pueden volver a cerrar"},"content":{"rendered":"<p>Experimente una comodidad y confiabilidad incomparables con nuestras bolsas transparentes para bebidas con cierre herm\u00e9tico. Fabricadas con material pl\u00e1stico de alta calidad, estas bolsas son livianas pero estables y ofrecen una durabilidad excepcional que resiste tanto el hielo fr\u00edo como las bebidas calientes con facilidad. Tenga la seguridad de que estas bolsas son seguras de usar y no se romper\u00e1n ni decolorar\u00e1n con el tiempo, lo que le proporciona una soluci\u00f3n confiable para sus necesidades de bebidas.<\/p>\n<p>Con una combinaci\u00f3n de texturas transparentes y mate, nuestras bolsas de jugo reutilizables est\u00e1n dise\u00f1adas con textos en rosa y azul respectivamente, complementados con pajitas de colores a juego. El dise\u00f1o claro le permite ver f\u00e1cilmente el contenido de la bolsa, mejorando su experiencia general de usuario.<\/p>\n<p>Perfectas para una variedad de ocasiones, estas bolsas para bebidas con pajita son vers\u00e1tiles y pr\u00e1cticas. Ya sea que est\u00e9 disfrutando de caf\u00e9, t\u00e9, bebidas energ\u00e9ticas, batidos saludables o batidos de prote\u00ednas, nuestras bolsas con cremallera para bebidas lo tienen cubierto. Adem\u00e1s, se pueden utilizar para almacenar alimentos, incluidos frijoles, bocadillos, dulces, galletas, flores secas, nueces y m\u00e1s.<\/p>\n<p>Con unas dimensiones de aproximadamente 7,8 x 5 pulgadas y una capacidad de aproximadamente 350 ml\/11,8 oz, cada bolsa con cierre de g\u00e9nero revela que ofrece espacio adecuado para sus bebidas favoritas. F\u00e1ciles de sostener y llenar, estas bolsas son adecuadas para varios tama\u00f1os de manos, lo que le brinda una experiencia c\u00f3moda para beber.<\/p>\n<p>Para aquellos que buscan opciones de personalizaci\u00f3n, Polysmarts da la bienvenida a la personalizaci\u00f3n de tama\u00f1o y capacidad, asegurando que nuestras bolsas satisfagan sus necesidades y preferencias espec\u00edficas. Mejore su experiencia con bebidas con las bolsas para bebidas con cremallera resellable de Polysmarts, la combinaci\u00f3n perfecta de calidad, conveniencia y personalizaci\u00f3n.<\/p>","protected":false},"excerpt":{"rendered":"<table style=\"height: 360px; width: 99.8505%; border-collapse: collapse;\" border=\"2\">\n<tbody>\n<tr style=\"height: 40px;\">\n<td style=\"width: 22.6796%; height: 30px; background-color: #99ccff;\"><span style=\"font-family: arial, helvetica, sans-serif; font-size: 12pt;\"><strong>Dimensi\u00f3n y estilo<\/strong><\/span><\/td>\n<td style=\"width: 77.3204%; height: 30px; background-color: #99ccff;\"><span style=\"font-family: arial, helvetica, sans-serif; font-size: 12pt;\">Formas y tama\u00f1os personalizados<\/span><\/td>\n<\/tr>\n<tr style=\"height: 40px;\">\n<td style=\"width: 22.6796%; height: 34px; background-color: #ebebeb;\"><span style=\"font-size: 12pt;\"><strong><span style=\"font-family: arial, helvetica, sans-serif;\">Cantidad m\u00ednima de pedido<\/span><\/strong><\/span><\/td>\n<td style=\"width: 77.3204%; height: 34px; background-color: #ebebeb;\"><span style=\"font-family: arial, helvetica, sans-serif; font-size: 12pt;\">1000 unidades sin personalizaci\u00f3n, 10000 unidades para personalizaci\u00f3n<\/span><\/td>\n<\/tr>\n<tr style=\"height: 40px; background-color: #99ccff;\">\n<td style=\"width: 22.6796%; height: 24px;\"><span style=\"font-size: 12pt;\"><strong><span style=\"font-family: arial, helvetica, sans-serif;\">Tipo de embalaje<\/span><\/strong><\/span><\/td>\n<td style=\"width: 77.3204%; height: 24px;\"><span style=\"font-family: arial, helvetica, sans-serif; font-size: 12pt;\">Bolsas para bebidas Bolsas con cremallera<\/span><\/td>\n<\/tr>\n<tr style=\"height: 40px; background-color: #ebebeb;\">\n<td style=\"width: 22.6796%; height: 24px;\"><span style=\"font-size: 12pt;\"><strong><span style=\"font-family: arial, helvetica, sans-serif;\">Impresi\u00f3n<\/span><\/strong><\/span><\/td>\n<td style=\"width: 77.3204%; height: 24px;\"><span style=\"font-family: arial, helvetica, sans-serif; font-size: 12pt;\">CMYK (1 \u2013 10 colores), sin impresi\u00f3n (normal)<\/span><\/td>\n<\/tr>\n<tr style=\"height: 40px; background-color: #99ccff;\">\n<td style=\"width: 22.6796%; height: 24px;\"><span style=\"font-size: 12pt;\"><strong><span style=\"font-family: arial, helvetica, sans-serif;\">Refinamiento<\/span><\/strong><\/span><\/td>\n<td style=\"width: 77.3204%; height: 24px;\"><span style=\"font-family: arial, helvetica, sans-serif; font-size: 12pt;\">Laminaci\u00f3n brillante\/mate, impresi\u00f3n offset<\/span><\/td>\n<\/tr>\n<tr style=\"height: 40px; background-color: #ebebeb;\">\n<td style=\"width: 22.6796%; height: 24px;\"><span style=\"font-size: 12pt;\"><strong><span style=\"font-family: arial, helvetica, sans-serif;\">Opciones incluidas<\/span><\/strong><\/span><\/td>\n<td style=\"width: 77.3204%; height: 24px;\"><span style=\"font-family: arial, helvetica, sans-serif; font-size: 12pt;\">Troquelado, sellado t\u00e9rmico<\/span><\/td>\n<\/tr>\n<tr style=\"height: 40px; background-color: #99ccff;\">\n<td style=\"width: 22.6796%; height: 24px;\"><span style=\"font-size: 12pt;\"><strong><span style=\"font-family: arial, helvetica, sans-serif;\">Prueba<\/span><\/strong><\/span><\/td>\n<td style=\"width: 77.3204%; height: 24px;\"><span style=\"font-family: arial, helvetica, sans-serif; font-size: 12pt;\">Pruebas de olor\u00a0<\/span><\/td>\n<\/tr>\n<tr style=\"height: 40px; background-color: #ebebeb;\">\n<td style=\"width: 22.6796%; height: 24px;\"><span style=\"font-size: 12pt;\"><strong><span style=\"font-family: arial, helvetica, sans-serif;\">Tiempo de respuesta<\/span><\/strong><\/span><\/td>\n<td style=\"width: 77.3204%; height: 24px;\"><span style=\"font-family: arial, helvetica, sans-serif; font-size: 12pt;\">7 \u2013 15 d\u00edas h\u00e1biles, URGENTE<\/span><\/td>\n<\/tr>\n<tr style=\"height: 40px; background-color: #99ccff;\">\n<td style=\"width: 22.6796%; height: 24px;\"><span style=\"font-size: 12pt;\"><strong><span style=\"font-family: arial, helvetica, sans-serif;\">Env\u00edo<\/span><\/strong><\/span><\/td>\n<td style=\"width: 77.3204%; height: 24px;\"><span style=\"font-family: arial, helvetica, sans-serif; font-size: 12pt;\">Aire, Mar, Express<\/span><\/td>\n<\/tr>\n<\/tbody>\n<\/table>\n<p>&nbsp;<\/p>","protected":false},"featured_media":2959,"comment_status":"open","ping_status":"closed","template":"","meta":[],"product_brand":[],"product_cat":[26,18],"product_tag":[],"class_list":{"0":"post-2955","1":"product","2":"type-product","3":"status-publish","4":"has-post-thumbnail","6":"product_cat-food-packaging","7":"product_cat-zipper-bags","9":"first","10":"instock","11":"shipping-taxable","12":"product-type-simple"},"_links":{"self":[{"href":"https:\/\/polysmarts.com\/es\/wp-json\/wp\/v2\/product\/2955","targetHints":{"allow":["GET"]}}],"collection":[{"href":"https:\/\/polysmarts.com\/es\/wp-json\/wp\/v2\/product"}],"about":[{"href":"https:\/\/polysmarts.com\/es\/wp-json\/wp\/v2\/types\/product"}],"replies":[{"embeddable":true,"href":"https:\/\/polysmarts.com\/es\/wp-json\/wp\/v2\/comments?post=2955"}],"version-history":[{"count":2,"href":"https:\/\/polysmarts.com\/es\/wp-json\/wp\/v2\/product\/2955\/revisions"}],"predecessor-version":[{"id":2964,"href":"https:\/\/polysmarts.com\/es\/wp-json\/wp\/v2\/product\/2955\/revisions\/2964"}],"wp:featuredmedia":[{"embeddable":true,"href":"https:\/\/polysmarts.com\/es\/wp-json\/wp\/v2\/media\/2959"}],"wp:attachment":[{"href":"https:\/\/polysmarts.com\/es\/wp-json\/wp\/v2\/media?parent=2955"}],"wp:term":[{"taxonomy":"product_brand","embeddable":true,"href":"https:\/\/polysmarts.com\/es\/wp-json\/wp\/v2\/product_brand?post=2955"},{"taxonomy":"product_cat","embeddable":true,"href":"https:\/\/polysmarts.com\/es\/wp-json\/wp\/v2\/product_cat?post=2955"},{"taxonomy":"product_tag","embeddable":true,"href":"https:\/\/polysmarts.com\/es\/wp-json\/wp\/v2\/product_tag?post=2955"}],"curies":[{"name":"gracias","href":"https:\/\/api.w.org\/{rel}","templated":true}]}}