{"id":2833,"date":"2024-04-21T02:43:53","date_gmt":"2024-04-21T02:43:53","guid":{"rendered":"https:\/\/polysmarts.com\/?post_type=product&#038;p=2833"},"modified":"2024-04-21T03:56:09","modified_gmt":"2024-04-21T03:56:09","slug":"bolsas-de-pie-a-prueba-de-olores-bolsas-de-mylar","status":"publish","type":"product","link":"https:\/\/polysmarts.com\/es\/product\/smell-proof-stand-up-pouches-mylar-bags\/","title":{"rendered":"Bolsas de pie a prueba de olores Bolsas Mylar"},"content":{"rendered":"<p>Experimente la cima de la innovaci\u00f3n en empaques con nuestras bolsas Stand Up a prueba de olores, meticulosamente elaboradas por l\u00edderes de la industria para brindar versatilidad y durabilidad incomparables. Con un espesor de 80 <span style=\"font-family: arial, helvetica, sans-serif; font-size: 12pt;\">micrones<\/span>, estas bolsas sellables brindan el equilibrio perfecto entre resistencia y flexibilidad, lo que garantiza que no se rompan ni se rompan bajo presi\u00f3n. Adem\u00e1s, nuestras bolsas de mylar negro brillante\/transparente le ofrecen personalizaci\u00f3n si pide m\u00e1s de 1000 unidades.<\/p>\n<p>Cada opci\u00f3n de embalaje a granel incluye 100 bolsas de mylar a prueba de olores, lo que la convierte en una opci\u00f3n excepcional para todas sus necesidades de embalaje.<\/p>\n<p>Dise\u00f1adas a la perfecci\u00f3n, nuestras bolsas resellables est\u00e1n dise\u00f1adas para atrapar los olores en el interior y mantener fuera la suciedad, el agua y el polvo. Con un cierre herm\u00e9tico con cremallera, estas bolsas retienen la frescura y brindan una soluci\u00f3n de almacenamiento a largo plazo eficaz y sin esfuerzo. A pesar de ser herm\u00e9ticas cuando est\u00e1n selladas, nuestras duraderas bolsas con cierre herm\u00e9tico de mylar est\u00e1n dise\u00f1adas para abrirse y volverse a sellar f\u00e1cilmente seg\u00fan sea necesario.<\/p>\n<p>D\u00edgale adi\u00f3s a los tradicionales envases de viales con tapa abatible y aproveche la versatilidad de nuestras duraderas bolsas de mylar, adecuadas para su uso en diversas industrias. Compatibles con la mayor\u00eda de las m\u00e1quinas termoselladoras, estas bolsas de alta calidad se pueden sellar t\u00e9rmicamente por encima de las muescas de desgarro, lo que prolonga la vida \u00fatil de sus productos y proporciona una capa adicional de protecci\u00f3n contra elementos externos.<\/p>\n<p>Cada bolsa de mylar Loud Lock puede venir con bolsas de pl\u00e1stico reutilizables con un orificio para colgar (arriba del sello ziplock) o sin orificio, seg\u00fan la disponibilidad. Con un fondo reforzado para una f\u00e1cil expansi\u00f3n, nuestras bolsas de mylar negro mate\/transparente garantizan la m\u00e1xima capacidad de almacenamiento del producto y minimizan el riesgo de da\u00f1os al producto. Adem\u00e1s, el fondo reforzado permite que las bolsas se mantengan en posici\u00f3n vertical para una c\u00f3moda visualizaci\u00f3n.<\/p>\n<p>Mejore su juego de empaque con las bolsas Stand Up a prueba de olores, la soluci\u00f3n definitiva para preservar la frescura y proteger sus productos.<\/p>","protected":false},"excerpt":{"rendered":"<table style=\"height: 360px; width: 99.8505%; border-collapse: collapse;\" border=\"2\">\n<tbody>\n<tr style=\"height: 40px;\">\n<td style=\"width: 38.0988%; height: 30px; background-color: #99ccff;\"><span style=\"font-family: arial, helvetica, sans-serif; font-size: 12pt;\"><strong>Dimensi\u00f3n y estilo<\/strong><\/span><\/td>\n<td style=\"width: 61.9012%; height: 30px; background-color: #99ccff;\"><span style=\"font-family: arial, helvetica, sans-serif; font-size: 12pt;\">12,5*20+4\/7,6*12,7+3cm<\/span><\/td>\n<\/tr>\n<tr style=\"height: 40px;\">\n<td style=\"width: 38.0988%; height: 34px; background-color: #ebebeb;\"><span style=\"font-size: 12pt;\"><strong><span style=\"font-family: arial, helvetica, sans-serif;\">Peso de 1 paquete = 100 piezas<\/span><\/strong><\/span><\/td>\n<td style=\"width: 61.9012%; height: 34px; background-color: #ebebeb;\"><span style=\"font-family: arial, helvetica, sans-serif; font-size: 12pt;\">Alrededor de 0,7 \/ 0,3 kg<\/span><\/td>\n<\/tr>\n<tr style=\"height: 40px; background-color: #99ccff;\">\n<td style=\"width: 38.0988%; height: 24px;\"><span style=\"font-size: 12pt;\"><strong><span style=\"font-family: arial, helvetica, sans-serif;\">Tipo de embalaje<\/span><\/strong><\/span><\/td>\n<td style=\"width: 61.9012%; height: 24px;\"><span style=\"font-family: arial, helvetica, sans-serif; font-size: 12pt;\">Bolsas de pie a prueba de olores<\/span><\/td>\n<\/tr>\n<tr style=\"height: 40px; background-color: #ebebeb;\">\n<td style=\"width: 38.0988%; height: 24px;\"><span style=\"font-size: 12pt;\"><strong><span style=\"font-family: arial, helvetica, sans-serif;\">Espesor<\/span><\/strong><\/span><\/td>\n<td style=\"width: 61.9012%; height: 24px;\"><span style=\"font-family: arial, helvetica, sans-serif; font-size: 12pt;\">80 micras<\/span><\/td>\n<\/tr>\n<tr style=\"height: 40px; background-color: #99ccff;\">\n<td style=\"width: 38.0988%; height: 24px;\"><span style=\"font-size: 12pt;\"><strong><span style=\"font-family: arial, helvetica, sans-serif;\">Refinamiento<\/span><\/strong><\/span><\/td>\n<td style=\"width: 61.9012%; height: 24px;\"><span style=\"font-family: arial, helvetica, sans-serif; font-size: 12pt;\">Claro<\/span><\/td>\n<\/tr>\n<tr style=\"height: 40px; background-color: #ebebeb;\">\n<td style=\"width: 38.0988%; height: 24px;\"><span style=\"font-size: 12pt;\"><strong><span style=\"font-family: arial, helvetica, sans-serif;\">Material<\/span><\/strong><\/span><\/td>\n<td style=\"width: 61.9012%; height: 24px;\"><span style=\"font-family: arial, helvetica, sans-serif; font-size: 12pt;\">OPP\/VMPET\/PE<\/span><\/td>\n<\/tr>\n<tr style=\"height: 40px; background-color: #99ccff;\">\n<td style=\"width: 38.0988%; height: 24px;\"><span style=\"font-size: 12pt;\"><strong><span style=\"font-family: arial, helvetica, sans-serif;\">Prueba<\/span><\/strong><\/span><\/td>\n<td style=\"width: 61.9012%; height: 24px;\"><span style=\"font-family: arial, helvetica, sans-serif; font-size: 12pt;\">A prueba de olores<\/span><\/td>\n<\/tr>\n<tr style=\"height: 40px; background-color: #ebebeb;\">\n<td style=\"width: 38.0988%; height: 24px;\"><span style=\"font-size: 12pt;\"><strong><span style=\"font-family: arial, helvetica, sans-serif;\">Tiempo de env\u00edo<\/span><\/strong><\/span><\/td>\n<td style=\"width: 61.9012%; height: 24px;\"><span style=\"font-family: arial, helvetica, sans-serif; font-size: 12pt;\">7 \u2013 15 d\u00edas h\u00e1biles, URGENTE<\/span><\/td>\n<\/tr>\n<tr style=\"height: 40px; background-color: #99ccff;\">\n<td style=\"width: 38.0988%; height: 24px;\"><span style=\"font-size: 12pt;\"><strong><span style=\"font-family: arial, helvetica, sans-serif;\">M\u00e9todo de env\u00edo<\/span><\/strong><\/span><\/td>\n<td style=\"width: 61.9012%; height: 24px;\"><span style=\"font-family: arial, helvetica, sans-serif; font-size: 12pt;\">Expresar<\/span><\/td>\n<\/tr>\n<\/tbody>\n<\/table>\n<p>&nbsp;<\/p>","protected":false},"featured_media":2837,"comment_status":"open","ping_status":"closed","template":"","meta":[],"product_brand":[],"product_cat":[64],"product_tag":[],"class_list":{"0":"post-2833","1":"product","2":"type-product","3":"status-publish","4":"has-post-thumbnail","6":"product_cat-stock-pouches","8":"first","9":"instock","10":"shipping-taxable","11":"purchasable","12":"product-type-variable"},"_links":{"self":[{"href":"https:\/\/polysmarts.com\/es\/wp-json\/wp\/v2\/product\/2833","targetHints":{"allow":["GET"]}}],"collection":[{"href":"https:\/\/polysmarts.com\/es\/wp-json\/wp\/v2\/product"}],"about":[{"href":"https:\/\/polysmarts.com\/es\/wp-json\/wp\/v2\/types\/product"}],"replies":[{"embeddable":true,"href":"https:\/\/polysmarts.com\/es\/wp-json\/wp\/v2\/comments?post=2833"}],"version-history":[{"count":3,"href":"https:\/\/polysmarts.com\/es\/wp-json\/wp\/v2\/product\/2833\/revisions"}],"predecessor-version":[{"id":2844,"href":"https:\/\/polysmarts.com\/es\/wp-json\/wp\/v2\/product\/2833\/revisions\/2844"}],"wp:featuredmedia":[{"embeddable":true,"href":"https:\/\/polysmarts.com\/es\/wp-json\/wp\/v2\/media\/2837"}],"wp:attachment":[{"href":"https:\/\/polysmarts.com\/es\/wp-json\/wp\/v2\/media?parent=2833"}],"wp:term":[{"taxonomy":"product_brand","embeddable":true,"href":"https:\/\/polysmarts.com\/es\/wp-json\/wp\/v2\/product_brand?post=2833"},{"taxonomy":"product_cat","embeddable":true,"href":"https:\/\/polysmarts.com\/es\/wp-json\/wp\/v2\/product_cat?post=2833"},{"taxonomy":"product_tag","embeddable":true,"href":"https:\/\/polysmarts.com\/es\/wp-json\/wp\/v2\/product_tag?post=2833"}],"curies":[{"name":"gracias","href":"https:\/\/api.w.org\/{rel}","templated":true}]}}