{"id":2788,"date":"2024-04-19T06:33:02","date_gmt":"2024-04-19T06:33:02","guid":{"rendered":"https:\/\/polysmarts.com\/?post_type=product&#038;p=2788"},"modified":"2024-04-19T06:53:24","modified_gmt":"2024-04-19T06:53:24","slug":"bolsas-con-asa-troqueladas-personalizadas-para-llevar-bolsas-de-compras","status":"publish","type":"product","link":"https:\/\/polysmarts.com\/es\/product\/custom-die-cut-handle-bags-carry-shopping-bags\/","title":{"rendered":"Bolsas con asa troqueladas personalizadas para llevar bolsas de compras"},"content":{"rendered":"<p><strong>Informaci\u00f3n del paquete y tama\u00f1o:<\/strong> Mejore su experiencia de compra con nuestras bolsas con asas troqueladas personalizadas. Cada paquete contiene bolsas de pl\u00e1stico de 12 \u00d7 15 pulgadas con asas. Alternativamente, personalice el tama\u00f1o para cumplir con sus requisitos espec\u00edficos para mayor comodidad y funcionalidad.<\/p>\n<p><strong>Grueso y resistente:<\/strong> Nuestras bolsas de compras Rain Tick Die Cut Handle Bags para boutiques cuentan con un grosor de 2,36 mil (un solo lado), lo que garantiza una resistencia y durabilidad incomparables. Tenga la seguridad de que estas bolsas est\u00e1n dise\u00f1adas para resistir el uso diario sin rasgarse ni romperse. Tambi\u00e9n ofrecemos opciones de espesor personalizadas para satisfacer sus preferencias.<\/p>\n<p><strong>Ideal para peque\u00f1as empresas:<\/strong> Deje una impresi\u00f3n duradera con nuestro llamativo logotipo dorado &quot;Gracias&quot; impreso en cada bolso. Este dise\u00f1o profesional y elegante mejora la imagen de su marca y eleva la experiencia de compra de sus clientes. Muestre su agradecimiento con estas hermosas bolsas de pl\u00e1stico, dise\u00f1adas espec\u00edficamente para peque\u00f1as empresas.<\/p>\n<p><strong>Asas pr\u00e1cticas:<\/strong> Dise\u00f1adas con resistentes asas troqueladas, nuestras bolsas para peque\u00f1as empresas son f\u00e1ciles de transportar. Disfrute de un agarre firme y c\u00f3modo sin preocuparse por estirarse demasiado o romperse. Estas bolsas resistentes a desgarros se pueden usar varias veces, lo que brinda comodidad y funcionalidad duraderas.<\/p>\n<p><strong>Bolsas de mercanc\u00edas ampliamente utilizadas:<\/strong> Nuestras bolsas de productos con asas son vers\u00e1tiles y perfectas para diversas ocasiones, incluidas ferias comerciales, manualidades, ropa, tiendas temporales, cumplea\u00f1os, bodas, Navidad y regalos de San Valent\u00edn. \u00daselos como bolsas de compras, bolsas para regalos de fiesta o bolsas boutique para mayor versatilidad. Tenga en cuenta: algunas bolsas pueden tener gr\u00e1nulos en la superficie, pero tenga la seguridad de que esto no afecta su funcionalidad.<\/p>","protected":false},"excerpt":{"rendered":"<table style=\"height: 360px; width: 100.741%; border-collapse: collapse; background-color: #ebebeb;\" border=\"2\">\n<tbody>\n<tr style=\"height: 40px;\">\n<td style=\"width: 22.6796%; height: 30px; background-color: #99ccff;\"><span style=\"font-family: arial, helvetica, sans-serif; font-size: 12pt;\"><strong>Dimensi\u00f3n y estilo<\/strong><\/span><\/td>\n<td style=\"width: 78.2121%; height: 30px; background-color: #99ccff;\"><span style=\"font-family: arial, helvetica, sans-serif; font-size: 12pt;\">Formas y tama\u00f1os personalizados<\/span><\/td>\n<\/tr>\n<tr style=\"height: 40px;\">\n<td style=\"width: 22.6796%; height: 34px; background-color: #ebebeb;\"><span style=\"font-size: 12pt;\"><strong><span style=\"font-family: arial, helvetica, sans-serif;\">Cantidad m\u00ednima de pedido<\/span><\/strong><\/span><\/td>\n<td style=\"width: 78.2121%; height: 34px; background-color: #ebebeb;\"><span style=\"font-family: arial, helvetica, sans-serif; font-size: 12pt;\">1000 unidades sin personalizaci\u00f3n, 10000 unidades para personalizaci\u00f3n\u00a0<\/span><\/td>\n<\/tr>\n<tr style=\"height: 40px; background-color: #99ccff;\">\n<td style=\"width: 22.6796%; height: 24px;\"><span style=\"font-size: 12pt;\"><strong><span style=\"font-family: arial, helvetica, sans-serif;\">Tipo de embalaje<\/span><\/strong><\/span><\/td>\n<td style=\"width: 78.2121%; height: 24px;\"><span style=\"font-family: arial, helvetica, sans-serif; font-size: 12pt;\">Bolsas con asa troquelada<\/span><\/td>\n<\/tr>\n<tr style=\"height: 40px; background-color: #ebebeb;\">\n<td style=\"width: 22.6796%; height: 24px;\"><span style=\"font-size: 12pt;\"><strong><span style=\"font-family: arial, helvetica, sans-serif;\">Impresi\u00f3n<\/span><\/strong><\/span><\/td>\n<td style=\"width: 78.2121%; height: 24px;\"><span style=\"font-family: arial, helvetica, sans-serif; font-size: 12pt;\">CMYK (1 \u2013 10 colores), sin impresi\u00f3n (normal)<\/span><\/td>\n<\/tr>\n<tr style=\"height: 40px; background-color: #99ccff;\">\n<td style=\"width: 22.6796%; height: 24px;\"><span style=\"font-size: 12pt;\"><strong><span style=\"font-family: arial, helvetica, sans-serif;\">Manejo de superficies<\/span><\/strong><\/span><\/td>\n<td style=\"width: 78.2121%; height: 24px;\"><span style=\"font-family: arial, helvetica, sans-serif; font-size: 12pt;\">Impresi\u00f3n offset<\/span><\/td>\n<\/tr>\n<tr style=\"height: 40px; background-color: #ebebeb;\">\n<td style=\"width: 22.6796%; height: 24px;\"><span style=\"font-size: 12pt;\"><strong><span style=\"font-family: arial, helvetica, sans-serif;\">Material<\/span><\/strong><\/span><\/td>\n<td style=\"width: 78.2121%; height: 24px;\"><span style=\"font-family: arial, helvetica, sans-serif; font-size: 12pt;\">EDUCACI\u00d3N F\u00cdSICA<\/span><\/td>\n<\/tr>\n<tr style=\"height: 40px; background-color: #99ccff;\">\n<td style=\"width: 22.6796%; height: 24px;\"><span style=\"font-size: 12pt;\"><strong><span style=\"font-family: arial, helvetica, sans-serif;\">Tama\u00f1o<\/span><\/strong><\/span><\/td>\n<td style=\"width: 78.2121%; height: 24px;\"><span style=\"font-family: arial, helvetica, sans-serif; font-size: 12pt;\">Personalizado<\/span><\/td>\n<\/tr>\n<tr style=\"height: 40px; background-color: #ebebeb;\">\n<td style=\"width: 22.6796%; height: 24px;\"><span style=\"font-size: 12pt;\"><strong><span style=\"font-family: arial, helvetica, sans-serif;\">Espesor<\/span><\/strong><\/span><\/td>\n<td style=\"width: 78.2121%; height: 24px;\"><span style=\"font-family: arial, helvetica, sans-serif; font-size: 12pt;\">120 micras para lados dobles, espesor personalizado aceptado<\/span><\/td>\n<\/tr>\n<tr style=\"height: 40px; background-color: #99ccff;\">\n<td style=\"width: 22.6796%; height: 24px;\"><span style=\"font-size: 12pt;\"><strong><span style=\"font-family: arial, helvetica, sans-serif;\">Env\u00edo<\/span><\/strong><\/span><\/td>\n<td style=\"width: 78.2121%; height: 24px;\"><span style=\"font-family: arial, helvetica, sans-serif; font-size: 12pt;\">Aire, Mar, Express<\/span><\/td>\n<\/tr>\n<tr style=\"height: 40px; background-color: #ebebeb;\">\n<td style=\"width: 22.6796%; height: 24px;\"><span style=\"font-size: 12pt;\"><strong><span style=\"font-family: arial, helvetica, sans-serif;\">Tiempo de respuesta<\/span><\/strong><\/span><\/td>\n<td style=\"width: 78.2121%; height: 24px;\"><span style=\"font-family: arial, helvetica, sans-serif; font-size: 12pt;\">7 \u2013 15 d\u00edas h\u00e1biles, URGENTE<\/span><\/td>\n<\/tr>\n<\/tbody>\n<\/table>\n<p>&nbsp;<\/p>","protected":false},"featured_media":2789,"comment_status":"open","ping_status":"closed","template":"","meta":[],"product_brand":[],"product_cat":[31,21],"product_tag":[],"class_list":{"0":"post-2788","1":"product","2":"type-product","3":"status-publish","4":"has-post-thumbnail","6":"product_cat-clothing-packaging","7":"product_cat-opp-cpp-pe-cpe-single-material-bag","9":"first","10":"instock","11":"shipping-taxable","12":"product-type-simple"},"_links":{"self":[{"href":"https:\/\/polysmarts.com\/es\/wp-json\/wp\/v2\/product\/2788","targetHints":{"allow":["GET"]}}],"collection":[{"href":"https:\/\/polysmarts.com\/es\/wp-json\/wp\/v2\/product"}],"about":[{"href":"https:\/\/polysmarts.com\/es\/wp-json\/wp\/v2\/types\/product"}],"replies":[{"embeddable":true,"href":"https:\/\/polysmarts.com\/es\/wp-json\/wp\/v2\/comments?post=2788"}],"version-history":[{"count":2,"href":"https:\/\/polysmarts.com\/es\/wp-json\/wp\/v2\/product\/2788\/revisions"}],"predecessor-version":[{"id":2795,"href":"https:\/\/polysmarts.com\/es\/wp-json\/wp\/v2\/product\/2788\/revisions\/2795"}],"wp:featuredmedia":[{"embeddable":true,"href":"https:\/\/polysmarts.com\/es\/wp-json\/wp\/v2\/media\/2789"}],"wp:attachment":[{"href":"https:\/\/polysmarts.com\/es\/wp-json\/wp\/v2\/media?parent=2788"}],"wp:term":[{"taxonomy":"product_brand","embeddable":true,"href":"https:\/\/polysmarts.com\/es\/wp-json\/wp\/v2\/product_brand?post=2788"},{"taxonomy":"product_cat","embeddable":true,"href":"https:\/\/polysmarts.com\/es\/wp-json\/wp\/v2\/product_cat?post=2788"},{"taxonomy":"product_tag","embeddable":true,"href":"https:\/\/polysmarts.com\/es\/wp-json\/wp\/v2\/product_tag?post=2788"}],"curies":[{"name":"gracias","href":"https:\/\/api.w.org\/{rel}","templated":true}]}}