{"id":2779,"date":"2024-04-18T07:33:39","date_gmt":"2024-04-18T07:33:39","guid":{"rendered":"https:\/\/polysmarts.com\/?post_type=product&#038;p=2779"},"modified":"2024-04-18T07:50:14","modified_gmt":"2024-04-18T07:50:14","slug":"bolsa-autosellable-de-pe-con-gancho-para-colgar","status":"publish","type":"product","link":"https:\/\/polysmarts.com\/es\/product\/pe-self-sealing-bag-with-hanging-hook\/","title":{"rendered":"Bolsa autosellante de PE con gancho para colgar"},"content":{"rendered":"<p>Descubra la comodidad de nuestras bolsas autosellantes de PE con gancho para colgar incorporado, dise\u00f1adas para optimizar sus necesidades de embalaje y almacenamiento sin esfuerzo.<\/p>\n<p>Cremallera resellable con mayor comodidad: selle y vuelva a sellar sus pertenencias sin esfuerzo con nuestra cremallera deslizante de primera calidad y gancho integrado. D\u00edgale adi\u00f3s a los engorrosos selladores y cintas adhesivas, ya que nuestras bolsas aceleran las operaciones de embalaje, env\u00edo y env\u00edo por correo mientras protegen su ropa y objetos de valor del polvo, los olores y la humedad.<\/p>\n<p>Reforzadas para una protecci\u00f3n confiable: experimente la tranquilidad de saber que nuestras bolsas de polietileno con cremallera esmerilada est\u00e1n reforzadas en los lados, lo que ofrece una durabilidad y resistencia excepcionales. Con lados reforzados, nuestras bolsas resisten mejor rasgaduras, roturas y desgarros, lo que garantiza que su mercanc\u00eda permanezca protegida durante el almacenamiento, env\u00edo y env\u00edo por correo.<\/p>\n<p>Advertencia: Ventilaci\u00f3n para una circulaci\u00f3n de aire \u00f3ptima: tenga en cuenta la funci\u00f3n de ventilaci\u00f3n de nuestras bolsas, equipadas con bolsas con orificios de ventilaci\u00f3n para optimizar la circulaci\u00f3n del aire. Estas bolsas transpirables protegen tus pertenencias y evitan la asfixia, lo que las hace ideales para una variedad de usos. Si necesita una opci\u00f3n completamente sellada, considere sus necesidades cuidadosamente antes de comprar.<\/p>\n<p>Usos vers\u00e1tiles para una vida organizada: Adornadas con un acabado esmerilado, nuestras bolsas irradian elegancia y profesionalismo, lo que las convierte en imprescindibles para la organizaci\u00f3n del hogar, embalaje de viajes, env\u00edos comerciales y m\u00e1s. Desde ropa y accesorios hasta obras de arte y productos electr\u00f3nicos, nuestras bolsas se adaptan a una amplia gama de art\u00edculos, garantizando que todo est\u00e9 perfectamente almacenado y sea de f\u00e1cil acceso.<\/p>","protected":false},"excerpt":{"rendered":"<table style=\"height: 360px; width: 99.8505%; border-collapse: collapse;\" border=\"2\">\n<tbody>\n<tr style=\"height: 40px;\">\n<td style=\"width: 38.0988%; height: 30px; background-color: #99ccff;\"><span style=\"font-family: arial, helvetica, sans-serif; font-size: 12pt;\"><strong>Dimensi\u00f3n y estilo<\/strong><\/span><\/td>\n<td style=\"width: 61.9012%; height: 30px; background-color: #99ccff;\"><span style=\"font-family: arial, helvetica, sans-serif; font-size: 12pt;\">22*11,5 cm<\/span><\/td>\n<\/tr>\n<tr style=\"height: 40px;\">\n<td style=\"width: 38.0988%; height: 34px; background-color: #ebebeb;\"><span style=\"font-size: 12pt;\"><strong><span style=\"font-family: arial, helvetica, sans-serif;\">Peso de 1 paquete = 100 piezas<\/span><\/strong><\/span><\/td>\n<td style=\"width: 61.9012%; height: 34px; background-color: #ebebeb;\"><span style=\"font-family: arial, helvetica, sans-serif; font-size: 12pt;\">Alrededor de 0,7 kg<\/span><\/td>\n<\/tr>\n<tr style=\"height: 40px; background-color: #99ccff;\">\n<td style=\"width: 38.0988%; height: 24px;\"><span style=\"font-size: 12pt;\"><strong><span style=\"font-family: arial, helvetica, sans-serif;\">Tipo de embalaje<\/span><\/strong><\/span><\/td>\n<td style=\"width: 61.9012%; height: 24px;\"><span style=\"font-family: arial, helvetica, sans-serif; font-size: 12pt;\">Bolsa autosellante<\/span><\/td>\n<\/tr>\n<tr style=\"height: 40px; background-color: #ebebeb;\">\n<td style=\"width: 38.0988%; height: 24px;\"><span style=\"font-size: 12pt;\"><strong><span style=\"font-family: arial, helvetica, sans-serif;\">Espesor<\/span><\/strong><\/span><\/td>\n<td style=\"width: 61.9012%; height: 24px;\"><span style=\"font-family: arial, helvetica, sans-serif; font-size: 12pt;\">100 micras<\/span><\/td>\n<\/tr>\n<tr style=\"height: 40px; background-color: #99ccff;\">\n<td style=\"width: 38.0988%; height: 24px;\"><span style=\"font-size: 12pt;\"><strong><span style=\"font-family: arial, helvetica, sans-serif;\">Refinamiento<\/span><\/strong><\/span><\/td>\n<td style=\"width: 61.9012%; height: 24px;\"><span style=\"font-family: arial, helvetica, sans-serif; font-size: 12pt;\">Claro<\/span><\/td>\n<\/tr>\n<tr style=\"height: 40px; background-color: #ebebeb;\">\n<td style=\"width: 38.0988%; height: 24px;\"><span style=\"font-size: 12pt;\"><strong><span style=\"font-family: arial, helvetica, sans-serif;\">Material<\/span><\/strong><\/span><\/td>\n<td style=\"width: 61.9012%; height: 24px;\"><span style=\"font-family: arial, helvetica, sans-serif; font-size: 12pt;\">EDUCACI\u00d3N F\u00cdSICA<\/span><\/td>\n<\/tr>\n<tr style=\"height: 40px; background-color: #99ccff;\">\n<td style=\"width: 38.0988%; height: 24px;\"><span style=\"font-size: 12pt;\"><strong><span style=\"font-family: arial, helvetica, sans-serif;\">Prueba<\/span><\/strong><\/span><\/td>\n<td style=\"width: 61.9012%; height: 24px;\"><span style=\"font-family: arial, helvetica, sans-serif; font-size: 12pt;\">A prueba de humedad<\/span><\/td>\n<\/tr>\n<tr style=\"height: 40px; background-color: #ebebeb;\">\n<td style=\"width: 38.0988%; height: 24px;\"><span style=\"font-size: 12pt;\"><strong><span style=\"font-family: arial, helvetica, sans-serif;\">Tiempo de env\u00edo<\/span><\/strong><\/span><\/td>\n<td style=\"width: 61.9012%; height: 24px;\"><span style=\"font-family: arial, helvetica, sans-serif; font-size: 12pt;\">7 \u2013 15 d\u00edas h\u00e1biles, URGENTE<\/span><\/td>\n<\/tr>\n<tr style=\"height: 40px; background-color: #99ccff;\">\n<td style=\"width: 38.0988%; height: 24px;\"><span style=\"font-size: 12pt;\"><strong><span style=\"font-family: arial, helvetica, sans-serif;\">M\u00e9todo de env\u00edo<\/span><\/strong><\/span><\/td>\n<td style=\"width: 61.9012%; height: 24px;\"><span style=\"font-family: arial, helvetica, sans-serif; font-size: 12pt;\">Expresar<\/span><\/td>\n<\/tr>\n<\/tbody>\n<\/table>\n<p>&nbsp;<\/p>","protected":false},"featured_media":2780,"comment_status":"open","ping_status":"closed","template":"","meta":[],"product_brand":[],"product_cat":[64],"product_tag":[],"class_list":{"0":"post-2779","1":"product","2":"type-product","3":"status-publish","4":"has-post-thumbnail","6":"product_cat-stock-pouches","8":"first","9":"instock","10":"shipping-taxable","11":"purchasable","12":"product-type-simple"},"_links":{"self":[{"href":"https:\/\/polysmarts.com\/es\/wp-json\/wp\/v2\/product\/2779","targetHints":{"allow":["GET"]}}],"collection":[{"href":"https:\/\/polysmarts.com\/es\/wp-json\/wp\/v2\/product"}],"about":[{"href":"https:\/\/polysmarts.com\/es\/wp-json\/wp\/v2\/types\/product"}],"replies":[{"embeddable":true,"href":"https:\/\/polysmarts.com\/es\/wp-json\/wp\/v2\/comments?post=2779"}],"version-history":[{"count":1,"href":"https:\/\/polysmarts.com\/es\/wp-json\/wp\/v2\/product\/2779\/revisions"}],"predecessor-version":[{"id":2787,"href":"https:\/\/polysmarts.com\/es\/wp-json\/wp\/v2\/product\/2779\/revisions\/2787"}],"wp:featuredmedia":[{"embeddable":true,"href":"https:\/\/polysmarts.com\/es\/wp-json\/wp\/v2\/media\/2780"}],"wp:attachment":[{"href":"https:\/\/polysmarts.com\/es\/wp-json\/wp\/v2\/media?parent=2779"}],"wp:term":[{"taxonomy":"product_brand","embeddable":true,"href":"https:\/\/polysmarts.com\/es\/wp-json\/wp\/v2\/product_brand?post=2779"},{"taxonomy":"product_cat","embeddable":true,"href":"https:\/\/polysmarts.com\/es\/wp-json\/wp\/v2\/product_cat?post=2779"},{"taxonomy":"product_tag","embeddable":true,"href":"https:\/\/polysmarts.com\/es\/wp-json\/wp\/v2\/product_tag?post=2779"}],"curies":[{"name":"gracias","href":"https:\/\/api.w.org\/{rel}","templated":true}]}}