{"id":2769,"date":"2024-04-18T06:36:20","date_gmt":"2024-04-18T06:36:20","guid":{"rendered":"https:\/\/polysmarts.com\/?post_type=product&#038;p=2769"},"modified":"2024-04-18T07:28:32","modified_gmt":"2024-04-18T07:28:32","slug":"bolsas-ziplock-con-embalaje-de-mylar-laser","status":"publish","type":"product","link":"https:\/\/polysmarts.com\/es\/product\/laser-mylar-packaging-ziplock-pouch-bags\/","title":{"rendered":"Bolsas Ziplock con embalaje l\u00e1ser Mylar"},"content":{"rendered":"<p>Presentamos las \u00faltimas bolsas hologr\u00e1ficas con cierre herm\u00e9tico para embalaje de Mylar con l\u00e1ser:<\/p>\n<p>Dise\u00f1ado a la perfecci\u00f3n: disfrute del lujo con nuestro bolso hologr\u00e1fico meticulosamente dise\u00f1ado. Con un grosor de 100 micras en ambos lados, nuestra bolsa ofrece una durabilidad y resistencia incomparables a pinchazos y fugas, lo que garantiza que sus pertenencias permanezcan seguras en todo momento. La pel\u00edcula met\u00e1lica de alta calidad aporta un brillo irresistible, proyectando un fascinante brillo de arco\u00edris que eleva sus productos al centro de atenci\u00f3n.<\/p>\n<p>Excelencia f\u00e1cil de usar: su comodidad y seguridad son primordiales para nosotros. Para protegerlo a usted y a sus pertenencias de cualquier da\u00f1o potencial, hemos redondeado todos los rincones de manera experta, eliminando el riesgo de rayones, ya sea la pantalla de su tel\u00e9fono m\u00f3vil o los objetos preciados que contiene. Con una longitud de apertura extendida, nuestra bolsa facilita el sellado t\u00e9rmico sin costuras para una mayor efectividad, lo que garantiza una usabilidad sin esfuerzo con cada sellado.<\/p>\n<p>Reforzado para brindar confiabilidad: diga adi\u00f3s a las preocupaciones por la entrada de agua u olores desagradables. Nuestra cremallera reforzada, combinada con el tama\u00f1o de bolsa perfecto para sus art\u00edculos, crea una barrera impenetrable que garantiza la m\u00e1xima protecci\u00f3n. Para necesidades de almacenamiento prolongado, utilice la funci\u00f3n de sellado t\u00e9rmico para obtener una capa adicional de seguridad, garantizando que sus objetos de valor permanezcan impecables durante m\u00e1s tiempo.<\/p>\n<p>Una sinfon\u00eda de resplandor: prep\u00e1rate para deslumbrar con nuestro brillo hologr\u00e1fico de arco\u00edris. Fabricadas con una pel\u00edcula met\u00e1lica, nuestras bolsas tipo bolsa con cierre herm\u00e9tico capturan la esencia de un arco\u00edris y transforman la luz natural en un fascinante espectro de colores que bailan a trav\u00e9s de sus art\u00edculos. El dise\u00f1o de la ventana transparente a\u00f1ade un toque de sofisticaci\u00f3n, permitiendo que sus tesoros brillen con una claridad y brillo incomparables.<\/p>\n<p>Posibilidades infinitas: aproveche la versatilidad con nuestras bolsas ziplock repetitivas de varios tama\u00f1os, dise\u00f1adas para satisfacer las diversas necesidades de cualquier entorno, ya sea la oficina, la escuela o el hogar. Mejore su vida con un toque de organizaci\u00f3n y vitalidad, ya que nuestro bolso se adapta f\u00e1cilmente a una gran cantidad de art\u00edculos. Ya sean l\u00e1pices, art\u00edculos b\u00e1sicos de maquillaje o delicias deliciosas, nuestro bolso es el compa\u00f1ero perfecto para cualquier ocasi\u00f3n, garantizando que sus art\u00edculos esenciales se almacenen de forma segura y elegante.<\/p>","protected":false},"excerpt":{"rendered":"<table style=\"height: 360px; width: 99.8505%; border-collapse: collapse;\" border=\"2\">\n<tbody>\n<tr style=\"height: 40px;\">\n<td style=\"width: 38.0988%; height: 30px; background-color: #99ccff;\"><span style=\"font-family: arial, helvetica, sans-serif; font-size: 12pt;\"><strong>Dimensi\u00f3n y estilo<\/strong><\/span><\/td>\n<td style=\"width: 61.9012%; height: 30px; background-color: #99ccff;\"><span style=\"font-family: arial, helvetica, sans-serif; font-size: 12pt;\">7,5*26cm<\/span><\/td>\n<\/tr>\n<tr style=\"height: 40px;\">\n<td style=\"width: 38.0988%; height: 34px; background-color: #ebebeb;\"><span style=\"font-size: 12pt;\"><strong><span style=\"font-family: arial, helvetica, sans-serif;\">Peso de 1 paquete = 100 piezas<\/span><\/strong><\/span><\/td>\n<td style=\"width: 61.9012%; height: 34px; background-color: #ebebeb;\"><span style=\"font-family: arial, helvetica, sans-serif; font-size: 12pt;\">Alrededor de 0,55 kg<\/span><\/td>\n<\/tr>\n<tr style=\"height: 40px; background-color: #99ccff;\">\n<td style=\"width: 38.0988%; height: 24px;\"><span style=\"font-size: 12pt;\"><strong><span style=\"font-family: arial, helvetica, sans-serif;\">Tipo de embalaje<\/span><\/strong><\/span><\/td>\n<td style=\"width: 61.9012%; height: 24px;\"><span style=\"font-family: arial, helvetica, sans-serif; font-size: 12pt;\">Bolsas tipo bolsa con cierre herm\u00e9tico<\/span><\/td>\n<\/tr>\n<tr style=\"height: 40px; background-color: #ebebeb;\">\n<td style=\"width: 38.0988%; height: 24px;\"><span style=\"font-size: 12pt;\"><strong><span style=\"font-family: arial, helvetica, sans-serif;\">Espesor<\/span><\/strong><\/span><\/td>\n<td style=\"width: 61.9012%; height: 24px;\"><span style=\"font-family: arial, helvetica, sans-serif; font-size: 12pt;\">100 micras<\/span><\/td>\n<\/tr>\n<tr style=\"height: 40px; background-color: #99ccff;\">\n<td style=\"width: 38.0988%; height: 24px;\"><span style=\"font-size: 12pt;\"><strong><span style=\"font-family: arial, helvetica, sans-serif;\">Refinamiento<\/span><\/strong><\/span><\/td>\n<td style=\"width: 61.9012%; height: 24px;\"><span style=\"font-family: arial, helvetica, sans-serif; font-size: 12pt;\">Claro<\/span><\/td>\n<\/tr>\n<tr style=\"height: 40px; background-color: #ebebeb;\">\n<td style=\"width: 38.0988%; height: 24px;\"><span style=\"font-size: 12pt;\"><strong><span style=\"font-family: arial, helvetica, sans-serif;\">Material<\/span><\/strong><\/span><\/td>\n<td style=\"width: 61.9012%; height: 24px;\"><span style=\"font-family: arial, helvetica, sans-serif; font-size: 12pt;\">OPP\/VMPET\/CPP<\/span><\/td>\n<\/tr>\n<tr style=\"height: 40px; background-color: #99ccff;\">\n<td style=\"width: 38.0988%; height: 24px;\"><span style=\"font-size: 12pt;\"><strong><span style=\"font-family: arial, helvetica, sans-serif;\">Prueba<\/span><\/strong><\/span><\/td>\n<td style=\"width: 61.9012%; height: 24px;\"><span style=\"font-family: arial, helvetica, sans-serif; font-size: 12pt;\">A prueba de humedad<\/span><\/td>\n<\/tr>\n<tr style=\"height: 40px; background-color: #ebebeb;\">\n<td style=\"width: 38.0988%; height: 24px;\"><span style=\"font-size: 12pt;\"><strong><span style=\"font-family: arial, helvetica, sans-serif;\">Tiempo de env\u00edo<\/span><\/strong><\/span><\/td>\n<td style=\"width: 61.9012%; height: 24px;\"><span style=\"font-family: arial, helvetica, sans-serif; font-size: 12pt;\">7 \u2013 15 d\u00edas h\u00e1biles, URGENTE<\/span><\/td>\n<\/tr>\n<tr style=\"height: 40px; background-color: #99ccff;\">\n<td style=\"width: 38.0988%; height: 24px;\"><span style=\"font-size: 12pt;\"><strong><span style=\"font-family: arial, helvetica, sans-serif;\">M\u00e9todo de env\u00edo<\/span><\/strong><\/span><\/td>\n<td style=\"width: 61.9012%; height: 24px;\"><span style=\"font-family: arial, helvetica, sans-serif; font-size: 12pt;\">Expresar<\/span><\/td>\n<\/tr>\n<\/tbody>\n<\/table>\n<p>&nbsp;<\/p>","protected":false},"featured_media":2772,"comment_status":"open","ping_status":"closed","template":"","meta":[],"product_brand":[],"product_cat":[64],"product_tag":[],"class_list":{"0":"post-2769","1":"product","2":"type-product","3":"status-publish","4":"has-post-thumbnail","6":"product_cat-stock-pouches","8":"first","9":"instock","10":"shipping-taxable","11":"purchasable","12":"product-type-simple"},"_links":{"self":[{"href":"https:\/\/polysmarts.com\/es\/wp-json\/wp\/v2\/product\/2769","targetHints":{"allow":["GET"]}}],"collection":[{"href":"https:\/\/polysmarts.com\/es\/wp-json\/wp\/v2\/product"}],"about":[{"href":"https:\/\/polysmarts.com\/es\/wp-json\/wp\/v2\/types\/product"}],"replies":[{"embeddable":true,"href":"https:\/\/polysmarts.com\/es\/wp-json\/wp\/v2\/comments?post=2769"}],"version-history":[{"count":1,"href":"https:\/\/polysmarts.com\/es\/wp-json\/wp\/v2\/product\/2769\/revisions"}],"predecessor-version":[{"id":2778,"href":"https:\/\/polysmarts.com\/es\/wp-json\/wp\/v2\/product\/2769\/revisions\/2778"}],"wp:featuredmedia":[{"embeddable":true,"href":"https:\/\/polysmarts.com\/es\/wp-json\/wp\/v2\/media\/2772"}],"wp:attachment":[{"href":"https:\/\/polysmarts.com\/es\/wp-json\/wp\/v2\/media?parent=2769"}],"wp:term":[{"taxonomy":"product_brand","embeddable":true,"href":"https:\/\/polysmarts.com\/es\/wp-json\/wp\/v2\/product_brand?post=2769"},{"taxonomy":"product_cat","embeddable":true,"href":"https:\/\/polysmarts.com\/es\/wp-json\/wp\/v2\/product_cat?post=2769"},{"taxonomy":"product_tag","embeddable":true,"href":"https:\/\/polysmarts.com\/es\/wp-json\/wp\/v2\/product_tag?post=2769"}],"curies":[{"name":"gracias","href":"https:\/\/api.w.org\/{rel}","templated":true}]}}