{"id":2730,"date":"2024-04-15T15:20:18","date_gmt":"2024-04-15T15:20:18","guid":{"rendered":"https:\/\/polysmarts.com\/?post_type=product&#038;p=2730"},"modified":"2025-10-14T13:00:55","modified_gmt":"2025-10-14T05:00:55","slug":"bolsa-de-mylar-de-plastico-frontal-transparente-mate-negro","status":"publish","type":"product","link":"https:\/\/polysmarts.com\/es\/product\/black-matte-clear-front-plastic-mylar-bag\/","title":{"rendered":"Bolsa Mylar de pl\u00e1stico frontal transparente mate negro"},"content":{"rendered":"<p><strong>Dise\u00f1o de ventana frontal transparente:<\/strong> Experimente la comodidad con nuestra bolsa Mylar de pl\u00e1stico con frente transparente que cuenta con una ventana frontal transparente. Identifique f\u00e1cilmente el contenido del interior sin necesidad de abrir las bolsas, lo que las hace ideales para uso dom\u00e9stico u oficina. Nuestras bolsas de mylar a prueba de olores ofrecen practicidad y funcionalidad.<\/p>\n<p><strong>Bolsas resellables para alimentos:<\/strong> Cada una de nuestras bolsas resellables de mylar est\u00e1 equipada con un cierre herm\u00e9tico resistente, lo que garantiza durabilidad en m\u00faltiples usos. Las bolsas aptas para alimentos cuentan con muescas para un acceso c\u00f3modo a los productos cuando est\u00e1n termoselladas. Tenga la seguridad de que sus productos se mantendr\u00e1n frescos y protegidos.<\/p>\n<p><strong>De m\u00faltiples fines:<\/strong> La versatilidad se une a la calidad con nuestras bolsas. Perfectas para diversos fines, nuestras bolsas resellables pueden satisfacer sus necesidades, ya sea para almacenar caf\u00e9, frijoles, dulces, az\u00facar, arroz, ingredientes para hornear, galletas, t\u00e9, nueces, frutas secas, polvos, refrigerios y m\u00e1s. Disfrute de la flexibilidad que ofrecen estas bolsas.<\/p>\n<p><strong>El paquete incluye:<\/strong> Cada paquete contiene 100 piezas de bolsas resellables para almacenamiento de alimentos, lo que proporciona una cantidad suficiente para usar o compartir con otras personas. Las bolsas de mylar a prueba de olores con funci\u00f3n ziplock resellable mantienen afuera el agua, la humedad, el polvo y los olores, asegurando que sus art\u00edculos permanezcan organizados y limpios.<\/p>\n<p>Actualice sus soluciones de almacenamiento con nuestras bolsas mylar de pl\u00e1stico frontal transparente mate de color negro premium. Experimente la comodidad, durabilidad y versatilidad que ofrecen para todas sus necesidades de almacenamiento.<\/p>","protected":false},"excerpt":{"rendered":"<table style=\"height: 360px; width: 99.8505%; border-collapse: collapse;\" border=\"2\">\n<tbody>\n<tr style=\"height: 40px;\">\n<td style=\"width: 38.0988%; height: 30px; background-color: #99ccff;\"><span style=\"font-family: arial, helvetica, sans-serif; font-size: 12pt;\"><strong>Dimensi\u00f3n y estilo<\/strong><\/span><\/td>\n<td style=\"width: 61.9012%; height: 30px; background-color: #99ccff;\"><span style=\"font-family: arial, helvetica, sans-serif; font-size: 12pt;\">14*19cm\u00a0<\/span><\/td>\n<\/tr>\n<tr style=\"height: 40px;\">\n<td style=\"width: 38.0988%; height: 34px; background-color: #ebebeb;\"><span style=\"font-size: 12pt;\"><strong><span style=\"font-family: arial, helvetica, sans-serif;\">Peso de 1 paquete = 100 piezas<\/span><\/strong><\/span><\/td>\n<td style=\"width: 61.9012%; height: 34px; background-color: #ebebeb;\"><span style=\"font-family: arial, helvetica, sans-serif; font-size: 12pt;\">Alrededor de 0,65 kg<\/span><\/td>\n<\/tr>\n<tr style=\"height: 40px; background-color: #99ccff;\">\n<td style=\"width: 38.0988%; height: 24px;\"><span style=\"font-size: 12pt;\"><strong><span style=\"font-family: arial, helvetica, sans-serif;\">Tipo de embalaje<\/span><\/strong><\/span><\/td>\n<td style=\"width: 61.9012%; height: 24px;\"><span style=\"font-family: arial, helvetica, sans-serif; font-size: 12pt;\">Bolsa Mylar Con Cremallera<\/span><\/td>\n<\/tr>\n<tr style=\"height: 40px; background-color: #ebebeb;\">\n<td style=\"width: 38.0988%; height: 24px;\"><span style=\"font-size: 12pt;\"><strong><span style=\"font-family: arial, helvetica, sans-serif;\">Espesor<\/span><\/strong><\/span><\/td>\n<td style=\"width: 61.9012%; height: 24px;\"><span style=\"font-family: arial, helvetica, sans-serif; font-size: 12pt;\">90 micras<\/span><\/td>\n<\/tr>\n<tr style=\"height: 40px; background-color: #99ccff;\">\n<td style=\"width: 38.0988%; height: 24px;\"><span style=\"font-size: 12pt;\"><strong><span style=\"font-family: arial, helvetica, sans-serif;\">Refinamiento<\/span><\/strong><\/span><\/td>\n<td style=\"width: 61.9012%; height: 24px;\"><span style=\"font-family: arial, helvetica, sans-serif; font-size: 12pt;\">Claro<\/span><\/td>\n<\/tr>\n<tr style=\"height: 40px; background-color: #ebebeb;\">\n<td style=\"width: 38.0988%; height: 24px;\"><span style=\"font-size: 12pt;\"><strong><span style=\"font-family: arial, helvetica, sans-serif;\">Material<\/span><\/strong><\/span><\/td>\n<td style=\"width: 61.9012%; height: 24px;\"><span style=\"font-family: arial, helvetica, sans-serif; font-size: 12pt;\">OPP\/PET\/PE<\/span><\/td>\n<\/tr>\n<tr style=\"height: 40px; background-color: #99ccff;\">\n<td style=\"width: 38.0988%; height: 24px;\"><span style=\"font-size: 12pt;\"><strong><span style=\"font-family: arial, helvetica, sans-serif;\">Prueba<\/span><\/strong><\/span><\/td>\n<td style=\"width: 61.9012%; height: 24px;\"><span style=\"font-family: arial, helvetica, sans-serif; font-size: 12pt;\">A prueba de humedad<\/span><\/td>\n<\/tr>\n<tr style=\"height: 40px; background-color: #ebebeb;\">\n<td style=\"width: 38.0988%; height: 24px;\"><span style=\"font-size: 12pt;\"><strong><span style=\"font-family: arial, helvetica, sans-serif;\">Tiempo de env\u00edo<\/span><\/strong><\/span><\/td>\n<td style=\"width: 61.9012%; height: 24px;\"><span style=\"font-family: arial, helvetica, sans-serif; font-size: 12pt;\">7 \u2013 15 d\u00edas h\u00e1biles, URGENTE<\/span><\/td>\n<\/tr>\n<tr style=\"height: 40px; background-color: #99ccff;\">\n<td style=\"width: 38.0988%; height: 24px;\"><span style=\"font-size: 12pt;\"><strong><span style=\"font-family: arial, helvetica, sans-serif;\">M\u00e9todo de env\u00edo<\/span><\/strong><\/span><\/td>\n<td style=\"width: 61.9012%; height: 24px;\"><span style=\"font-family: arial, helvetica, sans-serif; font-size: 12pt;\">Expresar<\/span><\/td>\n<\/tr>\n<\/tbody>\n<\/table>\n<p>&nbsp;<\/p>","protected":false},"featured_media":2731,"comment_status":"open","ping_status":"closed","template":"","meta":[],"product_brand":[],"product_cat":[64],"product_tag":[],"class_list":{"0":"post-2730","1":"product","2":"type-product","3":"status-publish","4":"has-post-thumbnail","6":"product_cat-stock-pouches","8":"first","9":"instock","10":"shipping-taxable","11":"purchasable","12":"product-type-simple"},"_links":{"self":[{"href":"https:\/\/polysmarts.com\/es\/wp-json\/wp\/v2\/product\/2730","targetHints":{"allow":["GET"]}}],"collection":[{"href":"https:\/\/polysmarts.com\/es\/wp-json\/wp\/v2\/product"}],"about":[{"href":"https:\/\/polysmarts.com\/es\/wp-json\/wp\/v2\/types\/product"}],"replies":[{"embeddable":true,"href":"https:\/\/polysmarts.com\/es\/wp-json\/wp\/v2\/comments?post=2730"}],"version-history":[{"count":2,"href":"https:\/\/polysmarts.com\/es\/wp-json\/wp\/v2\/product\/2730\/revisions"}],"predecessor-version":[{"id":2738,"href":"https:\/\/polysmarts.com\/es\/wp-json\/wp\/v2\/product\/2730\/revisions\/2738"}],"wp:featuredmedia":[{"embeddable":true,"href":"https:\/\/polysmarts.com\/es\/wp-json\/wp\/v2\/media\/2731"}],"wp:attachment":[{"href":"https:\/\/polysmarts.com\/es\/wp-json\/wp\/v2\/media?parent=2730"}],"wp:term":[{"taxonomy":"product_brand","embeddable":true,"href":"https:\/\/polysmarts.com\/es\/wp-json\/wp\/v2\/product_brand?post=2730"},{"taxonomy":"product_cat","embeddable":true,"href":"https:\/\/polysmarts.com\/es\/wp-json\/wp\/v2\/product_cat?post=2730"},{"taxonomy":"product_tag","embeddable":true,"href":"https:\/\/polysmarts.com\/es\/wp-json\/wp\/v2\/product_tag?post=2730"}],"curies":[{"name":"gracias","href":"https:\/\/api.w.org\/{rel}","templated":true}]}}