{"id":2722,"date":"2024-04-13T09:26:52","date_gmt":"2024-04-13T09:26:52","guid":{"rendered":"https:\/\/polysmarts.com\/?post_type=product&#038;p=2722"},"modified":"2025-10-14T16:23:34","modified_gmt":"2025-10-14T08:23:34","slug":"bolsas-de-nailon-para-envasado-de-alimentos-al-vacio-para-congelador","status":"publish","type":"product","link":"https:\/\/polysmarts.com\/es\/product\/freezer-vacuum-food-packaging-nylon-bags\/","title":{"rendered":"Bolsas de nailon para envasado de alimentos al vac\u00edo para congelador"},"content":{"rendered":"<p><strong>Especificaciones:<\/strong> Experimente comodidad y frescura con nuestro paquete de 100 bolsas de nailon para envasado de alimentos al vac\u00edo, con un tama\u00f1o de 30*45 cm (ancho x largo). Compatible con la mayor\u00eda de los selladores al vac\u00edo externos, incluidos FoodSaver, Weston, Nesco, NutriChef y m\u00e1s.<\/p>\n<p><strong>Bolsas de alimentos sin BPA:<\/strong> Mejore sus esfuerzos culinarios con nuestras bolsas de almacenamiento de alimentos al vac\u00edo sin BPA. Ya sea propietario de una peque\u00f1a empresa o cocinero casero, estas bolsas ofrecen una soluci\u00f3n sencilla y eficaz para conservar comidas preparadas, carne, hierbas, hojas de t\u00e9, productos agr\u00edcolas y mucho m\u00e1s. Tambi\u00e9n son perfectos para marinar y cocinar al vac\u00edo.<\/p>\n<p><strong>Conserva la frescura:<\/strong> Di adi\u00f3s al deterioro de los alimentos con nuestras bolsas de vac\u00edo. Dise\u00f1ado para mantener sus alimentos frescos durante per\u00edodos prolongados, disfrutar\u00e1 de comidas deliciosas por m\u00e1s tiempo y al mismo tiempo evitar\u00e1 quemaduras por congelaci\u00f3n y deshidrataci\u00f3n. Experimente la comodidad de los ingredientes frescos cuando los necesite.<\/p>\n<p><strong>Sello resistente a pinchazos:<\/strong> Nuestras bolsas selladas de nailon para envasado de alimentos al vac\u00edo de alta resistencia cuentan con un dise\u00f1o resistente a perforaciones y un sello confiable, lo que garantiza que sus art\u00edculos almacenados, ya sean alimentos, documentos o productos electr\u00f3nicos, permanezcan protegidos de la humedad y el polvo externos. Con la muesca de f\u00e1cil extracci\u00f3n, acceder a sus art\u00edculos es r\u00e1pido y sin complicaciones.<\/p>\n<p>Actualice su almacenamiento de alimentos con nuestras bolsas de nailon para envasado de alimentos al vac\u00edo de primera calidad. Disfrute de la comodidad, frescura y confiabilidad que ofrecen para todas sus necesidades de almacenamiento.<\/p>","protected":false},"excerpt":{"rendered":"<table style=\"height: 360px; width: 99.8505%; border-collapse: collapse;\" border=\"2\">\n<tbody>\n<tr style=\"height: 40px;\">\n<td style=\"width: 38.0988%; height: 30px; background-color: #99ccff;\"><span style=\"font-family: arial, helvetica, sans-serif; font-size: 12pt;\"><strong>Dimensi\u00f3n y estilo<\/strong><\/span><\/td>\n<td style=\"width: 61.9012%; height: 30px; background-color: #99ccff;\"><span style=\"font-family: arial, helvetica, sans-serif; font-size: 12pt;\">30*45cm<\/span><\/td>\n<\/tr>\n<tr style=\"height: 40px;\">\n<td style=\"width: 38.0988%; height: 34px; background-color: #ebebeb;\"><span style=\"font-size: 12pt;\"><strong><span style=\"font-family: arial, helvetica, sans-serif;\">Peso de 1 paquete = 100 piezas<\/span><\/strong><\/span><\/td>\n<td style=\"width: 61.9012%; height: 34px; background-color: #ebebeb;\"><span style=\"font-family: arial, helvetica, sans-serif; font-size: 12pt;\">Alrededor de 2,8 kg<\/span><\/td>\n<\/tr>\n<tr style=\"height: 40px; background-color: #99ccff;\">\n<td style=\"width: 38.0988%; height: 24px;\"><span style=\"font-size: 12pt;\"><strong><span style=\"font-family: arial, helvetica, sans-serif;\">Tipo de embalaje<\/span><\/strong><\/span><\/td>\n<td style=\"width: 61.9012%; height: 24px;\"><span style=\"font-family: arial, helvetica, sans-serif; font-size: 12pt;\">Bolsa de nailon para envasado de alimentos al vac\u00edo (1 paquete = 100 unidades)<\/span><\/td>\n<\/tr>\n<tr style=\"height: 40px; background-color: #ebebeb;\">\n<td style=\"width: 38.0988%; height: 24px;\"><span style=\"font-size: 12pt;\"><strong><span style=\"font-family: arial, helvetica, sans-serif;\">Espesor<\/span><\/strong><\/span><\/td>\n<td style=\"width: 61.9012%; height: 24px;\"><span style=\"font-family: arial, helvetica, sans-serif; font-size: 12pt;\">100 micras<\/span><\/td>\n<\/tr>\n<tr style=\"height: 40px; background-color: #99ccff;\">\n<td style=\"width: 38.0988%; height: 24px;\"><span style=\"font-size: 12pt;\"><strong><span style=\"font-family: arial, helvetica, sans-serif;\">Refinamiento<\/span><\/strong><\/span><\/td>\n<td style=\"width: 61.9012%; height: 24px;\"><span style=\"font-family: arial, helvetica, sans-serif; font-size: 12pt;\">Claro<\/span><\/td>\n<\/tr>\n<tr style=\"height: 40px; background-color: #ebebeb;\">\n<td style=\"width: 38.0988%; height: 24px;\"><span style=\"font-size: 12pt;\"><strong><span style=\"font-family: arial, helvetica, sans-serif;\">Material<\/span><\/strong><\/span><\/td>\n<td style=\"width: 61.9012%; height: 24px;\"><span style=\"font-family: arial, helvetica, sans-serif; font-size: 12pt;\">Nueva York\/PE<\/span><\/td>\n<\/tr>\n<tr style=\"height: 40px; background-color: #99ccff;\">\n<td style=\"width: 38.0988%; height: 24px;\"><span style=\"font-size: 12pt;\"><strong><span style=\"font-family: arial, helvetica, sans-serif;\">Prueba<\/span><\/strong><\/span><\/td>\n<td style=\"width: 61.9012%; height: 24px;\"><span style=\"font-family: arial, helvetica, sans-serif; font-size: 12pt;\">A prueba de humedad<\/span><\/td>\n<\/tr>\n<tr style=\"height: 40px; background-color: #ebebeb;\">\n<td style=\"width: 38.0988%; height: 24px;\"><span style=\"font-size: 12pt;\"><strong><span style=\"font-family: arial, helvetica, sans-serif;\">Tiempo de env\u00edo<\/span><\/strong><\/span><\/td>\n<td style=\"width: 61.9012%; height: 24px;\"><span style=\"font-family: arial, helvetica, sans-serif; font-size: 12pt;\">7 \u2013 15 d\u00edas h\u00e1biles, URGENTE<\/span><\/td>\n<\/tr>\n<tr style=\"height: 40px; background-color: #99ccff;\">\n<td style=\"width: 38.0988%; height: 24px;\"><span style=\"font-size: 12pt;\"><strong><span style=\"font-family: arial, helvetica, sans-serif;\">M\u00e9todo de env\u00edo<\/span><\/strong><\/span><\/td>\n<td style=\"width: 61.9012%; height: 24px;\"><span style=\"font-family: arial, helvetica, sans-serif; font-size: 12pt;\">Expresar<\/span><\/td>\n<\/tr>\n<\/tbody>\n<\/table>\n<p>&nbsp;<\/p>","protected":false},"featured_media":2723,"comment_status":"open","ping_status":"closed","template":"","meta":[],"product_brand":[],"product_cat":[64],"product_tag":[],"class_list":{"0":"post-2722","1":"product","2":"type-product","3":"status-publish","4":"has-post-thumbnail","6":"product_cat-stock-pouches","8":"first","9":"instock","10":"shipping-taxable","11":"purchasable","12":"product-type-simple"},"_links":{"self":[{"href":"https:\/\/polysmarts.com\/es\/wp-json\/wp\/v2\/product\/2722","targetHints":{"allow":["GET"]}}],"collection":[{"href":"https:\/\/polysmarts.com\/es\/wp-json\/wp\/v2\/product"}],"about":[{"href":"https:\/\/polysmarts.com\/es\/wp-json\/wp\/v2\/types\/product"}],"replies":[{"embeddable":true,"href":"https:\/\/polysmarts.com\/es\/wp-json\/wp\/v2\/comments?post=2722"}],"version-history":[{"count":1,"href":"https:\/\/polysmarts.com\/es\/wp-json\/wp\/v2\/product\/2722\/revisions"}],"predecessor-version":[{"id":2729,"href":"https:\/\/polysmarts.com\/es\/wp-json\/wp\/v2\/product\/2722\/revisions\/2729"}],"wp:featuredmedia":[{"embeddable":true,"href":"https:\/\/polysmarts.com\/es\/wp-json\/wp\/v2\/media\/2723"}],"wp:attachment":[{"href":"https:\/\/polysmarts.com\/es\/wp-json\/wp\/v2\/media?parent=2722"}],"wp:term":[{"taxonomy":"product_brand","embeddable":true,"href":"https:\/\/polysmarts.com\/es\/wp-json\/wp\/v2\/product_brand?post=2722"},{"taxonomy":"product_cat","embeddable":true,"href":"https:\/\/polysmarts.com\/es\/wp-json\/wp\/v2\/product_cat?post=2722"},{"taxonomy":"product_tag","embeddable":true,"href":"https:\/\/polysmarts.com\/es\/wp-json\/wp\/v2\/product_tag?post=2722"}],"curies":[{"name":"gracias","href":"https:\/\/api.w.org\/{rel}","templated":true}]}}