{"id":2711,"date":"2024-04-12T15:27:51","date_gmt":"2024-04-12T15:27:51","guid":{"rendered":"https:\/\/polysmarts.com\/?post_type=product&#038;p=2711"},"modified":"2025-10-14T09:48:20","modified_gmt":"2025-10-14T01:48:20","slug":"bolsas-de-embalaje-de-cable-usb-de-pelicula-perlada","status":"publish","type":"product","link":"https:\/\/polysmarts.com\/es\/product\/pearl-film-usb-cable-packaging-bags\/","title":{"rendered":"Bolsas de embalaje de cable USB de pel\u00edcula perlada"},"content":{"rendered":"<p>Las bolsas para embalaje de cables USB Pearl Film con ventana completa ofrecen una durabilidad superior y resistencia a las perforaciones con su revestimiento Pearl Film y material OPP\/PET\/CPP. Fabricadas con materiales libres de BPA y aptos para uso alimentario, estas bolsas para embalaje de cables USB garantizan la m\u00e1xima protecci\u00f3n para sus productos y, al mismo tiempo, son reutilizables gracias a su resistente cierre herm\u00e9tico.<\/p>\n<p><strong>Caracter\u00edsticas clave:<\/strong><\/p>\n<ol>\n<li><strong>Dimensi\u00f3n:<\/strong> 11 cm x 15 cm con un orificio redondo para colgar para una c\u00f3moda visualizaci\u00f3n.<\/li>\n<li><strong>Material:<\/strong> PP (pol\u00edmero de propeno) transparente de alta calidad con frente transparente y reverso blanco.<\/li>\n<li><strong>Cierre:<\/strong> Ziplock impermeable y resellable para un almacenamiento seguro.<\/li>\n<li><strong>Personalizaci\u00f3n:<\/strong> Los envases de Polysmarts agradecen la personalizaci\u00f3n para satisfacer necesidades espec\u00edficas.<\/li>\n<\/ol>\n<p><strong>Vers\u00e1til y pr\u00e1ctico:<\/strong><\/p>\n<ul>\n<li><strong>Impermeable y resellable:<\/strong> Garantiza protecci\u00f3n y f\u00e1cil acceso a los contenidos.<\/li>\n<li><strong>Material duradero:<\/strong> El PP transparente de alta calidad proporciona durabilidad y una visi\u00f3n clara del contenido.<\/li>\n<li><strong>Ziplock reciclable:<\/strong> Promueve la sostenibilidad a trav\u00e9s de la reutilizaci\u00f3n.<\/li>\n<\/ul>\n<p>Estas bolsas para embalaje de cables USB brindan una excelente protecci\u00f3n contra la luz ultravioleta, el ox\u00edgeno y los olores, lo que extiende la vida \u00fatil de sus productos. Las opciones de impresi\u00f3n personalizadas mejoran el atractivo de los productos en los estantes, haci\u00e9ndolos adecuados para diversos art\u00edculos, incluidos los cables USB. Elija Soonseal por calidad y personalizaci\u00f3n en el embalaje.<\/p>","protected":false},"excerpt":{"rendered":"<table style=\"height: 360px; width: 99.8505%; border-collapse: collapse;\" border=\"2\">\n<tbody>\n<tr style=\"height: 40px;\">\n<td style=\"width: 38.0988%; height: 30px; background-color: #99ccff;\"><span style=\"font-family: arial, helvetica, sans-serif; font-size: 12pt;\"><strong>Dimensi\u00f3n y estilo<\/strong><\/span><\/td>\n<td style=\"width: 61.9012%; height: 30px; background-color: #99ccff;\"><span style=\"font-family: arial, helvetica, sans-serif; font-size: 12pt;\">11*15cm<\/span><\/td>\n<\/tr>\n<tr style=\"height: 40px;\">\n<td style=\"width: 38.0988%; height: 34px; background-color: #ebebeb;\"><span style=\"font-size: 12pt;\"><strong><span style=\"font-family: arial, helvetica, sans-serif;\">Peso de 1 paquete = 100 piezas<\/span><\/strong><\/span><\/td>\n<td style=\"width: 61.9012%; height: 34px; background-color: #ebebeb;\"><span style=\"font-family: arial, helvetica, sans-serif; font-size: 12pt;\">Alrededor de 0,35 kg<\/span><\/td>\n<\/tr>\n<tr style=\"height: 40px; background-color: #99ccff;\">\n<td style=\"width: 38.0988%; height: 24px;\"><span style=\"font-size: 12pt;\"><strong><span style=\"font-family: arial, helvetica, sans-serif;\">Tipo de embalaje<\/span><\/strong><\/span><\/td>\n<td style=\"width: 61.9012%; height: 24px;\"><span style=\"font-family: arial, helvetica, sans-serif; font-size: 12pt;\">Bolsa con cremallera (1 paquete = 100 unidades)<\/span><\/td>\n<\/tr>\n<tr style=\"height: 40px; background-color: #ebebeb;\">\n<td style=\"width: 38.0988%; height: 24px;\"><span style=\"font-size: 12pt;\"><strong><span style=\"font-family: arial, helvetica, sans-serif;\">Espesor<\/span><\/strong><\/span><\/td>\n<td style=\"width: 61.9012%; height: 24px;\"><span style=\"font-family: arial, helvetica, sans-serif; font-size: 12pt;\">80 micras<\/span><\/td>\n<\/tr>\n<tr style=\"height: 40px; background-color: #99ccff;\">\n<td style=\"width: 38.0988%; height: 24px;\"><span style=\"font-size: 12pt;\"><strong><span style=\"font-family: arial, helvetica, sans-serif;\">Refinamiento<\/span><\/strong><\/span><\/td>\n<td style=\"width: 61.9012%; height: 24px;\"><span style=\"font-family: arial, helvetica, sans-serif; font-size: 12pt;\">Claro brillante<\/span><\/td>\n<\/tr>\n<tr style=\"height: 40px; background-color: #ebebeb;\">\n<td style=\"width: 38.0988%; height: 24px;\"><span style=\"font-size: 12pt;\"><strong><span style=\"font-family: arial, helvetica, sans-serif;\">Material<\/span><\/strong><\/span><\/td>\n<td style=\"width: 61.9012%; height: 24px;\"><span style=\"font-family: arial, helvetica, sans-serif; font-size: 12pt;\">OPP\/PET\/CPP<\/span><\/td>\n<\/tr>\n<tr style=\"height: 40px; background-color: #99ccff;\">\n<td style=\"width: 38.0988%; height: 24px;\"><span style=\"font-size: 12pt;\"><strong><span style=\"font-family: arial, helvetica, sans-serif;\">Prueba<\/span><\/strong><\/span><\/td>\n<td style=\"width: 61.9012%; height: 24px;\"><span style=\"font-family: arial, helvetica, sans-serif; font-size: 12pt;\">A prueba de humedad<\/span><\/td>\n<\/tr>\n<tr style=\"height: 40px; background-color: #ebebeb;\">\n<td style=\"width: 38.0988%; height: 24px;\"><span style=\"font-size: 12pt;\"><strong><span style=\"font-family: arial, helvetica, sans-serif;\">Tiempo de env\u00edo<\/span><\/strong><\/span><\/td>\n<td style=\"width: 61.9012%; height: 24px;\"><span style=\"font-family: arial, helvetica, sans-serif; font-size: 12pt;\">7 \u2013 15 d\u00edas h\u00e1biles, URGENTE<\/span><\/td>\n<\/tr>\n<tr style=\"height: 40px; background-color: #99ccff;\">\n<td style=\"width: 38.0988%; height: 24px;\"><span style=\"font-size: 12pt;\"><strong><span style=\"font-family: arial, helvetica, sans-serif;\">M\u00e9todo de env\u00edo<\/span><\/strong><\/span><\/td>\n<td style=\"width: 61.9012%; height: 24px;\"><span style=\"font-family: arial, helvetica, sans-serif; font-size: 12pt;\">Expresar<\/span><\/td>\n<\/tr>\n<\/tbody>\n<\/table>\n<p>&nbsp;<\/p>","protected":false},"featured_media":2716,"comment_status":"open","ping_status":"closed","template":"","meta":[],"product_brand":[],"product_cat":[64],"product_tag":[],"class_list":{"0":"post-2711","1":"product","2":"type-product","3":"status-publish","4":"has-post-thumbnail","6":"product_cat-stock-pouches","8":"first","9":"instock","10":"shipping-taxable","11":"purchasable","12":"product-type-simple"},"_links":{"self":[{"href":"https:\/\/polysmarts.com\/es\/wp-json\/wp\/v2\/product\/2711","targetHints":{"allow":["GET"]}}],"collection":[{"href":"https:\/\/polysmarts.com\/es\/wp-json\/wp\/v2\/product"}],"about":[{"href":"https:\/\/polysmarts.com\/es\/wp-json\/wp\/v2\/types\/product"}],"replies":[{"embeddable":true,"href":"https:\/\/polysmarts.com\/es\/wp-json\/wp\/v2\/comments?post=2711"}],"version-history":[{"count":1,"href":"https:\/\/polysmarts.com\/es\/wp-json\/wp\/v2\/product\/2711\/revisions"}],"predecessor-version":[{"id":2718,"href":"https:\/\/polysmarts.com\/es\/wp-json\/wp\/v2\/product\/2711\/revisions\/2718"}],"wp:featuredmedia":[{"embeddable":true,"href":"https:\/\/polysmarts.com\/es\/wp-json\/wp\/v2\/media\/2716"}],"wp:attachment":[{"href":"https:\/\/polysmarts.com\/es\/wp-json\/wp\/v2\/media?parent=2711"}],"wp:term":[{"taxonomy":"product_brand","embeddable":true,"href":"https:\/\/polysmarts.com\/es\/wp-json\/wp\/v2\/product_brand?post=2711"},{"taxonomy":"product_cat","embeddable":true,"href":"https:\/\/polysmarts.com\/es\/wp-json\/wp\/v2\/product_cat?post=2711"},{"taxonomy":"product_tag","embeddable":true,"href":"https:\/\/polysmarts.com\/es\/wp-json\/wp\/v2\/product_tag?post=2711"}],"curies":[{"name":"gracias","href":"https:\/\/api.w.org\/{rel}","templated":true}]}}