{"id":2469,"date":"2024-04-02T10:10:07","date_gmt":"2024-04-02T10:10:07","guid":{"rendered":"https:\/\/polysmarts.com\/?post_type=product&#038;p=2469"},"modified":"2024-04-02T10:22:36","modified_gmt":"2024-04-02T10:22:36","slug":"bolsa-de-papel-kraft-marron-personalizada-con-impresion-de-logotipo","status":"publish","type":"product","link":"https:\/\/polysmarts.com\/es\/product\/custom-brown-kraft-paper-bag-with-logo-printing\/","title":{"rendered":"Bolsa de papel Kraft marr\u00f3n personalizada con impresi\u00f3n de logotipo"},"content":{"rendered":"<p><strong>Calidad premium:<\/strong> Fabricadas con bolsas de papel kraft marr\u00f3n de calidad alimentaria, nuestras bolsas de supermercado son perfectas para empacar, almacenar y transportar alimentos. Con un dise\u00f1o de fondo cuadrado, se levantan sin esfuerzo para facilitar el embalaje y la comodidad.<\/p>\n<p><strong>Aplicaci\u00f3n vers\u00e1til:<\/strong> Ideales tanto para tiendas de alimentos como para hogares, nuestras bolsas de papel para almuerzo mejoran la presentaci\u00f3n de los alimentos, haci\u00e9ndolos lucir a\u00fan m\u00e1s deliciosos. No s\u00f3lo son asequibles, sino que tambi\u00e9n contribuyen a la sostenibilidad medioambiental.<\/p>\n<p><strong>Uso multiusos:<\/strong> M\u00e1s all\u00e1 de la comida, estas bolsas sirven para diversos fines, como bolsas de fiesta, bolsas de golosinas y bolsas de regalos para refrigerios. Su peque\u00f1o tama\u00f1o los hace perfectos para proyectos de arte y manualidades, ofreciendo infinitas posibilidades creativas.<\/p>\n<p><strong>Personaliza tu experiencia:<\/strong> Da rienda suelta a tu creatividad con nuestras bolsas de papel kraft, que sirven como lienzo en blanco para la expresi\u00f3n art\u00edstica. Ya sea que prefieras dibujar, escribir o decorar, estos bolsos te permiten pintar tu vida de bellezas. Agregue un toque personal pegando sus pegatinas favoritas o su logotipo personalizado, lo que los hace ideales para la preparaci\u00f3n de regalos y la marca.<\/p>\n<p>Experimente la diferencia con nuestra bolsa de papel Kraft marr\u00f3n personalizada con impresi\u00f3n de logotipo. Desde su construcci\u00f3n de primera calidad hasta sus aplicaciones vers\u00e1tiles y caracter\u00edsticas personalizables, es la soluci\u00f3n de embalaje perfecta para todas sus necesidades.<\/p>","protected":false},"excerpt":{"rendered":"<table style=\"height: 360px; width: 99.8505%; border-collapse: collapse;\" border=\"2\">\n<tbody>\n<tr style=\"height: 40px;\">\n<td style=\"width: 22.6796%; height: 30px; background-color: #99ccff;\"><span style=\"font-family: arial, helvetica, sans-serif; font-size: 12pt;\"><strong>Dimensi\u00f3n y estilo<\/strong><\/span><\/td>\n<td style=\"width: 77.3204%; height: 30px; background-color: #99ccff;\"><span style=\"font-family: arial, helvetica, sans-serif; font-size: 12pt;\">Formas y tama\u00f1os personalizados<\/span><\/td>\n<\/tr>\n<tr style=\"height: 40px;\">\n<td style=\"width: 22.6796%; height: 34px; background-color: #ebebeb;\"><span style=\"font-size: 12pt;\"><strong><span style=\"font-family: arial, helvetica, sans-serif;\">Cantidad m\u00ednima de pedido<\/span><\/strong><\/span><\/td>\n<td style=\"width: 77.3204%; height: 34px; background-color: #ebebeb;\"><span style=\"font-family: arial, helvetica, sans-serif; font-size: 12pt;\">1000 unidades sin personalizaci\u00f3n, 10000 unidades para personalizaci\u00f3n<\/span><\/td>\n<\/tr>\n<tr style=\"height: 40px; background-color: #99ccff;\">\n<td style=\"width: 22.6796%; height: 24px;\"><span style=\"font-size: 12pt;\"><strong><span style=\"font-family: arial, helvetica, sans-serif;\">Tipo de embalaje<\/span><\/strong><\/span><\/td>\n<td style=\"width: 77.3204%; height: 24px;\"><span style=\"font-family: arial, helvetica, sans-serif; font-size: 12pt;\">Bolsa de papel kraft marr\u00f3n<\/span><\/td>\n<\/tr>\n<tr style=\"height: 40px; background-color: #ebebeb;\">\n<td style=\"width: 22.6796%; height: 24px;\"><span style=\"font-size: 12pt;\"><strong><span style=\"font-family: arial, helvetica, sans-serif;\">Impresi\u00f3n<\/span><\/strong><\/span><\/td>\n<td style=\"width: 77.3204%; height: 24px;\"><span style=\"font-family: arial, helvetica, sans-serif; font-size: 12pt;\">CMYK (1 \u2013 8 colores), Sin impresi\u00f3n (normal)<\/span><\/td>\n<\/tr>\n<tr style=\"height: 40px; background-color: #99ccff;\">\n<td style=\"width: 22.6796%; height: 24px;\"><span style=\"font-size: 12pt;\"><strong><span style=\"font-family: arial, helvetica, sans-serif;\">Refinamiento<\/span><\/strong><\/span><\/td>\n<td style=\"width: 77.3204%; height: 24px;\"><span style=\"font-family: arial, helvetica, sans-serif; font-size: 12pt;\">Impresi\u00f3n flexogr\u00e1fica<\/span><\/td>\n<\/tr>\n<tr style=\"height: 40px; background-color: #ebebeb;\">\n<td style=\"width: 22.6796%; height: 24px;\"><span style=\"font-size: 12pt;\"><strong><span style=\"font-family: arial, helvetica, sans-serif;\">Palabra clave<\/span><\/strong><\/span><\/td>\n<td style=\"width: 77.3204%; height: 24px;\"><span style=\"font-family: arial, helvetica, sans-serif; font-size: 12pt;\">Bolsa de papel kraft para alimentos<\/span><\/td>\n<\/tr>\n<tr style=\"height: 40px; background-color: #99ccff;\">\n<td style=\"width: 22.6796%; height: 24px;\"><span style=\"font-size: 12pt;\"><strong><span style=\"font-family: arial, helvetica, sans-serif;\">Caracter\u00edstica<\/span><\/strong><\/span><\/td>\n<td style=\"width: 77.3204%; height: 24px;\"><span style=\"font-family: arial, helvetica, sans-serif; font-size: 12pt;\">Material y tinta de seguridad alimentaria, embalaje ecol\u00f3gico.<\/span><\/td>\n<\/tr>\n<tr style=\"height: 40px; background-color: #ebebeb;\">\n<td style=\"width: 22.6796%; height: 24px;\"><span style=\"font-size: 12pt;\"><strong><span style=\"font-family: arial, helvetica, sans-serif;\">Tiempo de respuesta<\/span><\/strong><\/span><\/td>\n<td style=\"width: 77.3204%; height: 24px;\"><span style=\"font-family: arial, helvetica, sans-serif; font-size: 12pt;\">7 \u2013 15 d\u00edas h\u00e1biles, URGENTE<\/span><\/td>\n<\/tr>\n<tr style=\"height: 40px; background-color: #99ccff;\">\n<td style=\"width: 22.6796%; height: 24px;\"><span style=\"font-size: 12pt;\"><strong><span style=\"font-family: arial, helvetica, sans-serif;\">Env\u00edo<\/span><\/strong><\/span><\/td>\n<td style=\"width: 77.3204%; height: 24px;\"><span style=\"font-family: arial, helvetica, sans-serif; font-size: 12pt;\">Aire, Mar, Express<\/span><\/td>\n<\/tr>\n<\/tbody>\n<\/table>\n<p>&nbsp;<\/p>","protected":false},"featured_media":2470,"comment_status":"open","ping_status":"closed","template":"","meta":[],"product_brand":[],"product_cat":[26,20,34],"product_tag":[],"class_list":{"0":"post-2469","1":"product","2":"type-product","3":"status-publish","4":"has-post-thumbnail","6":"product_cat-food-packaging","7":"product_cat-kraft-paper-bag","8":"product_cat-paper-packing","10":"first","11":"instock","12":"shipping-taxable","13":"product-type-simple"},"_links":{"self":[{"href":"https:\/\/polysmarts.com\/es\/wp-json\/wp\/v2\/product\/2469","targetHints":{"allow":["GET"]}}],"collection":[{"href":"https:\/\/polysmarts.com\/es\/wp-json\/wp\/v2\/product"}],"about":[{"href":"https:\/\/polysmarts.com\/es\/wp-json\/wp\/v2\/types\/product"}],"replies":[{"embeddable":true,"href":"https:\/\/polysmarts.com\/es\/wp-json\/wp\/v2\/comments?post=2469"}],"version-history":[{"count":1,"href":"https:\/\/polysmarts.com\/es\/wp-json\/wp\/v2\/product\/2469\/revisions"}],"predecessor-version":[{"id":2474,"href":"https:\/\/polysmarts.com\/es\/wp-json\/wp\/v2\/product\/2469\/revisions\/2474"}],"wp:featuredmedia":[{"embeddable":true,"href":"https:\/\/polysmarts.com\/es\/wp-json\/wp\/v2\/media\/2470"}],"wp:attachment":[{"href":"https:\/\/polysmarts.com\/es\/wp-json\/wp\/v2\/media?parent=2469"}],"wp:term":[{"taxonomy":"product_brand","embeddable":true,"href":"https:\/\/polysmarts.com\/es\/wp-json\/wp\/v2\/product_brand?post=2469"},{"taxonomy":"product_cat","embeddable":true,"href":"https:\/\/polysmarts.com\/es\/wp-json\/wp\/v2\/product_cat?post=2469"},{"taxonomy":"product_tag","embeddable":true,"href":"https:\/\/polysmarts.com\/es\/wp-json\/wp\/v2\/product_tag?post=2469"}],"curies":[{"name":"gracias","href":"https:\/\/api.w.org\/{rel}","templated":true}]}}