{"id":2442,"date":"2024-04-02T03:07:53","date_gmt":"2024-04-02T03:07:53","guid":{"rendered":"https:\/\/polysmarts.com\/?post_type=product&#038;p=2442"},"modified":"2024-04-02T03:56:06","modified_gmt":"2024-04-02T03:56:06","slug":"bolsa-de-ropa-personalizada-con-cierre-zip","status":"publish","type":"product","link":"https:\/\/polysmarts.com\/es\/product\/customized-clothes-bag-with-zip-lock\/","title":{"rendered":"Bolsa de ropa personalizada con cierre de cremallera"},"content":{"rendered":"<p><strong>Material seguro:<\/strong> La bolsa para ropa personalizada, confeccionada con esmerilado, ofrece protecci\u00f3n impermeable, a prueba de humedad y a prueba de polvo, lo que garantiza que su ropa permanezca impecable. Con resistentes cierres de cremallera, estas bolsas son excepcionalmente duraderas y resistentes a desgarros, proporcionando una barrera confiable contra el polvo y los da\u00f1os. Muestra tus prendas con confianza, sabiendo que est\u00e1n conservadas de forma segura.<\/p>\n<p><strong>F\u00e1cil de usar:<\/strong> Sellar su bolsa de ropa es muy sencillo: simplemente deslice los dedos a lo largo del sello de agarre para cerrar de forma segura. Estas minibolsas est\u00e1n dise\u00f1adas para brindar durabilidad y resistencia, lo que facilita la organizaci\u00f3n y el almacenamiento. Simplifique su rutina con bolsos que ofrecen comodidad y confiabilidad.<\/p>\n<p><strong>Bolsas Ziplock peque\u00f1as:<\/strong> Nuestras bolsas transparentes de pl\u00e1stico resellable est\u00e1n dise\u00f1adas para maximizar la eficiencia del almacenamiento, ocupando un espacio m\u00ednimo y ofreciendo un f\u00e1cil acceso. Perfectas para almacenar piezas peque\u00f1as, organizar herramientas o facilitar tareas de viaje, mudanza y env\u00edo, estas bolsas ofrecen una funcionalidad vers\u00e1til para diversas necesidades.<\/p>\n<p><strong>Uso vers\u00e1til:<\/strong> Desde suministros de joyer\u00eda hasta peque\u00f1os componentes electr\u00f3nicos, nuestras bolsas resellables satisfacen una multitud de necesidades organizativas. Ya sea que est\u00e9 guardando botones, cuentas, monedas, clips, aud\u00edfonos o tornillos, estas bolsas brindan una soluci\u00f3n segura y organizada para sus pertenencias.<\/p>\n<p>Experimente la comodidad y confiabilidad de nuestra bolsa de ropa personalizada con cierre de cremallera. Simplifique sus tareas de almacenamiento y organizaci\u00f3n mientras garantiza que sus prendas y accesorios permanezcan protegidos y accesibles cuando los necesite.<\/p>","protected":false},"excerpt":{"rendered":"<table style=\"height: 360px; width: 100.741%; border-collapse: collapse; background-color: #ebebeb;\" border=\"2\">\n<tbody>\n<tr style=\"height: 40px;\">\n<td style=\"width: 22.6796%; height: 30px; background-color: #99ccff;\"><span style=\"font-family: arial, helvetica, sans-serif; font-size: 12pt;\"><strong>Dimensi\u00f3n y estilo<\/strong><\/span><\/td>\n<td style=\"width: 78.2121%; height: 30px; background-color: #99ccff;\"><span style=\"font-family: arial, helvetica, sans-serif; font-size: 12pt;\">Formas y tama\u00f1os personalizados<\/span><\/td>\n<\/tr>\n<tr style=\"height: 40px;\">\n<td style=\"width: 22.6796%; height: 34px; background-color: #ebebeb;\"><span style=\"font-size: 12pt;\"><strong><span style=\"font-family: arial, helvetica, sans-serif;\">Cantidad m\u00ednima de pedido<\/span><\/strong><\/span><\/td>\n<td style=\"width: 78.2121%; height: 34px; background-color: #ebebeb;\"><span style=\"font-family: arial, helvetica, sans-serif; font-size: 12pt;\">1000 unidades sin personalizaci\u00f3n, 10000 unidades para personalizaci\u00f3n\u00a0<\/span><\/td>\n<\/tr>\n<tr style=\"height: 40px; background-color: #99ccff;\">\n<td style=\"width: 22.6796%; height: 24px;\"><span style=\"font-size: 12pt;\"><strong><span style=\"font-family: arial, helvetica, sans-serif;\">Tipo de embalaje<\/span><\/strong><\/span><\/td>\n<td style=\"width: 78.2121%; height: 24px;\"><span style=\"font-family: arial, helvetica, sans-serif; font-size: 12pt;\">Bolsa de ropa personalizada CPE<\/span><\/td>\n<\/tr>\n<tr style=\"height: 40px; background-color: #ebebeb;\">\n<td style=\"width: 22.6796%; height: 24px;\"><span style=\"font-size: 12pt;\"><strong><span style=\"font-family: arial, helvetica, sans-serif;\">Impresi\u00f3n<\/span><\/strong><\/span><\/td>\n<td style=\"width: 78.2121%; height: 24px;\"><span style=\"font-family: arial, helvetica, sans-serif; font-size: 12pt;\">CMYK (1 \u2013 10 colores), sin impresi\u00f3n (normal)<\/span><\/td>\n<\/tr>\n<tr style=\"height: 40px; background-color: #99ccff;\">\n<td style=\"width: 22.6796%; height: 24px;\"><span style=\"font-size: 12pt;\"><strong><span style=\"font-family: arial, helvetica, sans-serif;\">Manejo de superficies<\/span><\/strong><\/span><\/td>\n<td style=\"width: 78.2121%; height: 24px;\"><span style=\"font-family: arial, helvetica, sans-serif; font-size: 12pt;\">Impresi\u00f3n offset<\/span><\/td>\n<\/tr>\n<tr style=\"height: 40px; background-color: #ebebeb;\">\n<td style=\"width: 22.6796%; height: 24px;\"><span style=\"font-size: 12pt;\"><strong><span style=\"font-family: arial, helvetica, sans-serif;\">Material<\/span><\/strong><\/span><\/td>\n<td style=\"width: 78.2121%; height: 24px;\"><span style=\"font-family: arial, helvetica, sans-serif; font-size: 12pt;\">EPI, EPI<\/span><\/td>\n<\/tr>\n<tr style=\"height: 40px; background-color: #99ccff;\">\n<td style=\"width: 22.6796%; height: 24px;\"><span style=\"font-size: 12pt;\"><strong><span style=\"font-family: arial, helvetica, sans-serif;\">Tama\u00f1o<\/span><\/strong><\/span><\/td>\n<td style=\"width: 78.2121%; height: 24px;\"><span style=\"font-family: arial, helvetica, sans-serif; font-size: 12pt;\">Personalizado<\/span><\/td>\n<\/tr>\n<tr style=\"height: 40px; background-color: #ebebeb;\">\n<td style=\"width: 22.6796%; height: 24px;\"><span style=\"font-size: 12pt;\"><strong><span style=\"font-family: arial, helvetica, sans-serif;\">Espesor<\/span><\/strong><\/span><\/td>\n<td style=\"width: 78.2121%; height: 24px;\"><span style=\"font-family: arial, helvetica, sans-serif; font-size: 12pt;\">80 micrones para lados dobles, espesor personalizado aceptado<\/span><\/td>\n<\/tr>\n<tr style=\"height: 40px; background-color: #99ccff;\">\n<td style=\"width: 22.6796%; height: 24px;\"><span style=\"font-size: 12pt;\"><strong><span style=\"font-family: arial, helvetica, sans-serif;\">Env\u00edo<\/span><\/strong><\/span><\/td>\n<td style=\"width: 78.2121%; height: 24px;\"><span style=\"font-family: arial, helvetica, sans-serif; font-size: 12pt;\">Aire, Mar, Express<\/span><\/td>\n<\/tr>\n<tr style=\"height: 40px; background-color: #ebebeb;\">\n<td style=\"width: 22.6796%; height: 24px;\"><span style=\"font-size: 12pt;\"><strong><span style=\"font-family: arial, helvetica, sans-serif;\">Tiempo de respuesta<\/span><\/strong><\/span><\/td>\n<td style=\"width: 78.2121%; height: 24px;\"><span style=\"font-family: arial, helvetica, sans-serif; font-size: 12pt;\">7 \u2013 15 d\u00edas h\u00e1biles, URGENTE<\/span><\/td>\n<\/tr>\n<\/tbody>\n<\/table>\n<p>&nbsp;<\/p>","protected":false},"featured_media":2443,"comment_status":"open","ping_status":"closed","template":"","meta":[],"product_brand":[],"product_cat":[31,21,18],"product_tag":[],"class_list":{"0":"post-2442","1":"product","2":"type-product","3":"status-publish","4":"has-post-thumbnail","6":"product_cat-clothing-packaging","7":"product_cat-opp-cpp-pe-cpe-single-material-bag","8":"product_cat-zipper-bags","10":"first","11":"instock","12":"shipping-taxable","13":"product-type-simple"},"_links":{"self":[{"href":"https:\/\/polysmarts.com\/es\/wp-json\/wp\/v2\/product\/2442","targetHints":{"allow":["GET"]}}],"collection":[{"href":"https:\/\/polysmarts.com\/es\/wp-json\/wp\/v2\/product"}],"about":[{"href":"https:\/\/polysmarts.com\/es\/wp-json\/wp\/v2\/types\/product"}],"replies":[{"embeddable":true,"href":"https:\/\/polysmarts.com\/es\/wp-json\/wp\/v2\/comments?post=2442"}],"version-history":[{"count":2,"href":"https:\/\/polysmarts.com\/es\/wp-json\/wp\/v2\/product\/2442\/revisions"}],"predecessor-version":[{"id":2450,"href":"https:\/\/polysmarts.com\/es\/wp-json\/wp\/v2\/product\/2442\/revisions\/2450"}],"wp:featuredmedia":[{"embeddable":true,"href":"https:\/\/polysmarts.com\/es\/wp-json\/wp\/v2\/media\/2443"}],"wp:attachment":[{"href":"https:\/\/polysmarts.com\/es\/wp-json\/wp\/v2\/media?parent=2442"}],"wp:term":[{"taxonomy":"product_brand","embeddable":true,"href":"https:\/\/polysmarts.com\/es\/wp-json\/wp\/v2\/product_brand?post=2442"},{"taxonomy":"product_cat","embeddable":true,"href":"https:\/\/polysmarts.com\/es\/wp-json\/wp\/v2\/product_cat?post=2442"},{"taxonomy":"product_tag","embeddable":true,"href":"https:\/\/polysmarts.com\/es\/wp-json\/wp\/v2\/product_tag?post=2442"}],"curies":[{"name":"gracias","href":"https:\/\/api.w.org\/{rel}","templated":true}]}}