{"id":2413,"date":"2024-04-01T09:44:24","date_gmt":"2024-04-01T09:44:24","guid":{"rendered":"https:\/\/polysmarts.com\/?post_type=product&#038;p=2413"},"modified":"2024-04-01T10:03:08","modified_gmt":"2024-04-01T10:03:08","slug":"bolsas-personalizadas-para-paquetes-de-ropa-esmerilada","status":"publish","type":"product","link":"https:\/\/polysmarts.com\/es\/product\/personalized-frosted-clothing-package-bags\/","title":{"rendered":"Bolsas personalizadas para paquetes de ropa esmerilada"},"content":{"rendered":"<p>Experimente lo \u00faltimo en durabilidad y estilo con nuestras bolsas para paquetes de ropa esmeriladas personalizadas, dise\u00f1adas para satisfacer sus necesidades de almacenamiento con sofisticaci\u00f3n y practicidad. He aqu\u00ed por qu\u00e9 nuestras bolsas se destacan:<\/p>\n<p>Duraderas y gruesas: fabricadas con pl\u00e1stico de alta calidad, nuestras bolsas de almacenamiento cuentan con un grosor de una sola capa de hasta 4 mils, lo que garantiza una resistencia excepcional y resistencia al desgarro. Reutilizables y duraderas, estas bolsas son perfectas para todas sus aventuras de viaje y brindan una protecci\u00f3n confiable para sus pertenencias.<\/p>\n<p>Protecci\u00f3n y privacidad: nuestras bolsas autosellantes de almacenamiento esmerilado ofrecen protecci\u00f3n y privacidad. F\u00e1ciles de usar, mantienen su ropa y art\u00edculos secos mientras los protegen de olores, polvo y humedad. Con estas bolsas para paquetes de ropa, puede estar seguro de que sus pertenencias estar\u00e1n seguras dondequiera que vaya.<\/p>\n<p>Clasificaci\u00f3n f\u00e1cil: perfectas para organizar y almacenar una variedad de art\u00edculos, incluyendo ropa, zapatos, art\u00edculos de tocador y accesorios, nuestras bolsas simplifican el proceso de almacenamiento. Ya sea en casa o mientras viaja, puede ordenar y encontrar f\u00e1cilmente sus art\u00edculos cuando los necesite, ahorr\u00e1ndole tiempo y molestias.<\/p>\n<p>Material y dise\u00f1o: Fabricadas con material CPE de alta calidad, nuestras bolsas est\u00e1n dise\u00f1adas con cremalleras duraderas y orificios de permeabilidad al aire. Estas caracter\u00edsticas permiten una f\u00e1cil expulsi\u00f3n del aire durante el almacenamiento, lo que ayuda a ahorrar espacio y mantener sus art\u00edculos frescos. El elegante dise\u00f1o a\u00f1ade un toque de elegancia a sus soluciones de almacenamiento, convirti\u00e9ndolas en un complemento elegante para cualquier armario.<\/p>\n<p>En resumen, nuestras bolsas personalizadas para paquetes de ropa esmerilada ofrecen la combinaci\u00f3n perfecta de durabilidad, funcionalidad y estilo. Eleve su marca y mejore su experiencia de almacenamiento con estas bolsas de primera calidad.<\/p>","protected":false},"excerpt":{"rendered":"<table style=\"height: 360px; width: 100.741%; border-collapse: collapse; background-color: #ebebeb;\" border=\"2\">\n<tbody>\n<tr style=\"height: 40px;\">\n<td style=\"width: 22.6796%; height: 30px; background-color: #99ccff;\"><span style=\"font-family: arial, helvetica, sans-serif; font-size: 12pt;\"><strong>Dimensi\u00f3n y estilo<\/strong><\/span><\/td>\n<td style=\"width: 78.2121%; height: 30px; background-color: #99ccff;\"><span style=\"font-family: arial, helvetica, sans-serif; font-size: 12pt;\">Formas y tama\u00f1os personalizados<\/span><\/td>\n<\/tr>\n<tr style=\"height: 40px;\">\n<td style=\"width: 22.6796%; height: 34px; background-color: #ebebeb;\"><span style=\"font-size: 12pt;\"><strong><span style=\"font-family: arial, helvetica, sans-serif;\">Cantidad m\u00ednima de pedido<\/span><\/strong><\/span><\/td>\n<td style=\"width: 78.2121%; height: 34px; background-color: #ebebeb;\"><span style=\"font-family: arial, helvetica, sans-serif; font-size: 12pt;\">1000 unidades sin personalizaci\u00f3n, 10000 unidades para personalizaci\u00f3n\u00a0<\/span><\/td>\n<\/tr>\n<tr style=\"height: 40px; background-color: #99ccff;\">\n<td style=\"width: 22.6796%; height: 24px;\"><span style=\"font-size: 12pt;\"><strong><span style=\"font-family: arial, helvetica, sans-serif;\">Tipo de embalaje<\/span><\/strong><\/span><\/td>\n<td style=\"width: 78.2121%; height: 24px;\"><span style=\"font-family: arial, helvetica, sans-serif; font-size: 12pt;\">Bolsas para paquetes de ropa<\/span><\/td>\n<\/tr>\n<tr style=\"height: 40px; background-color: #ebebeb;\">\n<td style=\"width: 22.6796%; height: 24px;\"><span style=\"font-size: 12pt;\"><strong><span style=\"font-family: arial, helvetica, sans-serif;\">Impresi\u00f3n<\/span><\/strong><\/span><\/td>\n<td style=\"width: 78.2121%; height: 24px;\"><span style=\"font-family: arial, helvetica, sans-serif; font-size: 12pt;\">CMYK (1 \u2013 10 colores), sin impresi\u00f3n (normal)<\/span><\/td>\n<\/tr>\n<tr style=\"height: 40px; background-color: #99ccff;\">\n<td style=\"width: 22.6796%; height: 24px;\"><span style=\"font-size: 12pt;\"><strong><span style=\"font-family: arial, helvetica, sans-serif;\">Manejo de superficies<\/span><\/strong><\/span><\/td>\n<td style=\"width: 78.2121%; height: 24px;\"><span style=\"font-family: arial, helvetica, sans-serif; font-size: 12pt;\">Impresi\u00f3n offset<\/span><\/td>\n<\/tr>\n<tr style=\"height: 40px; background-color: #ebebeb;\">\n<td style=\"width: 22.6796%; height: 24px;\"><span style=\"font-size: 12pt;\"><strong><span style=\"font-family: arial, helvetica, sans-serif;\">Material<\/span><\/strong><\/span><\/td>\n<td style=\"width: 78.2121%; height: 24px;\"><span style=\"font-family: arial, helvetica, sans-serif; font-size: 12pt;\">CPE, PE<\/span><\/td>\n<\/tr>\n<tr style=\"height: 40px; background-color: #99ccff;\">\n<td style=\"width: 22.6796%; height: 24px;\"><span style=\"font-size: 12pt;\"><strong><span style=\"font-family: arial, helvetica, sans-serif;\">Tama\u00f1o<\/span><\/strong><\/span><\/td>\n<td style=\"width: 78.2121%; height: 24px;\"><span style=\"font-family: arial, helvetica, sans-serif; font-size: 12pt;\">Personalizado<\/span><\/td>\n<\/tr>\n<tr style=\"height: 40px; background-color: #ebebeb;\">\n<td style=\"width: 22.6796%; height: 24px;\"><span style=\"font-size: 12pt;\"><strong><span style=\"font-family: arial, helvetica, sans-serif;\">Espesor<\/span><\/strong><\/span><\/td>\n<td style=\"width: 78.2121%; height: 24px;\"><span style=\"font-family: arial, helvetica, sans-serif; font-size: 12pt;\">80 micrones para lados dobles, espesor personalizado aceptado<\/span><\/td>\n<\/tr>\n<tr style=\"height: 40px; background-color: #99ccff;\">\n<td style=\"width: 22.6796%; height: 24px;\"><span style=\"font-size: 12pt;\"><strong><span style=\"font-family: arial, helvetica, sans-serif;\">Env\u00edo<\/span><\/strong><\/span><\/td>\n<td style=\"width: 78.2121%; height: 24px;\"><span style=\"font-family: arial, helvetica, sans-serif; font-size: 12pt;\">Aire, Mar, Express<\/span><\/td>\n<\/tr>\n<tr style=\"height: 40px; background-color: #ebebeb;\">\n<td style=\"width: 22.6796%; height: 24px;\"><span style=\"font-size: 12pt;\"><strong><span style=\"font-family: arial, helvetica, sans-serif;\">Tiempo de respuesta<\/span><\/strong><\/span><\/td>\n<td style=\"width: 78.2121%; height: 24px;\"><span style=\"font-family: arial, helvetica, sans-serif; font-size: 12pt;\">7 \u2013 15 d\u00edas h\u00e1biles, URGENTE<\/span><\/td>\n<\/tr>\n<\/tbody>\n<\/table>\n<p>&nbsp;<\/p>","protected":false},"featured_media":2414,"comment_status":"open","ping_status":"closed","template":"","meta":[],"product_brand":[],"product_cat":[31,21,18],"product_tag":[],"class_list":{"0":"post-2413","1":"product","2":"type-product","3":"status-publish","4":"has-post-thumbnail","6":"product_cat-clothing-packaging","7":"product_cat-opp-cpp-pe-cpe-single-material-bag","8":"product_cat-zipper-bags","10":"first","11":"instock","12":"shipping-taxable","13":"product-type-simple"},"_links":{"self":[{"href":"https:\/\/polysmarts.com\/es\/wp-json\/wp\/v2\/product\/2413","targetHints":{"allow":["GET"]}}],"collection":[{"href":"https:\/\/polysmarts.com\/es\/wp-json\/wp\/v2\/product"}],"about":[{"href":"https:\/\/polysmarts.com\/es\/wp-json\/wp\/v2\/types\/product"}],"replies":[{"embeddable":true,"href":"https:\/\/polysmarts.com\/es\/wp-json\/wp\/v2\/comments?post=2413"}],"version-history":[{"count":2,"href":"https:\/\/polysmarts.com\/es\/wp-json\/wp\/v2\/product\/2413\/revisions"}],"predecessor-version":[{"id":2421,"href":"https:\/\/polysmarts.com\/es\/wp-json\/wp\/v2\/product\/2413\/revisions\/2421"}],"wp:featuredmedia":[{"embeddable":true,"href":"https:\/\/polysmarts.com\/es\/wp-json\/wp\/v2\/media\/2414"}],"wp:attachment":[{"href":"https:\/\/polysmarts.com\/es\/wp-json\/wp\/v2\/media?parent=2413"}],"wp:term":[{"taxonomy":"product_brand","embeddable":true,"href":"https:\/\/polysmarts.com\/es\/wp-json\/wp\/v2\/product_brand?post=2413"},{"taxonomy":"product_cat","embeddable":true,"href":"https:\/\/polysmarts.com\/es\/wp-json\/wp\/v2\/product_cat?post=2413"},{"taxonomy":"product_tag","embeddable":true,"href":"https:\/\/polysmarts.com\/es\/wp-json\/wp\/v2\/product_tag?post=2413"}],"curies":[{"name":"gracias","href":"https:\/\/api.w.org\/{rel}","templated":true}]}}