{"id":2404,"date":"2024-04-01T09:06:05","date_gmt":"2024-04-01T09:06:05","guid":{"rendered":"https:\/\/polysmarts.com\/?post_type=product&#038;p=2404"},"modified":"2024-04-01T09:30:03","modified_gmt":"2024-04-01T09:30:03","slug":"bolsas-de-embalaje-de-ropa-personalizadas-con-cremallera","status":"publish","type":"product","link":"https:\/\/polysmarts.com\/es\/product\/custom-clothing-packaging-bags-with-zipper\/","title":{"rendered":"Bolsas de embalaje de ropa personalizadas con cremallera"},"content":{"rendered":"<p>Descubra la versatilidad y conveniencia de nuestras Bolsas para embalaje de ropa personalizadas, disponibles en varios tama\u00f1os y grosores para adaptarse a sus requisitos espec\u00edficos. Como fabricantes, tenemos la capacidad de personalizar e imprimir logotipos, garantizando que sus soluciones de almacenamiento sean pr\u00e1cticas y de marca a la perfecci\u00f3n.<\/p>\n<p>Material duradero: fabricadas con material pl\u00e1stico suave y flexible, nuestras bolsas de pl\u00e1stico impermeables de viaje est\u00e1n dise\u00f1adas para un uso repetido. Son ecol\u00f3gicos, livianos y excepcionalmente duraderos, lo que brinda confiabilidad duradera para sus necesidades de almacenamiento. Con una construcci\u00f3n robusta, estas bolsas permanecen en su lugar cuando se mueven o cierran, lo que garantiza que sus art\u00edculos permanezcan seguros.<\/p>\n<p>Cierre de cremallera fuerte resellable: cada bolsa de pl\u00e1stico para guardar ropa cuenta con una cremallera resistente resellable con un pr\u00e1ctico clip de cierre. Este mecanismo de cierre con cremallera permite un f\u00e1cil acceso y cierre, manteniendo sus pertenencias organizadas y seguras. El dise\u00f1o claro de la bolsa permite una r\u00e1pida identificaci\u00f3n del contenido, lo que simplifica la organizaci\u00f3n de la ropa por separado y mantiene la ropa limpia y sucia separada mientras ahorra espacio.<\/p>\n<p>Orificios de ventilaci\u00f3n para mayor comodidad: Equipadas con orificios de ventilaci\u00f3n en la parte inferior, nuestras bolsas de pl\u00e1stico evitan que los art\u00edculos se abulten y al mismo tiempo brindan ventilaci\u00f3n. Esta caracter\u00edstica es ideal para guardar ropa, manteni\u00e9ndola limpia, libre de polvo y a prueba de humedad, asegurando que permanezca en perfectas condiciones.<\/p>\n<p>Aplicaci\u00f3n de bolsas para embalaje de ropa personalizadas que ahorran espacio: Nuestras bolsas negras transparentes con cierre herm\u00e9tico son vers\u00e1tiles y adecuadas para una amplia gama de aplicaciones, que incluyen almacenamiento de ropa, soluciones minoristas, productos electr\u00f3nicos, cosm\u00e9ticos, art\u00edculos de viaje y m\u00e1s. Tambi\u00e9n son perfectos como bolsas de compras privadas o como obsequios reflexivos para amigos, familiares y seres queridos.<\/p>\n<p>En resumen, nuestras Bolsas para embalaje de ropa personalizadas ofrecen practicidad, durabilidad y opciones de personalizaci\u00f3n adaptadas a sus necesidades. Experimente la comodidad del almacenamiento organizado con nuestras bolsas confiables y vers\u00e1tiles.<\/p>","protected":false},"excerpt":{"rendered":"<table style=\"height: 360px; width: 100.741%; border-collapse: collapse; background-color: #ebebeb;\" border=\"2\">\n<tbody>\n<tr style=\"height: 40px;\">\n<td style=\"width: 22.6796%; height: 30px; background-color: #99ccff;\"><span style=\"font-family: arial, helvetica, sans-serif; font-size: 12pt;\"><strong>Dimensi\u00f3n y estilo<\/strong><\/span><\/td>\n<td style=\"width: 78.2121%; height: 30px; background-color: #99ccff;\"><span style=\"font-family: arial, helvetica, sans-serif; font-size: 12pt;\">Formas y tama\u00f1os personalizados<\/span><\/td>\n<\/tr>\n<tr style=\"height: 40px;\">\n<td style=\"width: 22.6796%; height: 34px; background-color: #ebebeb;\"><span style=\"font-size: 12pt;\"><strong><span style=\"font-family: arial, helvetica, sans-serif;\">Cantidad m\u00ednima de pedido<\/span><\/strong><\/span><\/td>\n<td style=\"width: 78.2121%; height: 34px; background-color: #ebebeb;\"><span style=\"font-family: arial, helvetica, sans-serif; font-size: 12pt;\">1000 unidades sin personalizaci\u00f3n, 10000 unidades para personalizaci\u00f3n\u00a0<\/span><\/td>\n<\/tr>\n<tr style=\"height: 40px; background-color: #99ccff;\">\n<td style=\"width: 22.6796%; height: 24px;\"><span style=\"font-size: 12pt;\"><strong><span style=\"font-family: arial, helvetica, sans-serif;\">Tipo de embalaje<\/span><\/strong><\/span><\/td>\n<td style=\"width: 78.2121%; height: 24px;\"><span style=\"font-family: arial, helvetica, sans-serif; font-size: 12pt;\">Bolsas de embalaje de ropa personalizadas<\/span><\/td>\n<\/tr>\n<tr style=\"height: 40px; background-color: #ebebeb;\">\n<td style=\"width: 22.6796%; height: 24px;\"><span style=\"font-size: 12pt;\"><strong><span style=\"font-family: arial, helvetica, sans-serif;\">Impresi\u00f3n<\/span><\/strong><\/span><\/td>\n<td style=\"width: 78.2121%; height: 24px;\"><span style=\"font-family: arial, helvetica, sans-serif; font-size: 12pt;\">CMYK (1 \u2013 10 colores), sin impresi\u00f3n (normal)<\/span><\/td>\n<\/tr>\n<tr style=\"height: 40px; background-color: #99ccff;\">\n<td style=\"width: 22.6796%; height: 24px;\"><span style=\"font-size: 12pt;\"><strong><span style=\"font-family: arial, helvetica, sans-serif;\">Manejo de superficies<\/span><\/strong><\/span><\/td>\n<td style=\"width: 78.2121%; height: 24px;\"><span style=\"font-family: arial, helvetica, sans-serif; font-size: 12pt;\">Impresi\u00f3n offset<\/span><\/td>\n<\/tr>\n<tr style=\"height: 40px; background-color: #ebebeb;\">\n<td style=\"width: 22.6796%; height: 24px;\"><span style=\"font-size: 12pt;\"><strong><span style=\"font-family: arial, helvetica, sans-serif;\">Material<\/span><\/strong><\/span><\/td>\n<td style=\"width: 78.2121%; height: 24px;\"><span style=\"font-family: arial, helvetica, sans-serif; font-size: 12pt;\">CPE, PE<\/span><\/td>\n<\/tr>\n<tr style=\"height: 40px; background-color: #99ccff;\">\n<td style=\"width: 22.6796%; height: 24px;\"><span style=\"font-size: 12pt;\"><strong><span style=\"font-family: arial, helvetica, sans-serif;\">Tama\u00f1o<\/span><\/strong><\/span><\/td>\n<td style=\"width: 78.2121%; height: 24px;\"><span style=\"font-family: arial, helvetica, sans-serif; font-size: 12pt;\">Personalizado<\/span><\/td>\n<\/tr>\n<tr style=\"height: 40px; background-color: #ebebeb;\">\n<td style=\"width: 22.6796%; height: 24px;\"><span style=\"font-size: 12pt;\"><strong><span style=\"font-family: arial, helvetica, sans-serif;\">Espesor<\/span><\/strong><\/span><\/td>\n<td style=\"width: 78.2121%; height: 24px;\"><span style=\"font-family: arial, helvetica, sans-serif; font-size: 12pt;\">100 micras para lados dobles, espesor personalizado aceptado<\/span><\/td>\n<\/tr>\n<tr style=\"height: 40px; background-color: #99ccff;\">\n<td style=\"width: 22.6796%; height: 24px;\"><span style=\"font-size: 12pt;\"><strong><span style=\"font-family: arial, helvetica, sans-serif;\">Env\u00edo<\/span><\/strong><\/span><\/td>\n<td style=\"width: 78.2121%; height: 24px;\"><span style=\"font-family: arial, helvetica, sans-serif; font-size: 12pt;\">Aire, Mar, Express<\/span><\/td>\n<\/tr>\n<tr style=\"height: 40px; background-color: #ebebeb;\">\n<td style=\"width: 22.6796%; height: 24px;\"><span style=\"font-size: 12pt;\"><strong><span style=\"font-family: arial, helvetica, sans-serif;\">Tiempo de respuesta<\/span><\/strong><\/span><\/td>\n<td style=\"width: 78.2121%; height: 24px;\"><span style=\"font-family: arial, helvetica, sans-serif; font-size: 12pt;\">7 \u2013 15 d\u00edas h\u00e1biles, URGENTE<\/span><\/td>\n<\/tr>\n<\/tbody>\n<\/table>\n<p>&nbsp;<\/p>","protected":false},"featured_media":2406,"comment_status":"open","ping_status":"closed","template":"","meta":[],"product_brand":[],"product_cat":[31,21,18],"product_tag":[],"class_list":{"0":"post-2404","1":"product","2":"type-product","3":"status-publish","4":"has-post-thumbnail","6":"product_cat-clothing-packaging","7":"product_cat-opp-cpp-pe-cpe-single-material-bag","8":"product_cat-zipper-bags","10":"first","11":"instock","12":"shipping-taxable","13":"product-type-simple"},"_links":{"self":[{"href":"https:\/\/polysmarts.com\/es\/wp-json\/wp\/v2\/product\/2404","targetHints":{"allow":["GET"]}}],"collection":[{"href":"https:\/\/polysmarts.com\/es\/wp-json\/wp\/v2\/product"}],"about":[{"href":"https:\/\/polysmarts.com\/es\/wp-json\/wp\/v2\/types\/product"}],"replies":[{"embeddable":true,"href":"https:\/\/polysmarts.com\/es\/wp-json\/wp\/v2\/comments?post=2404"}],"version-history":[{"count":2,"href":"https:\/\/polysmarts.com\/es\/wp-json\/wp\/v2\/product\/2404\/revisions"}],"predecessor-version":[{"id":2412,"href":"https:\/\/polysmarts.com\/es\/wp-json\/wp\/v2\/product\/2404\/revisions\/2412"}],"wp:featuredmedia":[{"embeddable":true,"href":"https:\/\/polysmarts.com\/es\/wp-json\/wp\/v2\/media\/2406"}],"wp:attachment":[{"href":"https:\/\/polysmarts.com\/es\/wp-json\/wp\/v2\/media?parent=2404"}],"wp:term":[{"taxonomy":"product_brand","embeddable":true,"href":"https:\/\/polysmarts.com\/es\/wp-json\/wp\/v2\/product_brand?post=2404"},{"taxonomy":"product_cat","embeddable":true,"href":"https:\/\/polysmarts.com\/es\/wp-json\/wp\/v2\/product_cat?post=2404"},{"taxonomy":"product_tag","embeddable":true,"href":"https:\/\/polysmarts.com\/es\/wp-json\/wp\/v2\/product_tag?post=2404"}],"curies":[{"name":"gracias","href":"https:\/\/api.w.org\/{rel}","templated":true}]}}