{"id":2394,"date":"2024-04-01T08:35:52","date_gmt":"2024-04-01T08:35:52","guid":{"rendered":"https:\/\/polysmarts.com\/?post_type=product&#038;p=2394"},"modified":"2024-04-01T09:01:52","modified_gmt":"2024-04-01T09:01:52","slug":"bolsa-de-embalaje-con-cremallera-deslizante-cpe-para-ropa-negra","status":"publish","type":"product","link":"https:\/\/polysmarts.com\/es\/product\/black-garment-cpe-slider-zipper-packaging-bag\/","title":{"rendered":"Bolsa de embalaje con cremallera deslizante CPE para ropa negra"},"content":{"rendered":"<p>Presentamos nuestra bolsa de embalaje con cremallera deslizante negra esmerilada, dise\u00f1ada para brindar protecci\u00f3n y organizaci\u00f3n de alta resistencia para sus prendas y pertenencias. Con opciones de tama\u00f1os y grosores personalizados disponibles, estas bolsas son vers\u00e1tiles y confiables para una variedad de necesidades de almacenamiento.<\/p>\n<p>Cremallera que se puede volver a cerrar: La bolsa de embalaje con cremallera deslizante cuenta con una cremallera deslizante que se puede volver a cerrar, lo que permite un sellado f\u00e1cil e instant\u00e1neo sin la necesidad de selladores o cintas adicionales. Esto acelera las operaciones de embalaje, env\u00edo y env\u00edo por correo mientras protege eficazmente su ropa y pertenencias del polvo, los olores y la humedad.<\/p>\n<p>Lados reforzados: Construidas con lados reforzados, nuestras bolsas de polietileno con cremallera esmerilada ofrecen mayor durabilidad y resistencia. Est\u00e1n dise\u00f1ados para resistir mejor rasgaduras, roturas y desgarros, brindando protecci\u00f3n confiable para su mercanc\u00eda durante el almacenamiento, env\u00edo y env\u00edo por correo.<\/p>\n<p>Dise\u00f1o de cremallera: Con una cremallera de pl\u00e1stico con un orificio redondo, nuestras bolsas garantizan una apertura y cierre suaves y sin esfuerzo. Este detalle de dise\u00f1o mejora la comodidad y la usabilidad, facilitando el acceso a sus pertenencias cuando sea necesario.<\/p>\n<p>Usos: La pel\u00edcula esmerilada de nuestras bolsas les da un aspecto elegante y profesional, lo que las hace ideales para la organizaci\u00f3n del hogar, embalaje de viajes y env\u00edos comerciales. Son perfectos para empaquetar y enviar por correo ropa, camisetas, su\u00e9teres, juguetes, zapatos, ropa interior, calzas, camisetas sin mangas, prendas de vestir, obras de arte, fotograf\u00edas, impresiones, archivos, cosm\u00e9ticos, cables USB, folletos y m\u00e1s. Con estas bolsas podr\u00e1s guardar todo para mantener tu vida organizada.<\/p>\n<p>En resumen, nuestras bolsas de embalaje con cremallera deslizante CPE para prendas negras ofrecen una soluci\u00f3n conveniente y confiable para organizar y proteger sus pertenencias. Conf\u00ede en su durabilidad y funcionalidad para agilizar sus procesos de almacenamiento y env\u00edo mientras mantiene sus art\u00edculos seguros y protegidos.<\/p>","protected":false},"excerpt":{"rendered":"<table style=\"height: 360px; width: 100.741%; border-collapse: collapse; background-color: #ebebeb;\" border=\"2\">\n<tbody>\n<tr style=\"height: 40px;\">\n<td style=\"width: 22.6796%; height: 30px; background-color: #99ccff;\"><span style=\"font-family: arial, helvetica, sans-serif; font-size: 12pt;\"><strong>Dimensi\u00f3n y estilo<\/strong><\/span><\/td>\n<td style=\"width: 78.2121%; height: 30px; background-color: #99ccff;\"><span style=\"font-family: arial, helvetica, sans-serif; font-size: 12pt;\">Formas y tama\u00f1os personalizados<\/span><\/td>\n<\/tr>\n<tr style=\"height: 40px;\">\n<td style=\"width: 22.6796%; height: 34px; background-color: #ebebeb;\"><span style=\"font-size: 12pt;\"><strong><span style=\"font-family: arial, helvetica, sans-serif;\">Cantidad m\u00ednima de pedido<\/span><\/strong><\/span><\/td>\n<td style=\"width: 78.2121%; height: 34px; background-color: #ebebeb;\"><span style=\"font-family: arial, helvetica, sans-serif; font-size: 12pt;\">1000 unidades sin personalizaci\u00f3n, 10000 unidades para personalizaci\u00f3n\u00a0<\/span><\/td>\n<\/tr>\n<tr style=\"height: 40px; background-color: #99ccff;\">\n<td style=\"width: 22.6796%; height: 24px;\"><span style=\"font-size: 12pt;\"><strong><span style=\"font-family: arial, helvetica, sans-serif;\">Tipo de embalaje<\/span><\/strong><\/span><\/td>\n<td style=\"width: 78.2121%; height: 24px;\"><span style=\"font-family: arial, helvetica, sans-serif; font-size: 12pt;\">Bolsa de embalaje con cremallera deslizante CPE para prendas de vestir<\/span><\/td>\n<\/tr>\n<tr style=\"height: 40px; background-color: #ebebeb;\">\n<td style=\"width: 22.6796%; height: 24px;\"><span style=\"font-size: 12pt;\"><strong><span style=\"font-family: arial, helvetica, sans-serif;\">Impresi\u00f3n<\/span><\/strong><\/span><\/td>\n<td style=\"width: 78.2121%; height: 24px;\"><span style=\"font-family: arial, helvetica, sans-serif; font-size: 12pt;\">CMYK (1 \u2013 10 colores), sin impresi\u00f3n (normal)<\/span><\/td>\n<\/tr>\n<tr style=\"height: 40px; background-color: #99ccff;\">\n<td style=\"width: 22.6796%; height: 24px;\"><span style=\"font-size: 12pt;\"><strong><span style=\"font-family: arial, helvetica, sans-serif;\">Manejo de superficies<\/span><\/strong><\/span><\/td>\n<td style=\"width: 78.2121%; height: 24px;\"><span style=\"font-family: arial, helvetica, sans-serif; font-size: 12pt;\">Impresi\u00f3n offset<\/span><\/td>\n<\/tr>\n<tr style=\"height: 40px; background-color: #ebebeb;\">\n<td style=\"width: 22.6796%; height: 24px;\"><span style=\"font-size: 12pt;\"><strong><span style=\"font-family: arial, helvetica, sans-serif;\">Material<\/span><\/strong><\/span><\/td>\n<td style=\"width: 78.2121%; height: 24px;\"><span style=\"font-family: arial, helvetica, sans-serif; font-size: 12pt;\">EPI, EPI<\/span><\/td>\n<\/tr>\n<tr style=\"height: 40px; background-color: #99ccff;\">\n<td style=\"width: 22.6796%; height: 24px;\"><span style=\"font-size: 12pt;\"><strong><span style=\"font-family: arial, helvetica, sans-serif;\">Tama\u00f1o<\/span><\/strong><\/span><\/td>\n<td style=\"width: 78.2121%; height: 24px;\"><span style=\"font-family: arial, helvetica, sans-serif; font-size: 12pt;\">Personalizado<\/span><\/td>\n<\/tr>\n<tr style=\"height: 40px; background-color: #ebebeb;\">\n<td style=\"width: 22.6796%; height: 24px;\"><span style=\"font-size: 12pt;\"><strong><span style=\"font-family: arial, helvetica, sans-serif;\">Espesor<\/span><\/strong><\/span><\/td>\n<td style=\"width: 78.2121%; height: 24px;\"><span style=\"font-family: arial, helvetica, sans-serif; font-size: 12pt;\">100 micras para lados dobles, espesor personalizado aceptado<\/span><\/td>\n<\/tr>\n<tr style=\"height: 40px; background-color: #99ccff;\">\n<td style=\"width: 22.6796%; height: 24px;\"><span style=\"font-size: 12pt;\"><strong><span style=\"font-family: arial, helvetica, sans-serif;\">Env\u00edo<\/span><\/strong><\/span><\/td>\n<td style=\"width: 78.2121%; height: 24px;\"><span style=\"font-family: arial, helvetica, sans-serif; font-size: 12pt;\">Aire, Mar, Express<\/span><\/td>\n<\/tr>\n<tr style=\"height: 40px; background-color: #ebebeb;\">\n<td style=\"width: 22.6796%; height: 24px;\"><span style=\"font-size: 12pt;\"><strong><span style=\"font-family: arial, helvetica, sans-serif;\">Tiempo de respuesta<\/span><\/strong><\/span><\/td>\n<td style=\"width: 78.2121%; height: 24px;\"><span style=\"font-family: arial, helvetica, sans-serif; font-size: 12pt;\">7 \u2013 15 d\u00edas h\u00e1biles, URGENTE<\/span><\/td>\n<\/tr>\n<\/tbody>\n<\/table>\n<p>&nbsp;<\/p>","protected":false},"featured_media":2395,"comment_status":"open","ping_status":"closed","template":"","meta":[],"product_brand":[],"product_cat":[31,21,18],"product_tag":[],"class_list":{"0":"post-2394","1":"product","2":"type-product","3":"status-publish","4":"has-post-thumbnail","6":"product_cat-clothing-packaging","7":"product_cat-opp-cpp-pe-cpe-single-material-bag","8":"product_cat-zipper-bags","10":"first","11":"instock","12":"shipping-taxable","13":"product-type-simple"},"_links":{"self":[{"href":"https:\/\/polysmarts.com\/es\/wp-json\/wp\/v2\/product\/2394","targetHints":{"allow":["GET"]}}],"collection":[{"href":"https:\/\/polysmarts.com\/es\/wp-json\/wp\/v2\/product"}],"about":[{"href":"https:\/\/polysmarts.com\/es\/wp-json\/wp\/v2\/types\/product"}],"replies":[{"embeddable":true,"href":"https:\/\/polysmarts.com\/es\/wp-json\/wp\/v2\/comments?post=2394"}],"version-history":[{"count":3,"href":"https:\/\/polysmarts.com\/es\/wp-json\/wp\/v2\/product\/2394\/revisions"}],"predecessor-version":[{"id":2403,"href":"https:\/\/polysmarts.com\/es\/wp-json\/wp\/v2\/product\/2394\/revisions\/2403"}],"wp:featuredmedia":[{"embeddable":true,"href":"https:\/\/polysmarts.com\/es\/wp-json\/wp\/v2\/media\/2395"}],"wp:attachment":[{"href":"https:\/\/polysmarts.com\/es\/wp-json\/wp\/v2\/media?parent=2394"}],"wp:term":[{"taxonomy":"product_brand","embeddable":true,"href":"https:\/\/polysmarts.com\/es\/wp-json\/wp\/v2\/product_brand?post=2394"},{"taxonomy":"product_cat","embeddable":true,"href":"https:\/\/polysmarts.com\/es\/wp-json\/wp\/v2\/product_cat?post=2394"},{"taxonomy":"product_tag","embeddable":true,"href":"https:\/\/polysmarts.com\/es\/wp-json\/wp\/v2\/product_tag?post=2394"}],"curies":[{"name":"gracias","href":"https:\/\/api.w.org\/{rel}","templated":true}]}}