{"id":2385,"date":"2024-04-01T08:12:02","date_gmt":"2024-04-01T08:12:02","guid":{"rendered":"https:\/\/polysmarts.com\/?post_type=product&#038;p=2385"},"modified":"2024-04-23T03:28:38","modified_gmt":"2024-04-23T03:28:38","slug":"bolsas-antiestaticas-resellables-embalaje-esd","status":"publish","type":"product","link":"https:\/\/polysmarts.com\/es\/product\/resealable-anti-static-bags-esd-packaging\/","title":{"rendered":"Bolsas antiest\u00e1ticas resellables Embalaje ESD"},"content":{"rendered":"<p>Presentamos nuestras bolsas antiest\u00e1ticas resellables, dise\u00f1adas para embalajes ESD (descarga electrost\u00e1tica) para proteger componentes electr\u00f3nicos delicados. Estas bolsas ofrecen una variedad de caracter\u00edsticas para garantizar tanto la protecci\u00f3n como la visibilidad de sus art\u00edculos valiosos.<\/p>\n<p>Seguridad y protecci\u00f3n del medio ambiente: nuestras bolsas antiest\u00e1ticas est\u00e1n fabricadas con CPP de alta calidad con una pel\u00edcula aluminizada, lo que proporciona una durabilidad y protecci\u00f3n excepcionales. Con un rendimiento a altas y bajas temperaturas de \u00b1500\u00b0C, estas bolsas no son t\u00f3xicas, son ecol\u00f3gicas y seguras para el medio ambiente.<\/p>\n<p>Cintur\u00f3n de sellado de sujeci\u00f3n: Equipadas con un cintur\u00f3n de sellado de sujeci\u00f3n, estas bolsas antiest\u00e1ticas ofrecen un alto rendimiento de sellado, lo que garantiza una protecci\u00f3n impermeable y a prueba de humedad para sus componentes electr\u00f3nicos. Con una clasificaci\u00f3n de resistencia a la humedad de Clase II, tambi\u00e9n se pueden sellar al vac\u00edo para evitar la oxidaci\u00f3n.<\/p>\n<p>Dise\u00f1o pr\u00e1ctico: con un dise\u00f1o con cierre de cremallera resellable, nuestras bolsas antiest\u00e1ticas se pueden volver a cerrar y son f\u00e1ciles de usar, lo que elimina la necesidad de equipos de sellado adicionales. Este dise\u00f1o pr\u00e1ctico mejora la comodidad y la eficiencia al empaquetar y almacenar dispositivos electr\u00f3nicos.<\/p>\n<p>Bolsa transl\u00facida: El dise\u00f1o transl\u00facido de nuestras bolsas le permite exhibir f\u00e1cilmente sus productos a los clientes o exhibirlos en gabinetes sin comprometer la protecci\u00f3n. Esta visibilidad ayuda a evitar que sus productos se ensucien debido al polvo o la oxidaci\u00f3n, lo que garantiza que permanezcan impecables hasta su uso.<\/p>\n<p>En resumen, nuestras bolsas antiest\u00e1ticas resellables ofrecen una soluci\u00f3n confiable y pr\u00e1ctica para embalaje ESD, brindando protecci\u00f3n y visibilidad a sus componentes electr\u00f3nicos. Conf\u00eda en nuestras bolsas para salvaguardar tus objetos de valor y mantener su calidad durante el almacenamiento y transporte.<\/p>","protected":false},"excerpt":{"rendered":"<table style=\"height: 360px; width: 99.8505%; border-collapse: collapse;\" border=\"2\">\n<tbody>\n<tr style=\"height: 40px;\">\n<td style=\"width: 22.6796%; height: 30px; background-color: #99ccff;\"><span style=\"font-family: arial, helvetica, sans-serif; font-size: 12pt;\"><strong>Dimensi\u00f3n y estilo<\/strong><\/span><\/td>\n<td style=\"width: 77.3204%; height: 30px; background-color: #99ccff;\"><span style=\"font-family: arial, helvetica, sans-serif; font-size: 12pt;\">Formas y tama\u00f1os personalizados<\/span><\/td>\n<\/tr>\n<tr style=\"height: 40px;\">\n<td style=\"width: 22.6796%; height: 34px; background-color: #ebebeb;\"><span style=\"font-size: 12pt;\"><strong><span style=\"font-family: arial, helvetica, sans-serif;\">Cantidad m\u00ednima de pedido<\/span><\/strong><\/span><\/td>\n<td style=\"width: 77.3204%; height: 34px; background-color: #ebebeb;\"><span style=\"font-family: arial, helvetica, sans-serif; font-size: 12pt;\">1000 unidades sin personalizaci\u00f3n, 10000 unidades para personalizaci\u00f3n<\/span><\/td>\n<\/tr>\n<tr style=\"height: 40px; background-color: #99ccff;\">\n<td style=\"width: 22.6796%; height: 24px;\"><span style=\"font-size: 12pt;\"><strong><span style=\"font-family: arial, helvetica, sans-serif;\">Tipo de embalaje<\/span><\/strong><\/span><\/td>\n<td style=\"width: 77.3204%; height: 24px;\"><span style=\"font-family: arial, helvetica, sans-serif; font-size: 12pt;\">Bolsas antiest\u00e1ticas<\/span><\/td>\n<\/tr>\n<tr style=\"height: 40px; background-color: #ebebeb;\">\n<td style=\"width: 22.6796%; height: 24px;\"><span style=\"font-size: 12pt;\"><strong><span style=\"font-family: arial, helvetica, sans-serif;\">Impresi\u00f3n<\/span><\/strong><\/span><\/td>\n<td style=\"width: 77.3204%; height: 24px;\"><span style=\"font-family: arial, helvetica, sans-serif; font-size: 12pt;\">CMYK (1 \u2013 10 colores), sin impresi\u00f3n (normal)<\/span><\/td>\n<\/tr>\n<tr style=\"height: 40px; background-color: #99ccff;\">\n<td style=\"width: 22.6796%; height: 24px;\"><span style=\"font-size: 12pt;\"><strong><span style=\"font-family: arial, helvetica, sans-serif;\">Material<\/span><\/strong><\/span><\/td>\n<td style=\"width: 77.3204%; height: 24px;\"><span style=\"font-family: arial, helvetica, sans-serif; font-size: 12pt;\">OPP\/CPP antiest\u00e1tico<\/span><\/td>\n<\/tr>\n<tr style=\"height: 40px; background-color: #ebebeb;\">\n<td style=\"width: 22.6796%; height: 24px;\"><span style=\"font-size: 12pt;\"><strong><span style=\"font-family: arial, helvetica, sans-serif;\">Opciones incluidas<\/span><\/strong><\/span><\/td>\n<td style=\"width: 77.3204%; height: 24px;\"><span style=\"font-family: arial, helvetica, sans-serif; font-size: 12pt;\">Troquelado, sellado t\u00e9rmico<\/span><\/td>\n<\/tr>\n<tr style=\"height: 40px; background-color: #99ccff;\">\n<td style=\"width: 22.6796%; height: 24px;\"><span style=\"font-size: 12pt;\"><strong><span style=\"font-family: arial, helvetica, sans-serif;\">Prueba<\/span><\/strong><\/span><\/td>\n<td style=\"width: 77.3204%; height: 24px;\"><span style=\"font-family: arial, helvetica, sans-serif; font-size: 12pt;\">Pruebas de olor\u00a0<\/span><\/td>\n<\/tr>\n<tr style=\"height: 40px; background-color: #ebebeb;\">\n<td style=\"width: 22.6796%; height: 24px;\"><span style=\"font-size: 12pt;\"><strong><span style=\"font-family: arial, helvetica, sans-serif;\">Tiempo de respuesta<\/span><\/strong><\/span><\/td>\n<td style=\"width: 77.3204%; height: 24px;\"><span style=\"font-family: arial, helvetica, sans-serif; font-size: 12pt;\">7 \u2013 15 d\u00edas h\u00e1biles, URGENTE<\/span><\/td>\n<\/tr>\n<tr style=\"height: 40px; background-color: #99ccff;\">\n<td style=\"width: 22.6796%; height: 24px;\"><span style=\"font-size: 12pt;\"><strong><span style=\"font-family: arial, helvetica, sans-serif;\">Env\u00edo<\/span><\/strong><\/span><\/td>\n<td style=\"width: 77.3204%; height: 24px;\"><span style=\"font-family: arial, helvetica, sans-serif; font-size: 12pt;\">Aire, Mar, Express<\/span><\/td>\n<\/tr>\n<\/tbody>\n<\/table>\n<p>&nbsp;<\/p>","protected":false},"featured_media":2825,"comment_status":"open","ping_status":"closed","template":"","meta":[],"product_brand":[],"product_cat":[32,18],"product_tag":[],"class_list":{"0":"post-2385","1":"product","2":"type-product","3":"status-publish","4":"has-post-thumbnail","6":"product_cat-3c-packaging","7":"product_cat-zipper-bags","9":"first","10":"instock","11":"shipping-taxable","12":"product-type-simple"},"_links":{"self":[{"href":"https:\/\/polysmarts.com\/es\/wp-json\/wp\/v2\/product\/2385","targetHints":{"allow":["GET"]}}],"collection":[{"href":"https:\/\/polysmarts.com\/es\/wp-json\/wp\/v2\/product"}],"about":[{"href":"https:\/\/polysmarts.com\/es\/wp-json\/wp\/v2\/types\/product"}],"replies":[{"embeddable":true,"href":"https:\/\/polysmarts.com\/es\/wp-json\/wp\/v2\/comments?post=2385"}],"version-history":[{"count":3,"href":"https:\/\/polysmarts.com\/es\/wp-json\/wp\/v2\/product\/2385\/revisions"}],"predecessor-version":[{"id":2854,"href":"https:\/\/polysmarts.com\/es\/wp-json\/wp\/v2\/product\/2385\/revisions\/2854"}],"wp:featuredmedia":[{"embeddable":true,"href":"https:\/\/polysmarts.com\/es\/wp-json\/wp\/v2\/media\/2825"}],"wp:attachment":[{"href":"https:\/\/polysmarts.com\/es\/wp-json\/wp\/v2\/media?parent=2385"}],"wp:term":[{"taxonomy":"product_brand","embeddable":true,"href":"https:\/\/polysmarts.com\/es\/wp-json\/wp\/v2\/product_brand?post=2385"},{"taxonomy":"product_cat","embeddable":true,"href":"https:\/\/polysmarts.com\/es\/wp-json\/wp\/v2\/product_cat?post=2385"},{"taxonomy":"product_tag","embeddable":true,"href":"https:\/\/polysmarts.com\/es\/wp-json\/wp\/v2\/product_tag?post=2385"}],"curies":[{"name":"gracias","href":"https:\/\/api.w.org\/{rel}","templated":true}]}}