{"id":2360,"date":"2024-04-01T06:05:38","date_gmt":"2024-04-01T06:05:38","guid":{"rendered":"https:\/\/polysmarts.com\/?post_type=product&#038;p=2360"},"modified":"2025-10-14T08:33:54","modified_gmt":"2025-10-14T00:33:54","slug":"bolsas-de-celofan-transparente-con-fuelle-para-embalaje-de-pan-100-unidades","status":"publish","type":"product","link":"https:\/\/polysmarts.com\/es\/product\/gusseted-clear-cellophane-bags-for-bread-packaging100pcs\/","title":{"rendered":"Bolsas de celof\u00e1n transparente con fuelle para embalaje de pan (100 unidades)"},"content":{"rendered":"<p>Mejore el empaque de su pan tostado con nuestras bolsas de celof\u00e1n transparente con fuelle de primera calidad. Fabricadas con pl\u00e1stico de alta calidad, estas bolsas ofrecen la m\u00e1xima durabilidad y confiabilidad, lo que garantiza que sus productos est\u00e9n bien protegidos y presentados de manera hermosa.<\/p>\n<p>Construcci\u00f3n Premium: Nuestras bolsas de pl\u00e1stico est\u00e1n construidas con materiales de alta calidad, lo que garantiza una durabilidad excepcional. Los refuerzos termosellados evitan fugas, lo que hace que estas bolsas sean perfectas para aplicaciones de envasado de alimentos donde la frescura es primordial.<\/p>\n<p>Mantenga los refrigerios frescos: dise\u00f1adas para resistir rasgaduras y desgarros, estas bolsas para empaquetar dulces se pueden sellar con calor, lo que le permite conservar la frescura y conservar el sabor de su pan tostado durante todo el d\u00eda. D\u00edgale adi\u00f3s a los snacks rancios con nuestra fiable soluci\u00f3n de envasado.<\/p>\n<p>Especialmente dise\u00f1ado: estas bolsas termoselladas cuentan con refuerzos y un fondo plano, junto con un inserto de papel que les permite mantenerse en posici\u00f3n vertical. Este dise\u00f1o \u00fanico no solo mejora la presentaci\u00f3n de sus productos horneados sino que tambi\u00e9n agrega un toque de elegancia a sus obsequios de fiesta y art\u00edculos para llevar.<\/p>\n<p>Ideal para fiestas y ocasiones especiales: ya sea que est\u00e9 organizando una fiesta o celebrando una ocasi\u00f3n especial, nuestras bolsas de celof\u00e1n transparente con fuelle son la opci\u00f3n perfecta para crear sofisticadas bolsas de regalos. Su elegante dise\u00f1o los hace adecuados para una amplia gama de eventos, asegurando que sus delicias se presenten con estilo.<\/p>\n<p>En resumen, nuestras bolsas de celof\u00e1n transparente con fuelle de primera calidad son la soluci\u00f3n de embalaje ideal para pan tostado y otros productos horneados. Con su construcci\u00f3n duradera, su capacidad para conservar la frescura y su dise\u00f1o elegante, seguramente lo impresionar\u00e1n tanto a usted como a sus clientes.<\/p>","protected":false},"excerpt":{"rendered":"<table style=\"height: 360px; width: 99.8505%; border-collapse: collapse;\" border=\"2\">\n<tbody>\n<tr style=\"height: 40px;\">\n<td style=\"width: 38.0988%; height: 30px; background-color: #99ccff;\"><span style=\"font-family: arial, helvetica, sans-serif; font-size: 12pt;\"><strong>Dimensi\u00f3n y estilo<\/strong><\/span><\/td>\n<td style=\"width: 61.9012%; height: 30px; background-color: #99ccff;\"><span style=\"font-family: arial, helvetica, sans-serif; font-size: 12pt;\">7*20+4cm<\/span><\/td>\n<\/tr>\n<tr style=\"height: 40px;\">\n<td style=\"width: 38.0988%; height: 34px; background-color: #ebebeb;\"><span style=\"font-size: 12pt;\"><strong><span style=\"font-family: arial, helvetica, sans-serif;\">Peso de 1 paquete = 100 piezas<\/span><\/strong><\/span><\/td>\n<td style=\"width: 61.9012%; height: 34px; background-color: #ebebeb;\"><span style=\"font-family: arial, helvetica, sans-serif; font-size: 12pt;\">Alrededor de 0,4 kg<\/span><\/td>\n<\/tr>\n<tr style=\"height: 40px; background-color: #99ccff;\">\n<td style=\"width: 38.0988%; height: 24px;\"><span style=\"font-size: 12pt;\"><strong><span style=\"font-family: arial, helvetica, sans-serif;\">Tipo de embalaje<\/span><\/strong><\/span><\/td>\n<td style=\"width: 61.9012%; height: 24px;\"><span style=\"font-family: arial, helvetica, sans-serif; font-size: 12pt;\">Bolsas de celof\u00e1n transparente (1 paquete = 100 unidades)<\/span><\/td>\n<\/tr>\n<tr style=\"height: 40px; background-color: #ebebeb;\">\n<td style=\"width: 38.0988%; height: 24px;\"><span style=\"font-size: 12pt;\"><strong><span style=\"font-family: arial, helvetica, sans-serif;\">Espesor<\/span><\/strong><\/span><\/td>\n<td style=\"width: 61.9012%; height: 24px;\"><span style=\"font-family: arial, helvetica, sans-serif; font-size: 12pt;\">40 micras<\/span><\/td>\n<\/tr>\n<tr style=\"height: 40px; background-color: #99ccff;\">\n<td style=\"width: 38.0988%; height: 24px;\"><span style=\"font-size: 12pt;\"><strong><span style=\"font-family: arial, helvetica, sans-serif;\">Refinamiento<\/span><\/strong><\/span><\/td>\n<td style=\"width: 61.9012%; height: 24px;\"><span style=\"font-family: arial, helvetica, sans-serif; font-size: 12pt;\">Brillo<\/span><\/td>\n<\/tr>\n<tr style=\"height: 40px; background-color: #ebebeb;\">\n<td style=\"width: 38.0988%; height: 24px;\"><span style=\"font-size: 12pt;\"><strong><span style=\"font-family: arial, helvetica, sans-serif;\">Material<\/span><\/strong><\/span><\/td>\n<td style=\"width: 61.9012%; height: 24px;\"><span style=\"font-family: arial, helvetica, sans-serif; font-size: 12pt;\">OPP<\/span><\/td>\n<\/tr>\n<tr style=\"height: 40px; background-color: #99ccff;\">\n<td style=\"width: 38.0988%; height: 24px;\"><span style=\"font-size: 12pt;\"><strong><span style=\"font-family: arial, helvetica, sans-serif;\">Prueba<\/span><\/strong><\/span><\/td>\n<td style=\"width: 61.9012%; height: 24px;\"><span style=\"font-family: arial, helvetica, sans-serif; font-size: 12pt;\">A prueba de olores y barrera<\/span><\/td>\n<\/tr>\n<tr style=\"height: 40px; background-color: #ebebeb;\">\n<td style=\"width: 38.0988%; height: 24px;\"><span style=\"font-size: 12pt;\"><strong><span style=\"font-family: arial, helvetica, sans-serif;\">Tiempo de env\u00edo<\/span><\/strong><\/span><\/td>\n<td style=\"width: 61.9012%; height: 24px;\"><span style=\"font-family: arial, helvetica, sans-serif; font-size: 12pt;\">7 \u2013 15 d\u00edas h\u00e1biles, URGENTE<\/span><\/td>\n<\/tr>\n<tr style=\"height: 40px; background-color: #99ccff;\">\n<td style=\"width: 38.0988%; height: 24px;\"><span style=\"font-size: 12pt;\"><strong><span style=\"font-family: arial, helvetica, sans-serif;\">M\u00e9todo de env\u00edo<\/span><\/strong><\/span><\/td>\n<td style=\"width: 61.9012%; height: 24px;\"><span style=\"font-family: arial, helvetica, sans-serif; font-size: 12pt;\">Expresar<\/span><\/td>\n<\/tr>\n<\/tbody>\n<\/table>\n<p>&nbsp;<\/p>","protected":false},"featured_media":2365,"comment_status":"open","ping_status":"closed","template":"","meta":[],"product_brand":[],"product_cat":[64],"product_tag":[],"class_list":{"0":"post-2360","1":"product","2":"type-product","3":"status-publish","4":"has-post-thumbnail","6":"product_cat-stock-pouches","8":"first","9":"instock","10":"shipping-taxable","11":"purchasable","12":"product-type-simple"},"_links":{"self":[{"href":"https:\/\/polysmarts.com\/es\/wp-json\/wp\/v2\/product\/2360","targetHints":{"allow":["GET"]}}],"collection":[{"href":"https:\/\/polysmarts.com\/es\/wp-json\/wp\/v2\/product"}],"about":[{"href":"https:\/\/polysmarts.com\/es\/wp-json\/wp\/v2\/types\/product"}],"replies":[{"embeddable":true,"href":"https:\/\/polysmarts.com\/es\/wp-json\/wp\/v2\/comments?post=2360"}],"version-history":[{"count":3,"href":"https:\/\/polysmarts.com\/es\/wp-json\/wp\/v2\/product\/2360\/revisions"}],"predecessor-version":[{"id":2373,"href":"https:\/\/polysmarts.com\/es\/wp-json\/wp\/v2\/product\/2360\/revisions\/2373"}],"wp:featuredmedia":[{"embeddable":true,"href":"https:\/\/polysmarts.com\/es\/wp-json\/wp\/v2\/media\/2365"}],"wp:attachment":[{"href":"https:\/\/polysmarts.com\/es\/wp-json\/wp\/v2\/media?parent=2360"}],"wp:term":[{"taxonomy":"product_brand","embeddable":true,"href":"https:\/\/polysmarts.com\/es\/wp-json\/wp\/v2\/product_brand?post=2360"},{"taxonomy":"product_cat","embeddable":true,"href":"https:\/\/polysmarts.com\/es\/wp-json\/wp\/v2\/product_cat?post=2360"},{"taxonomy":"product_tag","embeddable":true,"href":"https:\/\/polysmarts.com\/es\/wp-json\/wp\/v2\/product_tag?post=2360"}],"curies":[{"name":"gracias","href":"https:\/\/api.w.org\/{rel}","templated":true}]}}