{"id":2343,"date":"2024-03-28T17:45:47","date_gmt":"2024-03-28T17:45:47","guid":{"rendered":"https:\/\/polysmarts.com\/?post_type=product&#038;p=2343"},"modified":"2025-10-14T08:15:03","modified_gmt":"2025-10-14T00:15:03","slug":"bolsa-con-cierre-hermetico-transparente-de-plastico-pe-1-paquete-de-100-unidades","status":"publish","type":"product","link":"https:\/\/polysmarts.com\/es\/product\/pe-plastic-clear-zip-lock-bag-1pack-100pcs\/","title":{"rendered":"Bolsa con cierre de cremallera transparente de pl\u00e1stico PE (1 paquete = 100 unidades)"},"content":{"rendered":"<p>Presentamos nuestras bolsas de pl\u00e1stico PE transparentes con cierre herm\u00e9tico, disponibles en paquetes de 100 piezas para su comodidad. Estas bolsas transl\u00facidas incoloras son suaves, resistentes y vienen en tres tama\u00f1os diferentes: 17*<em>25cm, 7,5*<\/em>20 cm y 6,5 x 11 cm (tama\u00f1o exterior), para satisfacer una variedad de necesidades.<\/p>\n<p>Material seguro: fabricadas con pl\u00e1stico transparente, estas bolsas con cierre herm\u00e9tico ofrecen un sello de agarre herm\u00e9tico que es resistente al agua, a la humedad y al polvo. Son incre\u00edblemente duraderos y fuertes, resistentes a desgarros y brindan una excelente exhibici\u00f3n de sus productos. La resistente cremallera con cierre garantiza una mayor reutilizaci\u00f3n, manteniendo sus art\u00edculos seguros y protegidos.<\/p>\n<p>F\u00e1cil de usar: simplemente deslice los dedos a lo largo del sello de agarre para cerrar estas bolsas de forma segura. Su durabilidad y resistencia los hacen ideales para organizar y almacenar diversos productos con facilidad.<\/p>\n<p>Bolsas peque\u00f1as con cierre herm\u00e9tico: nuestras bolsas transparentes de pl\u00e1stico resellables est\u00e1n dise\u00f1adas para ocupar un espacio de almacenamiento m\u00ednimo y al mismo tiempo ofrecer la m\u00e1xima funcionalidad. Son perfectos para almacenar piezas peque\u00f1as, organizar suministros de joyer\u00eda, peque\u00f1as piezas electr\u00f3nicas, botones, cuentas, monedas, clips, auriculares, tornillos y m\u00e1s. Ya sea para viajes, mudanzas, env\u00edos o uso diario, estas bolsas son vers\u00e1tiles y confiables.<\/p>\n<p>En resumen, nuestras bolsas transparentes de pl\u00e1stico PE con cierre herm\u00e9tico son la soluci\u00f3n perfecta para sus necesidades de almacenamiento y organizaci\u00f3n. Con su dise\u00f1o resistente al agua y al polvo, su construcci\u00f3n duradera y su conveniente funci\u00f3n resellable, brindan una manera eficiente y eficaz de proteger y organizar sus pertenencias.<\/p>","protected":false},"excerpt":{"rendered":"<table style=\"height: 360px; width: 99.8505%; border-collapse: collapse;\" border=\"2\">\n<tbody>\n<tr style=\"height: 40px;\">\n<td style=\"width: 38.0988%; height: 30px; background-color: #99ccff;\"><span style=\"font-family: arial, helvetica, sans-serif; font-size: 12pt;\"><strong>Dimensi\u00f3n y estilo<\/strong><\/span><\/td>\n<td style=\"width: 61.9012%; height: 30px; background-color: #99ccff;\"><span style=\"font-family: arial, helvetica, sans-serif; font-size: 12pt;\">17*25cm, 7,5*20cm, 6,5*11cm<\/span><\/td>\n<\/tr>\n<tr style=\"height: 40px;\">\n<td style=\"width: 38.0988%; height: 34px; background-color: #ebebeb;\"><span style=\"font-size: 12pt;\"><strong><span style=\"font-family: arial, helvetica, sans-serif;\">Peso de 1 paquete para tama\u00f1o de <span style=\"font-family: arial, helvetica, sans-serif; font-size: 12pt;\">17*25cm, 7,5*20cm, 7,5*20cm<\/span><\/span><\/strong><\/span><\/td>\n<td style=\"width: 61.9012%; height: 34px; background-color: #ebebeb;\"><span style=\"font-family: arial, helvetica, sans-serif; font-size: 12pt;\">Alrededor de 0,45 kg, 0,13 kg, 0,1 kg, 1<\/span><\/td>\n<\/tr>\n<tr style=\"height: 40px; background-color: #99ccff;\">\n<td style=\"width: 38.0988%; height: 24px;\"><span style=\"font-size: 12pt;\"><strong><span style=\"font-family: arial, helvetica, sans-serif;\">Tipo de embalaje<\/span><\/strong><\/span><\/td>\n<td style=\"width: 61.9012%; height: 24px;\"><span style=\"font-family: arial, helvetica, sans-serif; font-size: 12pt;\">Bolsa transparente con cierre de cremallera.<\/span><\/td>\n<\/tr>\n<tr style=\"height: 40px; background-color: #ebebeb;\">\n<td style=\"width: 38.0988%; height: 24px;\"><span style=\"font-size: 12pt;\"><strong><span style=\"font-family: arial, helvetica, sans-serif;\">Espesor<\/span><\/strong><\/span><\/td>\n<td style=\"width: 61.9012%; height: 24px;\"><span style=\"font-family: arial, helvetica, sans-serif; font-size: 12pt;\">50 micras<\/span><\/td>\n<\/tr>\n<tr style=\"height: 40px; background-color: #99ccff;\">\n<td style=\"width: 38.0988%; height: 24px;\"><span style=\"font-size: 12pt;\"><strong><span style=\"font-family: arial, helvetica, sans-serif;\">Refinamiento<\/span><\/strong><\/span><\/td>\n<td style=\"width: 61.9012%; height: 24px;\"><span style=\"font-family: arial, helvetica, sans-serif; font-size: 12pt;\">Brillo<\/span><\/td>\n<\/tr>\n<tr style=\"height: 40px; background-color: #ebebeb;\">\n<td style=\"width: 38.0988%; height: 24px;\"><span style=\"font-size: 12pt;\"><strong><span style=\"font-family: arial, helvetica, sans-serif;\">Material<\/span><\/strong><\/span><\/td>\n<td style=\"width: 61.9012%; height: 24px;\"><span style=\"font-family: arial, helvetica, sans-serif; font-size: 12pt;\">PEBD<\/span><\/td>\n<\/tr>\n<tr style=\"height: 40px; background-color: #99ccff;\">\n<td style=\"width: 38.0988%; height: 24px;\"><span style=\"font-size: 12pt;\"><strong><span style=\"font-family: arial, helvetica, sans-serif;\">Prueba<\/span><\/strong><\/span><\/td>\n<td style=\"width: 61.9012%; height: 24px;\"><span style=\"font-family: arial, helvetica, sans-serif; font-size: 12pt;\">Pruebas de olor\u00a0<\/span><\/td>\n<\/tr>\n<tr style=\"height: 40px; background-color: #ebebeb;\">\n<td style=\"width: 38.0988%; height: 24px;\"><span style=\"font-size: 12pt;\"><strong><span style=\"font-family: arial, helvetica, sans-serif;\">Tiempo de env\u00edo<\/span><\/strong><\/span><\/td>\n<td style=\"width: 61.9012%; height: 24px;\"><span style=\"font-family: arial, helvetica, sans-serif; font-size: 12pt;\">7 \u2013 15 d\u00edas h\u00e1biles, URGENTE<\/span><\/td>\n<\/tr>\n<tr style=\"height: 40px; background-color: #99ccff;\">\n<td style=\"width: 38.0988%; height: 24px;\"><span style=\"font-size: 12pt;\"><strong><span style=\"font-family: arial, helvetica, sans-serif;\">M\u00e9todo de env\u00edo<\/span><\/strong><\/span><\/td>\n<td style=\"width: 61.9012%; height: 24px;\"><span style=\"font-family: arial, helvetica, sans-serif; font-size: 12pt;\">Expresar<\/span><\/td>\n<\/tr>\n<\/tbody>\n<\/table>\n<p>&nbsp;<\/p>","protected":false},"featured_media":2348,"comment_status":"open","ping_status":"closed","template":"","meta":[],"product_brand":[],"product_cat":[64],"product_tag":[],"class_list":{"0":"post-2343","1":"product","2":"type-product","3":"status-publish","4":"has-post-thumbnail","6":"product_cat-stock-pouches","8":"first","9":"instock","10":"shipping-taxable","11":"purchasable","12":"product-type-variable"},"_links":{"self":[{"href":"https:\/\/polysmarts.com\/es\/wp-json\/wp\/v2\/product\/2343","targetHints":{"allow":["GET"]}}],"collection":[{"href":"https:\/\/polysmarts.com\/es\/wp-json\/wp\/v2\/product"}],"about":[{"href":"https:\/\/polysmarts.com\/es\/wp-json\/wp\/v2\/types\/product"}],"replies":[{"embeddable":true,"href":"https:\/\/polysmarts.com\/es\/wp-json\/wp\/v2\/comments?post=2343"}],"version-history":[{"count":1,"href":"https:\/\/polysmarts.com\/es\/wp-json\/wp\/v2\/product\/2343\/revisions"}],"predecessor-version":[{"id":2358,"href":"https:\/\/polysmarts.com\/es\/wp-json\/wp\/v2\/product\/2343\/revisions\/2358"}],"wp:featuredmedia":[{"embeddable":true,"href":"https:\/\/polysmarts.com\/es\/wp-json\/wp\/v2\/media\/2348"}],"wp:attachment":[{"href":"https:\/\/polysmarts.com\/es\/wp-json\/wp\/v2\/media?parent=2343"}],"wp:term":[{"taxonomy":"product_brand","embeddable":true,"href":"https:\/\/polysmarts.com\/es\/wp-json\/wp\/v2\/product_brand?post=2343"},{"taxonomy":"product_cat","embeddable":true,"href":"https:\/\/polysmarts.com\/es\/wp-json\/wp\/v2\/product_cat?post=2343"},{"taxonomy":"product_tag","embeddable":true,"href":"https:\/\/polysmarts.com\/es\/wp-json\/wp\/v2\/product_tag?post=2343"}],"curies":[{"name":"gracias","href":"https:\/\/api.w.org\/{rel}","templated":true}]}}