{"id":1994,"date":"2024-03-20T16:57:54","date_gmt":"2024-03-20T16:57:54","guid":{"rendered":"https:\/\/polysmarts.com\/?post_type=product&#038;p=1994"},"modified":"2025-10-14T16:08:44","modified_gmt":"2025-10-14T08:08:44","slug":"en-stock-bolsas-holograficas-de-pie","status":"publish","type":"product","link":"https:\/\/polysmarts.com\/es\/product\/in-stock-holographic-stand-up-pouches\/","title":{"rendered":"En stock Bolsas hologr\u00e1ficas de pie (100 piezas)"},"content":{"rendered":"<p>\u00a1Presentamos nuestras impresionantes bolsas hologr\u00e1ficas de pie, ahora disponibles en pr\u00e1cticos paquetes de 100 piezas! Mejore su juego de empaque con estas llamativas bolsas que combinan funcionalidad con un deslumbrante dise\u00f1o hologr\u00e1fico.<\/p>\n<p>Dise\u00f1o hologr\u00e1fico resellable: nuestras bolsas hologr\u00e1ficas de mylar cuentan con un frente transparente, lo que permite una f\u00e1cil visualizaci\u00f3n del producto. La parte posterior muestra una fascinante l\u00e1mina de aluminio con los colores del arco\u00edris, que a\u00f1ade durabilidad y un brillo cautivador a su embalaje.<\/p>\n<p>Bolsas de almacenamiento Mylar: Dise\u00f1adas para mayor comodidad, estas bolsas de regalo hologr\u00e1ficas pueden permanecer abiertas por s\u00ed solas, lo que facilita el llenado sin esfuerzo. Equipados con una tira de sellado autoadhesiva resellable, son perfectos para almacenar una variedad de art\u00edculos. El dise\u00f1o de la cremallera garantiza un sellado seguro, lo que permite m\u00faltiples usos.<\/p>\n<p>Material: Fabricadas con material OPP\/PET\/CPP de alta calidad, nuestras bolsas hologr\u00e1ficas ofrecen excelentes propiedades de sellado y durabilidad. Mantienen eficazmente el agua y la humedad fuera y contienen olores cuando est\u00e1n sellados.<\/p>\n<p>Tama\u00f1o y paquete: Cada bolsa de mylar para almacenamiento de alimentos viene en varios tama\u00f1os: <span style=\"font-family: arial, helvetica, sans-serif; font-size: 12pt;\">9*14cm, 10*15cm, 12*20cm y 18*26cm<\/span>, brindando versatilidad para sus necesidades de empaque. Con cada paquete que contiene 100 bolsas hologr\u00e1ficas, tendr\u00e1 un amplio suministro para sus productos.<\/p>\n<p>Multiusos: estas bolsas hologr\u00e1ficas con cierre de arco\u00edris son ideales para una amplia gama de productos secos, incluidos caf\u00e9, frijoles, dulces, az\u00facar, arroz, ingredientes para hornear, galletas, t\u00e9, nueces, frutas secas y flores secas. Tenga en cuenta que no son aptos para l\u00edquidos.<\/p>\n<p>En resumen, nuestras brillantes bolsas hologr\u00e1ficas de pie ofrecen estilo y practicidad, lo que las convierte en la elecci\u00f3n perfecta para sus necesidades de embalaje. \u00a1Abast\u00e9cete ahora y a\u00f1ade un toque de magia a tus productos!<\/p>","protected":false},"excerpt":{"rendered":"<table style=\"height: 360px; width: 99.8505%; border-collapse: collapse;\" border=\"2\">\n<tbody>\n<tr style=\"height: 40px;\">\n<td style=\"width: 38.0988%; height: 30px; background-color: #99ccff;\"><span style=\"font-family: arial, helvetica, sans-serif; font-size: 12pt;\"><strong>Dimensi\u00f3n y estilo<\/strong><\/span><\/td>\n<td style=\"width: 61.9012%; height: 30px; background-color: #99ccff;\"><span style=\"font-family: arial, helvetica, sans-serif; font-size: 12pt;\">9*14cm, 10*15cm, 12*20cm, 18*26cm<\/span><\/td>\n<\/tr>\n<tr style=\"height: 40px;\">\n<td style=\"width: 38.0988%; height: 34px; background-color: #ebebeb;\"><span style=\"font-size: 12pt;\"><strong><span style=\"font-family: arial, helvetica, sans-serif;\">Peso de 1 paquete para tama\u00f1o de <span style=\"font-family: arial, helvetica, sans-serif; font-size: 12pt;\">9*14cm, 10*15cm, 12*20cm, 18*26cm<\/span><\/span><\/strong><\/span><\/td>\n<td style=\"width: 61.9012%; height: 34px; background-color: #ebebeb;\"><span style=\"font-family: arial, helvetica, sans-serif; font-size: 12pt;\">Alrededor de 0,35 kg, 0,45 kg, 0,6 kg, 1 kg<\/span><\/td>\n<\/tr>\n<tr style=\"height: 40px; background-color: #99ccff;\">\n<td style=\"width: 38.0988%; height: 24px;\"><span style=\"font-size: 12pt;\"><strong><span style=\"font-family: arial, helvetica, sans-serif;\">Tipo de embalaje<\/span><\/strong><\/span><\/td>\n<td style=\"width: 61.9012%; height: 24px;\"><span style=\"font-family: arial, helvetica, sans-serif; font-size: 12pt;\">Bolsas hologr\u00e1ficas de pie<\/span><\/td>\n<\/tr>\n<tr style=\"height: 40px; background-color: #ebebeb;\">\n<td style=\"width: 38.0988%; height: 24px;\"><span style=\"font-size: 12pt;\"><strong><span style=\"font-family: arial, helvetica, sans-serif;\">Espesor<\/span><\/strong><\/span><\/td>\n<td style=\"width: 61.9012%; height: 24px;\"><span style=\"font-family: arial, helvetica, sans-serif; font-size: 12pt;\">70 micras<\/span><\/td>\n<\/tr>\n<tr style=\"height: 40px; background-color: #99ccff;\">\n<td style=\"width: 38.0988%; height: 24px;\"><span style=\"font-size: 12pt;\"><strong><span style=\"font-family: arial, helvetica, sans-serif;\">Refinamiento<\/span><\/strong><\/span><\/td>\n<td style=\"width: 61.9012%; height: 24px;\"><span style=\"font-family: arial, helvetica, sans-serif; font-size: 12pt;\">Brillo<\/span><\/td>\n<\/tr>\n<tr style=\"height: 40px; background-color: #ebebeb;\">\n<td style=\"width: 38.0988%; height: 24px;\"><span style=\"font-size: 12pt;\"><strong><span style=\"font-family: arial, helvetica, sans-serif;\">Material<\/span><\/strong><\/span><\/td>\n<td style=\"width: 61.9012%; height: 24px;\"><span style=\"font-family: arial, helvetica, sans-serif; font-size: 12pt;\">OPP\/PET\/CPP<\/span><\/td>\n<\/tr>\n<tr style=\"height: 40px; background-color: #99ccff;\">\n<td style=\"width: 38.0988%; height: 24px;\"><span style=\"font-size: 12pt;\"><strong><span style=\"font-family: arial, helvetica, sans-serif;\">Prueba<\/span><\/strong><\/span><\/td>\n<td style=\"width: 61.9012%; height: 24px;\"><span style=\"font-family: arial, helvetica, sans-serif; font-size: 12pt;\">Pruebas de olor\u00a0<\/span><\/td>\n<\/tr>\n<tr style=\"height: 40px; background-color: #ebebeb;\">\n<td style=\"width: 38.0988%; height: 24px;\"><span style=\"font-size: 12pt;\"><strong><span style=\"font-family: arial, helvetica, sans-serif;\">Tiempo de env\u00edo<\/span><\/strong><\/span><\/td>\n<td style=\"width: 61.9012%; height: 24px;\"><span style=\"font-family: arial, helvetica, sans-serif; font-size: 12pt;\">7 \u2013 15 d\u00edas h\u00e1biles, URGENTE<\/span><\/td>\n<\/tr>\n<tr style=\"height: 40px; background-color: #99ccff;\">\n<td style=\"width: 38.0988%; height: 24px;\"><span style=\"font-size: 12pt;\"><strong><span style=\"font-family: arial, helvetica, sans-serif;\">M\u00e9todo de env\u00edo<\/span><\/strong><\/span><\/td>\n<td style=\"width: 61.9012%; height: 24px;\"><span style=\"font-family: arial, helvetica, sans-serif; font-size: 12pt;\">Expresar<\/span><\/td>\n<\/tr>\n<\/tbody>\n<\/table>\n<p>&nbsp;<\/p>","protected":false},"featured_media":1995,"comment_status":"open","ping_status":"closed","template":"","meta":[],"product_brand":[],"product_cat":[64],"product_tag":[],"class_list":{"0":"post-1994","1":"product","2":"type-product","3":"status-publish","4":"has-post-thumbnail","6":"product_cat-stock-pouches","7":"product_shipping_class-us8-5-shipping-cost","9":"first","10":"instock","11":"shipping-taxable","12":"purchasable","13":"product-type-variable"},"_links":{"self":[{"href":"https:\/\/polysmarts.com\/es\/wp-json\/wp\/v2\/product\/1994","targetHints":{"allow":["GET"]}}],"collection":[{"href":"https:\/\/polysmarts.com\/es\/wp-json\/wp\/v2\/product"}],"about":[{"href":"https:\/\/polysmarts.com\/es\/wp-json\/wp\/v2\/types\/product"}],"replies":[{"embeddable":true,"href":"https:\/\/polysmarts.com\/es\/wp-json\/wp\/v2\/comments?post=1994"}],"version-history":[{"count":5,"href":"https:\/\/polysmarts.com\/es\/wp-json\/wp\/v2\/product\/1994\/revisions"}],"predecessor-version":[{"id":2054,"href":"https:\/\/polysmarts.com\/es\/wp-json\/wp\/v2\/product\/1994\/revisions\/2054"}],"wp:featuredmedia":[{"embeddable":true,"href":"https:\/\/polysmarts.com\/es\/wp-json\/wp\/v2\/media\/1995"}],"wp:attachment":[{"href":"https:\/\/polysmarts.com\/es\/wp-json\/wp\/v2\/media?parent=1994"}],"wp:term":[{"taxonomy":"product_brand","embeddable":true,"href":"https:\/\/polysmarts.com\/es\/wp-json\/wp\/v2\/product_brand?post=1994"},{"taxonomy":"product_cat","embeddable":true,"href":"https:\/\/polysmarts.com\/es\/wp-json\/wp\/v2\/product_cat?post=1994"},{"taxonomy":"product_tag","embeddable":true,"href":"https:\/\/polysmarts.com\/es\/wp-json\/wp\/v2\/product_tag?post=1994"}],"curies":[{"name":"gracias","href":"https:\/\/api.w.org\/{rel}","templated":true}]}}