{"id":1931,"date":"2024-03-09T10:03:57","date_gmt":"2024-03-09T10:03:57","guid":{"rendered":"https:\/\/polysmarts.com\/?post_type=product&#038;p=1931"},"modified":"2024-03-09T10:15:48","modified_gmt":"2024-03-09T10:15:48","slug":"bolsas-coloridas-termoselladas-embalaje-plano-de-aluminio","status":"publish","type":"product","link":"https:\/\/polysmarts.com\/es\/product\/colorful-heat-seal-bags-foil-flat-packaging\/","title":{"rendered":"Bolsas coloridas termoselladas, embalaje plano de aluminio"},"content":{"rendered":"<p>Descubra la soluci\u00f3n de embalaje perfecta para sus productos con nuestras coloridas bolsas termoselladas. Dise\u00f1ados para combinar durabilidad con un atractivo llamativo, estos bolsos est\u00e1n dise\u00f1ados para realzar su marca y cautivar la atenci\u00f3n de los clientes.<\/p>\n<p>Caracter\u00edsticas del producto:<\/p>\n<ol>\n<li>Material duradero: nuestras bolsas termoselladas est\u00e1n fabricadas con papel de aluminio de alta calidad, conocido por su dureza y resistencia a roturas y pinchazos. Esto asegura que sus productos permanezcan protegidos durante la manipulaci\u00f3n y el transporte, manteniendo su integridad y frescura.<\/li>\n<li>Dise\u00f1o de desgarro f\u00e1cil: Di adi\u00f3s a la frustraci\u00f3n con nuestro dise\u00f1o de desgarro f\u00e1cil. Ambos lados de la bolsa est\u00e1n dise\u00f1ados para rasgarse sin esfuerzo, lo que permite una apertura c\u00f3moda y sin complicaciones. No m\u00e1s luchas con tijeras o cuchillos: \u00a1simplemente rasga y disfruta!<\/li>\n<li>Opciones de sellado vers\u00e1tiles: disfrute de la flexibilidad de nuestras opciones de sellado vers\u00e1tiles. Nuestras bolsas de llenado abiertas son compatibles con t\u00e9cnicas de sellado al vac\u00edo y termosellado, brind\u00e1ndole m\u00faltiples opciones para preservar la frescura de sus productos. Ya sea que prefiera sellar al vac\u00edo para almacenamiento a largo plazo o sellar con calor para uso inmediato, nuestras bolsas lo tienen cubierto.<\/li>\n<li>Uso multiuso: desde caf\u00e9 y dulces hasta productos para hornear y refrigerios, nuestras bolsas son perfectas para una amplia gama de productos. Ya sea que est\u00e9 empaquetando comida para el tiempo libre, decoraciones o accesorios, nuestras coloridas bolsas termoselladas seguramente har\u00e1n que sus productos se destaquen en los estantes.<\/li>\n<li>Funcionalidad de sellado dual: Nuestras bolsas de llenado abiertas ofrecen una funcionalidad de sellado dual, lo que permite sellar al vac\u00edo y sellar con calor en la parte superior abierta. Esto garantiza una conservaci\u00f3n \u00f3ptima del contenido, manteniendo sus productos frescos y sabrosos durante per\u00edodos m\u00e1s prolongados.<\/li>\n<\/ol>\n<p>En resumen, nuestras coloridas bolsas termoselladas ofrecen durabilidad, versatilidad y un atractivo llamativo, lo que las convierte en la elecci\u00f3n perfecta para sus necesidades de embalaje. Eleve su marca con empaques vibrantes que no solo protejan sus productos sino que tambi\u00e9n mejoren su atractivo visual.<\/p>","protected":false},"excerpt":{"rendered":"<table style=\"height: 360px; width: 100.741%; border-collapse: collapse; background-color: #ebebeb;\" border=\"2\">\n<tbody>\n<tr style=\"height: 40px;\">\n<td style=\"width: 22.6796%; height: 30px; background-color: #99ccff;\"><span style=\"font-family: arial, helvetica, sans-serif; font-size: 12pt;\"><strong>Dimensi\u00f3n y estilo<\/strong><\/span><\/td>\n<td style=\"width: 78.2121%; height: 30px; background-color: #99ccff;\"><span style=\"font-family: arial, helvetica, sans-serif; font-size: 12pt;\">Formas y tama\u00f1os personalizados<\/span><\/td>\n<\/tr>\n<tr style=\"height: 40px;\">\n<td style=\"width: 22.6796%; height: 34px; background-color: #ebebeb;\"><span style=\"font-size: 12pt;\"><strong><span style=\"font-family: arial, helvetica, sans-serif;\">Cantidad m\u00ednima de pedido<\/span><\/strong><\/span><\/td>\n<td style=\"width: 78.2121%; height: 34px; background-color: #ebebeb;\"><span style=\"font-family: arial, helvetica, sans-serif; font-size: 12pt;\">1000 unidades sin personalizaci\u00f3n, 10000 unidades para personalizaci\u00f3n<\/span><\/td>\n<\/tr>\n<tr style=\"height: 40px; background-color: #99ccff;\">\n<td style=\"width: 22.6796%; height: 24px;\"><span style=\"font-size: 12pt;\"><strong><span style=\"font-family: arial, helvetica, sans-serif;\">Tipo de embalaje<\/span><\/strong><\/span><\/td>\n<td style=\"width: 78.2121%; height: 24px;\"><span style=\"font-family: arial, helvetica, sans-serif; font-size: 12pt;\">3 bolsas con sello lateral<\/span><\/td>\n<\/tr>\n<tr style=\"height: 40px; background-color: #ebebeb;\">\n<td style=\"width: 22.6796%; height: 24px;\"><span style=\"font-size: 12pt;\"><strong><span style=\"font-family: arial, helvetica, sans-serif;\">Impresi\u00f3n<\/span><\/strong><\/span><\/td>\n<td style=\"width: 78.2121%; height: 24px;\"><span style=\"font-family: arial, helvetica, sans-serif; font-size: 12pt;\">CMYK (1 \u2013 10 colores), sin impresi\u00f3n (normal)<\/span><\/td>\n<\/tr>\n<tr style=\"height: 40px; background-color: #99ccff;\">\n<td style=\"width: 22.6796%; height: 24px;\"><span style=\"font-size: 12pt;\"><strong><span style=\"font-family: arial, helvetica, sans-serif;\">Manejo de superficies<\/span><\/strong><\/span><\/td>\n<td style=\"width: 78.2121%; height: 24px;\"><span style=\"font-family: arial, helvetica, sans-serif; font-size: 12pt;\">Impresi\u00f3n offset<\/span><\/td>\n<\/tr>\n<tr style=\"height: 40px; background-color: #ebebeb;\">\n<td style=\"width: 22.6796%; height: 24px;\"><span style=\"font-size: 12pt;\"><strong><span style=\"font-family: arial, helvetica, sans-serif;\">Material<\/span><\/strong><\/span><\/td>\n<td style=\"width: 78.2121%; height: 24px;\"><span style=\"font-family: arial, helvetica, sans-serif; font-size: 12pt;\">Papel de aluminio<\/span><\/td>\n<\/tr>\n<tr style=\"height: 40px; background-color: #99ccff;\">\n<td style=\"width: 22.6796%; height: 24px;\"><span style=\"font-size: 12pt;\"><strong><span style=\"font-family: arial, helvetica, sans-serif;\">Tama\u00f1o<\/span><\/strong><\/span><\/td>\n<td style=\"width: 78.2121%; height: 24px;\"><span style=\"font-family: arial, helvetica, sans-serif; font-size: 12pt;\">5*7cm, 6*9cm, 7*10cm, 8*12cm, 9*13cm, 10*15cm, 12*18cm, 14*20cm, 16*24cm, 20*30cm o personalizado<\/span><\/td>\n<\/tr>\n<tr style=\"height: 40px; background-color: #ebebeb;\">\n<td style=\"width: 22.6796%; height: 24px;\"><span style=\"font-size: 12pt;\"><strong><span style=\"font-family: arial, helvetica, sans-serif;\">Espesor<\/span><\/strong><\/span><\/td>\n<td style=\"width: 78.2121%; height: 24px;\"><span style=\"font-family: arial, helvetica, sans-serif; font-size: 12pt;\">120 micras para lados dobles, espesor personalizado aceptado<\/span><\/td>\n<\/tr>\n<tr style=\"height: 40px; background-color: #99ccff;\">\n<td style=\"width: 22.6796%; height: 24px;\"><span style=\"font-size: 12pt;\"><strong><span style=\"font-family: arial, helvetica, sans-serif;\">Env\u00edo<\/span><\/strong><\/span><\/td>\n<td style=\"width: 78.2121%; height: 24px;\"><span style=\"font-family: arial, helvetica, sans-serif; font-size: 12pt;\">Aire, Mar, Express<\/span><\/td>\n<\/tr>\n<tr style=\"height: 40px; background-color: #ebebeb;\">\n<td style=\"width: 22.6796%; height: 24px;\"><span style=\"font-size: 12pt;\"><strong><span style=\"font-family: arial, helvetica, sans-serif;\">Tiempo de respuesta<\/span><\/strong><\/span><\/td>\n<td style=\"width: 78.2121%; height: 24px;\"><span style=\"font-family: arial, helvetica, sans-serif; font-size: 12pt;\">7 \u2013 15 d\u00edas h\u00e1biles, URGENTE<\/span><\/td>\n<\/tr>\n<\/tbody>\n<\/table>\n<p>&nbsp;<\/p>","protected":false},"featured_media":1932,"comment_status":"open","ping_status":"closed","template":"","meta":[],"product_brand":[],"product_cat":[26,19],"product_tag":[],"class_list":{"0":"post-1931","1":"product","2":"type-product","3":"status-publish","4":"has-post-thumbnail","6":"product_cat-food-packaging","7":"product_cat-heat-sealing-bag","9":"first","10":"instock","11":"shipping-taxable","12":"product-type-simple"},"_links":{"self":[{"href":"https:\/\/polysmarts.com\/es\/wp-json\/wp\/v2\/product\/1931","targetHints":{"allow":["GET"]}}],"collection":[{"href":"https:\/\/polysmarts.com\/es\/wp-json\/wp\/v2\/product"}],"about":[{"href":"https:\/\/polysmarts.com\/es\/wp-json\/wp\/v2\/types\/product"}],"replies":[{"embeddable":true,"href":"https:\/\/polysmarts.com\/es\/wp-json\/wp\/v2\/comments?post=1931"}],"version-history":[{"count":2,"href":"https:\/\/polysmarts.com\/es\/wp-json\/wp\/v2\/product\/1931\/revisions"}],"predecessor-version":[{"id":1938,"href":"https:\/\/polysmarts.com\/es\/wp-json\/wp\/v2\/product\/1931\/revisions\/1938"}],"wp:featuredmedia":[{"embeddable":true,"href":"https:\/\/polysmarts.com\/es\/wp-json\/wp\/v2\/media\/1932"}],"wp:attachment":[{"href":"https:\/\/polysmarts.com\/es\/wp-json\/wp\/v2\/media?parent=1931"}],"wp:term":[{"taxonomy":"product_brand","embeddable":true,"href":"https:\/\/polysmarts.com\/es\/wp-json\/wp\/v2\/product_brand?post=1931"},{"taxonomy":"product_cat","embeddable":true,"href":"https:\/\/polysmarts.com\/es\/wp-json\/wp\/v2\/product_cat?post=1931"},{"taxonomy":"product_tag","embeddable":true,"href":"https:\/\/polysmarts.com\/es\/wp-json\/wp\/v2\/product_tag?post=1931"}],"curies":[{"name":"gracias","href":"https:\/\/api.w.org\/{rel}","templated":true}]}}