{"id":1922,"date":"2024-03-09T09:35:01","date_gmt":"2024-03-09T09:35:01","guid":{"rendered":"https:\/\/polysmarts.com\/?post_type=product&#038;p=1922"},"modified":"2024-03-09T09:45:30","modified_gmt":"2024-03-09T09:45:30","slug":"envases-de-alimentos-secos-de-papel-de-aluminio-mate","status":"publish","type":"product","link":"https:\/\/polysmarts.com\/es\/product\/matte-aluminum-foil-dry-food-packaging\/","title":{"rendered":"Envasado de alimentos secos de papel de aluminio mate"},"content":{"rendered":"<p>Garantice la seguridad y frescura de sus productos alimenticios secos con nuestros envases para alimentos secos de papel de aluminio mate. Dise\u00f1adas pensando en la calidad y la conveniencia, estas bolsas ofrecen una multitud de beneficios para satisfacer sus necesidades de embalaje.<\/p>\n<p>Seguridad alimentaria: tenga la seguridad de que nuestras bolsas son seguras para uso alimentario, lo que las hace perfectas para almacenar granos de caf\u00e9 o crear paquetes de refrigerios para consumir mientras viaja. Ya sea que est\u00e9 preparando comidas para ni\u00f1os, preparando almuerzos para el trabajo o embarc\u00e1ndose en aventuras al aire libre, nuestras bolsas aptas para alimentos son la opci\u00f3n ideal.<\/p>\n<p>Construcci\u00f3n duradera: elaborado con mylar met\u00e1lico de 3,9 MIL de espesor, nuestro embalaje proporciona una durabilidad y protecci\u00f3n excepcionales contra los rayos UV y el da\u00f1o del vapor de agua. Puede empacar, transportar y almacenar con confianza sus productos secos sin preocuparse por da\u00f1os o deterioro.<\/p>\n<p>Multiusos: Nuestras bolsas de papel de aluminio mate son incre\u00edblemente vers\u00e1tiles y adecuadas para una amplia gama de productos secos o en polvo. Desde granos de caf\u00e9 hasta mezclas para refrigerios, estas bolsas est\u00e1n dise\u00f1adas para acomodar cualquier producto con facilidad.<\/p>\n<p>Caracter\u00edsticas personalizables del empaque de alimentos altamente secos: entendemos que cada producto tiene requisitos \u00fanicos, por lo que nuestro empaque es altamente personalizable para satisfacer sus necesidades espec\u00edficas. Las caracter\u00edsticas incluyen:<\/p>\n<ul>\n<li>Cremalleras resellables: para un c\u00f3modo acceso y almacenamiento.<\/li>\n<li>Termosellable: para garantizar un cierre seguro y m\u00e1xima frescura.<\/li>\n<li>Muescas de desgarro: para una f\u00e1cil apertura sin necesidad de tijeras.<\/li>\n<li>Material resistente a pinchazos: para mayor protecci\u00f3n durante la manipulaci\u00f3n y el transporte.<\/li>\n<li>Pel\u00edculas de alta barrera o especiales: para mantener la frescura y suprimir el olor.<\/li>\n<li>Ventanas frontales completamente transparentes: para exhibir sus productos y atraer a los clientes.<\/li>\n<\/ul>\n<p>En resumen, nuestro embalaje para alimentos secos con papel de aluminio mate ofrece mayor protecci\u00f3n, comodidad y versatilidad para sus productos. Elija nuestras soluciones de envasado de alimentos secos para realzar su marca y garantizar la calidad y frescura de sus productos.<\/p>","protected":false},"excerpt":{"rendered":"<table style=\"height: 360px; width: 99.8505%; border-collapse: collapse;\" border=\"2\">\n<tbody>\n<tr style=\"height: 40px;\">\n<td style=\"width: 22.6796%; height: 30px; background-color: #99ccff;\"><span style=\"font-family: arial, helvetica, sans-serif; font-size: 12pt;\"><strong>Dimensi\u00f3n y estilo<\/strong><\/span><\/td>\n<td style=\"width: 77.3204%; height: 30px; background-color: #99ccff;\"><span style=\"font-family: arial, helvetica, sans-serif; font-size: 12pt;\">Formas y tama\u00f1os personalizados<\/span><\/td>\n<\/tr>\n<tr style=\"height: 40px;\">\n<td style=\"width: 22.6796%; height: 34px; background-color: #ebebeb;\"><span style=\"font-size: 12pt;\"><strong><span style=\"font-family: arial, helvetica, sans-serif;\">Cantidad m\u00ednima de pedido<\/span><\/strong><\/span><\/td>\n<td style=\"width: 77.3204%; height: 34px; background-color: #ebebeb;\"><span style=\"font-family: arial, helvetica, sans-serif; font-size: 12pt;\">1000 unidades sin personalizaci\u00f3n, 10000 unidades para personalizaci\u00f3n<\/span><\/td>\n<\/tr>\n<tr style=\"height: 40px; background-color: #99ccff;\">\n<td style=\"width: 22.6796%; height: 24px;\"><span style=\"font-size: 12pt;\"><strong><span style=\"font-family: arial, helvetica, sans-serif;\">Tipo de embalaje<\/span><\/strong><\/span><\/td>\n<td style=\"width: 77.3204%; height: 24px;\"><span style=\"font-family: arial, helvetica, sans-serif; font-size: 12pt;\">Bolsa de pie<\/span><\/td>\n<\/tr>\n<tr style=\"height: 40px; background-color: #ebebeb;\">\n<td style=\"width: 22.6796%; height: 24px;\"><span style=\"font-size: 12pt;\"><strong><span style=\"font-family: arial, helvetica, sans-serif;\">Impresi\u00f3n<\/span><\/strong><\/span><\/td>\n<td style=\"width: 77.3204%; height: 24px;\"><span style=\"font-family: arial, helvetica, sans-serif; font-size: 12pt;\">CMYK (1 \u2013 10 colores), sin impresi\u00f3n (normal)<\/span><\/td>\n<\/tr>\n<tr style=\"height: 40px; background-color: #99ccff;\">\n<td style=\"width: 22.6796%; height: 24px;\"><span style=\"font-size: 12pt;\"><strong><span style=\"font-family: arial, helvetica, sans-serif;\">Refinamiento<\/span><\/strong><\/span><\/td>\n<td style=\"width: 77.3204%; height: 24px;\"><span style=\"font-family: arial, helvetica, sans-serif; font-size: 12pt;\">Laminaci\u00f3n brillante\/mate, impresi\u00f3n offset<\/span><\/td>\n<\/tr>\n<tr style=\"height: 40px; background-color: #ebebeb;\">\n<td style=\"width: 22.6796%; height: 24px;\"><span style=\"font-size: 12pt;\"><strong><span style=\"font-family: arial, helvetica, sans-serif;\">Opciones incluidas<\/span><\/strong><\/span><\/td>\n<td style=\"width: 77.3204%; height: 24px;\"><span style=\"font-family: arial, helvetica, sans-serif; font-size: 12pt;\">Troquelado, sellado t\u00e9rmico<\/span><\/td>\n<\/tr>\n<tr style=\"height: 40px; background-color: #99ccff;\">\n<td style=\"width: 22.6796%; height: 24px;\"><span style=\"font-size: 12pt;\"><strong><span style=\"font-family: arial, helvetica, sans-serif;\">Prueba<\/span><\/strong><\/span><\/td>\n<td style=\"width: 77.3204%; height: 24px;\"><span style=\"font-family: arial, helvetica, sans-serif; font-size: 12pt;\">Pruebas de olor\u00a0<\/span><\/td>\n<\/tr>\n<tr style=\"height: 40px; background-color: #ebebeb;\">\n<td style=\"width: 22.6796%; height: 24px;\"><span style=\"font-size: 12pt;\"><strong><span style=\"font-family: arial, helvetica, sans-serif;\">Tiempo de respuesta<\/span><\/strong><\/span><\/td>\n<td style=\"width: 77.3204%; height: 24px;\"><span style=\"font-family: arial, helvetica, sans-serif; font-size: 12pt;\">7 \u2013 15 d\u00edas h\u00e1biles, URGENTE<\/span><\/td>\n<\/tr>\n<tr style=\"height: 40px; background-color: #99ccff;\">\n<td style=\"width: 22.6796%; height: 24px;\"><span style=\"font-size: 12pt;\"><strong><span style=\"font-family: arial, helvetica, sans-serif;\">Env\u00edo<\/span><\/strong><\/span><\/td>\n<td style=\"width: 77.3204%; height: 24px;\"><span style=\"font-family: arial, helvetica, sans-serif; font-size: 12pt;\">Aire, Mar, Express<\/span><\/td>\n<\/tr>\n<\/tbody>\n<\/table>\n<p>&nbsp;<\/p>","protected":false},"featured_media":1923,"comment_status":"open","ping_status":"closed","template":"","meta":[],"product_brand":[],"product_cat":[26,27,18],"product_tag":[],"class_list":{"0":"post-1922","1":"product","2":"type-product","3":"status-publish","4":"has-post-thumbnail","6":"product_cat-food-packaging","7":"product_cat-coffee-and-tea-packaging","8":"product_cat-zipper-bags","10":"first","11":"instock","12":"shipping-taxable","13":"product-type-simple"},"_links":{"self":[{"href":"https:\/\/polysmarts.com\/es\/wp-json\/wp\/v2\/product\/1922","targetHints":{"allow":["GET"]}}],"collection":[{"href":"https:\/\/polysmarts.com\/es\/wp-json\/wp\/v2\/product"}],"about":[{"href":"https:\/\/polysmarts.com\/es\/wp-json\/wp\/v2\/types\/product"}],"replies":[{"embeddable":true,"href":"https:\/\/polysmarts.com\/es\/wp-json\/wp\/v2\/comments?post=1922"}],"version-history":[{"count":2,"href":"https:\/\/polysmarts.com\/es\/wp-json\/wp\/v2\/product\/1922\/revisions"}],"predecessor-version":[{"id":1930,"href":"https:\/\/polysmarts.com\/es\/wp-json\/wp\/v2\/product\/1922\/revisions\/1930"}],"wp:featuredmedia":[{"embeddable":true,"href":"https:\/\/polysmarts.com\/es\/wp-json\/wp\/v2\/media\/1923"}],"wp:attachment":[{"href":"https:\/\/polysmarts.com\/es\/wp-json\/wp\/v2\/media?parent=1922"}],"wp:term":[{"taxonomy":"product_brand","embeddable":true,"href":"https:\/\/polysmarts.com\/es\/wp-json\/wp\/v2\/product_brand?post=1922"},{"taxonomy":"product_cat","embeddable":true,"href":"https:\/\/polysmarts.com\/es\/wp-json\/wp\/v2\/product_cat?post=1922"},{"taxonomy":"product_tag","embeddable":true,"href":"https:\/\/polysmarts.com\/es\/wp-json\/wp\/v2\/product_tag?post=1922"}],"curies":[{"name":"gracias","href":"https:\/\/api.w.org\/{rel}","templated":true}]}}