{"id":1880,"date":"2024-03-07T12:50:41","date_gmt":"2024-03-07T12:50:41","guid":{"rendered":"https:\/\/polysmarts.com\/?post_type=product&#038;p=1880"},"modified":"2024-03-07T13:16:54","modified_gmt":"2024-03-07T13:16:54","slug":"embalaje-de-bolsas-de-snacks-con-impresion-personalizada","status":"publish","type":"product","link":"https:\/\/polysmarts.com\/es\/product\/custom-print-snack-bags-packaging\/","title":{"rendered":"Embalaje de bolsas de refrigerios con impresi\u00f3n personalizada"},"content":{"rendered":"<ul>\n<li>Presentamos nuestros envases de bolsas para refrigerios personalizables, tambi\u00e9n conocidas como bolsas verticales, dise\u00f1adas para exhibir sus refrigerios y al mismo tiempo ofrecer sostenibilidad y conveniencia. Fabricadas con materiales reciclables y aprobadas por la FDA, estas bolsas para refrigerios brindan una forma sustentable de envasar nueces, dulces, papas fritas y m\u00e1s. Caracter\u00edsticas altamente personalizables: Nuestro empaque de bolsas para refrigerios ofrece una variedad de caracter\u00edsticas personalizables para adaptarse a sus productos e identidad de marca:\n<ul>\n<li>Cremalleras resellables: Permiten abrir y cerrar f\u00e1cilmente, garantizando frescura en cada uso.<\/li>\n<li>Sellable t\u00e9rmicamente: proporciona un sello seguro para mantener sus refrigerios protegidos.<\/li>\n<li>Muescas de desgarro: facilitan la apertura sin esfuerzo para un acceso r\u00e1pido a sus refrigerios.<\/li>\n<li>Material resistente a pinchazos: Ofrece durabilidad y protecci\u00f3n durante el manejo y transporte.<\/li>\n<li>Pel\u00edculas especiales o de alta barrera: mantienen la frescura y suprimen el olor, extendiendo la vida \u00fatil de sus snacks.<\/li>\n<li>Ventanas claras o empa\u00f1adas: Muestre sus productos manteni\u00e9ndolos protegidos.<\/li>\n<li>Orificios para colgar: perfectos para exhibidores minoristas, lo que permite colgarlos f\u00e1cilmente en ganchos o estantes.<\/li>\n<\/ul>\n<p>Dise\u00f1o personalizable: el empaque de nuestras bolsas para refrigerios es altamente personalizable, lo que le permite crear un dise\u00f1o \u00fanico que refleje la identidad de su marca. Ya sea que muestre gr\u00e1ficos llamativos, colores vibrantes o patrones complejos, nuestras capacidades de impresi\u00f3n garantizan que su empaque se destaque en los estantes y cautive la atenci\u00f3n de los clientes.<\/p>\n<p>Soluci\u00f3n sustentable: Adem\u00e1s de ser personalizables, nuestros empaques de bolsas de snacks son amigables con el medio ambiente y est\u00e1n fabricados con materiales reciclables. Al elegir nuestra soluci\u00f3n de embalaje sostenible, puede alinear su marca con valores ecol\u00f3gicos y reducir su impacto ambiental.<\/p>\n<p>Vers\u00e1til y conveniente: Perfectas para una variedad de refrigerios, nuestras bolsas verticales ofrecen versatilidad y conveniencia. Ya sea que est\u00e9 empaquetando nueces, dulces, papas fritas u otras golosinas, nuestras bolsas para refrigerios brindan una soluci\u00f3n pr\u00e1ctica y elegante para refrigerios, exhibiciones minoristas o regalos mientras viaja.<\/p>\n<p>En resumen, nuestro empaque de bolsas de refrigerios con impresi\u00f3n personalizada ofrece una combinaci\u00f3n de sostenibilidad, versatilidad y personalizaci\u00f3n, lo que le permite elevar su marca y exhibir sus refrigerios con estilo. Elija nuestra soluci\u00f3n de embalaje respetuosa con el medio ambiente para generar un impacto positivo y al mismo tiempo deleitar a los clientes con refrigerios frescos y atractivos.<\/li>\n<\/ul>","protected":false},"excerpt":{"rendered":"<table style=\"height: 360px; width: 99.8505%; border-collapse: collapse;\" border=\"2\">\n<tbody>\n<tr style=\"height: 40px;\">\n<td style=\"width: 22.6796%; height: 30px; background-color: #99ccff;\"><span style=\"font-family: arial, helvetica, sans-serif; font-size: 12pt;\"><strong>Dimensi\u00f3n y estilo<\/strong><\/span><\/td>\n<td style=\"width: 77.3204%; height: 30px; background-color: #99ccff;\"><span style=\"font-family: arial, helvetica, sans-serif; font-size: 12pt;\">Formas y tama\u00f1os personalizados<\/span><\/td>\n<\/tr>\n<tr style=\"height: 40px;\">\n<td style=\"width: 22.6796%; height: 34px; background-color: #ebebeb;\"><span style=\"font-size: 12pt;\"><strong><span style=\"font-family: arial, helvetica, sans-serif;\">Cantidad m\u00ednima de pedido<\/span><\/strong><\/span><\/td>\n<td style=\"width: 77.3204%; height: 34px; background-color: #ebebeb;\"><span style=\"font-family: arial, helvetica, sans-serif; font-size: 12pt;\">1000 unidades sin personalizaci\u00f3n, 10000 unidades para personalizaci\u00f3n<\/span><\/td>\n<\/tr>\n<tr style=\"height: 40px; background-color: #99ccff;\">\n<td style=\"width: 22.6796%; height: 24px;\"><span style=\"font-size: 12pt;\"><strong><span style=\"font-family: arial, helvetica, sans-serif;\">Tipo de embalaje<\/span><\/strong><\/span><\/td>\n<td style=\"width: 77.3204%; height: 24px;\"><span style=\"font-family: arial, helvetica, sans-serif; font-size: 12pt;\">Bolsa de pie<\/span><\/td>\n<\/tr>\n<tr style=\"height: 40px; background-color: #ebebeb;\">\n<td style=\"width: 22.6796%; height: 24px;\"><span style=\"font-size: 12pt;\"><strong><span style=\"font-family: arial, helvetica, sans-serif;\">Impresi\u00f3n<\/span><\/strong><\/span><\/td>\n<td style=\"width: 77.3204%; height: 24px;\"><span style=\"font-family: arial, helvetica, sans-serif; font-size: 12pt;\">CMYK (1 \u2013 10 colores), sin impresi\u00f3n (normal)<\/span><\/td>\n<\/tr>\n<tr style=\"height: 40px; background-color: #99ccff;\">\n<td style=\"width: 22.6796%; height: 24px;\"><span style=\"font-size: 12pt;\"><strong><span style=\"font-family: arial, helvetica, sans-serif;\">Refinamiento<\/span><\/strong><\/span><\/td>\n<td style=\"width: 77.3204%; height: 24px;\"><span style=\"font-family: arial, helvetica, sans-serif; font-size: 12pt;\">Laminaci\u00f3n brillante\/mate, impresi\u00f3n offset<\/span><\/td>\n<\/tr>\n<tr style=\"height: 40px; background-color: #ebebeb;\">\n<td style=\"width: 22.6796%; height: 24px;\"><span style=\"font-size: 12pt;\"><strong><span style=\"font-family: arial, helvetica, sans-serif;\">Opciones incluidas<\/span><\/strong><\/span><\/td>\n<td style=\"width: 77.3204%; height: 24px;\"><span style=\"font-family: arial, helvetica, sans-serif; font-size: 12pt;\">Troquelado, sellado t\u00e9rmico<\/span><\/td>\n<\/tr>\n<tr style=\"height: 40px; background-color: #99ccff;\">\n<td style=\"width: 22.6796%; height: 24px;\"><span style=\"font-size: 12pt;\"><strong><span style=\"font-family: arial, helvetica, sans-serif;\">Prueba<\/span><\/strong><\/span><\/td>\n<td style=\"width: 77.3204%; height: 24px;\"><span style=\"font-family: arial, helvetica, sans-serif; font-size: 12pt;\">Pruebas de olor\u00a0<\/span><\/td>\n<\/tr>\n<tr style=\"height: 40px; background-color: #ebebeb;\">\n<td style=\"width: 22.6796%; height: 24px;\"><span style=\"font-size: 12pt;\"><strong><span style=\"font-family: arial, helvetica, sans-serif;\">Tiempo de respuesta<\/span><\/strong><\/span><\/td>\n<td style=\"width: 77.3204%; height: 24px;\"><span style=\"font-family: arial, helvetica, sans-serif; font-size: 12pt;\">7 \u2013 15 d\u00edas h\u00e1biles, URGENTE<\/span><\/td>\n<\/tr>\n<tr style=\"height: 40px; background-color: #99ccff;\">\n<td style=\"width: 22.6796%; height: 24px;\"><span style=\"font-size: 12pt;\"><strong><span style=\"font-family: arial, helvetica, sans-serif;\">Env\u00edo<\/span><\/strong><\/span><\/td>\n<td style=\"width: 77.3204%; height: 24px;\"><span style=\"font-family: arial, helvetica, sans-serif; font-size: 12pt;\">Aire, Mar, Express<\/span><\/td>\n<\/tr>\n<\/tbody>\n<\/table>\n<p>&nbsp;<\/p>","protected":false},"featured_media":1882,"comment_status":"open","ping_status":"closed","template":"","meta":[],"product_brand":[],"product_cat":[26,18],"product_tag":[],"class_list":{"0":"post-1880","1":"product","2":"type-product","3":"status-publish","4":"has-post-thumbnail","6":"product_cat-food-packaging","7":"product_cat-zipper-bags","9":"first","10":"instock","11":"shipping-taxable","12":"product-type-simple"},"_links":{"self":[{"href":"https:\/\/polysmarts.com\/es\/wp-json\/wp\/v2\/product\/1880","targetHints":{"allow":["GET"]}}],"collection":[{"href":"https:\/\/polysmarts.com\/es\/wp-json\/wp\/v2\/product"}],"about":[{"href":"https:\/\/polysmarts.com\/es\/wp-json\/wp\/v2\/types\/product"}],"replies":[{"embeddable":true,"href":"https:\/\/polysmarts.com\/es\/wp-json\/wp\/v2\/comments?post=1880"}],"version-history":[{"count":3,"href":"https:\/\/polysmarts.com\/es\/wp-json\/wp\/v2\/product\/1880\/revisions"}],"predecessor-version":[{"id":1892,"href":"https:\/\/polysmarts.com\/es\/wp-json\/wp\/v2\/product\/1880\/revisions\/1892"}],"wp:featuredmedia":[{"embeddable":true,"href":"https:\/\/polysmarts.com\/es\/wp-json\/wp\/v2\/media\/1882"}],"wp:attachment":[{"href":"https:\/\/polysmarts.com\/es\/wp-json\/wp\/v2\/media?parent=1880"}],"wp:term":[{"taxonomy":"product_brand","embeddable":true,"href":"https:\/\/polysmarts.com\/es\/wp-json\/wp\/v2\/product_brand?post=1880"},{"taxonomy":"product_cat","embeddable":true,"href":"https:\/\/polysmarts.com\/es\/wp-json\/wp\/v2\/product_cat?post=1880"},{"taxonomy":"product_tag","embeddable":true,"href":"https:\/\/polysmarts.com\/es\/wp-json\/wp\/v2\/product_tag?post=1880"}],"curies":[{"name":"gracias","href":"https:\/\/api.w.org\/{rel}","templated":true}]}}