{"id":1857,"date":"2024-03-05T09:29:42","date_gmt":"2024-03-05T09:29:42","guid":{"rendered":"https:\/\/polysmarts.com\/?post_type=product&#038;p=1857"},"modified":"2024-03-05T09:49:57","modified_gmt":"2024-03-05T09:49:57","slug":"bolsas-de-panaderia-con-cierre-de-pestana-y-lazo-de-lata-de-papel-kraft","status":"publish","type":"product","link":"https:\/\/polysmarts.com\/es\/product\/kraft-paper-tin-tie-tab-lock-bakery-bags\/","title":{"rendered":"Bolsas de panader\u00eda con cierre de leng\u00fceta de esta\u00f1o de papel Kraft"},"content":{"rendered":"<p>Bolsas de panader\u00eda con cierre de pesta\u00f1a y lata Bolsa de papel kraft Disponibles en varios tama\u00f1os, incluidas las dimensiones populares de 4,5 \u00d7 2,36 \u00d7 9,6 \u2033, nuestras bolsas de panader\u00eda son ideales para usar como bolsas de regalo para granos de caf\u00e9 tostados de 8 oz, galletas, granola, mezclas de frutos secos y palomitas de ma\u00edz. , barras de chocolate y m\u00e1s. Ya sea que est\u00e9 empaquetando golosinas para disfrute personal o como obsequio para ocasiones especiales, nuestras bolsas ofrecen la combinaci\u00f3n perfecta de funcionalidad y elegancia.<\/p>\n<p>Forro de polietileno laminado: Diga adi\u00f3s a las fugas sucias y a las situaciones pegajosas con el forro de polietileno laminado de nuestras bolsas para panader\u00eda. Esta caracter\u00edstica innovadora garantiza que su contenido se mantenga fresco y delicioso sin que la grasa de las galletas de mantequilla se filtre o las galletas se peguen al papel. Adem\u00e1s, no se corre ni se traspasa al escribir en las bolsas, lo que permite una f\u00e1cil personalizaci\u00f3n y etiquetado.<\/p>\n<p>Bolsas de panader\u00eda con cierre de leng\u00fceta y ventana: nuestras bolsas est\u00e1n equipadas con una c\u00f3moda ventana de visualizaci\u00f3n que le permite exhibir sus delicias y al mismo tiempo ofrecer un adelanto a sus clientes. Las pesta\u00f1as de metal garantizan una f\u00e1cil apertura y un cierre seguro, lo que las hace adecuadas para almacenar y transportar sus delicias con confianza. Perfectas para bodas, fiestas o cualquier evento especial, estas bolsas ofrecen una alternativa elegante y pr\u00e1ctica a los platos o tazas, permitiendo a los invitados sellar y llevarse a casa sus delicias favoritas.<\/p>\n<p>Respetuoso con el medio ambiente: En Polysmarts, priorizamos la sostenibilidad. Es por eso que nuestras bolsas para panader\u00eda con cierre de pesta\u00f1a de papel Kraft son reciclables, lo que las convierte en una opci\u00f3n ecol\u00f3gica para sus necesidades de embalaje. Simplemente retire la brida de hojalata y el revestimiento de polietileno laminado antes de reciclar, lo que reduce los residuos y minimiza su huella ambiental.<\/p>\n<p>M\u00faltiples usos: nuestras bolsas de panader\u00eda no se limitan solo a productos horneados. Son vers\u00e1tiles y perfectos para guardar jab\u00f3n de lavar hecho a mano, golosinas para perros, tartas de cera y m\u00e1s. A\u00f1ade un toque personalizado pegando una pegatina con el logotipo o lindas etiquetas, lo que los hace perfectos tanto para negocios como para ocasiones especiales.<\/p>\n<p>En resumen, nuestras bolsas para panader\u00eda con cierre de leng\u00fceta y bolsa de papel Kraft ofrecen la combinaci\u00f3n perfecta de estilo, funcionalidad y sostenibilidad. Eleva tu marca y deleita a tus clientes con estas bolsas vers\u00e1tiles y ecol\u00f3gicas, asegurando que tus delicias se mantengan frescas y memorables con cada uso.<\/p>","protected":false},"excerpt":{"rendered":"<table style=\"height: 360px; width: 99.8505%; border-collapse: collapse;\" border=\"2\">\n<tbody>\n<tr style=\"height: 40px;\">\n<td style=\"width: 22.6796%; height: 30px; background-color: #99ccff;\"><span style=\"font-family: arial, helvetica, sans-serif; font-size: 12pt;\"><strong>Dimensi\u00f3n y estilo<\/strong><\/span><\/td>\n<td style=\"width: 77.3204%; height: 30px; background-color: #99ccff;\"><span style=\"font-family: arial, helvetica, sans-serif; font-size: 12pt;\">Formas y tama\u00f1os personalizados<\/span><\/td>\n<\/tr>\n<tr style=\"height: 40px;\">\n<td style=\"width: 22.6796%; height: 34px; background-color: #ebebeb;\"><span style=\"font-size: 12pt;\"><strong><span style=\"font-family: arial, helvetica, sans-serif;\">Cantidad m\u00ednima de pedido<\/span><\/strong><\/span><\/td>\n<td style=\"width: 77.3204%; height: 34px; background-color: #ebebeb;\"><span style=\"font-family: arial, helvetica, sans-serif; font-size: 12pt;\">1000 unidades sin personalizaci\u00f3n, 10000 unidades para personalizaci\u00f3n<\/span><\/td>\n<\/tr>\n<tr style=\"height: 40px; background-color: #99ccff;\">\n<td style=\"width: 22.6796%; height: 24px;\"><span style=\"font-size: 12pt;\"><strong><span style=\"font-family: arial, helvetica, sans-serif;\">Tipo de embalaje<\/span><\/strong><\/span><\/td>\n<td style=\"width: 77.3204%; height: 24px;\"><span style=\"font-family: arial, helvetica, sans-serif; font-size: 12pt;\">Kraft Paper Bags<\/span><\/td>\n<\/tr>\n<tr style=\"height: 40px; background-color: #ebebeb;\">\n<td style=\"width: 22.6796%; height: 24px;\"><span style=\"font-size: 12pt;\"><strong><span style=\"font-family: arial, helvetica, sans-serif;\">Impresi\u00f3n<\/span><\/strong><\/span><\/td>\n<td style=\"width: 77.3204%; height: 24px;\"><span style=\"font-family: arial, helvetica, sans-serif; font-size: 12pt;\">CMYK (1 \u2013 8 colores), Sin impresi\u00f3n (normal)<\/span><\/td>\n<\/tr>\n<tr style=\"height: 40px; background-color: #99ccff;\">\n<td style=\"width: 22.6796%; height: 24px;\"><span style=\"font-size: 12pt;\"><strong><span style=\"font-family: arial, helvetica, sans-serif;\">Refinamiento<\/span><\/strong><\/span><\/td>\n<td style=\"width: 77.3204%; height: 24px;\"><span style=\"font-family: arial, helvetica, sans-serif; font-size: 12pt;\">Impresi\u00f3n flexogr\u00e1fica<\/span><\/td>\n<\/tr>\n<tr style=\"height: 40px; background-color: #ebebeb;\">\n<td style=\"width: 22.6796%; height: 24px;\"><span style=\"font-size: 12pt;\"><strong><span style=\"font-family: arial, helvetica, sans-serif;\">Palabra clave<\/span><\/strong><\/span><\/td>\n<td style=\"width: 77.3204%; height: 24px;\"><span style=\"font-family: arial, helvetica, sans-serif; font-size: 12pt;\">Bolsas de panader\u00eda con cierre de leng\u00fceta y lata<\/span><\/td>\n<\/tr>\n<tr style=\"height: 40px; background-color: #99ccff;\">\n<td style=\"width: 22.6796%; height: 24px;\"><span style=\"font-size: 12pt;\"><strong><span style=\"font-family: arial, helvetica, sans-serif;\">Caracter\u00edstica<\/span><\/strong><\/span><\/td>\n<td style=\"width: 77.3204%; height: 24px;\"><span style=\"font-family: arial, helvetica, sans-serif; font-size: 12pt;\">Material y tinta de seguridad alimentaria, embalaje ecol\u00f3gico.<\/span><\/td>\n<\/tr>\n<tr style=\"height: 40px; background-color: #ebebeb;\">\n<td style=\"width: 22.6796%; height: 24px;\"><span style=\"font-size: 12pt;\"><strong><span style=\"font-family: arial, helvetica, sans-serif;\">Tiempo de respuesta<\/span><\/strong><\/span><\/td>\n<td style=\"width: 77.3204%; height: 24px;\"><span style=\"font-family: arial, helvetica, sans-serif; font-size: 12pt;\">7 \u2013 15 d\u00edas h\u00e1biles, URGENTE<\/span><\/td>\n<\/tr>\n<tr style=\"height: 40px; background-color: #99ccff;\">\n<td style=\"width: 22.6796%; height: 24px;\"><span style=\"font-size: 12pt;\"><strong><span style=\"font-family: arial, helvetica, sans-serif;\">Env\u00edo<\/span><\/strong><\/span><\/td>\n<td style=\"width: 77.3204%; height: 24px;\"><span style=\"font-family: arial, helvetica, sans-serif; font-size: 12pt;\">Aire, Mar, Express<\/span><\/td>\n<\/tr>\n<\/tbody>\n<\/table>\n<p>&nbsp;<\/p>","protected":false},"featured_media":1858,"comment_status":"open","ping_status":"closed","template":"","meta":[],"product_brand":[],"product_cat":[26,20,34,27],"product_tag":[],"class_list":{"0":"post-1857","1":"product","2":"type-product","3":"status-publish","4":"has-post-thumbnail","6":"product_cat-food-packaging","7":"product_cat-kraft-paper-bag","8":"product_cat-paper-packing","9":"product_cat-coffee-and-tea-packaging","11":"first","12":"instock","13":"shipping-taxable","14":"product-type-simple"},"_links":{"self":[{"href":"https:\/\/polysmarts.com\/es\/wp-json\/wp\/v2\/product\/1857","targetHints":{"allow":["GET"]}}],"collection":[{"href":"https:\/\/polysmarts.com\/es\/wp-json\/wp\/v2\/product"}],"about":[{"href":"https:\/\/polysmarts.com\/es\/wp-json\/wp\/v2\/types\/product"}],"replies":[{"embeddable":true,"href":"https:\/\/polysmarts.com\/es\/wp-json\/wp\/v2\/comments?post=1857"}],"version-history":[{"count":3,"href":"https:\/\/polysmarts.com\/es\/wp-json\/wp\/v2\/product\/1857\/revisions"}],"predecessor-version":[{"id":1866,"href":"https:\/\/polysmarts.com\/es\/wp-json\/wp\/v2\/product\/1857\/revisions\/1866"}],"wp:featuredmedia":[{"embeddable":true,"href":"https:\/\/polysmarts.com\/es\/wp-json\/wp\/v2\/media\/1858"}],"wp:attachment":[{"href":"https:\/\/polysmarts.com\/es\/wp-json\/wp\/v2\/media?parent=1857"}],"wp:term":[{"taxonomy":"product_brand","embeddable":true,"href":"https:\/\/polysmarts.com\/es\/wp-json\/wp\/v2\/product_brand?post=1857"},{"taxonomy":"product_cat","embeddable":true,"href":"https:\/\/polysmarts.com\/es\/wp-json\/wp\/v2\/product_cat?post=1857"},{"taxonomy":"product_tag","embeddable":true,"href":"https:\/\/polysmarts.com\/es\/wp-json\/wp\/v2\/product_tag?post=1857"}],"curies":[{"name":"gracias","href":"https:\/\/api.w.org\/{rel}","templated":true}]}}