{"id":1819,"date":"2024-03-01T13:35:09","date_gmt":"2024-03-01T13:35:09","guid":{"rendered":"https:\/\/polysmarts.com\/?post_type=product&#038;p=1819"},"modified":"2024-03-01T14:58:35","modified_gmt":"2024-03-01T14:58:35","slug":"bolsas-de-embalaje-de-papel-de-pan-de-panaderia-personalizadas","status":"publish","type":"product","link":"https:\/\/polysmarts.com\/es\/product\/custom-bakery-bread-paper-packaging-bags\/","title":{"rendered":"Bolsas de embalaje de papel de pan de panader\u00eda personalizadas"},"content":{"rendered":"<p>Nuestras bolsas de embalaje de papel para pan de panader\u00eda personalizadas est\u00e1n dise\u00f1adas para mejorar la presentaci\u00f3n de sus productos horneados y al mismo tiempo garantizar durabilidad y confiabilidad. Con un dise\u00f1o elegante que irradia sofisticaci\u00f3n, estos bolsos est\u00e1n dise\u00f1ados para durar. La construcci\u00f3n robusta los hace f\u00e1ciles de transportar, mientras que el fondo cuadrado garantiza que se mantengan en pie por s\u00ed solos, exhibiendo sus deliciosos dulces con elegancia.<\/p>\n<p>Dise\u00f1o de ventana innovador: Diga adi\u00f3s a las conjeturas con nuestro innovador dise\u00f1o de ventana. Cada bolsa viene equipada con una ventana \u00fanica que ofrece una tentadora visi\u00f3n de tus delicias sin la necesidad de abrir la bolsa. Esto permite a los clientes identificar f\u00e1cilmente lo que hay dentro, atray\u00e9ndolos con el atractivo visual de sus productos horneados.<\/p>\n<p>Reutilizables y seguras: nuestras bolsas no solo son elegantes sino tambi\u00e9n pr\u00e1cticas. Equipados con pesta\u00f1as de metal y bridas de hojalata, se pueden abrir y cerrar repetidamente con facilidad. Esto proporciona un sello seguro a prueba de polvo y humedad, lo que garantiza que sus alimentos se mantengan frescos y deliciosos durante per\u00edodos m\u00e1s prolongados. Ya sea pan, pasteles o galletas reci\u00e9n horneados, nuestras bolsas ofrecen la tranquilidad de saber que sus delicias est\u00e1n protegidas.<\/p>\n<p>Vers\u00e1til y conveniente: Perfectas para una variedad de usos, nuestras bolsas de papel para empacar pan de panader\u00eda con ventana son incre\u00edblemente vers\u00e1tiles y convenientes. Ya sea que est\u00e9 empaquetando art\u00edculos de panader\u00eda, pedidos para llevar o creando bolsas de regalo, estas bolsas est\u00e1n a la altura de la tarea. Ideales para picnics, fiestas o uso diario, brindan una soluci\u00f3n elegante y pr\u00e1ctica para almacenar y transportar sus productos horneados. Desde granos de caf\u00e9 y granola hasta palomitas de ma\u00edz y barras de chocolate, las posibilidades son infinitas con nuestras bolsas personalizables.<\/p>\n<p>En resumen, nuestras bolsas de embalaje de papel para pan de panader\u00eda personalizadas combinan elegancia, durabilidad y funcionalidad para realzar su marca y deleitar a sus clientes. Con su innovador dise\u00f1o de ventana, caracter\u00edsticas reutilizables y versatilidad, estas bolsas ofrecen una soluci\u00f3n de embalaje premium para sus productos horneados, asegurando que se destaquen entre la multitud y dejen una impresi\u00f3n duradera.<\/p>","protected":false},"excerpt":{"rendered":"<table style=\"height: 360px; width: 99.8505%; border-collapse: collapse;\" border=\"2\">\n<tbody>\n<tr style=\"height: 40px;\">\n<td style=\"width: 22.6796%; height: 30px; background-color: #99ccff;\"><span style=\"font-family: arial, helvetica, sans-serif; font-size: 12pt;\"><strong>Dimensi\u00f3n y estilo<\/strong><\/span><\/td>\n<td style=\"width: 77.3204%; height: 30px; background-color: #99ccff;\"><span style=\"font-family: arial, helvetica, sans-serif; font-size: 12pt;\">Formas y tama\u00f1os personalizados<\/span><\/td>\n<\/tr>\n<tr style=\"height: 40px;\">\n<td style=\"width: 22.6796%; height: 34px; background-color: #ebebeb;\"><span style=\"font-size: 12pt;\"><strong><span style=\"font-family: arial, helvetica, sans-serif;\">Cantidad m\u00ednima de pedido<\/span><\/strong><\/span><\/td>\n<td style=\"width: 77.3204%; height: 34px; background-color: #ebebeb;\"><span style=\"font-family: arial, helvetica, sans-serif; font-size: 12pt;\">1000 unidades sin personalizaci\u00f3n, 10000 unidades para personalizaci\u00f3n<\/span><\/td>\n<\/tr>\n<tr style=\"height: 40px; background-color: #99ccff;\">\n<td style=\"width: 22.6796%; height: 24px;\"><span style=\"font-size: 12pt;\"><strong><span style=\"font-family: arial, helvetica, sans-serif;\">Tipo de embalaje<\/span><\/strong><\/span><\/td>\n<td style=\"width: 77.3204%; height: 24px;\"><span style=\"font-family: arial, helvetica, sans-serif; font-size: 12pt;\">Kraft Paper Bags<\/span><\/td>\n<\/tr>\n<tr style=\"height: 40px; background-color: #ebebeb;\">\n<td style=\"width: 22.6796%; height: 24px;\"><span style=\"font-size: 12pt;\"><strong><span style=\"font-family: arial, helvetica, sans-serif;\">Impresi\u00f3n<\/span><\/strong><\/span><\/td>\n<td style=\"width: 77.3204%; height: 24px;\"><span style=\"font-family: arial, helvetica, sans-serif; font-size: 12pt;\">CMYK (1 \u2013 8 colores), Sin impresi\u00f3n (normal)<\/span><\/td>\n<\/tr>\n<tr style=\"height: 40px; background-color: #99ccff;\">\n<td style=\"width: 22.6796%; height: 24px;\"><span style=\"font-size: 12pt;\"><strong><span style=\"font-family: arial, helvetica, sans-serif;\">Refinamiento<\/span><\/strong><\/span><\/td>\n<td style=\"width: 77.3204%; height: 24px;\"><span style=\"font-family: arial, helvetica, sans-serif; font-size: 12pt;\">Laminaci\u00f3n brillante\/mate, Recubrimiento acuoso, Barniz puntual, Recubrimiento UV, Relieve, Grabado, Impresi\u00f3n de l\u00e1minas<\/span><\/td>\n<\/tr>\n<tr style=\"height: 40px; background-color: #ebebeb;\">\n<td style=\"width: 22.6796%; height: 24px;\"><span style=\"font-size: 12pt;\"><strong><span style=\"font-family: arial, helvetica, sans-serif;\">Palabra clave<\/span><\/strong><\/span><\/td>\n<td style=\"width: 77.3204%; height: 24px;\"><span style=\"font-family: arial, helvetica, sans-serif; font-size: 12pt;\">Bolsas de embalaje de papel para pan<\/span><\/td>\n<\/tr>\n<tr style=\"height: 40px; background-color: #99ccff;\">\n<td style=\"width: 22.6796%; height: 24px;\"><span style=\"font-size: 12pt;\"><strong><span style=\"font-family: arial, helvetica, sans-serif;\">Caracter\u00edstica<\/span><\/strong><\/span><\/td>\n<td style=\"width: 77.3204%; height: 24px;\"><span style=\"font-family: arial, helvetica, sans-serif; font-size: 12pt;\">Material y tinta de seguridad alimentaria, embalaje ecol\u00f3gico.<\/span><\/td>\n<\/tr>\n<tr style=\"height: 40px; background-color: #ebebeb;\">\n<td style=\"width: 22.6796%; height: 24px;\"><span style=\"font-size: 12pt;\"><strong><span style=\"font-family: arial, helvetica, sans-serif;\">Tiempo de respuesta<\/span><\/strong><\/span><\/td>\n<td style=\"width: 77.3204%; height: 24px;\"><span style=\"font-family: arial, helvetica, sans-serif; font-size: 12pt;\">7 \u2013 15 d\u00edas h\u00e1biles, URGENTE<\/span><\/td>\n<\/tr>\n<tr style=\"height: 40px; background-color: #99ccff;\">\n<td style=\"width: 22.6796%; height: 24px;\"><span style=\"font-size: 12pt;\"><strong><span style=\"font-family: arial, helvetica, sans-serif;\">Env\u00edo<\/span><\/strong><\/span><\/td>\n<td style=\"width: 77.3204%; height: 24px;\"><span style=\"font-family: arial, helvetica, sans-serif; font-size: 12pt;\">Aire, Mar, Express<\/span><\/td>\n<\/tr>\n<\/tbody>\n<\/table>\n<p>&nbsp;<\/p>","protected":false},"featured_media":1825,"comment_status":"open","ping_status":"closed","template":"","meta":[],"product_brand":[],"product_cat":[26,20],"product_tag":[],"class_list":{"0":"post-1819","1":"product","2":"type-product","3":"status-publish","4":"has-post-thumbnail","6":"product_cat-food-packaging","7":"product_cat-kraft-paper-bag","9":"first","10":"instock","11":"shipping-taxable","12":"product-type-simple"},"_links":{"self":[{"href":"https:\/\/polysmarts.com\/es\/wp-json\/wp\/v2\/product\/1819","targetHints":{"allow":["GET"]}}],"collection":[{"href":"https:\/\/polysmarts.com\/es\/wp-json\/wp\/v2\/product"}],"about":[{"href":"https:\/\/polysmarts.com\/es\/wp-json\/wp\/v2\/types\/product"}],"replies":[{"embeddable":true,"href":"https:\/\/polysmarts.com\/es\/wp-json\/wp\/v2\/comments?post=1819"}],"version-history":[{"count":3,"href":"https:\/\/polysmarts.com\/es\/wp-json\/wp\/v2\/product\/1819\/revisions"}],"predecessor-version":[{"id":1828,"href":"https:\/\/polysmarts.com\/es\/wp-json\/wp\/v2\/product\/1819\/revisions\/1828"}],"wp:featuredmedia":[{"embeddable":true,"href":"https:\/\/polysmarts.com\/es\/wp-json\/wp\/v2\/media\/1825"}],"wp:attachment":[{"href":"https:\/\/polysmarts.com\/es\/wp-json\/wp\/v2\/media?parent=1819"}],"wp:term":[{"taxonomy":"product_brand","embeddable":true,"href":"https:\/\/polysmarts.com\/es\/wp-json\/wp\/v2\/product_brand?post=1819"},{"taxonomy":"product_cat","embeddable":true,"href":"https:\/\/polysmarts.com\/es\/wp-json\/wp\/v2\/product_cat?post=1819"},{"taxonomy":"product_tag","embeddable":true,"href":"https:\/\/polysmarts.com\/es\/wp-json\/wp\/v2\/product_tag?post=1819"}],"curies":[{"name":"gracias","href":"https:\/\/api.w.org\/{rel}","templated":true}]}}