{"id":1798,"date":"2024-02-29T09:38:00","date_gmt":"2024-02-29T09:38:00","guid":{"rendered":"https:\/\/polysmarts.com\/?post_type=product&#038;p=1798"},"modified":"2024-02-29T10:39:46","modified_gmt":"2024-02-29T10:39:46","slug":"bolsas-troqueladas-con-holograma-de-mylar-personalizadas","status":"publish","type":"product","link":"https:\/\/polysmarts.com\/es\/product\/custom-mylar-hologram-die-cut-shape-bags\/","title":{"rendered":"Bolsas personalizadas con forma troquelada y holograma de Mylar"},"content":{"rendered":"<p>Las bolsas con formas troqueladas personalizadas ofrecen la soluci\u00f3n definitiva para proteger una amplia gama de productos y, al mismo tiempo, elevar la imagen de su marca a nuevas alturas. Con la flexibilidad de adoptar cualquier forma que complemente perfectamente su producto, estas bolsas proporcionan una soluci\u00f3n de embalaje \u00fanica y llamativa.<\/p>\n<p>La combinaci\u00f3n de capas de protecci\u00f3n utilizadas en la fabricaci\u00f3n de bolsas Mylar troqueladas y con formas personalizadas garantiza la m\u00e1xima frescura y conservaci\u00f3n de los art\u00edculos comestibles. Ya sea que empaque refrigerios, dulces o golosinas gourmet, estas bolsas ofrecen protecci\u00f3n y frescura incomparables, manteniendo sus productos en su m\u00e1xima calidad.<\/p>\n<p>Adem\u00e1s de su funcionalidad, las bolsas Mylar recortadas tambi\u00e9n sirven como lienzo para realzar los elementos de su marca. Desde incorporar su logotipo y colores de marca hasta crear formas personalizadas que reflejen la esencia de su producto, estas bolsas le permiten dejar una impresi\u00f3n duradera en sus clientes.<\/p>\n<p>Ideales para almacenar productos de primera calidad, las bolsas troqueladas con holograma Mylar personalizadas a\u00f1aden un toque de sofisticaci\u00f3n y exclusividad a su embalaje. Ya sea que trabaje en la industria alimentaria, cosm\u00e9tica o minorista, estas bolsas son una soluci\u00f3n de embalaje vers\u00e1til y eficaz que distingue a su marca de la competencia.<\/p>\n<p>En resumen, las bolsas troqueladas con holograma Mylar personalizadas combinan funcionalidad, est\u00e9tica y mejora de la marca para brindar una soluci\u00f3n de empaque superior para sus productos. Eleva tu imagen de marca y asegura la frescura y calidad de tus productos con estas bolsas innovadoras y personalizables.<\/p>","protected":false},"excerpt":{"rendered":"<table style=\"height: 360px; width: 99.8505%; border-collapse: collapse;\" border=\"2\">\n<tbody>\n<tr style=\"height: 40px;\">\n<td style=\"width: 22.6796%; height: 30px; background-color: #99ccff;\"><span style=\"font-family: arial, helvetica, sans-serif; font-size: 12pt;\"><strong>Dimensi\u00f3n y estilo<\/strong><\/span><\/td>\n<td style=\"width: 77.3204%; height: 30px; background-color: #99ccff;\"><span style=\"font-family: arial, helvetica, sans-serif; font-size: 12pt;\">Formas y tama\u00f1os personalizados<\/span><\/td>\n<\/tr>\n<tr style=\"height: 40px;\">\n<td style=\"width: 22.6796%; height: 34px; background-color: #ebebeb;\"><span style=\"font-size: 12pt;\"><strong><span style=\"font-family: arial, helvetica, sans-serif;\">Cantidad m\u00ednima de pedido<\/span><\/strong><\/span><\/td>\n<td style=\"width: 77.3204%; height: 34px; background-color: #ebebeb;\"><span style=\"font-family: arial, helvetica, sans-serif; font-size: 12pt;\">1000 unidades sin personalizaci\u00f3n, 10000 unidades para personalizaci\u00f3n<\/span><\/td>\n<\/tr>\n<tr style=\"height: 40px; background-color: #99ccff;\">\n<td style=\"width: 22.6796%; height: 24px;\"><span style=\"font-size: 12pt;\"><strong><span style=\"font-family: arial, helvetica, sans-serif;\">Tipo de embalaje<\/span><\/strong><\/span><\/td>\n<td style=\"width: 77.3204%; height: 24px;\"><span style=\"font-family: arial, helvetica, sans-serif; font-size: 12pt;\">Bolsas hologr\u00e1ficas con forma troquelada de Mylar<\/span><\/td>\n<\/tr>\n<tr style=\"height: 40px; background-color: #ebebeb;\">\n<td style=\"width: 22.6796%; height: 24px;\"><span style=\"font-size: 12pt;\"><strong><span style=\"font-family: arial, helvetica, sans-serif;\">Impresi\u00f3n<\/span><\/strong><\/span><\/td>\n<td style=\"width: 77.3204%; height: 24px;\"><span style=\"font-family: arial, helvetica, sans-serif; font-size: 12pt;\">impresi\u00f3n en huecograbado<\/span><\/td>\n<\/tr>\n<tr style=\"height: 40px; background-color: #99ccff;\">\n<td style=\"width: 22.6796%; height: 24px;\"><span style=\"font-size: 12pt;\"><strong><span style=\"font-family: arial, helvetica, sans-serif;\">Sellado y mango<\/span><\/strong><\/span><\/td>\n<td style=\"width: 77.3204%; height: 24px;\"><span style=\"font-family: arial, helvetica, sans-serif; font-size: 12pt;\">Termosellado<\/span><\/td>\n<\/tr>\n<tr style=\"height: 40px; background-color: #ebebeb;\">\n<td style=\"width: 22.6796%; height: 24px;\"><span style=\"font-size: 12pt;\"><strong><span style=\"font-family: arial, helvetica, sans-serif;\">Material<\/span><\/strong><\/span><\/td>\n<td style=\"width: 77.3204%; height: 24px;\"><span style=\"font-family: arial, helvetica, sans-serif; font-size: 12pt;\">OPP + VMPET + PEBD<\/span><\/td>\n<\/tr>\n<tr style=\"height: 40px; background-color: #99ccff;\">\n<td style=\"width: 22.6796%; height: 24px;\"><span style=\"font-size: 12pt;\"><strong><span style=\"font-family: arial, helvetica, sans-serif;\">Prueba<\/span><\/strong><\/span><\/td>\n<td style=\"width: 77.3204%; height: 24px;\"><span style=\"font-family: arial, helvetica, sans-serif; font-size: 12pt;\">Pruebas de olor\u00a0<\/span><\/td>\n<\/tr>\n<tr style=\"height: 40px; background-color: #ebebeb;\">\n<td style=\"width: 22.6796%; height: 24px;\"><span style=\"font-size: 12pt;\"><strong><span style=\"font-family: arial, helvetica, sans-serif;\">Tiempo de respuesta<\/span><\/strong><\/span><\/td>\n<td style=\"width: 77.3204%; height: 24px;\"><span style=\"font-family: arial, helvetica, sans-serif; font-size: 12pt;\">7 \u2013 12 d\u00edas h\u00e1biles, URGENTE<\/span><\/td>\n<\/tr>\n<tr style=\"height: 40px; background-color: #99ccff;\">\n<td style=\"width: 22.6796%; height: 24px;\"><span style=\"font-size: 12pt;\"><strong><span style=\"font-family: arial, helvetica, sans-serif;\">Env\u00edo<\/span><\/strong><\/span><\/td>\n<td style=\"width: 77.3204%; height: 24px;\"><span style=\"font-family: arial, helvetica, sans-serif; font-size: 12pt;\">Aire, Mar, Express<\/span><\/td>\n<\/tr>\n<\/tbody>\n<\/table>\n<p>&nbsp;<\/p>","protected":false},"featured_media":1804,"comment_status":"open","ping_status":"closed","template":"","meta":[],"product_brand":[],"product_cat":[32,30,35,18],"product_tag":[],"class_list":{"0":"post-1798","1":"product","2":"type-product","3":"status-publish","4":"has-post-thumbnail","6":"product_cat-3c-packaging","7":"product_cat-cosmetics-packaging","8":"product_cat-mylar-bags","9":"product_cat-zipper-bags","11":"first","12":"instock","13":"shipping-taxable","14":"product-type-simple"},"_links":{"self":[{"href":"https:\/\/polysmarts.com\/es\/wp-json\/wp\/v2\/product\/1798","targetHints":{"allow":["GET"]}}],"collection":[{"href":"https:\/\/polysmarts.com\/es\/wp-json\/wp\/v2\/product"}],"about":[{"href":"https:\/\/polysmarts.com\/es\/wp-json\/wp\/v2\/types\/product"}],"replies":[{"embeddable":true,"href":"https:\/\/polysmarts.com\/es\/wp-json\/wp\/v2\/comments?post=1798"}],"version-history":[{"count":2,"href":"https:\/\/polysmarts.com\/es\/wp-json\/wp\/v2\/product\/1798\/revisions"}],"predecessor-version":[{"id":1806,"href":"https:\/\/polysmarts.com\/es\/wp-json\/wp\/v2\/product\/1798\/revisions\/1806"}],"wp:featuredmedia":[{"embeddable":true,"href":"https:\/\/polysmarts.com\/es\/wp-json\/wp\/v2\/media\/1804"}],"wp:attachment":[{"href":"https:\/\/polysmarts.com\/es\/wp-json\/wp\/v2\/media?parent=1798"}],"wp:term":[{"taxonomy":"product_brand","embeddable":true,"href":"https:\/\/polysmarts.com\/es\/wp-json\/wp\/v2\/product_brand?post=1798"},{"taxonomy":"product_cat","embeddable":true,"href":"https:\/\/polysmarts.com\/es\/wp-json\/wp\/v2\/product_cat?post=1798"},{"taxonomy":"product_tag","embeddable":true,"href":"https:\/\/polysmarts.com\/es\/wp-json\/wp\/v2\/product_tag?post=1798"}],"curies":[{"name":"gracias","href":"https:\/\/api.w.org\/{rel}","templated":true}]}}