{"id":1779,"date":"2024-02-29T07:06:49","date_gmt":"2024-02-29T07:06:49","guid":{"rendered":"https:\/\/polysmarts.com\/?post_type=product&#038;p=1779"},"modified":"2024-02-29T07:19:38","modified_gmt":"2024-02-29T07:19:38","slug":"bolsas-navidenas-con-cremallera-bolsa-de-dulces-personalizada","status":"publish","type":"product","link":"https:\/\/polysmarts.com\/es\/product\/christmas-zipper-bags-custom-candy-pouch\/","title":{"rendered":"Bolsas con cremallera navide\u00f1a Bolsa de dulces personalizada"},"content":{"rendered":"<p>Abrace el esp\u00edritu del invierno y las bolsas con cremallera navide\u00f1as con nuestra vibrante bolsa roja adornada con adornos impresos en blanco y una ventana rectangular de tama\u00f1o considerable. Perfecto para exhibir delicias caseras como galletas y dulces, o para rellenar con dulces y juguetes de temporada. El panel frontal presenta encantadores adornos blancos preimpresos, mientras que el panel posterior rojo s\u00f3lido ofrece un amplio espacio para etiquetas o marcas. Elaborado con material apto para alimentos de 4,0 mil y termosellable para mayor frescura.<\/p>\n<p>Descripci\u00f3n del producto: Disfrute de la alegr\u00eda de la temporada navide\u00f1a con nuestras encantadoras bolsas navide\u00f1as con cremallera, dise\u00f1adas para agregar un toque de alegr\u00eda festiva a sus delicias. Radiantes en rojo acebo, estas bolsas aptas para alimentos cuentan con una generosa ventana transparente que muestra con orgullo el contenido, invitando a clientes, amigos y familiares a unirse a las festividades navide\u00f1as.<\/p>\n<p>La cremallera herm\u00e9tica y resellable garantiza que sus delicias se mantengan frescas y deliciosas, mientras que las muescas ubicadas sobre la cremallera brindan f\u00e1cil acceso una vez cerradas con calor. Nuestras bolsas verticales est\u00e1n dise\u00f1adas para mantener su forma y estabilidad, lo que las hace listas para su venta al por menor y exhibirlas en estantes o mostradores.<\/p>\n<p>Ya sea que est\u00e9 empaquetando golosinas caseras para regalar o llenando sus estantes con delicias de temporada, nuestras bolsas navide\u00f1as con cremallera son la elecci\u00f3n perfecta. Su dise\u00f1o festivo y su pr\u00e1ctica funcionalidad los convierten en un complemento encantador para cualquier celebraci\u00f3n navide\u00f1a.<\/p>\n<p>En resumen, nuestras bolsas navide\u00f1as con cremallera combinan un encanto festivo con una funcionalidad pr\u00e1ctica para mejorar la presentaci\u00f3n y la frescura de sus delicias de temporada. Abrace el esp\u00edritu navide\u00f1o y deleite a sus clientes con estas alegres bolsas que seguramente difundir\u00e1n alegr\u00eda y alegr\u00eda durante toda la temporada.<\/p>","protected":false},"excerpt":{"rendered":"<table style=\"height: 360px; width: 99.8505%; border-collapse: collapse;\" border=\"2\">\n<tbody>\n<tr style=\"height: 40px;\">\n<td style=\"width: 22.6796%; height: 30px; background-color: #99ccff;\"><span style=\"font-family: arial, helvetica, sans-serif; font-size: 12pt;\"><strong>Dimensi\u00f3n y estilo<\/strong><\/span><\/td>\n<td style=\"width: 77.3204%; height: 30px; background-color: #99ccff;\"><span style=\"font-family: arial, helvetica, sans-serif; font-size: 12pt;\">Formas y tama\u00f1os personalizados<\/span><\/td>\n<\/tr>\n<tr style=\"height: 40px;\">\n<td style=\"width: 22.6796%; height: 34px; background-color: #ebebeb;\"><span style=\"font-size: 12pt;\"><strong><span style=\"font-family: arial, helvetica, sans-serif;\">Cantidad m\u00ednima de pedido<\/span><\/strong><\/span><\/td>\n<td style=\"width: 77.3204%; height: 34px; background-color: #ebebeb;\"><span style=\"font-family: arial, helvetica, sans-serif; font-size: 12pt;\">1000 unidades sin personalizaci\u00f3n, 10000 unidades para personalizaci\u00f3n<\/span><\/td>\n<\/tr>\n<tr style=\"height: 40px; background-color: #99ccff;\">\n<td style=\"width: 22.6796%; height: 24px;\"><span style=\"font-size: 12pt;\"><strong><span style=\"font-family: arial, helvetica, sans-serif;\">Tipo de embalaje<\/span><\/strong><\/span><\/td>\n<td style=\"width: 77.3204%; height: 24px;\"><span style=\"font-family: arial, helvetica, sans-serif; font-size: 12pt;\">Bolsas navide\u00f1as con cremallera<\/span><\/td>\n<\/tr>\n<tr style=\"height: 40px; background-color: #ebebeb;\">\n<td style=\"width: 22.6796%; height: 24px;\"><span style=\"font-size: 12pt;\"><strong><span style=\"font-family: arial, helvetica, sans-serif;\">Impresi\u00f3n<\/span><\/strong><\/span><\/td>\n<td style=\"width: 77.3204%; height: 24px;\"><span style=\"font-family: arial, helvetica, sans-serif; font-size: 12pt;\">CMYK (1 \u2013 10 colores), sin impresi\u00f3n (normal)<\/span><\/td>\n<\/tr>\n<tr style=\"height: 40px; background-color: #99ccff;\">\n<td style=\"width: 22.6796%; height: 24px;\"><span style=\"font-size: 12pt;\"><strong><span style=\"font-family: arial, helvetica, sans-serif;\">Refinamiento<\/span><\/strong><\/span><\/td>\n<td style=\"width: 77.3204%; height: 24px;\"><span style=\"font-family: arial, helvetica, sans-serif; font-size: 12pt;\">Laminaci\u00f3n brillante\/mate, impresi\u00f3n offset<\/span><\/td>\n<\/tr>\n<tr style=\"height: 40px; background-color: #ebebeb;\">\n<td style=\"width: 22.6796%; height: 24px;\"><span style=\"font-size: 12pt;\"><strong><span style=\"font-family: arial, helvetica, sans-serif;\">Opciones incluidas<\/span><\/strong><\/span><\/td>\n<td style=\"width: 77.3204%; height: 24px;\"><span style=\"font-family: arial, helvetica, sans-serif; font-size: 12pt;\">Troquelado, sellado t\u00e9rmico<\/span><\/td>\n<\/tr>\n<tr style=\"height: 40px; background-color: #99ccff;\">\n<td style=\"width: 22.6796%; height: 24px;\"><span style=\"font-size: 12pt;\"><strong><span style=\"font-family: arial, helvetica, sans-serif;\">Prueba<\/span><\/strong><\/span><\/td>\n<td style=\"width: 77.3204%; height: 24px;\"><span style=\"font-family: arial, helvetica, sans-serif; font-size: 12pt;\">Pruebas de olor\u00a0<\/span><\/td>\n<\/tr>\n<tr style=\"height: 40px; background-color: #ebebeb;\">\n<td style=\"width: 22.6796%; height: 24px;\"><span style=\"font-size: 12pt;\"><strong><span style=\"font-family: arial, helvetica, sans-serif;\">Tiempo de respuesta<\/span><\/strong><\/span><\/td>\n<td style=\"width: 77.3204%; height: 24px;\"><span style=\"font-family: arial, helvetica, sans-serif; font-size: 12pt;\">7 \u2013 15 d\u00edas h\u00e1biles, URGENTE<\/span><\/td>\n<\/tr>\n<tr style=\"height: 40px; background-color: #99ccff;\">\n<td style=\"width: 22.6796%; height: 24px;\"><span style=\"font-size: 12pt;\"><strong><span style=\"font-family: arial, helvetica, sans-serif;\">Env\u00edo<\/span><\/strong><\/span><\/td>\n<td style=\"width: 77.3204%; height: 24px;\"><span style=\"font-family: arial, helvetica, sans-serif; font-size: 12pt;\">Aire, Mar, Express<\/span><\/td>\n<\/tr>\n<\/tbody>\n<\/table>\n<p>&nbsp;<\/p>","protected":false},"featured_media":1780,"comment_status":"open","ping_status":"closed","template":"","meta":[],"product_brand":[],"product_cat":[26,18],"product_tag":[],"class_list":{"0":"post-1779","1":"product","2":"type-product","3":"status-publish","4":"has-post-thumbnail","6":"product_cat-food-packaging","7":"product_cat-zipper-bags","9":"first","10":"instock","11":"shipping-taxable","12":"product-type-simple"},"_links":{"self":[{"href":"https:\/\/polysmarts.com\/es\/wp-json\/wp\/v2\/product\/1779","targetHints":{"allow":["GET"]}}],"collection":[{"href":"https:\/\/polysmarts.com\/es\/wp-json\/wp\/v2\/product"}],"about":[{"href":"https:\/\/polysmarts.com\/es\/wp-json\/wp\/v2\/types\/product"}],"replies":[{"embeddable":true,"href":"https:\/\/polysmarts.com\/es\/wp-json\/wp\/v2\/comments?post=1779"}],"version-history":[{"count":2,"href":"https:\/\/polysmarts.com\/es\/wp-json\/wp\/v2\/product\/1779\/revisions"}],"predecessor-version":[{"id":1786,"href":"https:\/\/polysmarts.com\/es\/wp-json\/wp\/v2\/product\/1779\/revisions\/1786"}],"wp:featuredmedia":[{"embeddable":true,"href":"https:\/\/polysmarts.com\/es\/wp-json\/wp\/v2\/media\/1780"}],"wp:attachment":[{"href":"https:\/\/polysmarts.com\/es\/wp-json\/wp\/v2\/media?parent=1779"}],"wp:term":[{"taxonomy":"product_brand","embeddable":true,"href":"https:\/\/polysmarts.com\/es\/wp-json\/wp\/v2\/product_brand?post=1779"},{"taxonomy":"product_cat","embeddable":true,"href":"https:\/\/polysmarts.com\/es\/wp-json\/wp\/v2\/product_cat?post=1779"},{"taxonomy":"product_tag","embeddable":true,"href":"https:\/\/polysmarts.com\/es\/wp-json\/wp\/v2\/product_tag?post=1779"}],"curies":[{"name":"gracias","href":"https:\/\/api.w.org\/{rel}","templated":true}]}}