{"id":1722,"date":"2024-02-25T16:07:18","date_gmt":"2024-02-25T16:07:18","guid":{"rendered":"https:\/\/polysmarts.com\/?post_type=product&#038;p=1722"},"modified":"2024-02-25T16:25:35","modified_gmt":"2024-02-25T16:25:35","slug":"bolsa-de-mylar-troquelada-con-embalaje-comestible-holografico","status":"publish","type":"product","link":"https:\/\/polysmarts.com\/es\/product\/holographic-edible-packaging-die-cut-mylar-bag\/","title":{"rendered":"Bolsa de Mylar troquelada con embalaje comestible hologr\u00e1fico"},"content":{"rendered":"<p>Disfrute de la comodidad y practicidad de nuestras bolsas de Mylar troqueladas con embalaje comestible hologr\u00e1fico. Elaborados con una pel\u00edcula metalizada de primera calidad, estos bolsos cuentan con durabilidad y estilo. Con un dise\u00f1o personalizable que ofrece hasta 10 colores vibrantes y una ventana frontal transparente, combinan funcionalidad y est\u00e9tica a la perfecci\u00f3n.<\/p>\n<p>Ideales para una infinidad de prop\u00f3sitos, estos maravillosos envases mantienen la humedad a raya y al mismo tiempo simplifican los esfuerzos de almacenamiento y organizaci\u00f3n. Desde flores secas y productos b\u00e1sicos para hornear hasta frutas secas, refrigerios y hierbas, estas bolsas multiusos satisfacen diversas necesidades de almacenamiento. Adem\u00e1s, con opciones de tama\u00f1o personalizables, garantizamos un ajuste perfecto para cada requisito.<\/p>\n<p>Actualice su juego de embalaje con nuestras bolsas de Mylar troqueladas y hologr\u00e1ficas para embalaje comestible, que ofrecen estilo y sustancia para sus soluciones de almacenamiento.<\/p>\n<p>Disfrute de la comodidad y practicidad de nuestras bolsas de Mylar troqueladas con embalaje comestible hologr\u00e1fico. Elaborados con una pel\u00edcula metalizada de primera calidad, estos bolsos cuentan con durabilidad y estilo. Con un dise\u00f1o personalizable que ofrece hasta 10 colores vibrantes y una ventana frontal transparente, combinan funcionalidad y est\u00e9tica a la perfecci\u00f3n.<\/p>\n<p>Ideales para una infinidad de prop\u00f3sitos, estos maravillosos envases mantienen la humedad a raya y al mismo tiempo simplifican los esfuerzos de almacenamiento y organizaci\u00f3n. Desde flores secas y productos b\u00e1sicos para hornear hasta frutas secas, refrigerios y hierbas, estas bolsas multiusos satisfacen diversas necesidades de almacenamiento. Adem\u00e1s, con opciones de tama\u00f1o personalizables, garantizamos un ajuste perfecto para cada requisito.<\/p>\n<p>Actualice su juego de embalaje con nuestras bolsas de Mylar troqueladas y hologr\u00e1ficas para embalaje comestible, que ofrecen estilo y sustancia para sus soluciones de almacenamiento.<\/p>","protected":false},"excerpt":{"rendered":"<table style=\"height: 360px; width: 99.8505%; border-collapse: collapse;\" border=\"2\">\n<tbody>\n<tr style=\"height: 40px;\">\n<td style=\"width: 22.6796%; height: 30px; background-color: #99ccff;\"><span style=\"font-family: arial, helvetica, sans-serif; font-size: 12pt;\"><strong>Dimensi\u00f3n y estilo<\/strong><\/span><\/td>\n<td style=\"width: 77.3204%; height: 30px; background-color: #99ccff;\"><span style=\"font-family: arial, helvetica, sans-serif; font-size: 12pt;\">Formas y tama\u00f1os personalizados<\/span><\/td>\n<\/tr>\n<tr style=\"height: 40px;\">\n<td style=\"width: 22.6796%; height: 34px; background-color: #ebebeb;\"><span style=\"font-size: 12pt;\"><strong><span style=\"font-family: arial, helvetica, sans-serif;\">Cantidad m\u00ednima de pedido<\/span><\/strong><\/span><\/td>\n<td style=\"width: 77.3204%; height: 34px; background-color: #ebebeb;\"><span style=\"font-family: arial, helvetica, sans-serif; font-size: 12pt;\">1000 unidades sin personalizaci\u00f3n, 10000 unidades para personalizaci\u00f3n<\/span><\/td>\n<\/tr>\n<tr style=\"height: 40px; background-color: #99ccff;\">\n<td style=\"width: 22.6796%; height: 24px;\"><span style=\"font-size: 12pt;\"><strong><span style=\"font-family: arial, helvetica, sans-serif;\">Tipo de embalaje<\/span><\/strong><\/span><\/td>\n<td style=\"width: 77.3204%; height: 24px;\"><span style=\"font-family: arial, helvetica, sans-serif; font-size: 12pt;\">Bolsa de pie<\/span><\/td>\n<\/tr>\n<tr style=\"height: 40px; background-color: #ebebeb;\">\n<td style=\"width: 22.6796%; height: 24px;\"><span style=\"font-size: 12pt;\"><strong><span style=\"font-family: arial, helvetica, sans-serif;\">Impresi\u00f3n<\/span><\/strong><\/span><\/td>\n<td style=\"width: 77.3204%; height: 24px;\"><span style=\"font-family: arial, helvetica, sans-serif; font-size: 12pt;\">CMYK (1 \u2013 10 colores), sin impresi\u00f3n (normal)<\/span><\/td>\n<\/tr>\n<tr style=\"height: 40px; background-color: #99ccff;\">\n<td style=\"width: 22.6796%; height: 24px;\"><span style=\"font-size: 12pt;\"><strong><span style=\"font-family: arial, helvetica, sans-serif;\">Refinamiento<\/span><\/strong><\/span><\/td>\n<td style=\"width: 77.3204%; height: 24px;\"><span style=\"font-family: arial, helvetica, sans-serif; font-size: 12pt;\">Laminaci\u00f3n brillante\/mate, impresi\u00f3n offset<\/span><\/td>\n<\/tr>\n<tr style=\"height: 40px; background-color: #ebebeb;\">\n<td style=\"width: 22.6796%; height: 24px;\"><span style=\"font-size: 12pt;\"><strong><span style=\"font-family: arial, helvetica, sans-serif;\">Opciones incluidas<\/span><\/strong><\/span><\/td>\n<td style=\"width: 77.3204%; height: 24px;\"><span style=\"font-family: arial, helvetica, sans-serif; font-size: 12pt;\">Troquelado, sellado t\u00e9rmico<\/span><\/td>\n<\/tr>\n<tr style=\"height: 40px; background-color: #99ccff;\">\n<td style=\"width: 22.6796%; height: 24px;\"><span style=\"font-size: 12pt;\"><strong><span style=\"font-family: arial, helvetica, sans-serif;\">Prueba<\/span><\/strong><\/span><\/td>\n<td style=\"width: 77.3204%; height: 24px;\"><span style=\"font-family: arial, helvetica, sans-serif; font-size: 12pt;\">Pruebas de olor\u00a0<\/span><\/td>\n<\/tr>\n<tr style=\"height: 40px; background-color: #ebebeb;\">\n<td style=\"width: 22.6796%; height: 24px;\"><span style=\"font-size: 12pt;\"><strong><span style=\"font-family: arial, helvetica, sans-serif;\">Tiempo de respuesta<\/span><\/strong><\/span><\/td>\n<td style=\"width: 77.3204%; height: 24px;\"><span style=\"font-family: arial, helvetica, sans-serif; font-size: 12pt;\">7 \u2013 15 d\u00edas h\u00e1biles, URGENTE<\/span><\/td>\n<\/tr>\n<tr style=\"height: 40px; background-color: #99ccff;\">\n<td style=\"width: 22.6796%; height: 24px;\"><span style=\"font-size: 12pt;\"><strong><span style=\"font-family: arial, helvetica, sans-serif;\">Env\u00edo<\/span><\/strong><\/span><\/td>\n<td style=\"width: 77.3204%; height: 24px;\"><span style=\"font-family: arial, helvetica, sans-serif; font-size: 12pt;\">Aire, Mar, Express<\/span><\/td>\n<\/tr>\n<\/tbody>\n<\/table>\n<p>&nbsp;<\/p>","protected":false},"featured_media":1723,"comment_status":"open","ping_status":"closed","template":"","meta":[],"product_brand":[],"product_cat":[26,18],"product_tag":[],"class_list":{"0":"post-1722","1":"product","2":"type-product","3":"status-publish","4":"has-post-thumbnail","6":"product_cat-food-packaging","7":"product_cat-zipper-bags","9":"first","10":"instock","11":"shipping-taxable","12":"product-type-simple"},"_links":{"self":[{"href":"https:\/\/polysmarts.com\/es\/wp-json\/wp\/v2\/product\/1722","targetHints":{"allow":["GET"]}}],"collection":[{"href":"https:\/\/polysmarts.com\/es\/wp-json\/wp\/v2\/product"}],"about":[{"href":"https:\/\/polysmarts.com\/es\/wp-json\/wp\/v2\/types\/product"}],"replies":[{"embeddable":true,"href":"https:\/\/polysmarts.com\/es\/wp-json\/wp\/v2\/comments?post=1722"}],"version-history":[{"count":3,"href":"https:\/\/polysmarts.com\/es\/wp-json\/wp\/v2\/product\/1722\/revisions"}],"predecessor-version":[{"id":1733,"href":"https:\/\/polysmarts.com\/es\/wp-json\/wp\/v2\/product\/1722\/revisions\/1733"}],"wp:featuredmedia":[{"embeddable":true,"href":"https:\/\/polysmarts.com\/es\/wp-json\/wp\/v2\/media\/1723"}],"wp:attachment":[{"href":"https:\/\/polysmarts.com\/es\/wp-json\/wp\/v2\/media?parent=1722"}],"wp:term":[{"taxonomy":"product_brand","embeddable":true,"href":"https:\/\/polysmarts.com\/es\/wp-json\/wp\/v2\/product_brand?post=1722"},{"taxonomy":"product_cat","embeddable":true,"href":"https:\/\/polysmarts.com\/es\/wp-json\/wp\/v2\/product_cat?post=1722"},{"taxonomy":"product_tag","embeddable":true,"href":"https:\/\/polysmarts.com\/es\/wp-json\/wp\/v2\/product_tag?post=1722"}],"curies":[{"name":"gracias","href":"https:\/\/api.w.org\/{rel}","templated":true}]}}