{"id":1643,"date":"2024-02-03T09:29:11","date_gmt":"2024-02-03T09:29:11","guid":{"rendered":"https:\/\/polysmarts.com\/?post_type=product&#038;p=1643"},"modified":"2024-02-03T10:11:41","modified_gmt":"2024-02-03T10:11:41","slug":"bolsa-de-vacio-para-alimentos-con-relieve-texturizado-negro","status":"publish","type":"product","link":"https:\/\/polysmarts.com\/es\/product\/black-textured-embossed-food-vacuum-bag\/","title":{"rendered":"Bolsa de vac\u00edo para alimentos con relieve y textura negra"},"content":{"rendered":"<p>Presentamos nuestras bolsas selladoras al vac\u00edo para ahorro de alimentos texturizadas y en relieve de primera l\u00ednea, dise\u00f1adas para una conservaci\u00f3n superior de la frescura y un embalaje vers\u00e1til. Dise\u00f1adas para satisfacer sus necesidades espec\u00edficas, estas bolsas de aspiradora cuentan con una variedad de tama\u00f1os personalizables para acomodar diversos contenidos, lo que garantiza un ajuste perfecto para cada uso.<\/p>\n<p>Fabricadas con precisi\u00f3n, estas bolsas para sellado al vac\u00edo tienen un grosor que oscila entre 60 y 200 micras, lo que proporciona una barrera excepcional contra la humedad, el ox\u00edgeno y la luz. La construcci\u00f3n avanzada incluye una capa exterior con opciones como BOPP, Matt+OPP, Matt+PET, PET, VMPET y PA, una capa intermedia que incorpora PET, VMPET, AL, VMCPP, PA, Paper o BOPP perlado, y una capa interna de CPP, VMCPP, RCPP, PE o PE blanco como la leche.<\/p>\n<p>Nuestras bolsas selladoras al vac\u00edo vienen en varias estructuras para satisfacer diversas necesidades de embalaje, como MOPP\/VMPET\/PE, PET\/VMPET\/PE, MOPP\/VMPET\/NY\/PE, PET\/PE, PET\/PA\/PE, PET\/VMPET\/ PE, MOPP\/PET\/PE y m\u00e1s. Esto asegura la combinaci\u00f3n perfecta para su producto espec\u00edfico, garantizando que no se rompa, no se produzcan fugas ni se delamine.<\/p>\n<p>Caracter\u00edsticas clave:<\/p>\n<ul>\n<li>Excelente barrera contra la humedad para una frescura prolongada.<\/li>\n<li>Alta barrera al ox\u00edgeno y a la luz para una protecci\u00f3n \u00f3ptima del producto.<\/li>\n<li>Buena resistencia a bajas temperaturas.<\/li>\n<li>Fuerte fuerza de sellado, fuerza de uni\u00f3n e impresionante resistencia a la compresi\u00f3n.<\/li>\n<li>Sin roturas, sin fugas y sin delaminaci\u00f3n para un rendimiento confiable.<\/li>\n<li>Efecto de impresi\u00f3n n\u00edtido y v\u00edvido para una exhibici\u00f3n en estanter\u00eda de primera calidad.<\/li>\n<\/ul>\n<p>Perfectas para una amplia gama de aplicaciones de embalaje, estas bolsas selladoras al vac\u00edo est\u00e1n equipadas para mejorar la vida \u00fatil de su producto manteniendo su atractivo visual. Con una cantidad de pedido m\u00ednima de 1000 piezas, nuestras bolsas vienen en un embalaje de cart\u00f3n de exportaci\u00f3n est\u00e1ndar o se pueden personalizar para cumplir con sus requisitos de embalaje espec\u00edficos.<\/p>\n<p>Elija calidad, elija confiabilidad: opte por nuestras bolsas selladoras al vac\u00edo para ahorro de alimentos texturizadas y en relieve para lograr una excelencia en el envasado que supere las expectativas.<\/p>","protected":false},"excerpt":{"rendered":"<table style=\"height: 360px; width: 99.8505%; border-collapse: collapse;\" border=\"2\">\n<tbody>\n<tr style=\"height: 40px;\">\n<td style=\"width: 22.6796%; height: 30px; background-color: #99ccff;\"><span style=\"font-family: arial, helvetica, sans-serif; font-size: 12pt;\"><strong>Dimensi\u00f3n y estilo<\/strong><\/span><\/td>\n<td style=\"width: 77.3204%; height: 30px; background-color: #99ccff;\"><span style=\"font-family: arial, helvetica, sans-serif; font-size: 12pt;\">Formas y tama\u00f1os personalizados<\/span><\/td>\n<\/tr>\n<tr style=\"height: 40px;\">\n<td style=\"width: 22.6796%; height: 34px; background-color: #ebebeb;\"><span style=\"font-size: 12pt;\"><strong><span style=\"font-family: arial, helvetica, sans-serif;\">Cantidad m\u00ednima de pedido<\/span><\/strong><\/span><\/td>\n<td style=\"width: 77.3204%; height: 34px; background-color: #ebebeb;\"><span style=\"font-family: arial, helvetica, sans-serif; font-size: 12pt;\">1000 unidades sin personalizaci\u00f3n, 10000 unidades para personalizaci\u00f3n<\/span><\/td>\n<\/tr>\n<tr style=\"height: 40px; background-color: #99ccff;\">\n<td style=\"width: 22.6796%; height: 24px;\"><span style=\"font-size: 12pt;\"><strong><span style=\"font-family: arial, helvetica, sans-serif;\">Tipo de embalaje<\/span><\/strong><\/span><\/td>\n<td style=\"width: 77.3204%; height: 24px;\"><span style=\"font-family: arial, helvetica, sans-serif; font-size: 12pt;\">Bolsas de vac\u00edo de nailon para alimentos\u00a0<\/span><\/td>\n<\/tr>\n<tr style=\"height: 40px; background-color: #ebebeb;\">\n<td style=\"width: 22.6796%; height: 24px;\"><span style=\"font-size: 12pt;\"><strong><span style=\"font-family: arial, helvetica, sans-serif;\">Material<\/span><\/strong><\/span><\/td>\n<td style=\"width: 77.3204%; height: 24px;\"><span style=\"font-family: arial, helvetica, sans-serif; font-size: 12pt;\">Capa exterior: BOPP, Matt+OPP, Matt+PET, PET, VMPET, PA. Capa intermedia: PET, VMPET, AL, VMCPP, PA, papel, BOPP perlado en el interior<br \/>\nCapa: CPP, VMCPP, RCPP, PE, PE blanco como la leche<\/span><\/td>\n<\/tr>\n<tr style=\"height: 40px; background-color: #99ccff;\">\n<td style=\"width: 22.6796%; height: 24px;\"><span style=\"font-size: 12pt;\"><strong><span style=\"font-family: arial, helvetica, sans-serif;\">Refinamiento<\/span><\/strong><\/span><\/td>\n<td style=\"width: 77.3204%; height: 24px;\"><span style=\"font-family: arial, helvetica, sans-serif; font-size: 12pt;\">En relieve<\/span><\/td>\n<\/tr>\n<tr style=\"height: 40px; background-color: #ebebeb;\">\n<td style=\"width: 22.6796%; height: 24px;\"><span style=\"font-size: 12pt;\"><strong><span style=\"font-family: arial, helvetica, sans-serif;\">Rango de temperatura<\/span><\/strong><\/span><\/td>\n<td style=\"width: 77.3204%; height: 24px;\"><span style=\"font-family: arial, helvetica, sans-serif; font-size: 12pt;\">-40\u00baC a 121\u00baC <span style=\"font-size: 12pt;\"><strong><span style=\"font-family: arial, helvetica, sans-serif;\">\u00a0<\/span><\/strong><\/span><\/span><\/td>\n<\/tr>\n<tr style=\"height: 40px; background-color: #99ccff;\">\n<td style=\"width: 22.6796%; height: 24px;\"><span style=\"font-size: 12pt;\"><strong><span style=\"font-family: arial, helvetica, sans-serif;\">Espesor<\/span><\/strong><\/span><\/td>\n<td style=\"width: 77.3204%; height: 24px;\"><span style=\"font-family: arial, helvetica, sans-serif; font-size: 12pt;\">20-300 micras<\/span><\/td>\n<\/tr>\n<tr style=\"height: 40px; background-color: #ebebeb;\">\n<td style=\"width: 22.6796%; height: 24px;\"><span style=\"font-size: 12pt;\"><strong><span style=\"font-family: arial, helvetica, sans-serif;\">Tiempo de respuesta<\/span><\/strong><\/span><\/td>\n<td style=\"width: 77.3204%; height: 24px;\"><span style=\"font-family: arial, helvetica, sans-serif; font-size: 12pt;\">7 \u2013 15 d\u00edas h\u00e1biles, URGENTE<\/span><\/td>\n<\/tr>\n<tr style=\"height: 40px; background-color: #99ccff;\">\n<td style=\"width: 22.6796%; height: 24px;\"><span style=\"font-size: 12pt;\"><strong><span style=\"font-family: arial, helvetica, sans-serif;\">Caracter\u00edstica<\/span><\/strong><\/span><\/td>\n<td style=\"width: 77.3204%; height: 24px;\"><span style=\"font-family: arial, helvetica, sans-serif; font-size: 12pt;\"><span style=\"font-family: arial, helvetica, sans-serif; font-size: 12pt;\"><span class=\"magic-21\" style=\"color: #000000;\" data-spm-anchor-id=\"a2700.details.0.i97.68762ee9C6INGa\">\u2022Excelente barrera contra la humedad, alta barrera contra el ox\u00edgeno y la luz, buena resistencia a bajas temperaturas.\u00a0<\/span><\/span><\/span><\/p>\n<p><span class=\"magic-21\" style=\"color: #000000;\">\u2022Fuerte fuerza de sellado; Fuerza de uni\u00f3n y excelente resistencia a la compresi\u00f3n.<\/span><\/p>\n<div data-spm-anchor-id=\"a2700.pc-decorate.0.i48.6a1533339opQdV\"><span class=\"magic-21\" style=\"color: #000000;\">\u2022Sin roturas, sin fugas y sin delaminaci\u00f3n.\u00a0<\/span><\/div>\n<div data-spm-anchor-id=\"a2700.pc-decorate.0.i48.6a1533339opQdV\"><span class=\"magic-21\" style=\"color: #000000;\">\u2022Efecto de impresi\u00f3n n\u00edtido y v\u00edvido, exhibici\u00f3n de estante de primera calidad.<\/span><\/div>\n<div data-spm-anchor-id=\"a2700.pc-decorate.0.i48.6a1533339opQdV\"><span class=\"magic-21\" style=\"color: #000000;\">\u2022Ampliamente aplicado en embalaje.<\/span><\/div>\n<\/td>\n<\/tr>\n<\/tbody>\n<\/table>\n<p>&nbsp;<\/p>","protected":false},"featured_media":1644,"comment_status":"open","ping_status":"closed","template":"","meta":[],"product_brand":[],"product_cat":[26,19],"product_tag":[],"class_list":{"0":"post-1643","1":"product","2":"type-product","3":"status-publish","4":"has-post-thumbnail","6":"product_cat-food-packaging","7":"product_cat-heat-sealing-bag","9":"first","10":"instock","11":"shipping-taxable","12":"product-type-simple"},"_links":{"self":[{"href":"https:\/\/polysmarts.com\/es\/wp-json\/wp\/v2\/product\/1643","targetHints":{"allow":["GET"]}}],"collection":[{"href":"https:\/\/polysmarts.com\/es\/wp-json\/wp\/v2\/product"}],"about":[{"href":"https:\/\/polysmarts.com\/es\/wp-json\/wp\/v2\/types\/product"}],"replies":[{"embeddable":true,"href":"https:\/\/polysmarts.com\/es\/wp-json\/wp\/v2\/comments?post=1643"}],"version-history":[{"count":3,"href":"https:\/\/polysmarts.com\/es\/wp-json\/wp\/v2\/product\/1643\/revisions"}],"predecessor-version":[{"id":1652,"href":"https:\/\/polysmarts.com\/es\/wp-json\/wp\/v2\/product\/1643\/revisions\/1652"}],"wp:featuredmedia":[{"embeddable":true,"href":"https:\/\/polysmarts.com\/es\/wp-json\/wp\/v2\/media\/1644"}],"wp:attachment":[{"href":"https:\/\/polysmarts.com\/es\/wp-json\/wp\/v2\/media?parent=1643"}],"wp:term":[{"taxonomy":"product_brand","embeddable":true,"href":"https:\/\/polysmarts.com\/es\/wp-json\/wp\/v2\/product_brand?post=1643"},{"taxonomy":"product_cat","embeddable":true,"href":"https:\/\/polysmarts.com\/es\/wp-json\/wp\/v2\/product_cat?post=1643"},{"taxonomy":"product_tag","embeddable":true,"href":"https:\/\/polysmarts.com\/es\/wp-json\/wp\/v2\/product_tag?post=1643"}],"curies":[{"name":"gracias","href":"https:\/\/api.w.org\/{rel}","templated":true}]}}