{"id":1624,"date":"2024-02-01T09:04:34","date_gmt":"2024-02-01T09:04:34","guid":{"rendered":"https:\/\/polysmarts.com\/?post_type=product&#038;p=1624"},"modified":"2024-02-01T10:32:23","modified_gmt":"2024-02-01T10:32:23","slug":"bolsas-de-fondo-plano-para-comida-para-perros-y-gatos","status":"publish","type":"product","link":"https:\/\/polysmarts.com\/es\/product\/cat-dog-pet-food-flat-bottom-pouches\/","title":{"rendered":"Bolsas de fondo plano para comida para perros y gatos"},"content":{"rendered":"<p class=\"whitespace-pre-wrap\">Los due\u00f1os de mascotas buscan productos eficaces y beneficiosos para sus queridos amigos peludos y emplumados. Como resultado, los envases de alimentos para mascotas deben mostrar la seguridad del producto, el bienestar y las conexiones emocionales entre las mascotas y los due\u00f1os.<\/p>\n<p class=\"whitespace-pre-wrap\">En Polysmarts Packaging, ofrecemos l\u00edneas de producci\u00f3n de envases de alimentos para mascotas equipadas para satisfacer cualquier necesidad, desde bolsas de muestra hasta bolsas de 40 lb. Nuestras opciones de embalaje incluyen:<\/p>\n<ul class=\"list-disc pl-8 space-y-2\">\n<li class=\"whitespace-normal\">Bolsas con sellado cu\u00e1druple: nuestras bolsas con sellado en las cuatro esquinas mantienen los alimentos ultra frescos y permiten a las mascotas acceder hasta el \u00faltimo bocado de comida.<\/li>\n<li class=\"whitespace-normal\">Bolsas con cierre resellable: las bolsas con cierre resellable se mantienen en posici\u00f3n vertical para facilitar su extracci\u00f3n y almacenamiento, manteniendo la frescura entre porciones.<\/li>\n<li class=\"whitespace-normal\">Bolsas de fondo plano: con un fondo plano y un sello cu\u00e1druple, estas bolsas ofrecen el m\u00e1ximo espacio para alimentos para mascotas junto con una barrera herm\u00e9tica para retener la nutrici\u00f3n y el sabor. La base plana facilita su almacenamiento en posici\u00f3n vertical.<\/li>\n<\/ul>\n<p class=\"whitespace-pre-wrap\">Nuestra profunda trayectoria en el envasado de alimentos para mascotas proporciona una experiencia \u00fanica en torno a:<\/p>\n<ul class=\"list-disc pl-8 space-y-2\">\n<li class=\"whitespace-normal\">Mantener los alimentos frescos con laminaciones de alta barrera<\/li>\n<li class=\"whitespace-normal\">Soluciones de paletizaci\u00f3n como protecci\u00f3n antideslizante<\/li>\n<li class=\"whitespace-normal\">Personalizaci\u00f3n para tama\u00f1os y formatos de productos \u00fanicos.<\/li>\n<\/ul>\n<p class=\"whitespace-pre-wrap\">Como padres de mascotas, entendemos que elegir el alimento adecuado es fundamental para la salud y la felicidad de su mascota. Nuestras bolsas con cierre cu\u00e1druple de fondo plano mantienen los nutrientes encerrados y ventilados, lo que garantiza que su amigo peludo disfrute cada bocado tal como el d\u00eda en que lo prepar\u00f3. \u00a1Cont\u00e1ctenos para pedir muestras o discutir sus necesidades de empaque de alimentos para mascotas!<\/p>","protected":false},"excerpt":{"rendered":"<table style=\"height: 360px; width: 99.8505%; border-collapse: collapse;\" border=\"2\">\n<tbody>\n<tr style=\"height: 40px;\">\n<td style=\"width: 22.6796%; height: 30px; background-color: #99ccff;\"><span style=\"font-family: arial, helvetica, sans-serif; font-size: 12pt;\"><strong>Dimensi\u00f3n y estilo<\/strong><\/span><\/td>\n<td style=\"width: 77.3204%; height: 30px; background-color: #99ccff;\"><span style=\"font-family: arial, helvetica, sans-serif; font-size: 12pt;\">Formas y tama\u00f1os personalizados<\/span><\/td>\n<\/tr>\n<tr style=\"height: 40px;\">\n<td style=\"width: 22.6796%; height: 34px; background-color: #ebebeb;\"><span style=\"font-size: 12pt;\"><strong><span style=\"font-family: arial, helvetica, sans-serif;\">Cantidad m\u00ednima de pedido<\/span><\/strong><\/span><\/td>\n<td style=\"width: 77.3204%; height: 34px; background-color: #ebebeb;\"><span style=\"font-family: arial, helvetica, sans-serif; font-size: 12pt;\">1000 unidades sin personalizaci\u00f3n, 10000 unidades para personalizaci\u00f3n<\/span><\/td>\n<\/tr>\n<tr style=\"height: 40px; background-color: #99ccff;\">\n<td style=\"width: 22.6796%; height: 24px;\"><span style=\"font-size: 12pt;\"><strong><span style=\"font-family: arial, helvetica, sans-serif;\">Tipo de embalaje<\/span><\/strong><\/span><\/td>\n<td style=\"width: 77.3204%; height: 24px;\"><span style=\"font-family: arial, helvetica, sans-serif; font-size: 12pt;\">Bolsas de fondo plano (bolsas de fondo plano para alimentos para mascotas)<\/span><\/td>\n<\/tr>\n<tr style=\"height: 40px; background-color: #ebebeb;\">\n<td style=\"width: 22.6796%; height: 24px;\"><span style=\"font-size: 12pt;\"><strong><span style=\"font-family: arial, helvetica, sans-serif;\">Impresi\u00f3n<\/span><\/strong><\/span><\/td>\n<td style=\"width: 77.3204%; height: 24px;\"><span style=\"font-family: arial, helvetica, sans-serif; font-size: 12pt;\">Impresi\u00f3n en huecograbado (de 1 a 10 colores), sin impresi\u00f3n (normal)<\/span><\/td>\n<\/tr>\n<tr style=\"height: 40px; background-color: #99ccff;\">\n<td style=\"width: 22.6796%; height: 24px;\"><span style=\"font-size: 12pt;\"><strong><span style=\"font-family: arial, helvetica, sans-serif;\">Refinamiento<\/span><\/strong><\/span><\/td>\n<td style=\"width: 77.3204%; height: 24px;\"><span style=\"font-family: arial, helvetica, sans-serif; font-size: 12pt;\">Laminaci\u00f3n brillante\/mate<\/span><\/td>\n<\/tr>\n<tr style=\"height: 40px; background-color: #ebebeb;\">\n<td style=\"width: 22.6796%; height: 24px;\"><span style=\"font-size: 12pt;\"><strong><span style=\"font-family: arial, helvetica, sans-serif;\">Opciones incluidas<\/span><\/strong><\/span><\/td>\n<td style=\"width: 77.3204%; height: 24px;\"><span style=\"font-family: arial, helvetica, sans-serif; font-size: 12pt;\">Troquelar<\/span><\/td>\n<\/tr>\n<tr style=\"height: 40px; background-color: #99ccff;\">\n<td style=\"width: 22.6796%; height: 24px;\"><span style=\"font-size: 12pt;\"><strong><span style=\"font-family: arial, helvetica, sans-serif;\">Prueba<\/span><\/strong><\/span><\/td>\n<td style=\"width: 77.3204%; height: 24px;\"><span style=\"font-family: arial, helvetica, sans-serif; font-size: 12pt;\">Pruebas de olor<\/span><\/td>\n<\/tr>\n<tr style=\"height: 40px; background-color: #ebebeb;\">\n<td style=\"width: 22.6796%; height: 24px;\"><span style=\"font-size: 12pt;\"><strong><span style=\"font-family: arial, helvetica, sans-serif;\">Tiempo de respuesta<\/span><\/strong><\/span><\/td>\n<td style=\"width: 77.3204%; height: 24px;\"><span style=\"font-family: arial, helvetica, sans-serif; font-size: 12pt;\">7 \u2013 15 d\u00edas h\u00e1biles, URGENTE<\/span><\/td>\n<\/tr>\n<tr style=\"height: 40px; background-color: #99ccff;\">\n<td style=\"width: 22.6796%; height: 24px;\"><span style=\"font-size: 12pt;\"><strong><span style=\"font-family: arial, helvetica, sans-serif;\">Env\u00edo<\/span><\/strong><\/span><\/td>\n<td style=\"width: 77.3204%; height: 24px;\"><span style=\"font-family: arial, helvetica, sans-serif; font-size: 12pt;\">Aire, Mar, Express<\/span><\/td>\n<\/tr>\n<\/tbody>\n<\/table>\n<p>&nbsp;<\/p>","protected":false},"featured_media":1637,"comment_status":"open","ping_status":"closed","template":"","meta":[],"product_brand":[],"product_cat":[26,18],"product_tag":[],"class_list":{"0":"post-1624","1":"product","2":"type-product","3":"status-publish","4":"has-post-thumbnail","6":"product_cat-food-packaging","7":"product_cat-zipper-bags","9":"first","10":"instock","11":"shipping-taxable","12":"product-type-simple"},"_links":{"self":[{"href":"https:\/\/polysmarts.com\/es\/wp-json\/wp\/v2\/product\/1624","targetHints":{"allow":["GET"]}}],"collection":[{"href":"https:\/\/polysmarts.com\/es\/wp-json\/wp\/v2\/product"}],"about":[{"href":"https:\/\/polysmarts.com\/es\/wp-json\/wp\/v2\/types\/product"}],"replies":[{"embeddable":true,"href":"https:\/\/polysmarts.com\/es\/wp-json\/wp\/v2\/comments?post=1624"}],"version-history":[{"count":1,"href":"https:\/\/polysmarts.com\/es\/wp-json\/wp\/v2\/product\/1624\/revisions"}],"predecessor-version":[{"id":1642,"href":"https:\/\/polysmarts.com\/es\/wp-json\/wp\/v2\/product\/1624\/revisions\/1642"}],"wp:featuredmedia":[{"embeddable":true,"href":"https:\/\/polysmarts.com\/es\/wp-json\/wp\/v2\/media\/1637"}],"wp:attachment":[{"href":"https:\/\/polysmarts.com\/es\/wp-json\/wp\/v2\/media?parent=1624"}],"wp:term":[{"taxonomy":"product_brand","embeddable":true,"href":"https:\/\/polysmarts.com\/es\/wp-json\/wp\/v2\/product_brand?post=1624"},{"taxonomy":"product_cat","embeddable":true,"href":"https:\/\/polysmarts.com\/es\/wp-json\/wp\/v2\/product_cat?post=1624"},{"taxonomy":"product_tag","embeddable":true,"href":"https:\/\/polysmarts.com\/es\/wp-json\/wp\/v2\/product_tag?post=1624"}],"curies":[{"name":"gracias","href":"https:\/\/api.w.org\/{rel}","templated":true}]}}