{"id":1596,"date":"2024-01-11T16:00:19","date_gmt":"2024-01-11T16:00:19","guid":{"rendered":"https:\/\/polysmarts.com\/?post_type=product&#038;p=1596"},"modified":"2024-01-11T16:15:58","modified_gmt":"2024-01-11T16:15:58","slug":"el-mejor-proveedor-de-bolsas-con-cremallera-esmerilada-para-ropa","status":"publish","type":"product","link":"https:\/\/polysmarts.com\/es\/product\/best-supplier-frosted-zipper-bags-for-clothes\/","title":{"rendered":"El mejor proveedor de bolsas con cremallera esmerilada para ropa"},"content":{"rendered":"<p><strong>Bolsas con cremallera esmerilada para ropa Caracter\u00edsticas principales:<\/strong><\/p>\n<p><strong>1. Toque personalizado:<\/strong> Agregue su propio texto o logotipo para crear un empaque distintivo y memorable para sus prendas de vestir. Ya sea que sea un entusiasta de la moda, una peque\u00f1a empresa o una marca establecida, estos bolsos le permitir\u00e1n causar una impresi\u00f3n duradera.<\/p>\n<p><strong>2. Paquetes de bolsas con logotipo personalizado:<\/strong> Eleve la presencia de su marca incorporando su logotipo en la superficie del bolso. Esta es una excelente oportunidad para reforzar el reconocimiento de la marca y dejar una impresi\u00f3n duradera en sus clientes.<\/p>\n<p><strong>3. Duradero y seguro:<\/strong> Fabricadas con material PE de alta calidad, estas bolsas garantizan durabilidad y protecci\u00f3n para sus prendas. La funci\u00f3n de cierre de cremallera agrega una capa adicional de seguridad, manteniendo sus prendas a salvo del polvo, la humedad y otros factores ambientales.<\/p>\n<p><strong>4. Manejo de Superficies \u2013 Impresi\u00f3n Offset:<\/strong> Benef\u00edciese de la calidad superior de la impresi\u00f3n offset, garantizando que su texto, logotipo o cualquier dise\u00f1o personalizado se muestre de forma v\u00edvida y profesional en la superficie del bolso. El resultado es una apariencia pulida y llamativa.<\/p>\n<p><strong>5. Opciones de color:<\/strong> Elija entre una paleta de 10 colores vibrantes para su bolso o para imprimir su logotipo. Esta flexibilidad le permite alinear su empaque con la combinaci\u00f3n de colores de su marca o crear combinaciones visualmente atractivas que se destaquen.<\/p>\n<p><strong>6. Espesor ajustable:<\/strong> Adapte el espesor de las bolsas a sus demandas espec\u00edficas, desde 50 hasta 200 micras. Esto garantiza que su embalaje no s\u00f3lo tenga un aspecto fant\u00e1stico, sino que tambi\u00e9n proporcione el nivel necesario de protecci\u00f3n para sus prendas.<\/p>\n<p>Actualice su juego de embalaje con nuestro <strong>Bolsas con cremallera esmerilada para ropa<\/strong>. Genere un impacto, cree reconocimiento de marca y entregue sus prendas con estilo. \u00a1Ordene ahora para experimentar la combinaci\u00f3n perfecta de personalizaci\u00f3n, durabilidad y atractivo visual!<\/p>","protected":false},"excerpt":{"rendered":"<table style=\"height: 360px; width: 100.741%; border-collapse: collapse; background-color: #ebebeb;\" border=\"2\">\n<tbody>\n<tr style=\"height: 40px;\">\n<td style=\"width: 22.6796%; height: 30px; background-color: #99ccff;\"><span style=\"font-family: arial, helvetica, sans-serif; font-size: 12pt;\"><strong>Dimensi\u00f3n y estilo<\/strong><\/span><\/td>\n<td style=\"width: 78.2121%; height: 30px; background-color: #99ccff;\"><span style=\"font-family: arial, helvetica, sans-serif; font-size: 12pt;\">Formas y tama\u00f1os personalizados<\/span><\/td>\n<\/tr>\n<tr style=\"height: 40px;\">\n<td style=\"width: 22.6796%; height: 34px; background-color: #ebebeb;\"><span style=\"font-size: 12pt;\"><strong><span style=\"font-family: arial, helvetica, sans-serif;\">Cantidad m\u00ednima de pedido<\/span><\/strong><\/span><\/td>\n<td style=\"width: 78.2121%; height: 34px; background-color: #ebebeb;\"><span style=\"font-family: arial, helvetica, sans-serif; font-size: 12pt;\">1000 unidades sin personalizaci\u00f3n, 10000 unidades para personalizaci\u00f3n<\/span><\/td>\n<\/tr>\n<tr style=\"height: 40px; background-color: #99ccff;\">\n<td style=\"width: 22.6796%; height: 24px;\"><span style=\"font-size: 12pt;\"><strong><span style=\"font-family: arial, helvetica, sans-serif;\">Tipo de embalaje<\/span><\/strong><\/span><\/td>\n<td style=\"width: 78.2121%; height: 24px;\"><span style=\"font-family: arial, helvetica, sans-serif; font-size: 12pt;\">Bolsas con cremallera esmerilada de PE para deslizador de ropa<\/span><\/td>\n<\/tr>\n<tr style=\"height: 40px; background-color: #ebebeb;\">\n<td style=\"width: 22.6796%; height: 24px;\"><span style=\"font-size: 12pt;\"><strong><span style=\"font-family: arial, helvetica, sans-serif;\">Impresi\u00f3n<\/span><\/strong><\/span><\/td>\n<td style=\"width: 78.2121%; height: 24px;\"><span style=\"font-family: arial, helvetica, sans-serif; font-size: 12pt;\">CMYK (1 \u2013 10 colores), sin impresi\u00f3n (normal)<\/span><\/td>\n<\/tr>\n<tr style=\"height: 40px; background-color: #99ccff;\">\n<td style=\"width: 22.6796%; height: 24px;\"><span style=\"font-size: 12pt;\"><strong><span style=\"font-family: arial, helvetica, sans-serif;\">Manejo de superficies<\/span><\/strong><\/span><\/td>\n<td style=\"width: 78.2121%; height: 24px;\"><span style=\"font-family: arial, helvetica, sans-serif; font-size: 12pt;\">Impresi\u00f3n offset<\/span><\/td>\n<\/tr>\n<tr style=\"height: 40px; background-color: #ebebeb;\">\n<td style=\"width: 22.6796%; height: 24px;\"><span style=\"font-size: 12pt;\"><strong><span style=\"font-family: arial, helvetica, sans-serif;\">Material<\/span><\/strong><\/span><\/td>\n<td style=\"width: 78.2121%; height: 24px;\"><span style=\"font-family: arial, helvetica, sans-serif; font-size: 12pt;\">EPI, EPI<\/span><\/td>\n<\/tr>\n<tr style=\"height: 40px; background-color: #99ccff;\">\n<td style=\"width: 22.6796%; height: 24px;\"><span style=\"font-size: 12pt;\"><strong><span style=\"font-family: arial, helvetica, sans-serif;\">Tama\u00f1o<\/span><\/strong><\/span><\/td>\n<td style=\"width: 78.2121%; height: 24px;\"><span style=\"font-family: arial, helvetica, sans-serif; font-size: 12pt;\">20*26cm, 24*34cm, 28*28cm, 30*40cm, 36*46cm, 40*45cm, 45*55cm, o personalizado<\/span><\/td>\n<\/tr>\n<tr style=\"height: 40px; background-color: #ebebeb;\">\n<td style=\"width: 22.6796%; height: 24px;\"><span style=\"font-size: 12pt;\"><strong><span style=\"font-family: arial, helvetica, sans-serif;\">Espesor<\/span><\/strong><\/span><\/td>\n<td style=\"width: 78.2121%; height: 24px;\"><span style=\"font-family: arial, helvetica, sans-serif; font-size: 12pt;\">120 micras para lados dobles, espesor personalizado aceptado<\/span><\/td>\n<\/tr>\n<tr style=\"height: 40px; background-color: #99ccff;\">\n<td style=\"width: 22.6796%; height: 24px;\"><span style=\"font-size: 12pt;\"><strong><span style=\"font-family: arial, helvetica, sans-serif;\">Env\u00edo<\/span><\/strong><\/span><\/td>\n<td style=\"width: 78.2121%; height: 24px;\"><span style=\"font-family: arial, helvetica, sans-serif; font-size: 12pt;\">Aire, Mar, Express<\/span><\/td>\n<\/tr>\n<tr style=\"height: 40px; background-color: #ebebeb;\">\n<td style=\"width: 22.6796%; height: 24px;\"><span style=\"font-size: 12pt;\"><strong><span style=\"font-family: arial, helvetica, sans-serif;\">Tiempo de respuesta<\/span><\/strong><\/span><\/td>\n<td style=\"width: 78.2121%; height: 24px;\"><span style=\"font-family: arial, helvetica, sans-serif; font-size: 12pt;\">7 \u2013 15 d\u00edas h\u00e1biles, URGENTE<\/span><\/td>\n<\/tr>\n<\/tbody>\n<\/table>\n<p>&nbsp;<\/p>","protected":false},"featured_media":1597,"comment_status":"open","ping_status":"closed","template":"","meta":[],"product_brand":[],"product_cat":[31,21,18],"product_tag":[],"class_list":{"0":"post-1596","1":"product","2":"type-product","3":"status-publish","4":"has-post-thumbnail","6":"product_cat-clothing-packaging","7":"product_cat-opp-cpp-pe-cpe-single-material-bag","8":"product_cat-zipper-bags","10":"first","11":"instock","12":"shipping-taxable","13":"product-type-simple"},"_links":{"self":[{"href":"https:\/\/polysmarts.com\/es\/wp-json\/wp\/v2\/product\/1596","targetHints":{"allow":["GET"]}}],"collection":[{"href":"https:\/\/polysmarts.com\/es\/wp-json\/wp\/v2\/product"}],"about":[{"href":"https:\/\/polysmarts.com\/es\/wp-json\/wp\/v2\/types\/product"}],"replies":[{"embeddable":true,"href":"https:\/\/polysmarts.com\/es\/wp-json\/wp\/v2\/comments?post=1596"}],"version-history":[{"count":2,"href":"https:\/\/polysmarts.com\/es\/wp-json\/wp\/v2\/product\/1596\/revisions"}],"predecessor-version":[{"id":1604,"href":"https:\/\/polysmarts.com\/es\/wp-json\/wp\/v2\/product\/1596\/revisions\/1604"}],"wp:featuredmedia":[{"embeddable":true,"href":"https:\/\/polysmarts.com\/es\/wp-json\/wp\/v2\/media\/1597"}],"wp:attachment":[{"href":"https:\/\/polysmarts.com\/es\/wp-json\/wp\/v2\/media?parent=1596"}],"wp:term":[{"taxonomy":"product_brand","embeddable":true,"href":"https:\/\/polysmarts.com\/es\/wp-json\/wp\/v2\/product_brand?post=1596"},{"taxonomy":"product_cat","embeddable":true,"href":"https:\/\/polysmarts.com\/es\/wp-json\/wp\/v2\/product_cat?post=1596"},{"taxonomy":"product_tag","embeddable":true,"href":"https:\/\/polysmarts.com\/es\/wp-json\/wp\/v2\/product_tag?post=1596"}],"curies":[{"name":"gracias","href":"https:\/\/api.w.org\/{rel}","templated":true}]}}