{"id":1587,"date":"2024-01-08T09:52:06","date_gmt":"2024-01-08T09:52:06","guid":{"rendered":"https:\/\/polysmarts.com\/?post_type=product&#038;p=1587"},"modified":"2024-01-08T09:59:25","modified_gmt":"2024-01-08T09:59:25","slug":"bolsa-de-papel-kraft-doypack-de-color-personalizado-con-ventana","status":"publish","type":"product","link":"https:\/\/polysmarts.com\/es\/product\/custom-color-doypack-kraft-paper-bag-with-window\/","title":{"rendered":"Bolsa de papel Kraft Doypack de color personalizado con ventana"},"content":{"rendered":"<p>Bolsa de papel Kraft Doypack de color: una combinaci\u00f3n perfecta de estilo y funcionalidad. Fabricadas a partir de una combinaci\u00f3n de papel, PET y PE, estas bolsas son totalmente personalizables para satisfacer sus necesidades espec\u00edficas.<\/p>\n<p><strong>Caracter\u00edsticas clave:<\/strong><\/p>\n<ul>\n<li><strong>Opciones de materiales:<\/strong>\n<ul>\n<li>Papel+PET+PE (Personalizado para sus necesidades espec\u00edficas)<\/li>\n<\/ul>\n<\/li>\n<li><strong>Colores de impresi\u00f3n:<\/strong>\n<ul>\n<li>Imprima su marca con detalles v\u00edvidos con hasta 10 colores.<\/li>\n<\/ul>\n<\/li>\n<li><strong>Dimensi\u00f3n o tama\u00f1o:<\/strong>\n<ul>\n<li>Env\u00edenos una consulta para conocer las dimensiones detalladas adaptadas a sus necesidades.<\/li>\n<\/ul>\n<\/li>\n<li><strong>Tipo de impresi\u00f3n:<\/strong>\n<ul>\n<li>Impresi\u00f3n en huecograbado para la m\u00e1s alta calidad de impresi\u00f3n.<\/li>\n<\/ul>\n<\/li>\n<li><strong>Solicitud:<\/strong>\n<ul>\n<li>Ideal para prote\u00edna de suero, alimentos para mascotas, t\u00e9, caf\u00e9, galletas, refrigerios, dulces, polvos, alimentos secos y m\u00e1s.<\/li>\n<\/ul>\n<\/li>\n<li><strong>Acabado de superficies:<\/strong>\n<ul>\n<li>Elija entre un acabado Brillante o Mate, con la opci\u00f3n de Spot UV para mejorar el atractivo visual.<\/li>\n<\/ul>\n<\/li>\n<li><strong>MOQ (cantidad m\u00ednima de pedido):<\/strong>\n<ul>\n<li>Aproximadamente 10.000 unidades (sujeto al tama\u00f1o de la bolsa).<\/li>\n<\/ul>\n<\/li>\n<\/ul>\n<p>Experimente la comodidad de los envases resellables, lo que hace que estas bolsas sean perfectas para conservar la frescura. La ventana transparente a\u00f1ade un toque de sofisticaci\u00f3n al tiempo que permite a los clientes vislumbrar el contenido. Ya sea que est\u00e9 envasando prote\u00edna de suero, comida para mascotas o refrigerios gourmet, estas bolsas est\u00e1n dise\u00f1adas para cumplir con sus altos est\u00e1ndares.<\/p>\n<p>Nuestras bolsas de papel Kraft Ziplock de color no son solo contenedores; son una declaraci\u00f3n de su compromiso con la calidad y el estilo. Mejore la presentaci\u00f3n de su producto con un empaque que se destaque y mantenga sus art\u00edculos frescos y seguros.<\/p>","protected":false},"excerpt":{"rendered":"<table style=\"height: 360px; width: 99.8505%; border-collapse: collapse;\" border=\"2\">\n<tbody>\n<tr style=\"height: 40px;\">\n<td style=\"width: 22.6796%; height: 30px; background-color: #99ccff;\"><span style=\"font-family: arial, helvetica, sans-serif; font-size: 12pt;\"><strong>Dimensi\u00f3n y estilo<\/strong><\/span><\/td>\n<td style=\"width: 77.3204%; height: 30px; background-color: #99ccff;\"><span style=\"font-family: arial, helvetica, sans-serif; font-size: 12pt;\">Formas y tama\u00f1os personalizados<\/span><\/td>\n<\/tr>\n<tr style=\"height: 40px;\">\n<td style=\"width: 22.6796%; height: 34px; background-color: #ebebeb;\"><span style=\"font-size: 12pt;\"><strong><span style=\"font-family: arial, helvetica, sans-serif;\">Cantidad m\u00ednima de pedido<\/span><\/strong><\/span><\/td>\n<td style=\"width: 77.3204%; height: 34px; background-color: #ebebeb;\"><span style=\"font-family: arial, helvetica, sans-serif; font-size: 12pt;\">1000 unidades sin personalizaci\u00f3n, 10000 unidades para personalizaci\u00f3n<\/span><\/td>\n<\/tr>\n<tr style=\"height: 40px; background-color: #99ccff;\">\n<td style=\"width: 22.6796%; height: 24px;\"><span style=\"font-size: 12pt;\"><strong><span style=\"font-family: arial, helvetica, sans-serif;\">Tipo de embalaje<\/span><\/strong><\/span><\/td>\n<td style=\"width: 77.3204%; height: 24px;\"><span style=\"font-family: arial, helvetica, sans-serif; font-size: 12pt;\">Bolsas de papel Kraft de pie<\/span><\/td>\n<\/tr>\n<tr style=\"height: 40px; background-color: #ebebeb;\">\n<td style=\"width: 22.6796%; height: 24px;\"><span style=\"font-size: 12pt;\"><strong><span style=\"font-family: arial, helvetica, sans-serif;\">Impresi\u00f3n<\/span><\/strong><\/span><\/td>\n<td style=\"width: 77.3204%; height: 24px;\"><span style=\"font-family: arial, helvetica, sans-serif; font-size: 12pt;\">CMYK (1 \u2013 10 colores), Sin impresi\u00f3n (normal)<\/span><\/td>\n<\/tr>\n<tr style=\"height: 40px; background-color: #99ccff;\">\n<td style=\"width: 22.6796%; height: 24px;\"><span style=\"font-size: 12pt;\"><strong><span style=\"font-family: arial, helvetica, sans-serif;\">Refinamiento<\/span><\/strong><\/span><\/td>\n<td style=\"width: 77.3204%; height: 24px;\"><span style=\"font-family: arial, helvetica, sans-serif; font-size: 12pt;\">Laminaci\u00f3n brillante\/mate, Recubrimiento acuoso, Barniz puntual, Recubrimiento UV, Relieve, Grabado, Impresi\u00f3n de l\u00e1minas<\/span><\/td>\n<\/tr>\n<tr style=\"height: 40px; background-color: #ebebeb;\">\n<td style=\"width: 22.6796%; height: 24px;\"><span style=\"font-size: 12pt;\"><strong><span style=\"font-family: arial, helvetica, sans-serif;\">Opciones incluidas<\/span><\/strong><\/span><\/td>\n<td style=\"width: 77.3204%; height: 24px;\"><span style=\"font-family: arial, helvetica, sans-serif; font-size: 12pt;\">Troquelar<\/span><\/td>\n<\/tr>\n<tr style=\"height: 40px; background-color: #99ccff;\">\n<td style=\"width: 22.6796%; height: 24px;\"><span style=\"font-size: 12pt;\"><strong><span style=\"font-family: arial, helvetica, sans-serif;\">Prueba<\/span><\/strong><\/span><\/td>\n<td style=\"width: 77.3204%; height: 24px;\"><span style=\"font-family: arial, helvetica, sans-serif; font-size: 12pt;\">Pruebas electr\u00f3nicas (vista plana\/maqueta 3D), Pruebas impresas digitalmente (sin efectos de acabado importantes), Muestreo f\u00edsico (a pedido)<\/span><\/td>\n<\/tr>\n<tr style=\"height: 40px; background-color: #ebebeb;\">\n<td style=\"width: 22.6796%; height: 24px;\"><span style=\"font-size: 12pt;\"><strong><span style=\"font-family: arial, helvetica, sans-serif;\">Tiempo de respuesta<\/span><\/strong><\/span><\/td>\n<td style=\"width: 77.3204%; height: 24px;\"><span style=\"font-family: arial, helvetica, sans-serif; font-size: 12pt;\">7 \u2013 15 d\u00edas h\u00e1biles, URGENTE<\/span><\/td>\n<\/tr>\n<tr style=\"height: 40px; background-color: #99ccff;\">\n<td style=\"width: 22.6796%; height: 24px;\"><span style=\"font-size: 12pt;\"><strong><span style=\"font-family: arial, helvetica, sans-serif;\">Env\u00edo<\/span><\/strong><\/span><\/td>\n<td style=\"width: 77.3204%; height: 24px;\"><span style=\"font-family: arial, helvetica, sans-serif; font-size: 12pt;\">Aire, Mar, Express<\/span><\/td>\n<\/tr>\n<\/tbody>\n<\/table>\n<p>&nbsp;<\/p>","protected":false},"featured_media":1588,"comment_status":"open","ping_status":"closed","template":"","meta":[],"product_brand":[],"product_cat":[26,20],"product_tag":[],"class_list":{"0":"post-1587","1":"product","2":"type-product","3":"status-publish","4":"has-post-thumbnail","6":"product_cat-food-packaging","7":"product_cat-kraft-paper-bag","9":"first","10":"instock","11":"shipping-taxable","12":"product-type-simple"},"_links":{"self":[{"href":"https:\/\/polysmarts.com\/es\/wp-json\/wp\/v2\/product\/1587","targetHints":{"allow":["GET"]}}],"collection":[{"href":"https:\/\/polysmarts.com\/es\/wp-json\/wp\/v2\/product"}],"about":[{"href":"https:\/\/polysmarts.com\/es\/wp-json\/wp\/v2\/types\/product"}],"replies":[{"embeddable":true,"href":"https:\/\/polysmarts.com\/es\/wp-json\/wp\/v2\/comments?post=1587"}],"version-history":[{"count":2,"href":"https:\/\/polysmarts.com\/es\/wp-json\/wp\/v2\/product\/1587\/revisions"}],"predecessor-version":[{"id":1594,"href":"https:\/\/polysmarts.com\/es\/wp-json\/wp\/v2\/product\/1587\/revisions\/1594"}],"wp:featuredmedia":[{"embeddable":true,"href":"https:\/\/polysmarts.com\/es\/wp-json\/wp\/v2\/media\/1588"}],"wp:attachment":[{"href":"https:\/\/polysmarts.com\/es\/wp-json\/wp\/v2\/media?parent=1587"}],"wp:term":[{"taxonomy":"product_brand","embeddable":true,"href":"https:\/\/polysmarts.com\/es\/wp-json\/wp\/v2\/product_brand?post=1587"},{"taxonomy":"product_cat","embeddable":true,"href":"https:\/\/polysmarts.com\/es\/wp-json\/wp\/v2\/product_cat?post=1587"},{"taxonomy":"product_tag","embeddable":true,"href":"https:\/\/polysmarts.com\/es\/wp-json\/wp\/v2\/product_tag?post=1587"}],"curies":[{"name":"gracias","href":"https:\/\/api.w.org\/{rel}","templated":true}]}}